{"id":1687,"date":"2020-11-04T16:03:43","date_gmt":"2020-11-04T08:03:43","guid":{"rendered":"https:\/\/regask.com\/?page_id=1687"},"modified":"2024-11-14T19:23:52","modified_gmt":"2024-11-14T11:23:52","slug":"ressourcen-fallstudien-medizinprodukte","status":"publish","type":"page","link":"https:\/\/regask.com\/de\/case-studies\/resources-case-studies-medical-devices\/","title":{"rendered":"Medizinische Ger\u00e4te"},"content":{"rendered":"<div class=\"row\"  id=\"row-388086230\">\n\n\t<div id=\"col-801907659\" class=\"col small-12 large-12\"  >\n\t\t\t\t<div class=\"col-inner text-center\"  >\n\t\t\t\n\t\t\t\n<h1 style=\"text-align: center;\">Fall <strong>Studien<\/strong><\/h1>\n<p class=\"sub-title\" style=\"text-align: center;\">Kuratierte regulatorische Informationen, erg\u00e4nzt durch KI<\/p>\n<div class=\"is-divider divider clearfix\" style=\"max-width:100%;height:1px;background-color:rgb(216, 216, 216);\"><\/div>\n\t\t<\/div>\n\t\t\t\t\n<style>\n#col-801907659 > .col-inner {\n  padding: 50px 0px 0px 0px;\n}\n<\/style>\n\t<\/div>\n\n\t\n<\/div>\n<div class=\"row\"  id=\"row-143752223\">\n\n\t<div id=\"col-706227401\" class=\"col small-12 large-12\"  >\n\t\t\t\t<div class=\"col-inner\"  >\n\t\t\t\n\t\t\t\n\n  \n    <div class=\"row large-columns-1 medium-columns- small-columns-1 row-large\" >\n  <div class=\"col post-item\" >\n\t\t\t<div class=\"col-inner\">\n\t\t\t\t<div class=\"box box-vertical box-text-bottom box-blog-post has-hover\">\n            \t\t\t\t\t<div class=\"box-image\" style=\"width:43%;\">\n  \t\t\t\t\t\t<div class=\"image-cover\" style=\"padding-top:89%;\">\n\t\t\t\t\t\t\t<a href=\"https:\/\/regask.com\/de\/bring-your-samd-to-market-with-confidence-and-compliance\/\" class=\"plain\" aria-label=\"SaMD mit Vertrauen und Compliance auf den Markt bringen\">\n\t\t\t\t\t\t\t\t<img loading=\"lazy\" decoding=\"async\" width=\"330\" height=\"248\" src=\"https:\/\/regask.com\/wp-content\/uploads\/2023\/01\/bring-your-samd-to-market-with-confidence-and-compliance-330x248.png\" class=\"attachment-medium size-medium wp-post-image\" alt=\"Bringen Sie Ihr Samd mit Vertrauen und Compliance auf den Markt\" srcset=\"https:\/\/regask.com\/wp-content\/uploads\/2023\/01\/bring-your-samd-to-market-with-confidence-and-compliance-330x248.png 330w, https:\/\/regask.com\/wp-content\/uploads\/2023\/01\/bring-your-samd-to-market-with-confidence-and-compliance-870x653.png 870w, https:\/\/regask.com\/wp-content\/uploads\/2023\/01\/bring-your-samd-to-market-with-confidence-and-compliance-768x576.png 768w, https:\/\/regask.com\/wp-content\/uploads\/2023\/01\/bring-your-samd-to-market-with-confidence-and-compliance-1536x1152.png 1536w, https:\/\/regask.com\/wp-content\/uploads\/2023\/01\/bring-your-samd-to-market-with-confidence-and-compliance.png 1600w\" sizes=\"auto, (max-width: 330px) 100vw, 330px\" \/>\t\t\t\t\t\t\t<\/a>\n  \t\t\t\t\t\t\t  \t\t\t\t\t\t\t  \t\t\t\t\t\t<\/div>\n  \t\t\t\t\t\t  \t\t\t\t\t<\/div>\n          \t\t\t\t\t<div class=\"box-text text-left\" >\n\t\t\t\t\t<div class=\"box-text-inner blog-post-inner\">\n\n\t\t\t\t\t\n\t\t\t\t\t\t\t\t\t\t\n\n\t\t\t\t\t<div class=\"is-divider\"><\/div>\n\n\t\t\t\t\t<h5 class=\"post-title is-xxlarge\">\n\t\t\t\t\t\t<a href=\"https:\/\/regask.com\/de\/bring-your-samd-to-market-with-confidence-and-compliance\/\" class=\"plain\">SaMD mit Vertrauen und Compliance auf den Markt bringen<\/a>\n\t\t\t\t\t<\/h5>\n\t\t\t\t\t\n\t\t\t\t\t<div class=\"min-height-excerpt\">\n\t\t\t\t\tDigital Health ist ein aufstrebendes Feld, das die Gesundheitsversorgung revolutioniert. Es kombiniert Technologie, Daten und Analysen, um \u2026 <br \/>\t\t\t\t\t<\/div>\n\n\t\t\t\t\t\n\n\t\t\t\t\t\t\t\t\t\t\t<a href=\"https:\/\/regask.com\/de\/bring-your-samd-to-market-with-confidence-and-compliance\/\" class=\"button secondary is-link is-large mb-0\">\n\t\t\t\t\t\t\tMehr lesen\t\t\t\t\t\t<\/a>\n\t\t\t\t\t\n\t\t\t\t\t\t\t\t\t\t\t<div class=\"eneko_tags_cat\"><h6 class=\"entry-category is-xsmall\"><a href=\"https:\/\/regask.com\/de\/category\/case-study\/\" class=\"category-case-study\">Fallstudien<\/a> <a href=\"https:\/\/regask.com\/de\/category\/case-study\/medical-devices\/\" class=\"category-medical-devices\">Medizinische Ger\u00e4te<\/a> <a href=\"https:\/\/regask.com\/de\/category\/region\/asia-pac\/thailand-regulations\/\" class=\"category-thailand-regulations\">Thailand<\/a><\/h6><\/div>\n\t\t\t\t\t\n\t\t\t\t\t\n\t\t\t\t\t<\/div>\n\t\t\t\t\t<\/div>\n\t\t\t\t\t\t\t\t\t<\/div>\n\t\t\t<\/div>\n\t\t<\/div><div class=\"col post-item\" >\n\t\t\t<div class=\"col-inner\">\n\t\t\t\t<div class=\"box box-vertical box-text-bottom box-blog-post has-hover\">\n            \t\t\t\t\t<div class=\"box-image\" style=\"width:43%;\">\n  \t\t\t\t\t\t<div class=\"image-cover\" style=\"padding-top:89%;\">\n\t\t\t\t\t\t\t<a href=\"https:\/\/regask.com\/de\/decentralized-clinical-trials-guidebooks\/\" class=\"plain\" aria-label=\"Regulierungsleitf\u00e4den ebneten den Weg f\u00fcr dezentrale C\u2026\">\n\t\t\t\t\t\t\t\t<img loading=\"lazy\" decoding=\"async\" width=\"330\" height=\"300\" src=\"https:\/\/regask.com\/wp-content\/uploads\/2022\/10\/Regulatory-Guidebooks-Paved-the-Way-for-Decentralized-Clinical-Trials.png\" class=\"attachment-medium size-medium wp-post-image\" alt=\"Regulatorische Leitf\u00e4den ebneten den Weg f\u00fcr dezentralisierte klinische Studien\" \/>\t\t\t\t\t\t\t<\/a>\n  \t\t\t\t\t\t\t  \t\t\t\t\t\t\t  \t\t\t\t\t\t<\/div>\n  \t\t\t\t\t\t  \t\t\t\t\t<\/div>\n          \t\t\t\t\t<div class=\"box-text text-left\" >\n\t\t\t\t\t<div class=\"box-text-inner blog-post-inner\">\n\n\t\t\t\t\t\n\t\t\t\t\t\t\t\t\t\t\n\n\t\t\t\t\t<div class=\"is-divider\"><\/div>\n\n\t\t\t\t\t<h5 class=\"post-title is-xxlarge\">\n\t\t\t\t\t\t<a href=\"https:\/\/regask.com\/de\/decentralized-clinical-trials-guidebooks\/\" class=\"plain\">Regulierungsleitf\u00e4den ebneten den Weg f\u00fcr dezentrale C\u2026<\/a>\n\t\t\t\t\t<\/h5>\n\t\t\t\t\t\n\t\t\t\t\t<div class=\"min-height-excerpt\">\n\t\t\t\t\tDie Einf\u00fchrung hybrider und dezentraler klinischer Studien (DCTs) nimmt weltweit zu. Laut der Everest Group sind 90% der\u2026 <br \/>\t\t\t\t\t<\/div>\n\n\t\t\t\t\t\n\n\t\t\t\t\t\t\t\t\t\t\t<a href=\"https:\/\/regask.com\/de\/decentralized-clinical-trials-guidebooks\/\" class=\"button secondary is-link is-large mb-0\">\n\t\t\t\t\t\t\tMehr lesen\t\t\t\t\t\t<\/a>\n\t\t\t\t\t\n\t\t\t\t\t\t\t\t\t\t\t<div class=\"eneko_tags_cat\"><h6 class=\"entry-category is-xsmall\"><a href=\"https:\/\/regask.com\/de\/category\/case-study\/\" class=\"category-case-study\">Fallstudien<\/a> <a href=\"https:\/\/regask.com\/de\/category\/case-study\/medical-devices\/\" class=\"category-medical-devices\">Medizinische Ger\u00e4te<\/a><\/h6><\/div>\n\t\t\t\t\t\n\t\t\t\t\t\n\t\t\t\t\t<\/div>\n\t\t\t\t\t<\/div>\n\t\t\t\t\t\t\t\t\t<\/div>\n\t\t\t<\/div>\n\t\t<\/div><div class=\"col post-item\" >\n\t\t\t<div class=\"col-inner\">\n\t\t\t\t<div class=\"box box-vertical box-text-bottom box-blog-post has-hover\">\n            \t\t\t\t\t<div class=\"box-image\" style=\"width:43%;\">\n  \t\t\t\t\t\t<div class=\"image-cover\" style=\"padding-top:89%;\">\n\t\t\t\t\t\t\t<a href=\"https:\/\/regask.com\/de\/medtech-global-market-access\/\" class=\"plain\" aria-label=\"Unterst\u00fctzung des globalen Marktzugangs f\u00fcr ein MedTech-Unternehmen\">\n\t\t\t\t\t\t\t\t<img loading=\"lazy\" decoding=\"async\" width=\"330\" height=\"300\" src=\"https:\/\/regask.com\/wp-content\/uploads\/2022\/10\/Supporting-Global-Market-Access-for-a-MedTech-company.png\" class=\"attachment-medium size-medium wp-post-image\" alt=\"Unterst\u00fctzung des globalen Marktzugangs f\u00fcr ein Medtech-Unternehmen\" \/>\t\t\t\t\t\t\t<\/a>\n  \t\t\t\t\t\t\t  \t\t\t\t\t\t\t  \t\t\t\t\t\t<\/div>\n  \t\t\t\t\t\t  \t\t\t\t\t<\/div>\n          \t\t\t\t\t<div class=\"box-text text-left\" >\n\t\t\t\t\t<div class=\"box-text-inner blog-post-inner\">\n\n\t\t\t\t\t\n\t\t\t\t\t\t\t\t\t\t\n\n\t\t\t\t\t<div class=\"is-divider\"><\/div>\n\n\t\t\t\t\t<h5 class=\"post-title is-xxlarge\">\n\t\t\t\t\t\t<a href=\"https:\/\/regask.com\/de\/medtech-global-market-access\/\" class=\"plain\">Unterst\u00fctzung des globalen Marktzugangs f\u00fcr ein MedTech-Unternehmen<\/a>\n\t\t\t\t\t<\/h5>\n\t\t\t\t\t\n\t\t\t\t\t<div class=\"min-height-excerpt\">\n\t\t\t\t\tLesen Sie unsere Fallstudie und erfahren Sie, wie RegASK seine strategische regulatorische Expertise nutzte, um einem Medizinprodukteunternehmen dabei zu helfen, regulatorische Anforderungen zu erf\u00fcllen \u2026 <br \/>\t\t\t\t\t<\/div>\n\n\t\t\t\t\t\n\n\t\t\t\t\t\t\t\t\t\t\t<a href=\"https:\/\/regask.com\/de\/medtech-global-market-access\/\" class=\"button secondary is-link is-large mb-0\">\n\t\t\t\t\t\t\tMehr lesen\t\t\t\t\t\t<\/a>\n\t\t\t\t\t\n\t\t\t\t\t\t\t\t\t\t\t<div class=\"eneko_tags_cat\"><h6 class=\"entry-category is-xsmall\"><a href=\"https:\/\/regask.com\/de\/category\/case-study\/\" class=\"category-case-study\">Fallstudien<\/a> <a href=\"https:\/\/regask.com\/de\/category\/case-study\/medical-devices\/\" class=\"category-medical-devices\">Medizinische Ger\u00e4te<\/a><\/h6><\/div>\n\t\t\t\t\t\n\t\t\t\t\t\n\t\t\t\t\t<\/div>\n\t\t\t\t\t<\/div>\n\t\t\t\t\t\t\t\t\t<\/div>\n\t\t\t<\/div>\n\t\t<\/div><div class=\"col post-item\" >\n\t\t\t<div class=\"col-inner\">\n\t\t\t\t<div class=\"box box-vertical box-text-bottom box-blog-post has-hover\">\n            \t\t\t\t\t<div class=\"box-image\" style=\"width:43%;\">\n  \t\t\t\t\t\t<div class=\"image-cover\" style=\"padding-top:89%;\">\n\t\t\t\t\t\t\t<a href=\"https:\/\/regask.com\/de\/product-classification-market-entry\/\" class=\"plain\" aria-label=\"Wie die Produktklassifizierungskompetenz f\u00fcr AS von entscheidender Bedeutung war \u2026\">\n\t\t\t\t\t\t\t\t<img loading=\"lazy\" decoding=\"async\" width=\"330\" height=\"300\" src=\"https:\/\/regask.com\/wp-content\/uploads\/2020\/11\/POST-How-Product-Classification-Expertise-Was-Pivotal-To-A-Successful-Market-Entry-330x300.png\" class=\"attachment-medium size-medium wp-post-image\" alt=\"Beitrag: Wie Produktklassifizierungskompetenz entscheidend zu einem erfolgreichen Markteintritt beitrug\" srcset=\"https:\/\/regask.com\/wp-content\/uploads\/2020\/11\/POST-How-Product-Classification-Expertise-Was-Pivotal-To-A-Successful-Market-Entry-330x300.png 330w, https:\/\/regask.com\/wp-content\/uploads\/2020\/11\/POST-How-Product-Classification-Expertise-Was-Pivotal-To-A-Successful-Market-Entry.png 689w\" sizes=\"auto, (max-width: 330px) 100vw, 330px\" \/>\t\t\t\t\t\t\t<\/a>\n  \t\t\t\t\t\t\t  \t\t\t\t\t\t\t  \t\t\t\t\t\t<\/div>\n  \t\t\t\t\t\t  \t\t\t\t\t<\/div>\n          \t\t\t\t\t<div class=\"box-text text-left\" >\n\t\t\t\t\t<div class=\"box-text-inner blog-post-inner\">\n\n\t\t\t\t\t\n\t\t\t\t\t\t\t\t\t\t\n\n\t\t\t\t\t<div class=\"is-divider\"><\/div>\n\n\t\t\t\t\t<h5 class=\"post-title is-xxlarge\">\n\t\t\t\t\t\t<a href=\"https:\/\/regask.com\/de\/product-classification-market-entry\/\" class=\"plain\">Wie die Produktklassifizierungskompetenz f\u00fcr AS von entscheidender Bedeutung war \u2026<\/a>\n\t\t\t\t\t<\/h5>\n\t\t\t\t\t\n\t\t\t\t\t<div class=\"min-height-excerpt\">\n\t\t\t\t\tEin japanischer Hersteller von St\u00fctzorthesen wollte seine Produkte auf den EU-Markt exportieren. Das Unternehmen war mit ca. 100 Mitarbeitern in Asien stark vertreten. <br \/>\t\t\t\t\t<\/div>\n\n\t\t\t\t\t\n\n\t\t\t\t\t\t\t\t\t\t\t<a href=\"https:\/\/regask.com\/de\/product-classification-market-entry\/\" class=\"button secondary is-link is-large mb-0\">\n\t\t\t\t\t\t\tMehr lesen\t\t\t\t\t\t<\/a>\n\t\t\t\t\t\n\t\t\t\t\t\t\t\t\t\t\t<div class=\"eneko_tags_cat\"><h6 class=\"entry-category is-xsmall\"><a href=\"https:\/\/regask.com\/de\/category\/case-study\/\" class=\"category-case-study\">Fallstudien<\/a> <a href=\"https:\/\/regask.com\/de\/category\/case-study\/medical-devices\/\" class=\"category-medical-devices\">Medizinische Ger\u00e4te<\/a> <a href=\"https:\/\/regask.com\/de\/category\/region\/asia-pac\/japan-regulations\/\" class=\"category-japan-regulations\">Japan<\/a><\/h6><\/div>\n\t\t\t\t\t\n\t\t\t\t\t\n\t\t\t\t\t<\/div>\n\t\t\t\t\t<\/div>\n\t\t\t\t\t\t\t\t\t<\/div>\n\t\t\t<\/div>\n\t\t<\/div><\/div>\n\t\t<\/div>\n\t\t\t\t\t<\/div>\n\n\t\n<\/div>","protected":false},"excerpt":{"rendered":"","protected":false},"author":39,"featured_media":0,"parent":548,"menu_order":0,"comment_status":"closed","ping_status":"closed","template":"page-blank.php","meta":{"_acf_changed":false,"footnotes":""},"class_list":["post-1687","page","type-page","status-publish","hentry"],"acf":[],"yoast_head":"<!-- This site is optimized with the Yoast SEO Premium plugin v27.3 (Yoast SEO v27.4) - https:\/\/yoast.com\/product\/yoast-seo-premium-wordpress\/ -->\n<title>Medical Devices | Regulatory Affairs Case Studies | RegASK<\/title>\n<meta name=\"description\" content=\"Read how RegASK supports medical device export to global market, provides local regulatory guidance to face mask regulation &amp; medtech compliance risk assessment.\" \/>\n<meta name=\"robots\" content=\"noindex, follow\" \/>\n<meta property=\"og:locale\" content=\"de_DE\" \/>\n<meta property=\"og:type\" content=\"article\" \/>\n<meta property=\"og:title\" content=\"Medical Devices | Regulatory Affairs Case Studies | RegASK\" \/>\n<meta property=\"og:description\" content=\"Read how RegASK supports medical device export to global market, provides local regulatory guidance to face mask regulation &amp; medtech compliance risk assessment.\" \/>\n<meta property=\"og:url\" content=\"https:\/\/regask.com\/de\/fallstudien\/ressourcen-fallstudien-medizinprodukte\/\" \/>\n<meta property=\"og:site_name\" content=\"RegASK\" \/>\n<meta property=\"article:publisher\" content=\"https:\/\/www.facebook.com\/RegASKRegulatoryAffairs\/\" \/>\n<meta property=\"article:modified_time\" content=\"2024-11-14T11:23:52+00:00\" \/>\n<meta property=\"og:image\" content=\"https:\/\/regask.com\/wp-content\/uploads\/2021\/09\/Therapeutic-goods-medical-devices.png\" \/>\n\t<meta property=\"og:image:width\" content=\"689\" \/>\n\t<meta property=\"og:image:height\" content=\"626\" \/>\n\t<meta property=\"og:image:type\" content=\"image\/png\" \/>\n<meta name=\"twitter:card\" content=\"summary_large_image\" \/>\n<meta name=\"twitter:title\" content=\"Medical Devices | Regulatory Affairs Case Studies | RegASK\" \/>\n<meta name=\"twitter:description\" content=\"Read how RegASK supports medical device export to global market, provides local regulatory guidance to face mask regulation &amp; medtech compliance risk assessment.\" \/>\n<meta name=\"twitter:image\" content=\"https:\/\/regask.com\/wp-content\/uploads\/2021\/09\/Therapeutic-goods-medical-devices.png\" \/>\n<meta name=\"twitter:site\" content=\"@ASKRegASK\" \/>\n<meta name=\"twitter:label1\" content=\"Est. reading time\" \/>\n\t<meta name=\"twitter:data1\" content=\"1\u00a0Minute\" \/>\n<script type=\"application\/ld+json\" class=\"yoast-schema-graph\">{\"@context\":\"https:\\\/\\\/schema.org\",\"@graph\":[{\"@type\":\"WebPage\",\"@id\":\"https:\\\/\\\/regask.com\\\/case-studies\\\/resources-case-studies-medical-devices\\\/\",\"url\":\"https:\\\/\\\/regask.com\\\/case-studies\\\/resources-case-studies-medical-devices\\\/\",\"name\":\"Medical Devices | Regulatory Affairs Case Studies | RegASK\",\"isPartOf\":{\"@id\":\"https:\\\/\\\/regask.com\\\/#website\"},\"datePublished\":\"2020-11-04T08:03:43+00:00\",\"dateModified\":\"2024-11-14T11:23:52+00:00\",\"description\":\"Read how RegASK supports medical device export to global market, provides local regulatory guidance to face mask regulation & medtech compliance risk assessment.\",\"breadcrumb\":{\"@id\":\"https:\\\/\\\/regask.com\\\/case-studies\\\/resources-case-studies-medical-devices\\\/#breadcrumb\"},\"inLanguage\":\"de\",\"potentialAction\":[{\"@type\":\"ReadAction\",\"target\":[\"https:\\\/\\\/regask.com\\\/case-studies\\\/resources-case-studies-medical-devices\\\/\"]}]},{\"@type\":\"BreadcrumbList\",\"@id\":\"https:\\\/\\\/regask.com\\\/case-studies\\\/resources-case-studies-medical-devices\\\/#breadcrumb\",\"itemListElement\":[{\"@type\":\"ListItem\",\"position\":1,\"name\":\"Case Studies\",\"item\":\"https:\\\/\\\/regask.com\\\/case-studies\\\/\"},{\"@type\":\"ListItem\",\"position\":2,\"name\":\"Medical Devices\"}]},{\"@type\":\"WebSite\",\"@id\":\"https:\\\/\\\/regask.com\\\/#website\",\"url\":\"https:\\\/\\\/regask.com\\\/\",\"name\":\"RegASK\",\"description\":\"Empowering Smarter Regulatory Decisions\",\"publisher\":{\"@id\":\"https:\\\/\\\/regask.com\\\/#organization\"},\"potentialAction\":[{\"@type\":\"SearchAction\",\"target\":{\"@type\":\"EntryPoint\",\"urlTemplate\":\"https:\\\/\\\/regask.com\\\/?s={search_term_string}\"},\"query-input\":{\"@type\":\"PropertyValueSpecification\",\"valueRequired\":true,\"valueName\":\"search_term_string\"}}],\"inLanguage\":\"de\"},{\"@type\":\"Organization\",\"@id\":\"https:\\\/\\\/regask.com\\\/#organization\",\"name\":\"RegASK\",\"url\":\"https:\\\/\\\/regask.com\\\/\",\"logo\":{\"@type\":\"ImageObject\",\"inLanguage\":\"de\",\"@id\":\"https:\\\/\\\/regask.com\\\/#\\\/schema\\\/logo\\\/image\\\/\",\"url\":\"https:\\\/\\\/regask.com\\\/wp-content\\\/uploads\\\/2024\\\/10\\\/RegASK-Logo-Dark-Round.png\",\"contentUrl\":\"https:\\\/\\\/regask.com\\\/wp-content\\\/uploads\\\/2024\\\/10\\\/RegASK-Logo-Dark-Round.png\",\"width\":401,\"height\":401,\"caption\":\"RegASK\"},\"image\":{\"@id\":\"https:\\\/\\\/regask.com\\\/#\\\/schema\\\/logo\\\/image\\\/\"},\"sameAs\":[\"https:\\\/\\\/www.facebook.com\\\/RegASKRegulatoryAffairs\\\/\",\"https:\\\/\\\/x.com\\\/ASKRegASK\",\"https:\\\/\\\/www.linkedin.com\\\/company\\\/RegASK\\\/\",\"https:\\\/\\\/www.youtube.com\\\/playlist?list=PL6yPC6gFqelkHbOeyUVKjtHOZXZ2LQbJd\"]}]}<\/script>\n<!-- \/ Yoast SEO Premium plugin. -->","yoast_head_json":{"title":"Medizinprodukte | Fallstudien zu regulatorischen Angelegenheiten | RegASK","description":"Lesen Sie, wie RegASK den Export medizinischer Ger\u00e4te auf den Weltmarkt unterst\u00fctzt und lokale regulatorische Leitlinien zur Verordnung \u00fcber Gesichtsmasken sowie zur Risikobewertung der Konformit\u00e4t mit Medizintechnikvorschriften bereitstellt.","robots":{"index":"noindex","follow":"follow"},"og_locale":"de_DE","og_type":"article","og_title":"Medical Devices | Regulatory Affairs Case Studies | RegASK","og_description":"Read how RegASK supports medical device export to global market, provides local regulatory guidance to face mask regulation & medtech compliance risk assessment.","og_url":"https:\/\/regask.com\/de\/fallstudien\/ressourcen-fallstudien-medizinprodukte\/","og_site_name":"RegASK","article_publisher":"https:\/\/www.facebook.com\/RegASKRegulatoryAffairs\/","article_modified_time":"2024-11-14T11:23:52+00:00","og_image":[{"width":689,"height":626,"url":"https:\/\/regask.com\/wp-content\/uploads\/2021\/09\/Therapeutic-goods-medical-devices.png","type":"image\/png"}],"twitter_card":"summary_large_image","twitter_title":"Medical Devices | Regulatory Affairs Case Studies | RegASK","twitter_description":"Read how RegASK supports medical device export to global market, provides local regulatory guidance to face mask regulation & medtech compliance risk assessment.","twitter_image":"https:\/\/regask.com\/wp-content\/uploads\/2021\/09\/Therapeutic-goods-medical-devices.png","twitter_site":"@ASKRegASK","twitter_misc":{"Est. reading time":"1\u00a0Minute"},"schema":{"@context":"https:\/\/schema.org","@graph":[{"@type":"WebPage","@id":"https:\/\/regask.com\/case-studies\/resources-case-studies-medical-devices\/","url":"https:\/\/regask.com\/case-studies\/resources-case-studies-medical-devices\/","name":"Medizinprodukte | Fallstudien zu regulatorischen Angelegenheiten | RegASK","isPartOf":{"@id":"https:\/\/regask.com\/#website"},"datePublished":"2020-11-04T08:03:43+00:00","dateModified":"2024-11-14T11:23:52+00:00","description":"Lesen Sie, wie RegASK den Export medizinischer Ger\u00e4te auf den Weltmarkt unterst\u00fctzt und lokale regulatorische Leitlinien zur Verordnung \u00fcber Gesichtsmasken sowie zur Risikobewertung der Konformit\u00e4t mit Medizintechnikvorschriften bereitstellt.","breadcrumb":{"@id":"https:\/\/regask.com\/case-studies\/resources-case-studies-medical-devices\/#breadcrumb"},"inLanguage":"de","potentialAction":[{"@type":"ReadAction","target":["https:\/\/regask.com\/case-studies\/resources-case-studies-medical-devices\/"]}]},{"@type":"BreadcrumbList","@id":"https:\/\/regask.com\/case-studies\/resources-case-studies-medical-devices\/#breadcrumb","itemListElement":[{"@type":"ListItem","position":1,"name":"Case Studies","item":"https:\/\/regask.com\/case-studies\/"},{"@type":"ListItem","position":2,"name":"Medical Devices"}]},{"@type":"WebSite","@id":"https:\/\/regask.com\/#website","url":"https:\/\/regask.com\/","name":"RegASK","description":"Intelligentere Regulierungsentscheidungen erm\u00f6glichen","publisher":{"@id":"https:\/\/regask.com\/#organization"},"potentialAction":[{"@type":"SearchAction","target":{"@type":"EntryPoint","urlTemplate":"https:\/\/regask.com\/?s={search_term_string}"},"query-input":{"@type":"PropertyValueSpecification","valueRequired":true,"valueName":"search_term_string"}}],"inLanguage":"de"},{"@type":"Organization","@id":"https:\/\/regask.com\/#organization","name":"RegASK","url":"https:\/\/regask.com\/","logo":{"@type":"ImageObject","inLanguage":"de","@id":"https:\/\/regask.com\/#\/schema\/logo\/image\/","url":"https:\/\/regask.com\/wp-content\/uploads\/2024\/10\/RegASK-Logo-Dark-Round.png","contentUrl":"https:\/\/regask.com\/wp-content\/uploads\/2024\/10\/RegASK-Logo-Dark-Round.png","width":401,"height":401,"caption":"RegASK"},"image":{"@id":"https:\/\/regask.com\/#\/schema\/logo\/image\/"},"sameAs":["https:\/\/www.facebook.com\/RegASKRegulatoryAffairs\/","https:\/\/x.com\/ASKRegASK","https:\/\/www.linkedin.com\/company\/RegASK\/","https:\/\/www.youtube.com\/playlist?list=PL6yPC6gFqelkHbOeyUVKjtHOZXZ2LQbJd"]}]}},"_links":{"self":[{"href":"https:\/\/regask.com\/de\/wp-json\/wp\/v2\/pages\/1687","targetHints":{"allow":["GET"]}}],"collection":[{"href":"https:\/\/regask.com\/de\/wp-json\/wp\/v2\/pages"}],"about":[{"href":"https:\/\/regask.com\/de\/wp-json\/wp\/v2\/types\/page"}],"author":[{"embeddable":true,"href":"https:\/\/regask.com\/de\/wp-json\/wp\/v2\/users\/39"}],"replies":[{"embeddable":true,"href":"https:\/\/regask.com\/de\/wp-json\/wp\/v2\/comments?post=1687"}],"version-history":[{"count":0,"href":"https:\/\/regask.com\/de\/wp-json\/wp\/v2\/pages\/1687\/revisions"}],"up":[{"embeddable":true,"href":"https:\/\/regask.com\/de\/wp-json\/wp\/v2\/pages\/548"}],"wp:attachment":[{"href":"https:\/\/regask.com\/de\/wp-json\/wp\/v2\/media?parent=1687"}],"curies":[{"name":"wp","href":"https:\/\/api.w.org\/{rel}","templated":true}]}}