{"id":3,"date":"2018-09-13T09:04:25","date_gmt":"2018-09-13T08:04:25","guid":{"rendered":"https:\/\/regask.com\/?page_id=3"},"modified":"2026-03-19T15:06:00","modified_gmt":"2026-03-19T07:06:00","slug":"datenschutzrichtlinie","status":"publish","type":"page","link":"https:\/\/regask.com\/de\/privacy-policy\/","title":{"rendered":"Datenschutzrichtlinie"},"content":{"rendered":"<h1>Datenschutzrichtlinie<\/h1>\n<p>Letzte Aktualisierung: 8. Juli 2025<\/p>\n<p>\u00a0<\/p>\n<h2>1. Einleitung\u00a0<\/h2>\n<p>Bei RegASK verpflichten wir uns zum Schutz Ihrer Privatsph\u00e4re und zum verantwortungsvollen Umgang mit Ihren personenbezogenen Daten. Diese Datenschutzrichtlinie beschreibt, wie wir Ihre personenbezogenen Daten gem\u00e4\u00df der Datenschutz-Grundverordnung (DSGVO), dem Singapore Personal Data Protection Act (PDPA) und anderen weltweit geltenden Datenschutzgesetzen erheben, verwenden, weitergeben und sch\u00fctzen.\u00a0<\/p>\n<p>\u00a0<\/p>\n<h2>2. Wer wir sind\u00a0<\/h2>\n<p>RegASK Pte Ltd\u00a0<br \/>79 Science Park Drive #06-01, #1 Cintech IV, Science Park, 118264\u00a0<br \/>Singapur\u00a0<\/p>\n<p>Wenn Sie Fragen zu dieser Richtlinie oder Ihren personenbezogenen Daten haben, k\u00f6nnen Sie sich an unseren Datenschutzbeauftragten (DPO) wenden: <a href=\"mailto:dpo@regask.com\">dpo@regask.com<\/a> (Bewerbungen sowie alle Anfragen, die nicht mit dem Inhalt dieser Datenschutzrichtlinie zusammenh\u00e4ngen, senden Sie bitte an dpo@regask.com)<br \/>(wird nicht verarbeitet).<\/p>\n<p>\u00a0<\/p>\n<h2>3. Welche personenbezogenen Daten erheben wir?\u00a0<\/h2>\n<p>Abh\u00e4ngig von Ihren Interaktionen mit uns erfassen wir m\u00f6glicherweise die folgenden Daten:\u00a0<\/p>\n<ul>\n<li>Identit\u00e4tsdaten: Name, Berufsbezeichnung, Unternehmen, Standort<\/li>\n<li>Kontaktdaten: E-Mail-Adresse, Telefonnummer, Postanschrift<\/li>\n<li>Technische Daten: IP-Adresse, Browsertyp, Betriebssystem, Standort<\/li>\n<li>Nutzungsdaten: Besuchte Seiten, Interaktionen, Pr\u00e4ferenzen<\/li>\n<li>Marketing- und Kommunikationsdaten: Ihre Pr\u00e4ferenzen beim Erhalt von Mitteilungen von uns<\/li>\n<li>Umfrage- und Veranstaltungsdaten: Antworten auf Umfragen, Anmeldungen zu Webinaren\/Veranstaltungen\u00a0<\/li>\n<\/ul>\n<p>Wir k\u00f6nnen auch Daten von Plattformen Dritter (z. B. LinkedIn) gem\u00e4\u00df deren Bedingungen erfassen.\u00a0<\/p>\n<p>\u00a0<\/p>\n<h2>4. Wie wir Ihre personenbezogenen Daten verwenden\u00a0<\/h2>\n<p>Wir verarbeiten Ihre personenbezogenen Daten zu folgenden Zwecken und auf Grundlage der jeweiligen Rechtsgrundlagen:\u00a0<\/p>\n<p><strong>Zweck \/ Rechtsgrundlage\u00a0<\/strong><\/p>\n<ul>\n<li>Um Ihnen Zugang zu unseren Diensten und unserer Plattform zu erm\u00f6glichen \/ Erf\u00fcllung eines Vertrags\u00a0<\/li>\n<li>Zur Beantwortung Ihrer Anfragen und Supportanfragen \/ Berechtigtes Interesse<\/li>\n<li>Um Ihnen regulatorische Warnungen, Newsletter und Einblicke zu senden \/ Zustimmung<\/li>\n<li>Um Ihr Erlebnis auf unserer Website zu personalisieren \/ Einwilligung<\/li>\n<li>Zur Analyse der Website-Nutzung und Verbesserung der Funktionalit\u00e4t \/ Berechtigtes Interesse<\/li>\n<li>Zur Erf\u00fcllung gesetzlicher Verpflichtungen \/ Gesetzliche Verpflichtung\u00a0<\/li>\n<\/ul>\n<p>Sie k\u00f6nnen Ihre Einwilligung jederzeit widerrufen, indem Sie uns kontaktieren.<\/p>\n<p>\u00a0<\/p>\n<h2>5. Offenlegung Ihrer Daten\u00a0<\/h2>\n<p>Wir k\u00f6nnen Ihre Informationen weitergeben an:\u00a0<\/p>\n<ul>\n<li>Dienstanbieter (z. B. Cloud-Hosting, CRM-Plattformen wie Salesforce\/HubSpot)<\/li>\n<li>Event- und Umfragepartner<\/li>\n<li>Professionelle Berater (z. B. Wirtschaftspr\u00fcfer, Rechtsberater)<\/li>\n<li>Beh\u00f6rden, wenn dies gesetzlich vorgeschrieben ist\u00a0<\/li>\n<\/ul>\n<p>Bei der internationalen Daten\u00fcbertragung, insbesondere aus der EU\/dem EWR, gew\u00e4hrleisten wir die Einhaltung durch Standardvertragsklauseln (SCCs) oder gleichwertige Schutzma\u00dfnahmen.<\/p>\n<p>\u00a0<\/p>\n<h2>6. Cookies und Tracking-Technologien\u00a0<\/h2>\n<p>Unsere Website verwendet Cookies und \u00e4hnliche Technologien, um das Benutzererlebnis zu verbessern und Analysen zu sammeln.\u00a0<br \/>Sie k\u00f6nnen mehr \u00fcber unsere Cookie-Richtlinie erfahren oder Ihre Cookie-Einstellungen \u00fcber unsere Cookie-Ja-Schaltfl\u00e4che oder die Browsereinstellungen verwalten.\u00a0<\/p>\n<p>\u00a0<\/p>\n<h2>7. Ihre Rechte\u00a0<\/h2>\n<h3>Gem\u00e4\u00df DSGVO (f\u00fcr Einwohner des EWR\/Gro\u00dfbritanniens):\u00a0<\/h3>\n<ul>\n<li>Recht auf Zugriff auf Ihre Daten<\/li>\n<li>Recht auf Berichtigung unrichtiger Daten<\/li>\n<li>Recht auf L\u00f6schung (\u201eRecht auf Vergessenwerden\u201c)<\/li>\n<li>Recht auf Einschr\u00e4nkung oder Widerspruch gegen die Verarbeitung<\/li>\n<li>Recht auf Daten\u00fcbertragbarkeit<\/li>\n<li>Recht auf Beschwerde bei einer Aufsichtsbeh\u00f6rde\u00a0<\/li>\n<\/ul>\n<h3>Unter PDPA (f\u00fcr Einwohner Singapurs):\u00a0<\/h3>\n<ul>\n<li>Recht auf Zugriff und Berichtigung personenbezogener Daten<\/li>\n<li>Recht auf Widerruf der Einwilligung\u00a0<\/li>\n<\/ul>\n<p>Um eines dieser Rechte auszu\u00fcben, senden Sie uns eine E-Mail an <a href=\"mailto:dpo@regask.com\">dpo@regask.com. <\/a>(Bewerbungen sowie Anfragen, die nicht mit dem Inhalt dieser Datenschutzerkl\u00e4rung zusammenh\u00e4ngen und an dpo@regask.com gesendet werden, werden nicht bearbeitet.)<\/p>\n<h2>8. Datensicherheit\u00a0<\/h2>\n<p>Wir implementieren geeignete technische und organisatorische Ma\u00dfnahmen, darunter Verschl\u00fcsselung, sichere Server und rollenbasierte Zugriffskontrolle, um Ihre personenbezogenen Daten zu sch\u00fctzen.<\/p>\n<p>\u00a0<\/p>\n<h2>9. Datenspeicherung\u00a0<\/h2>\n<p>Wir speichern Ihre Daten nur so lange, wie es f\u00fcr die oben genannten Zwecke oder gesetzlich erforderlich ist. Sobald Ihre Daten nicht mehr ben\u00f6tigt werden, werden sie sicher gel\u00f6scht oder anonymisiert.<\/p>\n<p>\u00a0<\/p>\n<h2>10. Internationale Daten\u00fcbertragungen\u00a0<\/h2>\n<p>Bei Bedarf gew\u00e4hrleisten wir angemessene Sicherheitsvorkehrungen (wie etwa Standardvertragsklauseln) f\u00fcr internationale Daten\u00fcbertragungen, insbesondere bei der Daten\u00fcbertragung zwischen der EU und Singapur.<\/p>\n<p>\u00a0<\/p>\n<h2>11. Datenschutz f\u00fcr Kinder\u00a0<\/h2>\n<p>RegASK sammelt nicht wissentlich personenbezogene Daten von Personen unter 16 Jahren. Wenn wir erfahren, dass wir solche Daten gesammelt haben, werden wir geeignete Schritte unternehmen, um sie zu l\u00f6schen.<\/p>\n<p>\u00a0<\/p>\n<h2>12. Aktualisierungen dieser Richtlinie\u00a0<\/h2>\n<p>Wir k\u00f6nnen diese Datenschutzrichtlinie von Zeit zu Zeit aktualisieren, um \u00c4nderungen der Gesetzgebung oder unserer Praktiken Rechnung zu tragen. Die neueste Version ist stets auf dieser Seite verf\u00fcgbar. Wir empfehlen Ihnen, sie regelm\u00e4\u00dfig zu \u00fcberpr\u00fcfen.\u00a0<\/p>\n<p>\u00a0<\/p>\n<p><strong>Wenn Sie Bedenken oder Beschwerden haben, wenden Sie sich bitte an unseren Datenschutzbeauftragten unter <a href=\"mailto:dpo@regask.com\">dpo@regask.com<\/a>. Wir werden Ihnen umgehend und respektvoll antworten. Bewerbungen sowie Anfragen, die nicht mit dem Inhalt dieser Datenschutzerkl\u00e4rung zusammenh\u00e4ngen, senden Sie bitte an dpo@regask.com.<br \/>wird nicht bearbeitet.<\/strong><\/p>\n\t<div id=\"text-4049857414\" class=\"text hidden\">\n\t\t\n<h1>Datenschutzrichtlinie<\/h1>\n<p>Zuletzt aktualisiert am 4\/10\/2019<\/p>\n<h4>RegASK legt Wert auf die Privatsph\u00e4re und Sicherheit der Informationen, die Sie uns mitteilen.<\/h4>\n<p>Es ist wichtig, dass Sie verstehen, wie wir Ihre Daten erheben, verwenden und verwalten. Diese Datenschutzrichtlinie befasst sich mit personenbezogenen Daten (nachfolgend \u201eDaten\u201c), die wir auf unserer Website erfassen k\u00f6nnen. Diese Richtlinie gilt nicht f\u00fcr andere Unternehmen, die sich nicht in unserem Besitz oder unter unserer Kontrolle befinden, sowie f\u00fcr Personen, die nicht unsere Mitarbeiter, Vertreter oder in unserem Einflussbereich stehen.<\/p>\n<p>Durch die Nutzung der RegASK-Website oder der Dienste von RegASK stimmen Sie den Bedingungen dieser Datenschutzrichtlinie zu.<\/p>\n<p>Welche Arten von Daten erheben wir:<\/p>\n<h4>Pers\u00f6nliche Informationen<\/h4>\n<p>Bei der Nutzung unserer Website bitten wir Sie m\u00f6glicherweise um die Angabe personenbezogener Daten. Dazu geh\u00f6ren Ihr Name, Ihre Adressdaten, Ihre E-Mail-Adresse und URL, Ihre Telefonnummer, Ihr Kontobenutzername sowie weitere \u00e4hnliche Informationen.<\/p>\n<p>Wir k\u00f6nnen Ihre personenbezogenen Daten verwenden, um auf Ihre Anfragen zu antworten, Ihnen Newsletter zuzusenden oder Sie \u00fcber Marketingveranstaltungen zu informieren. Sie k\u00f6nnen den Erhalt dieser Mitteilungen jederzeit ganz oder teilweise ablehnen.<\/p>\n<p>Solche Informationen werden von Ihnen nur dann erhoben, wenn Sie uns diese freiwillig \u00fcbermitteln.<\/p>\n<h4>Nicht personenbezogene Daten<\/h4>\n<p>Wir erfassen statistische und andere analytische Informationen auf aggregierter Basis aller Besucher unserer Website. Diese nicht personenbezogenen Daten umfassen Informationen, die nicht dazu verwendet werden k\u00f6nnen, Sie zu identifizieren oder zu kontaktieren, wie z. B. demografische Informationen, z. B. IP-Adressen von Nutzern, sofern diese gek\u00fcrzt oder anonymisiert wurden, Browsertypen und andere anonyme statistische Daten zur Nutzung unserer Website.<\/p>\n<h4>Wof\u00fcr Ihre Daten verwendet werden:<\/h4>\n<p>Mit den auf unserer Website gespeicherten Daten identifizieren wir Sie als unseren Kunden\/Abonnenten\/Besucher und senden Ihnen Produkte\/Benachrichtigungen und andere Marketingmaterialien zu. Als Besucher ist es Ihnen nicht gestattet, Produkte zu kaufen, einen Newsletter zu abonnieren oder anonym Kommentare abzugeben. Diese Daten sind daher die einzige M\u00f6glichkeit, Sie zu identifizieren und Ihnen diese Aktionen auf unserer Website zu erm\u00f6glichen.<\/p>\n<h4>Dienstanbieter<\/h4>\n<p>Wir k\u00f6nnen Drittunternehmen und Einzelpersonen damit beauftragen, unsere Dienste zu erleichtern, dienstleistungsbezogene Dienste auszuf\u00fchren oder uns bei der Analyse der Nutzung unseres Dienstes zu unterst\u00fctzen.<\/p>\n<p>Diese Drittparteien haben nur Zugriff auf Ihre personenbezogenen Daten, um diese Aufgaben in unserem Namen auszuf\u00fchren, und sind verpflichtet, diese nicht f\u00fcr andere Zwecke offenzulegen oder zu verwenden.<\/p>\n<h4>Google Analytics<\/h4>\n<p>Google Analytics ist ein Webanalysedienst von Google, der den Website-Verkehr erfasst und meldet. Google kann die gesammelten Daten verwenden, um die Anzeigen seines eigenen Werbenetzwerks zu kontextualisieren und zu personalisieren. Sie k\u00f6nnen die Bereitstellung Ihrer Aktivit\u00e4ten auf dem Dienst f\u00fcr Google Analytics deaktivieren, indem Sie das Browser-Add-on zur Deaktivierung von Google Analytics installieren.<\/p>\n<h4>Hubspot<\/h4>\n<p>Wir nutzen Hubspot, um E-Mails mit Marketingtipps und bevorstehenden Veranstaltungen zu versenden. Jede E-Mail enth\u00e4lt einen Abmeldelink, sodass Sie sich jederzeit abmelden k\u00f6nnen.<\/p>\n<h4>Hotjar<\/h4>\n<p>Wir verwenden Hotjar zum Sammeln und Analysieren von Benutzerverhaltensdaten bez\u00fcglich der Nutzung der Website.<\/p>\n<h4>LINKS VON DRITTANBIETERN AUF UNSERER WEBSITE<\/h4>\n<p>F\u00fcr Links zu Produkten und Dienstleistungen Dritter auf unserer Website \u00fcbernehmen wir keine Verantwortung oder Haftung f\u00fcr deren Inhalt und Aktivit\u00e4ten. Websites Dritter haben eigene Datenschutzrichtlinien.<\/p>\n<h4>Datensicherheit:<\/h4>\n<p>Obwohl wir bestrebt sind, Ihre personenbezogenen Daten mit kommerziell akzeptablen Mitteln zu sch\u00fctzen, k\u00f6nnen wir keine absolute Sicherheit garantieren.<\/p>\n<p>Sollte es in irgendeinem Fall zu einer Verletzung des Datenschutzes kommen, etwa zu Verlust, Ver\u00e4nderung, unbefugter Offenlegung oder Zugriff, \u00dcbermittlung, Speicherung oder anderweitiger Verarbeitung personenbezogener Daten, benachrichtigen wir Sie unverz\u00fcglich, nachdem uns dies bekannt geworden ist.<\/p>\n<h4>Was unsere Cookies in Ihrem Browser bewirken:<\/h4>\n<p>RegASK verwendet Cookies, um Besucher, deren Aktionen auf der Website und ihre Website-Zugriffseinstellungen zu identifizieren und zu verfolgen. Besucher der RegASK-Website, die keine Cookies in ihrem Browser speichern m\u00f6chten, sollten Cookies w\u00e4hrend der Nutzung von RegASK.com deaktivieren.<\/p>\n<h4>\u201eDo Not Track\u201c-Signale<\/h4>\n<p>Do Not Track (\u201eDNT\u201c) ist eine Einstellung, die Sie in Ihrem Webbrowser vornehmen k\u00f6nnen, um Websites mitzuteilen, dass Sie keine Verfolgung w\u00fcnschen. Sie k\u00f6nnen Do Not Track in den Einstellungen Ihres Webbrowsers aktivieren oder deaktivieren.<\/p>\n<h4>Ihre Rechte<\/h4>\n<p>Wir sind bestrebt, angemessene Ma\u00dfnahmen zu ergreifen, damit Sie Ihre personenbezogenen Daten korrigieren, \u00e4ndern, l\u00f6schen oder deren Nutzung einschr\u00e4nken k\u00f6nnen. Sie k\u00f6nnen Ihre personenbezogenen Daten, sofern m\u00f6glich, aktualisieren, indem Sie uns kontaktieren, um die erforderlichen \u00c4nderungen vorzunehmen.<\/p>\n<p>Wenn Sie wissen m\u00f6chten, welche personenbezogenen Daten wir \u00fcber Sie gespeichert haben und ob diese aus unseren Systemen gel\u00f6scht werden sollen, kontaktieren Sie uns bitte. Unter bestimmten Umst\u00e4nden haben Sie das Recht:<\/p>\n<p>Um auf die personenbezogenen Daten zuzugreifen, die wir \u00fcber Sie gespeichert haben, und eine Kopie davon zu erhalten<\/p>\n<p>Berichtigung aller \u00fcber Sie gespeicherten personenbezogenen Daten, die unrichtig sind<\/p>\n<p>Um die L\u00f6schung der \u00fcber Sie gespeicherten personenbezogenen Daten zu verlangen<\/p>\n<p>Sie haben das Recht auf Daten\u00fcbertragbarkeit der Informationen, die Sie uns zur Verf\u00fcgung stellen. Sie k\u00f6nnen eine Kopie Ihrer personenbezogenen Daten in einem g\u00e4ngigen elektronischen Format anfordern, damit Sie diese verwalten und \u00fcbertragen k\u00f6nnen.<\/p>\n<h4>\u00c4nderungen dieser Datenschutzrichtlinie<\/h4>\n<p>Wir behalten uns das Recht vor, unsere Datenschutzrichtlinie von Zeit zu Zeit zu aktualisieren. Wir empfehlen Ihnen, diese Datenschutzrichtlinie regelm\u00e4\u00dfig auf \u00c4nderungen zu \u00fcberpr\u00fcfen. \u00c4nderungen dieser Datenschutzrichtlinie werden wirksam, sobald sie auf dieser Seite ver\u00f6ffentlicht werden.<\/p>\n\t\t\t<\/div>","protected":false},"excerpt":{"rendered":"<p>Privacy policy Last updated: 8 July 2025 \u00a0 1. Introduction\u00a0 At RegASK, we are committed to protecting your privacy and ensuring the responsible handling of your personal data. This Privacy Policy outlines how we collect, use, disclose, and safeguard your personal information in compliance with the General Data Protection Regulation (GDPR), the Singapore Personal Data&#8230;<\/p>","protected":false},"author":39,"featured_media":0,"parent":0,"menu_order":0,"comment_status":"closed","ping_status":"open","template":"","meta":{"_acf_changed":false,"footnotes":""},"class_list":["post-3","page","type-page","status-publish","hentry"],"acf":[],"yoast_head":"<!-- This site is optimized with the Yoast SEO Premium plugin v27.3 (Yoast SEO v27.4) - https:\/\/yoast.com\/product\/yoast-seo-premium-wordpress\/ -->\n<title>RegASK Privacy Policy<\/title>\n<meta name=\"description\" content=\"RegASK values the privacy and security of the information you share with us. Read more on our privacy policy page.\" \/>\n<meta name=\"robots\" content=\"index, follow, max-snippet:-1, max-image-preview:large, max-video-preview:-1\" \/>\n<link rel=\"canonical\" href=\"https:\/\/regask.com\/de\/datenschutzrichtlinie\/\" \/>\n<meta property=\"og:locale\" content=\"de_DE\" \/>\n<meta property=\"og:type\" content=\"article\" \/>\n<meta property=\"og:title\" content=\"Privacy Policy\" \/>\n<meta property=\"og:description\" content=\"RegASK values the privacy and security of the information you share with us. Read more on our privacy policy page.\" \/>\n<meta property=\"og:url\" content=\"https:\/\/regask.com\/de\/datenschutzrichtlinie\/\" \/>\n<meta property=\"og:site_name\" content=\"RegASK\" \/>\n<meta property=\"article:publisher\" content=\"https:\/\/www.facebook.com\/RegASKRegulatoryAffairs\/\" \/>\n<meta property=\"article:modified_time\" content=\"2026-03-19T07:06:00+00:00\" \/>\n<meta property=\"og:image\" content=\"https:\/\/regask.com\/wp-content\/uploads\/2024\/09\/Yoast-site-image-regask.jpg\" \/>\n\t<meta property=\"og:image:width\" content=\"1200\" \/>\n\t<meta property=\"og:image:height\" content=\"675\" \/>\n\t<meta property=\"og:image:type\" content=\"image\/jpeg\" \/>\n<meta name=\"twitter:card\" content=\"summary_large_image\" \/>\n<meta name=\"twitter:site\" content=\"@ASKRegASK\" \/>\n<meta name=\"twitter:label1\" content=\"Est. reading time\" \/>\n\t<meta name=\"twitter:data1\" content=\"4\u00a0Minuten\" \/>\n<script type=\"application\/ld+json\" class=\"yoast-schema-graph\">{\"@context\":\"https:\\\/\\\/schema.org\",\"@graph\":[{\"@type\":\"WebPage\",\"@id\":\"https:\\\/\\\/regask.com\\\/privacy-policy\\\/\",\"url\":\"https:\\\/\\\/regask.com\\\/privacy-policy\\\/\",\"name\":\"RegASK Privacy Policy\",\"isPartOf\":{\"@id\":\"https:\\\/\\\/regask.com\\\/#website\"},\"datePublished\":\"2018-09-13T08:04:25+00:00\",\"dateModified\":\"2026-03-19T07:06:00+00:00\",\"description\":\"RegASK values the privacy and security of the information you share with us. Read more on our privacy policy page.\",\"inLanguage\":\"de\",\"potentialAction\":[{\"@type\":\"ReadAction\",\"target\":[\"https:\\\/\\\/regask.com\\\/privacy-policy\\\/\"]}]},{\"@type\":\"WebSite\",\"@id\":\"https:\\\/\\\/regask.com\\\/#website\",\"url\":\"https:\\\/\\\/regask.com\\\/\",\"name\":\"RegASK\",\"description\":\"Empowering Smarter Regulatory Decisions\",\"publisher\":{\"@id\":\"https:\\\/\\\/regask.com\\\/#organization\"},\"potentialAction\":[{\"@type\":\"SearchAction\",\"target\":{\"@type\":\"EntryPoint\",\"urlTemplate\":\"https:\\\/\\\/regask.com\\\/?s={search_term_string}\"},\"query-input\":{\"@type\":\"PropertyValueSpecification\",\"valueRequired\":true,\"valueName\":\"search_term_string\"}}],\"inLanguage\":\"de\"},{\"@type\":\"Organization\",\"@id\":\"https:\\\/\\\/regask.com\\\/#organization\",\"name\":\"RegASK\",\"url\":\"https:\\\/\\\/regask.com\\\/\",\"logo\":{\"@type\":\"ImageObject\",\"inLanguage\":\"de\",\"@id\":\"https:\\\/\\\/regask.com\\\/#\\\/schema\\\/logo\\\/image\\\/\",\"url\":\"https:\\\/\\\/regask.com\\\/wp-content\\\/uploads\\\/2024\\\/10\\\/RegASK-Logo-Dark-Round.png\",\"contentUrl\":\"https:\\\/\\\/regask.com\\\/wp-content\\\/uploads\\\/2024\\\/10\\\/RegASK-Logo-Dark-Round.png\",\"width\":401,\"height\":401,\"caption\":\"RegASK\"},\"image\":{\"@id\":\"https:\\\/\\\/regask.com\\\/#\\\/schema\\\/logo\\\/image\\\/\"},\"sameAs\":[\"https:\\\/\\\/www.facebook.com\\\/RegASKRegulatoryAffairs\\\/\",\"https:\\\/\\\/x.com\\\/ASKRegASK\",\"https:\\\/\\\/www.linkedin.com\\\/company\\\/RegASK\\\/\",\"https:\\\/\\\/www.youtube.com\\\/playlist?list=PL6yPC6gFqelkHbOeyUVKjtHOZXZ2LQbJd\"]}]}<\/script>\n<!-- \/ Yoast SEO Premium plugin. -->","yoast_head_json":{"title":"RegASK Datenschutzrichtlinie","description":"RegASK legt Wert auf die Vertraulichkeit und Sicherheit der Informationen, die Sie uns mitteilen. Weitere Informationen finden Sie auf unserer Datenschutzseite.","robots":{"index":"index","follow":"follow","max-snippet":"max-snippet:-1","max-image-preview":"max-image-preview:large","max-video-preview":"max-video-preview:-1"},"canonical":"https:\/\/regask.com\/de\/datenschutzrichtlinie\/","og_locale":"de_DE","og_type":"article","og_title":"Privacy Policy","og_description":"RegASK values the privacy and security of the information you share with us. Read more on our privacy policy page.","og_url":"https:\/\/regask.com\/de\/datenschutzrichtlinie\/","og_site_name":"RegASK","article_publisher":"https:\/\/www.facebook.com\/RegASKRegulatoryAffairs\/","article_modified_time":"2026-03-19T07:06:00+00:00","og_image":[{"width":1200,"height":675,"url":"https:\/\/regask.com\/wp-content\/uploads\/2024\/09\/Yoast-site-image-regask.jpg","type":"image\/jpeg"}],"twitter_card":"summary_large_image","twitter_site":"@ASKRegASK","twitter_misc":{"Est. reading time":"4\u00a0Minuten"},"schema":{"@context":"https:\/\/schema.org","@graph":[{"@type":"WebPage","@id":"https:\/\/regask.com\/privacy-policy\/","url":"https:\/\/regask.com\/privacy-policy\/","name":"RegASK Datenschutzrichtlinie","isPartOf":{"@id":"https:\/\/regask.com\/#website"},"datePublished":"2018-09-13T08:04:25+00:00","dateModified":"2026-03-19T07:06:00+00:00","description":"RegASK legt Wert auf die Vertraulichkeit und Sicherheit der Informationen, die Sie uns mitteilen. Weitere Informationen finden Sie auf unserer Datenschutzseite.","inLanguage":"de","potentialAction":[{"@type":"ReadAction","target":["https:\/\/regask.com\/privacy-policy\/"]}]},{"@type":"WebSite","@id":"https:\/\/regask.com\/#website","url":"https:\/\/regask.com\/","name":"RegASK","description":"Intelligentere Regulierungsentscheidungen erm\u00f6glichen","publisher":{"@id":"https:\/\/regask.com\/#organization"},"potentialAction":[{"@type":"SearchAction","target":{"@type":"EntryPoint","urlTemplate":"https:\/\/regask.com\/?s={search_term_string}"},"query-input":{"@type":"PropertyValueSpecification","valueRequired":true,"valueName":"search_term_string"}}],"inLanguage":"de"},{"@type":"Organization","@id":"https:\/\/regask.com\/#organization","name":"RegASK","url":"https:\/\/regask.com\/","logo":{"@type":"ImageObject","inLanguage":"de","@id":"https:\/\/regask.com\/#\/schema\/logo\/image\/","url":"https:\/\/regask.com\/wp-content\/uploads\/2024\/10\/RegASK-Logo-Dark-Round.png","contentUrl":"https:\/\/regask.com\/wp-content\/uploads\/2024\/10\/RegASK-Logo-Dark-Round.png","width":401,"height":401,"caption":"RegASK"},"image":{"@id":"https:\/\/regask.com\/#\/schema\/logo\/image\/"},"sameAs":["https:\/\/www.facebook.com\/RegASKRegulatoryAffairs\/","https:\/\/x.com\/ASKRegASK","https:\/\/www.linkedin.com\/company\/RegASK\/","https:\/\/www.youtube.com\/playlist?list=PL6yPC6gFqelkHbOeyUVKjtHOZXZ2LQbJd"]}]}},"_links":{"self":[{"href":"https:\/\/regask.com\/de\/wp-json\/wp\/v2\/pages\/3","targetHints":{"allow":["GET"]}}],"collection":[{"href":"https:\/\/regask.com\/de\/wp-json\/wp\/v2\/pages"}],"about":[{"href":"https:\/\/regask.com\/de\/wp-json\/wp\/v2\/types\/page"}],"author":[{"embeddable":true,"href":"https:\/\/regask.com\/de\/wp-json\/wp\/v2\/users\/39"}],"replies":[{"embeddable":true,"href":"https:\/\/regask.com\/de\/wp-json\/wp\/v2\/comments?post=3"}],"version-history":[{"count":0,"href":"https:\/\/regask.com\/de\/wp-json\/wp\/v2\/pages\/3\/revisions"}],"wp:attachment":[{"href":"https:\/\/regask.com\/de\/wp-json\/wp\/v2\/media?parent=3"}],"curies":[{"name":"wp","href":"https:\/\/api.w.org\/{rel}","templated":true}]}}