{"id":5104,"date":"2024-04-11T12:50:32","date_gmt":"2024-04-11T04:50:32","guid":{"rendered":"https:\/\/regask.com\/?page_id=5104"},"modified":"2024-05-15T17:50:16","modified_gmt":"2024-05-15T09:50:16","slug":"regenius-tnc","status":"publish","type":"page","link":"https:\/\/regask.com\/de\/regenius-tnc\/","title":{"rendered":"RegGenius Allgemeine Gesch\u00e4ftsbedingungen"},"content":{"rendered":"<div id=\"gap-1712779958\" class=\"gap-element clearfix\" style=\"display:block; height:auto;\">\n\t\t\n<style>\n#gap-1712779958 {\n  padding-top: 30px;\n}\n<\/style>\n\t<\/div>\n\t\n<h1>Allgemeine Gesch\u00e4ftsbedingungen \u2013 RegGenius<\/h1>\n<p>Zuletzt aktualisiert am 15.04.2024<\/p>\n<p>Die folgenden Allgemeinen Gesch\u00e4ftsbedingungen (die \u201e<strong>Allgemeine Gesch\u00e4ftsbedingungen<\/strong>\u201d) sind Bestandteil des zwischen Ihnen geschlossenen Vertrags (der \u201e<strong>Benutzer<\/strong>\u201d, \u201d<strong>Benutzer<\/strong>\u201d) und RegASK Pte. Ltd. (\u201e<strong>RegGenius<\/strong>\u201d).<\/p>\n<p>\u00a0<\/p>\n<p class=\"lead\"><strong>1. Rechtliche Hinweise<\/strong><\/p>\n<p>Die von RegGenius bereitgestellten Informationen dienen ausschlie\u00dflich allgemeinen Informationszwecken. Alle Informationen zum Service werden nach bestem Wissen und Gewissen bereitgestellt. RegGenius \u00fcbernimmt jedoch keine ausdr\u00fcckliche oder stillschweigende Zusicherung oder Gew\u00e4hrleistung hinsichtlich der Richtigkeit, Angemessenheit, G\u00fcltigkeit, Zuverl\u00e4ssigkeit, Verf\u00fcgbarkeit oder Vollst\u00e4ndigkeit der Informationen zum Service.<\/p>\n<p>RegGenius haftet dem Nutzer gegen\u00fcber unter keinen Umst\u00e4nden f\u00fcr Verluste oder Sch\u00e4den jeglicher Art, die durch die Nutzung von RegGenius oder das Vertrauen auf \u00fcber RegGenius bereitgestellte Informationen entstehen. Die Nutzung der Dienste von RegGenius und das Vertrauen auf Informationen von RegGenius erfolgt ausschlie\u00dflich auf eigenes Risiko des Nutzers.<\/p>\n<p>Der Dienst kann Links zu anderen Websites oder Inhalten enthalten, die Dritten geh\u00f6ren oder von diesen stammen, sowie Links zu Websites und Funktionen in Bannern oder anderer Werbung. Solche externen Links werden von uns nicht untersucht, \u00fcberwacht oder auf Richtigkeit, Angemessenheit, G\u00fcltigkeit, Zuverl\u00e4ssigkeit, Verf\u00fcgbarkeit oder Vollst\u00e4ndigkeit gepr\u00fcft.<\/p>\n<p>\u00a0<\/p>\n<p class=\"lead\"><strong>2. Richtlinien zur Benutzerinteraktion<\/strong><\/p>\n<p><strong>2.1 Bestimmungsgem\u00e4\u00dfe Verwendung:<\/strong> Der Nutzer verpflichtet sich, mit RegGenius ethisch, respektvoll und rechtm\u00e4\u00dfig zu interagieren. RegGenius darf nicht f\u00fcr rechtswidrige Zwecke verwendet werden, insbesondere nicht f\u00fcr Bel\u00e4stigung, Verleumdung, Verletzung der Privatsph\u00e4re oder sonstiges unangemessenes Verhalten.<\/p>\n<p><strong>2.2 Verbotene Handlungen:<\/strong> Der Benutzer darf RegGenius nicht verwenden, um:<br \/>\u2013 Senden oder \u00dcbertragen von Inhalten, die explizite oder beleidigende Sprache enthalten.<br \/>\u2013 Sich als andere ausgeben.<br \/>\u2013 Manipulation oder St\u00f6rung des Betriebs oder der Bereitstellung von Diensten von RegGenius.<br \/>\u2013 Schadsoftware einf\u00fchren oder versuchen, die Sicherheitsma\u00dfnahmen von RegGenius oder verwandten Systemen zu umgehen.<\/p>\n<p><strong>2.3 \u00dcberwachung:<\/strong> RegGenius beh\u00e4lt sich das Recht vor, Interaktionen mit RegGenius zu \u00fcberwachen, um die Einhaltung dieser Richtlinien sicherzustellen. RegGenius ist jedoch nicht verpflichtet, alle Interaktionen zu \u00fcberwachen oder zu moderieren und verl\u00e4sst sich auf die Einhaltung hoher Verhaltensstandards durch die Nutzer.<\/p>\n<p><strong>2.4 Folgen bei Missbrauch:<\/strong> Missbrauch von RegGenius kann zur vor\u00fcbergehenden oder dauerhaften Sperrung des Zugriffs auf RegGenius f\u00fchren. RegGenius beh\u00e4lt sich das Recht vor, gegebenenfalls weitere rechtliche Schritte einzuleiten.<\/p>\n<p>\u00a0<\/p>\n<p class=\"lead\"><strong>3. Haftungsausschluss bez\u00fcglich Vertraulichkeit und Sensibilit\u00e4t<\/strong><\/p>\n<p>Der Dienst kann die Bereitstellung sensibler und vertraulicher Informationen anbieten. Es liegt in der Verantwortung des Nutzers, sicherzustellen, dass die Verwendung dieser Informationen den f\u00fcr seine Organisation geltenden gesetzlichen Anforderungen, Datenschutzrichtlinien und ethischen Standards entspricht.<\/p>\n<p>Benutzer sollten Vorsicht walten lassen und die Sensibilit\u00e4t der Informationen ber\u00fccksichtigen, bevor sie diese \u00fcber RegGenius anfordern oder verwenden.<\/p>\n<p>RegGenius verpflichtet sich, die vertraulichen Informationen streng vertraulich zu behandeln und alle angemessenen Vorkehrungen zu treffen, um diese vertraulichen Informationen nach besten Kr\u00e4ften zu sch\u00fctzen. Dies umfasst unter anderem, diese vertraulichen Informationen nicht ohne die vorherige schriftliche Zustimmung des Benutzers an Dritte weiterzugeben.<\/p>\n<p>Die Geheimhaltungspflicht gilt nicht f\u00fcr Informationen, die: (a) der \u00d6ffentlichkeit allgemein bekannt sind oder werden, ohne dass dadurch eine Verpflichtung gegen\u00fcber dem Benutzer verletzt wurde; (b) RegGenius vor ihrer Offenlegung durch den Benutzer ohne Verletzung einer Verpflichtung gegen\u00fcber dem Benutzer bekannt waren; (c) von einem Dritten ohne Verletzung einer Verpflichtung gegen\u00fcber dem Benutzer erhalten wurden; oder (d) von RegGenius unabh\u00e4ngig und ohne Bezugnahme auf die vertraulichen Informationen entwickelt wurden.<\/p>\n<p>\u00a0<\/p>\n<p class=\"lead\"><strong>4. Haftungsausschluss f\u00fcr professionelle Beratung<\/strong><\/p>\n<p>Die vom Dienst bereitgestellten Informationen stellen keine professionelle Beratung dar und sollten nicht als solche verstanden werden. Wenn Nutzer spezifische Beratung ben\u00f6tigen, wenden Sie sich bitte an einen Fachmann mit entsprechender Zulassung oder Fachkenntnissen.<\/p>\n<p>\u00a0<\/p>\n<p class=\"lead\"><strong>5. Geistige Eigentumsrechte<\/strong><\/p>\n<p>Alle Rechte am geistigen Eigentum von RegGenius, einschlie\u00dflich, aber nicht beschr\u00e4nkt auf Software, Code, Schnittstellen, Grafiken, Design, Kompilierung, Informationen, Daten, Algorithmen und sonstige Inhalte, liegen bei RegGenius oder werden von RegGenius lizenziert. Dem Nutzer wird eine nicht ausschlie\u00dfliche, nicht \u00fcbertragbare und widerrufliche Lizenz zur Nutzung von RegGenius ausschlie\u00dflich f\u00fcr seine internen Gesch\u00e4ftsabl\u00e4ufe gew\u00e4hrt. Der Nutzer erkennt an, dass er keine Rechte, Titel oder Anspr\u00fcche an der Software hat, au\u00dfer wie in diesen Bedingungen ausdr\u00fccklich festgelegt. Der Nutzer verpflichtet sich ferner, RegGenius nicht zu modifizieren, anzupassen, zu \u00fcbersetzen, zu dekompilieren, zur\u00fcckzuentwickeln, zu disassemblieren, den Quellcode abzuleiten oder abgeleitete Werke zu erstellen oder anderen dies zu gestatten, es sei denn, dies ist gesetzlich zul\u00e4ssig oder liegt eine vorherige schriftliche Zustimmung von RegGenius vor. Diese Klausel gilt auch nach Beendigung oder Ablauf der kommerziellen Vereinbarung mit dem Nutzer.<\/p>\n<p>\u00a0<\/p>\n<p class=\"lead\"><strong>6. Datennutzung und Datenschutz<\/strong><\/p>\n<p><strong>6.1 Erhebung von Daten:<\/strong> RegGenius kann personenbezogene Daten, einschlie\u00dflich, aber nicht beschr\u00e4nkt auf Name, E-Mail-Adresse, Standort und Interaktionsverlauf, erfassen und verarbeiten, um Dienste bereitzustellen und das Benutzererlebnis zu verbessern.<\/p>\n<p>Der Benutzer akzeptiert, dass die oben genannte Liste keinen Anspruch auf Vollst\u00e4ndigkeit erhebt, und ist sich voll und ganz dar\u00fcber im Klaren, dass RegGenius die Privatsph\u00e4re aller personenbezogenen Daten respektiert und sicherstellt, dass alle personenbezogenen Daten gem\u00e4\u00df dem Personal Data Protection Act 2012 von Singapur (\u201ePDPA\u201c) sicher aufbewahrt werden, und der Benutzer ist verpflichtet, dasselbe zu tun.<\/p>\n<p>Der Benutzer best\u00e4tigt hiermit, dass er sich seiner Verantwortung gegen\u00fcber dem PDPA als Benutzer von RegGenius bewusst ist und RegGenius von jeglicher Verletzung des PDPA seinerseits freistellt und sich verpflichtet, das PDPA strikt einzuhalten.<\/p>\n<p><strong>6.2 Zweck der Datenverwendung:<\/strong> Die erhobenen Daten werden f\u00fcr folgende Zwecke verwendet:<br \/>\u2013 Personalisierung des Benutzererlebnisses.<br \/>\u2013 Bereitstellung angeforderter Informationen und Dienste.<br \/>\u2013 Analyse der Benutzerpr\u00e4ferenzen und des Benutzerverhaltens zur Verbesserung der Chatbot-Funktionalit\u00e4t.<br \/>\u2013 Senden von Werbematerialien oder Updates mit Zustimmung des Benutzers.<\/p>\n<p><strong>6.3 Datenschutz:<\/strong> RegGenius verpflichtet sich, die Daten der Nutzer zu sch\u00fctzen und deren Vertraulichkeit zu gew\u00e4hrleisten. Ohne Einwilligung des Nutzers werden die Daten nicht an Dritte weitergegeben, es sei denn, dies ist gesetzlich vorgeschrieben.<\/p>\n<p><strong>6.4 Datenspeicherung:<\/strong> Die Daten des Nutzers werden nur so lange gespeichert, wie dies zur Erf\u00fcllung der in diesen Allgemeinen Gesch\u00e4ftsbedingungen genannten Zwecke erforderlich ist oder wie es gesetzlich vorgeschrieben ist.<\/p>\n<p><strong>6.5 Nutzerrechte:<\/strong> Nutzer haben das Recht auf Auskunft, Berichtigung und L\u00f6schung ihrer personenbezogenen Daten. Anfragen hierzu k\u00f6nnen \u00fcber die angegebenen Kontaktdaten gestellt werden.<\/p>\n<p><strong>6.6 Sicherheitsma\u00dfnahmen:<\/strong> RegGenius ergreift geeignete technische und organisatorische Ma\u00dfnahmen, um Benutzerdaten vor unbefugtem Zugriff, \u00c4nderung, Offenlegung oder Zerst\u00f6rung zu sch\u00fctzen.<\/p>\n<p><strong>6.7 Einwilligung:<\/strong> Mit der Nutzung von RegGenius willigt der Nutzer in die Erhebung, Verarbeitung und Nutzung seiner personenbezogenen Daten gem\u00e4\u00df diesen Allgemeinen Gesch\u00e4ftsbedingungen ein.<\/p>\n<p><strong>6.8 Aktualisierungen der Richtlinie:<\/strong> Diese Richtlinie kann regelm\u00e4\u00dfig aktualisiert werden und Benutzer werden \u00fcber alle wesentlichen \u00c4nderungen benachrichtigt.<\/p>\n<p>\u00a0<\/p>\n<p class=\"lead\"><strong>7. Streitbeilegung<\/strong><\/p>\n<p><strong>7.1 Verhandlung:<\/strong> Im Falle von Streitigkeiten oder Anspr\u00fcchen, die sich aus diesen Allgemeinen Gesch\u00e4ftsbedingungen ergeben oder damit in Zusammenhang stehen, vereinbaren die Parteien, zun\u00e4chst zu versuchen, die Streitigkeit informell durch Verhandlungen in gutem Glauben beizulegen.<\/p>\n<p><strong>7.2 Mediation:<\/strong> K\u00f6nnen die Parteien den Streit nicht innerhalb von drei\u00dfig (30) Tagen durch Verhandlungen beilegen, muss der Streit gem\u00e4\u00df dem am Tag des Beginns der Mediation geltenden Mediationsverfahren des SMC zur Mediation beim Singapore Mediation Centre (\u201eSMC\u201c) eingereicht werden. Die Kosten der Mediation werden zu gleichen Teilen zwischen den Parteien geteilt. Jede Partei der Mediation muss durch eine Person vertreten sein, die befugt ist, den Streit zu verhandeln und beizulegen. Das SMC ernennt einen (1) Mediator. Die Mediation findet in Singapur in englischer Sprache statt und jede erzielte Einigung ist f\u00fcr die Parteien bindend. Jede Partei kann beim SMC einen Mediationsantrag stellen, woraufhin die andere Partei oder Parteien verpflichtet sind, innerhalb von f\u00fcnfundvierzig (45) Tagen an der Mediation teilzunehmen.<\/p>\n<p><strong>7.3 Schiedsverfahren:<\/strong> K\u00f6nnen die Parteien den Streit nicht innerhalb von drei\u00dfig (30) Tagen nach Einreichung bei SMC durch Mediation beilegen, unterwerfen sie ihn einem Schiedsverfahren vor dem Singapore International Arbitration Centre (\u201eSIAC\u201c) gem\u00e4\u00df der zum Zeitpunkt des Beginns des Schiedsverfahrens geltenden Schiedsordnung des SIAC, die durch Bezugnahme in diese Klausel aufgenommen wird. Sitz des Schiedsgerichts ist Singapur. Das Schiedsgericht besteht aus einem (1) Schiedsrichter. Die Schiedssprache ist Englisch.<\/p>\n<p><strong>7.4 Geltendes Recht:<\/strong> Diese Vereinbarung unterliegt den Gesetzen Singapurs und wird in \u00dcbereinstimmung mit diesen ausgelegt, ohne R\u00fccksicht auf Kollisionsnormen.<\/p>\n<p><strong>7.5 Gerichtsstand:<\/strong> S\u00e4mtliche Rechtsstreitigkeiten oder Verfahren, die sich aus dieser Vereinbarung ergeben oder damit in Zusammenhang stehen, werden ausschlie\u00dflich vor den Gerichten Singapurs gef\u00fchrt, und jede Partei unterwirft sich f\u00fcr die Zwecke derartiger Rechtsstreitigkeiten oder Verfahren unwiderruflich der Gerichtsbarkeit dieser Gerichte.<\/p>\n<p>Durch die Nutzung des Dienstes erkl\u00e4ren sich die Benutzer mit den Haftungsausschl\u00fcssen einverstanden und stellen uns von jeglicher Haftung, Verlusten oder Sch\u00e4den frei, die entstehen k\u00f6nnen.<\/p>","protected":false},"excerpt":{"rendered":"<p>General Terms and Conditions \u2013 RegGenius Last updated on 4\/15\/2024 The following general terms and conditions (the \u201cGeneral Terms and Conditions\u201d) constitute an integral part of the contract concluded between you (the \u201cUser\u201d, \u201dUsers\u201d) and RegASK Pte. Ltd. (\u201cRegGenius\u201d). \u00a0 1. Legal Disclaimer The information provided by RegGenius is for general informational purposes only. All&#8230;<\/p>","protected":false},"author":22,"featured_media":0,"parent":0,"menu_order":0,"comment_status":"closed","ping_status":"open","template":"","meta":{"_acf_changed":false,"footnotes":""},"class_list":["post-5104","page","type-page","status-publish","hentry"],"acf":[],"yoast_head":"<!-- This site is optimized with the Yoast SEO Premium plugin v27.3 (Yoast SEO v27.5) - https:\/\/yoast.com\/product\/yoast-seo-premium-wordpress\/ -->\n<title>RegGenius Terms and Conditions | RegASK | Curated Regulatory Intelligence<\/title>\n<meta name=\"description\" content=\"RegASK values the privacy and security of the information you share with us. Read more in our privacy policy page.\" \/>\n<meta name=\"robots\" content=\"index, follow, max-snippet:-1, max-image-preview:large, max-video-preview:-1\" \/>\n<link rel=\"canonical\" href=\"https:\/\/regask.com\/de\/regenius-tnc\/\" \/>\n<meta property=\"og:locale\" content=\"de_DE\" \/>\n<meta property=\"og:type\" content=\"article\" \/>\n<meta property=\"og:title\" content=\"RegGenius Terms and Conditions\" \/>\n<meta property=\"og:description\" content=\"RegASK values the privacy and security of the information you share with us. Read more in our privacy policy page.\" \/>\n<meta property=\"og:url\" content=\"https:\/\/regask.com\/de\/regenius-tnc\/\" \/>\n<meta property=\"og:site_name\" content=\"RegASK\" \/>\n<meta property=\"article:publisher\" content=\"https:\/\/www.facebook.com\/RegASKRegulatoryAffairs\/\" \/>\n<meta property=\"article:modified_time\" content=\"2024-05-15T09:50:16+00:00\" \/>\n<meta property=\"og:image\" content=\"https:\/\/regask.com\/wp-content\/uploads\/2024\/09\/Yoast-site-image-regask.jpg\" \/>\n\t<meta property=\"og:image:width\" content=\"1200\" \/>\n\t<meta property=\"og:image:height\" content=\"675\" \/>\n\t<meta property=\"og:image:type\" content=\"image\/jpeg\" \/>\n<meta name=\"twitter:card\" content=\"summary_large_image\" \/>\n<meta name=\"twitter:site\" content=\"@ASKRegASK\" \/>\n<meta name=\"twitter:label1\" content=\"Est. reading time\" \/>\n\t<meta name=\"twitter:data1\" content=\"7\u00a0Minuten\" \/>\n<script type=\"application\/ld+json\" class=\"yoast-schema-graph\">{\"@context\":\"https:\\\/\\\/schema.org\",\"@graph\":[{\"@type\":\"WebPage\",\"@id\":\"https:\\\/\\\/regask.com\\\/regenius-tnc\\\/\",\"url\":\"https:\\\/\\\/regask.com\\\/regenius-tnc\\\/\",\"name\":\"RegGenius Terms and Conditions | RegASK | Curated Regulatory Intelligence\",\"isPartOf\":{\"@id\":\"https:\\\/\\\/regask.com\\\/#website\"},\"datePublished\":\"2024-04-11T04:50:32+00:00\",\"dateModified\":\"2024-05-15T09:50:16+00:00\",\"description\":\"RegASK values the privacy and security of the information you share with us. Read more in our privacy policy page.\",\"inLanguage\":\"de\",\"potentialAction\":[{\"@type\":\"ReadAction\",\"target\":[\"https:\\\/\\\/regask.com\\\/regenius-tnc\\\/\"]}]},{\"@type\":\"WebSite\",\"@id\":\"https:\\\/\\\/regask.com\\\/#website\",\"url\":\"https:\\\/\\\/regask.com\\\/\",\"name\":\"RegASK\",\"description\":\"Empowering Smarter Regulatory Decisions\",\"publisher\":{\"@id\":\"https:\\\/\\\/regask.com\\\/#organization\"},\"potentialAction\":[{\"@type\":\"SearchAction\",\"target\":{\"@type\":\"EntryPoint\",\"urlTemplate\":\"https:\\\/\\\/regask.com\\\/?s={search_term_string}\"},\"query-input\":{\"@type\":\"PropertyValueSpecification\",\"valueRequired\":true,\"valueName\":\"search_term_string\"}}],\"inLanguage\":\"de\"},{\"@type\":\"Organization\",\"@id\":\"https:\\\/\\\/regask.com\\\/#organization\",\"name\":\"RegASK\",\"url\":\"https:\\\/\\\/regask.com\\\/\",\"logo\":{\"@type\":\"ImageObject\",\"inLanguage\":\"de\",\"@id\":\"https:\\\/\\\/regask.com\\\/#\\\/schema\\\/logo\\\/image\\\/\",\"url\":\"https:\\\/\\\/regask.com\\\/wp-content\\\/uploads\\\/2024\\\/10\\\/RegASK-Logo-Dark-Round.png\",\"contentUrl\":\"https:\\\/\\\/regask.com\\\/wp-content\\\/uploads\\\/2024\\\/10\\\/RegASK-Logo-Dark-Round.png\",\"width\":401,\"height\":401,\"caption\":\"RegASK\"},\"image\":{\"@id\":\"https:\\\/\\\/regask.com\\\/#\\\/schema\\\/logo\\\/image\\\/\"},\"sameAs\":[\"https:\\\/\\\/www.facebook.com\\\/RegASKRegulatoryAffairs\\\/\",\"https:\\\/\\\/x.com\\\/ASKRegASK\",\"https:\\\/\\\/www.linkedin.com\\\/company\\\/RegASK\\\/\",\"https:\\\/\\\/www.youtube.com\\\/@RegASK\"]}]}<\/script>\n<!-- \/ Yoast SEO Premium plugin. -->","yoast_head_json":{"title":"RegGenius Allgemeine Gesch\u00e4ftsbedingungen | RegASK | Kuratierte regulatorische Informationen","description":"RegASK legt Wert auf die Vertraulichkeit und Sicherheit der Informationen, die Sie uns mitteilen. Weitere Informationen finden Sie in unserer Datenschutzrichtlinie.","robots":{"index":"index","follow":"follow","max-snippet":"max-snippet:-1","max-image-preview":"max-image-preview:large","max-video-preview":"max-video-preview:-1"},"canonical":"https:\/\/regask.com\/de\/regenius-tnc\/","og_locale":"de_DE","og_type":"article","og_title":"RegGenius Terms and Conditions","og_description":"RegASK values the privacy and security of the information you share with us. Read more in our privacy policy page.","og_url":"https:\/\/regask.com\/de\/regenius-tnc\/","og_site_name":"RegASK","article_publisher":"https:\/\/www.facebook.com\/RegASKRegulatoryAffairs\/","article_modified_time":"2024-05-15T09:50:16+00:00","og_image":[{"width":1200,"height":675,"url":"https:\/\/regask.com\/wp-content\/uploads\/2024\/09\/Yoast-site-image-regask.jpg","type":"image\/jpeg"}],"twitter_card":"summary_large_image","twitter_site":"@ASKRegASK","twitter_misc":{"Est. reading time":"7\u00a0Minuten"},"schema":{"@context":"https:\/\/schema.org","@graph":[{"@type":"WebPage","@id":"https:\/\/regask.com\/regenius-tnc\/","url":"https:\/\/regask.com\/regenius-tnc\/","name":"RegGenius Allgemeine Gesch\u00e4ftsbedingungen | RegASK | Kuratierte regulatorische Informationen","isPartOf":{"@id":"https:\/\/regask.com\/#website"},"datePublished":"2024-04-11T04:50:32+00:00","dateModified":"2024-05-15T09:50:16+00:00","description":"RegASK legt Wert auf die Vertraulichkeit und Sicherheit der Informationen, die Sie uns mitteilen. Weitere Informationen finden Sie in unserer Datenschutzrichtlinie.","inLanguage":"de","potentialAction":[{"@type":"ReadAction","target":["https:\/\/regask.com\/regenius-tnc\/"]}]},{"@type":"WebSite","@id":"https:\/\/regask.com\/#website","url":"https:\/\/regask.com\/","name":"RegASK","description":"Intelligentere Regulierungsentscheidungen erm\u00f6glichen","publisher":{"@id":"https:\/\/regask.com\/#organization"},"potentialAction":[{"@type":"SearchAction","target":{"@type":"EntryPoint","urlTemplate":"https:\/\/regask.com\/?s={search_term_string}"},"query-input":{"@type":"PropertyValueSpecification","valueRequired":true,"valueName":"search_term_string"}}],"inLanguage":"de"},{"@type":"Organization","@id":"https:\/\/regask.com\/#organization","name":"RegASK","url":"https:\/\/regask.com\/","logo":{"@type":"ImageObject","inLanguage":"de","@id":"https:\/\/regask.com\/#\/schema\/logo\/image\/","url":"https:\/\/regask.com\/wp-content\/uploads\/2024\/10\/RegASK-Logo-Dark-Round.png","contentUrl":"https:\/\/regask.com\/wp-content\/uploads\/2024\/10\/RegASK-Logo-Dark-Round.png","width":401,"height":401,"caption":"RegASK"},"image":{"@id":"https:\/\/regask.com\/#\/schema\/logo\/image\/"},"sameAs":["https:\/\/www.facebook.com\/RegASKRegulatoryAffairs\/","https:\/\/x.com\/ASKRegASK","https:\/\/www.linkedin.com\/company\/RegASK\/","https:\/\/www.youtube.com\/@RegASK"]}]}},"_links":{"self":[{"href":"https:\/\/regask.com\/de\/wp-json\/wp\/v2\/pages\/5104","targetHints":{"allow":["GET"]}}],"collection":[{"href":"https:\/\/regask.com\/de\/wp-json\/wp\/v2\/pages"}],"about":[{"href":"https:\/\/regask.com\/de\/wp-json\/wp\/v2\/types\/page"}],"author":[{"embeddable":true,"href":"https:\/\/regask.com\/de\/wp-json\/wp\/v2\/users\/22"}],"replies":[{"embeddable":true,"href":"https:\/\/regask.com\/de\/wp-json\/wp\/v2\/comments?post=5104"}],"version-history":[{"count":0,"href":"https:\/\/regask.com\/de\/wp-json\/wp\/v2\/pages\/5104\/revisions"}],"wp:attachment":[{"href":"https:\/\/regask.com\/de\/wp-json\/wp\/v2\/media?parent=5104"}],"curies":[{"name":"wp","href":"https:\/\/api.w.org\/{rel}","templated":true}]}}