{"id":9373,"date":"2026-01-09T15:18:08","date_gmt":"2026-01-09T07:18:08","guid":{"rendered":"https:\/\/regask.com\/?page_id=9373"},"modified":"2026-01-09T15:18:08","modified_gmt":"2026-01-09T07:18:08","slug":"us-zusatzstoffverbote-einhaltung-in-mehreren-bundesstaaten","status":"publish","type":"page","link":"https:\/\/regask.com\/de\/us-additive-bans-multi-state-compliance\/","title":{"rendered":"Einhaltung der Verbote von Lebensmittelzusatzstoffen in den USA durch mehrere Bundesstaaten"},"content":{"rendered":"<section class=\"section\" id=\"section_298649392\">\n\t\t<div class=\"section-bg fill\" >\n\t\t\t<img decoding=\"async\" src=\"https:\/\/regask.com\/wp-content\/uploads\/2024\/07\/bg-flip-card-1.svg\" class=\"bg attachment- size-\" alt=\"Bg Flip-Karte 1\" \/>\t\t\t\t\t\t\n\t\t\t\n\n\t\t<\/div>\n\n\t\t\n\n\t\t<div class=\"section-content relative\">\n\t\t\t\n<div class=\"row align-middle\"  id=\"row-638076578\">\n\n\t<div id=\"col-1192276017\" class=\"col medium-5 small-12 large-6\"  >\n\t\t\t\t<div class=\"col-inner\"  >\n\t\t\t\n\t\t\t\n<h5 data-lov-id=\"src\/pages\/Security.tsx:194:12\" data-lov-name=\"h1\" data-component-path=\"src\/pages\/Security.tsx\" data-component-line=\"194\" data-component-file=\"Security.tsx\" data-component-name=\"h1\" data-component-content=\"%7B%22text%22%3A%22Enterprise%E2%80%91Grade%20Security%20%26%20Compliance%22%2C%22className%22%3A%22text-4xl%20md%3Atext-5xl%20font-bold%20leading-tight%20mb-4%22%7D\"><span data-text-color=\"secondary\">REGASK SPRICHT \u00dcBER<\/span><\/h5>\n<h1 class=\"text-4xl md:text-5xl font-bold leading-tight mb-4\" data-lov-id=\"src\/pages\/Security.tsx:194:12\" data-lov-name=\"h1\" data-component-path=\"src\/pages\/Security.tsx\" data-component-line=\"194\" data-component-file=\"Security.tsx\" data-component-name=\"h1\" data-component-content=\"%7B%22text%22%3A%22Enterprise%E2%80%91Grade%20Security%20%26%20Compliance%22%2C%22className%22%3A%22text-4xl%20md%3Atext-5xl%20font-bold%20leading-tight%20mb-4%22%7D\">Die Einhaltung der US-amerikanischen Verbote von Lebensmittelzusatzstoffen: Eine Herausforderung<\/h1>\n<p>Caroline Schleifer, Gr\u00fcnderin und CEO von RegASK, spricht mit Bakery &amp; Snacks dar\u00fcber, wie die auf Ebene der US-Bundesstaaten geltenden Verbote von Zusatzstoffen die Lebensmittelindustrie ver\u00e4ndern und wie KI-gest\u00fctzte regulatorische Informationen Herstellern helfen k\u00f6nnen, die Vorschriften in mehreren Bundesstaaten einzuhalten.<\/p>\n<div class=\"row align-equal\"  id=\"row-484169119\">\n\n\t<div id=\"col-46308493\" class=\"col medium-5 small-12 large-5\"  >\n\t\t\t\t<div class=\"col-inner\"  >\n\t\t\t\n\t\t\t\n<a href=\"https:\/\/regask.com\/de\/transformation-der-regulatorischen-intelligenz-durch-ki\/#video\" class=\"button secondary lowercase\" style=\"border-radius:5px;\">\n\t\t<span>H\u00f6ren Sie sich den Podcast an<\/span>\n\t<\/a>\n\n\t\t<\/div>\n\t\t\t\t\n<style>\n#col-46308493 > .col-inner {\n  margin: 0px 0px -20px 0px;\n}\n<\/style>\n\t<\/div>\n\n\t\n\n\t<div id=\"col-855170117\" class=\"col medium-7 small-12 large-7\"  >\n\t\t\t\t<div class=\"col-inner\"  >\n\t\t\t\n\t\t\t\n<a href=\"https:\/\/regask.com\/de\/produkt\/\" class=\"button secondary is-outline lowercase\" style=\"border-radius:5px;\">\n\t\t<span>Erfahren Sie mehr \u00fcber RegASK<\/span>\n\t<\/a>\n\n\t\t<\/div>\n\t\t\t\t\n<style>\n#col-855170117 > .col-inner {\n  margin: 0px 0px -20px 0px;\n}\n<\/style>\n\t<\/div>\n\n\t\n\n<style>\n#row-484169119 > .col > .col-inner {\n  padding: 0px 0px 0px 0px;\n}\n<\/style>\n<\/div>\n\t\t<\/div>\n\t\t\t\t\n<style>\n#col-1192276017 > .col-inner {\n  padding: 70px 0px 0px 0px;\n  margin: 0px 0px 0px 0px;\n}\n@media (min-width:550px) {\n  #col-1192276017 > .col-inner {\n    padding: 150px 0px 0px 0px;\n    margin: 0px 0px 0px -10px;\n  }\n}\n<\/style>\n\t<\/div>\n\n\t\n\n\t<div id=\"col-1960000206\" class=\"col medium-7 small-12 large-6\"  >\n\t\t\t\t<div class=\"col-inner text-center\"  >\n\t\t\t\n\t\t\t\n\t<div class=\"img has-hover x md-x lg-x y md-y lg-y\" id=\"image_1883880370\">\n\t\t\t\t\t\t\t\t<div class=\"img-inner dark\" >\n\t\t\t<img loading=\"lazy\" decoding=\"async\" width=\"499\" height=\"499\" src=\"https:\/\/regask.com\/wp-content\/uploads\/2026\/01\/RegASK-Bakery-Snacks-Podcast.png\" class=\"attachment-large size-large\" alt=\"Regask Bakery Snacks Podcast\" srcset=\"https:\/\/regask.com\/wp-content\/uploads\/2026\/01\/RegASK-Bakery-Snacks-Podcast.png 499w, https:\/\/regask.com\/wp-content\/uploads\/2026\/01\/RegASK-Bakery-Snacks-Podcast-330x330.png 330w, https:\/\/regask.com\/wp-content\/uploads\/2026\/01\/RegASK-Bakery-Snacks-Podcast-12x12.png 12w\" sizes=\"auto, (max-width: 499px) 100vw, 499px\" \/>\t\t\t\t\t\t\n\t\t\t\t\t<\/div>\n\t\t\t\t\t\t\t\t\n<style>\n#image_1883880370 {\n  width: 74%;\n}\n<\/style>\n\t<\/div>\n\t\n\t\t<\/div>\n\t\t\t\t\n<style>\n#col-1960000206 > .col-inner {\n  padding: 30px 0px 0px 0px;\n  margin: 0px 0px 20px 0px;\n}\n@media (min-width:550px) {\n  #col-1960000206 > .col-inner {\n    padding: 0px 0px 0px 0px;\n    margin: 150px 0px 0px 0px;\n  }\n}\n<\/style>\n\t<\/div>\n\n\t\n<\/div>\n\t\t<\/div>\n\n\t\t\n<style>\n#section_298649392 {\n  padding-top: 30px;\n  padding-bottom: 30px;\n}\n#section_298649392 .section-bg img {\n  object-position: 77% 67%;\n}\n<\/style>\n\t<\/section>\n\t\n<span class=\"scroll-to\" data-label=\"Scroll to: #video\" data-bullet=\"false\" data-link=\"#video\" data-title=\"#video\"><a name=\"video\"><\/a><\/span>\n\n\t<section class=\"section\" id=\"section_941010577\">\n\t\t<div class=\"section-bg fill\" >\n\t\t\t<img loading=\"lazy\" decoding=\"async\" width=\"1440\" height=\"870\" src=\"https:\/\/regask.com\/wp-content\/uploads\/2026\/01\/Homepage-header.png\" class=\"bg attachment- size-\" alt=\"Startseitenkopf\" \/>\t\t\t\t\t\t\n\t\t\t\n\n\t\t<\/div>\n\n\t\t\n\n\t\t<div class=\"section-content relative\">\n\t\t\t\n<div class=\"row align-equal align-center\"  id=\"row-624993571\">\n\n\t<div id=\"col-453048534\" class=\"col small-12 large-12\"  >\n\t\t\t\t<div class=\"col-inner text-center\"  >\n\t\t\t\n\t\t\t\n\t<div id=\"text-3684954835\" class=\"text\">\n\t\t\n<h2 class=\"text-2xl font-semibold mb-6\" data-lov-id=\"src\/pages\/Security.tsx:275:10\" data-lov-name=\"h2\" data-component-path=\"src\/pages\/Security.tsx\" data-component-line=\"275\" data-component-file=\"Security.tsx\" data-component-name=\"h2\" data-component-content=\"%7B%22text%22%3A%22Privacy%20%26%20data%20use%22%2C%22className%22%3A%22text-2xl%20font-semibold%20mb-6%22%7D\">Sehen Sie sich den vollst\u00e4ndigen Podcast an.<\/h2>\n\t\t\n<style>\n#text-3684954835 {\n  font-size: 3rem;\n  line-height: 1.7;\n  text-align: center;\n}\n<\/style>\n\t<\/div>\n\t\n\t\t<\/div>\n\t\t\t\t\n<style>\n#col-453048534 > .col-inner {\n  padding: 30px 0px 0px 0px;\n}\n<\/style>\n\t<\/div>\n\n\t\n\n\t<div id=\"col-299704667\" class=\"col medium-11 small-12 large-11\"  data-animate=\"fadeInUp\">\n\t\t\t\t<div class=\"col-inner\"  >\n\t\t\t\n\t\t\t\n\t<div class=\"img has-hover x md-x lg-x y md-y lg-y\" id=\"image_475246338\">\n\t\t<a class=\"\" href=\"https:\/\/www.bakeryandsnacks.com\/Article\/2024\/04\/09\/US-additive-bans-Will-food-manufacturers-be-forced-to-come-up-with-a-different-formulation-for-different-states\/\" target=\"_blank\" rel=\"noopener\" >\t\t\t\t\t\t<div class=\"img-inner dark\" >\n\t\t\t<img loading=\"lazy\" decoding=\"async\" width=\"1020\" height=\"573\" src=\"https:\/\/regask.com\/wp-content\/uploads\/2026\/01\/Riderflex-Video-Thumbnail.png\" class=\"attachment-large size-large\" alt=\"Riderflex-Video-Thumbnail\" srcset=\"https:\/\/regask.com\/wp-content\/uploads\/2026\/01\/Riderflex-Video-Thumbnail.png 1101w, https:\/\/regask.com\/wp-content\/uploads\/2026\/01\/Riderflex-Video-Thumbnail-330x186.png 330w, https:\/\/regask.com\/wp-content\/uploads\/2026\/01\/Riderflex-Video-Thumbnail-18x10.png 18w\" sizes=\"auto, (max-width: 1020px) 100vw, 1020px\" \/>\t\t\t\t\t\t\n\t\t\t\t\t<\/div>\n\t\t\t\t\t\t<\/a>\t\t\n<style>\n#image_475246338 {\n  width: 100%;\n}\n<\/style>\n\t<\/div>\n\t\n\t\t<\/div>\n\t\t\t\t\t<\/div>\n\n\t\n<\/div>\n\t\t<\/div>\n\n\t\t\n<style>\n#section_941010577 {\n  padding-top: 50px;\n  padding-bottom: 50px;\n  background-color: #f2f1fe;\n}\n<\/style>\n\t<\/section>\n\t\n\n\t<section class=\"section\" id=\"section_765162911\">\n\t\t<div class=\"section-bg fill\" >\n\t\t\t\t\t\t\t\t\t\n\t\t\t\n\n\t\t<\/div>\n\n\t\t\n\n\t\t<div class=\"section-content relative\">\n\t\t\t\n<div class=\"row align-equal align-center\"  id=\"row-2067189771\">\n\n\t<div id=\"col-2049261355\" class=\"col medium-10 small-12 large-10\"  >\n\t\t\t\t<div class=\"col-inner text-center\"  >\n\t\t\t\n\t\t\t\n<h2 class=\"text-3xl font-bold mb-4\" style=\"text-align: center;\" data-lov-id=\"src\/pages\/Security.tsx:216:12\" data-lov-name=\"h2\" data-component-path=\"src\/pages\/Security.tsx\" data-component-line=\"216\" data-component-file=\"Security.tsx\" data-component-name=\"h2\" data-component-content=\"%7B%22text%22%3A%22Compliant%20with%20Industry%20Standards%22%2C%22className%22%3A%22text-3xl%20font-bold%20mb-4%22%7D\">Podcast-\u00dcbersicht<\/h2>\n\t<div id=\"gap-1229250193\" class=\"gap-element clearfix\" style=\"display:block; height:auto;\">\n\t\t\n<style>\n#gap-1229250193 {\n  padding-top: 30px;\n}\n<\/style>\n\t<\/div>\n\t\n<p style=\"text-align: center;\">Im Gespr\u00e4ch mit Bakery &amp; Snacks beleuchtet Caroline Schleifer die uneinheitlichen, bundesstaatlichen Verbote von Lebensmittelzusatzstoffen in den USA und die daraus resultierenden Herausforderungen f\u00fcr Hersteller. Sie erkl\u00e4rt, wie KI-gest\u00fctzte Plattformen f\u00fcr regulatorische Analysen wie RegASK Teams dabei unterst\u00fctzen, sich \u00fcber die sich st\u00e4ndig \u00e4ndernden Vorschriften zu informieren, Risiken zu bewerten und fundierte Entscheidungen zu treffen, um die Komplexit\u00e4t der bundesstaatlichen Compliance zu bew\u00e4ltigen.<\/p>\n<a href=\"https:\/\/regask.com\/de\/transformation-der-regulatorischen-intelligenz-durch-ki\/#video\" class=\"button secondary lowercase\" style=\"border-radius:5px;\">\n\t\t<span>H\u00f6ren Sie sich den Podcast an<\/span>\n\t<\/a>\n\n\t\t<\/div>\n\t\t\t\t\n<style>\n#col-2049261355 > .col-inner {\n  padding: 0px 0px 0px 0px;\n}\n@media (min-width:550px) {\n  #col-2049261355 > .col-inner {\n    padding: 0px 50px 0px 50px;\n  }\n}\n@media (min-width:850px) {\n  #col-2049261355 > .col-inner {\n    padding: 0px 0px 0px 0px;\n  }\n}\n<\/style>\n\t<\/div>\n\n\t\n<\/div>\n\t\t<\/div>\n\n\t\t\n<style>\n#section_765162911 {\n  padding-top: 60px;\n  padding-bottom: 60px;\n  background-color: #f9f9fe;\n}\n<\/style>\n\t<\/section>\n\t\n\n\t<section class=\"section\" id=\"section_1661589872\">\n\t\t<div class=\"section-bg fill\" >\n\t\t\t<img loading=\"lazy\" decoding=\"async\" width=\"1440\" height=\"603\" src=\"https:\/\/regask.com\/wp-content\/uploads\/2026\/01\/Homepage-header-1.png\" class=\"bg attachment- size-\" alt=\"Homepage-Kopfzeile 1\" \/>\t\t\t\t\t\t\n\t\t\t\n\n\t\t<\/div>\n\n\t\t\n\n\t\t<div class=\"section-content relative\">\n\t\t\t\n<div class=\"row align-equal align-center\"  id=\"row-853693636\">\n\n\t<div id=\"col-832276572\" class=\"col small-12 large-12\"  >\n\t\t\t\t<div class=\"col-inner\"  >\n\t\t\t\n\t\t\t\n\t<div id=\"text-565306701\" class=\"text\">\n\t\t\n<h2 class=\"text-2xl font-semibold mb-6\" data-lov-id=\"src\/pages\/Security.tsx:258:10\" data-lov-name=\"h2\" data-component-path=\"src\/pages\/Security.tsx\" data-component-line=\"258\" data-component-file=\"Security.tsx\" data-component-name=\"h2\" data-component-content=\"%7B%22text%22%3A%22Enterprise%20security%20features%22%2C%22className%22%3A%22text-2xl%20font-semibold%20mb-6%22%7D\">\u00dcber den Sprecher<\/h2>\n\t\t\n<style>\n#text-565306701 {\n  text-align: center;\n}\n<\/style>\n\t<\/div>\n\t\n\t\t<\/div>\n\t\t\t\t\n<style>\n#col-832276572 > .col-inner {\n  padding: 0px 0px 0px 0px;\n}\n@media (min-width:550px) {\n  #col-832276572 > .col-inner {\n    padding: 0px 50px 0px 50px;\n  }\n}\n@media (min-width:850px) {\n  #col-832276572 > .col-inner {\n    padding: 0px 50px 0px 0px;\n  }\n}\n<\/style>\n\t<\/div>\n\n\t\n<\/div>\n<div class=\"row align-middle align-center\"  id=\"row-844902590\">\n\n\t<div id=\"col-1285155725\" class=\"col medium-5 small-12 large-12\"  >\n\t\t\t\t<div class=\"col-inner text-center\" style=\"background-color:rgb(255,255,255);\" >\n\t\t\t\n\t<div class=\"is-border\"\n\t\tstyle=\"border-color:rgb(229, 232, 251);border-radius:16px;border-width:2px 2px 2px 2px;\">\n\t<\/div>\n\t\t\t\n<div class=\"row\"  id=\"row-2136725065\">\n\n\t<div id=\"col-142347799\" class=\"col medium-2 small-12 large-2\"  >\n\t\t\t\t<div class=\"col-inner\"  >\n\t\t\t\n\t\t\t\n\t<div class=\"img has-hover x md-x lg-x y md-y lg-y\" id=\"image_2002350517\">\n\t\t\t\t\t\t\t\t<div class=\"img-inner dark\" >\n\t\t\t<img loading=\"lazy\" decoding=\"async\" width=\"535\" height=\"540\" src=\"https:\/\/regask.com\/wp-content\/uploads\/2025\/12\/Caroline-Shleifer.png\" class=\"attachment-large size-large\" alt=\"Caroline Schleicher\" srcset=\"https:\/\/regask.com\/wp-content\/uploads\/2025\/12\/Caroline-Shleifer.png 535w, https:\/\/regask.com\/wp-content\/uploads\/2025\/12\/Caroline-Shleifer-330x333.png 330w, https:\/\/regask.com\/wp-content\/uploads\/2025\/12\/Caroline-Shleifer-12x12.png 12w\" sizes=\"auto, (max-width: 535px) 100vw, 535px\" \/>\t\t\t\t\t\t\n\t\t\t\t\t<\/div>\n\t\t\t\t\t\t\t\t\n<style>\n#image_2002350517 {\n  width: 100%;\n}\n<\/style>\n\t<\/div>\n\t\n\t\t<\/div>\n\t\t\t\t\n<style>\n#col-142347799 > .col-inner {\n  margin: 0px 0px 0px 0px;\n}\n<\/style>\n\t<\/div>\n\n\t\n\n\t<div id=\"col-1791671219\" class=\"col medium-10 small-12 large-10\"  >\n\t\t\t\t<div class=\"col-inner\"  >\n\t\t\t\n\t\t\t\n\t<div id=\"text-2340521519\" class=\"text\">\n\t\t\n<h3 style=\"text-align: left;\">Caroline Schleifer<\/h3>\n<p style=\"text-align: left;\"><strong>Gr\u00fcnder und CEO, RegASK<\/strong><\/p>\n<p style=\"text-align: left;\">Caroline Schleifer ist Gr\u00fcnderin und CEO von RegASK, einer KI-gest\u00fctzten Plattform f\u00fcr regulatorische Analysen. Diese unterst\u00fctzt Unternehmen dabei, regulatorische Risiken zu identifizieren, globale regulatorische \u00c4nderungen zu verfolgen und die Umsetzung von Compliance-Prozessen branchen\u00fcbergreifend zu optimieren. Mit ihrer Erfahrung in den Bereichen Pharmazie, Life-Sciences-Beratung und regulatorische Angelegenheiten verbindet Caroline Schleifer fundiertes Fachwissen mit Technologie, um komplexe regulatorische Daten in handlungsrelevante Erkenntnisse f\u00fcr schnell wachsende Unternehmen weltweit umzuwandeln.<\/p>\n\t\t\n<style>\n#text-2340521519 {\n  text-align: left;\n}\n<\/style>\n\t<\/div>\n\t\n\t\t<\/div>\n\t\t\t\t\n<style>\n#col-1791671219 > .col-inner {\n  margin: 0px 0px -50px 0px;\n}\n<\/style>\n\t<\/div>\n\n\t\n<\/div>\n\t\t<\/div>\n\t\t\t\t\n<style>\n#col-1285155725 > .col-inner {\n  padding: 35px 40px 35px 40px;\n  margin: 0px 0px 0px 0px;\n  border-radius: 16px;\n}\n<\/style>\n\t<\/div>\n\n\t\n<\/div>\n\t\t<\/div>\n\n\t\t\n<style>\n#section_1661589872 {\n  padding-top: 60px;\n  padding-bottom: 60px;\n  background-color: #e5e9fb;\n}\n<\/style>\n\t<\/section>\n\t\n\n\t<section class=\"section\" id=\"section_2084879540\">\n\t\t<div class=\"section-bg fill\" >\n\t\t\t\t\t\t\t\t\t\n\t\t\t\n\n\t\t<\/div>\n\n\t\t\n\n\t\t<div class=\"section-content relative\">\n\t\t\t\n\t<div id=\"gap-1626921166\" class=\"gap-element clearfix\" style=\"display:block; height:auto;\">\n\t\t\n<style>\n#gap-1626921166 {\n  padding-top: 30px;\n}\n<\/style>\n\t<\/div>\n\t\n<div class=\"row\"  id=\"row-1149715965\">\n\n\t<div id=\"col-1612141697\" class=\"col medium-11 small-12 large-11\"  >\n\t\t\t\t<div class=\"col-inner text-center\"  >\n\t\t\t\n\t\t\t\n\t<div id=\"text-838459010\" class=\"text\">\n\t\t\n<h2>Bleiben Sie den sich st\u00e4ndig \u00e4ndernden Lebensmittelvorschriften einen Schritt voraus.<\/h2>\n<p>Erfahren Sie, wie RegASK Herstellern hilft, regulatorische Informationen zu automatisieren, Additivverbote zu \u00fcberwachen und Compliance-Workflows sicher durchzuf\u00fchren.<\/p>\n\t\t\n<style>\n#text-838459010 {\n  text-align: center;\n}\n<\/style>\n\t<\/div>\n\t\n<a href=\"https:\/\/regask.com\/de\/demo-buchen\/\" target=\"_blank\" class=\"button secondary\" rel=\"noopener\" >\n\t\t<span>Vereinbaren Sie eine Demo mit RegASK<\/span>\n\t<\/a>\n\n\t\t<\/div>\n\t\t\t\t\t<\/div>\n\n\t\n<\/div>\n\t\t<\/div>\n\n\t\t\n<style>\n#section_2084879540 {\n  padding-top: 30px;\n  padding-bottom: 30px;\n  background-color: #f4f5fe;\n}\n<\/style>\n\t<\/section>","protected":false},"excerpt":{"rendered":"","protected":false},"author":32,"featured_media":9360,"parent":0,"menu_order":0,"comment_status":"closed","ping_status":"closed","template":"page-transparent-header.php","meta":{"_acf_changed":false,"footnotes":""},"class_list":["post-9373","page","type-page","status-publish","has-post-thumbnail","hentry"],"acf":[],"yoast_head":"<!-- This site is optimized with the Yoast SEO Premium plugin v27.6 (Yoast SEO v27.6) - https:\/\/yoast.com\/product\/yoast-seo-premium-wordpress\/ -->\n<title>RegASK | US Food Addictive Bans Multi State Compliance<\/title>\n<meta name=\"description\" content=\"Caroline Schleifer, CEO of RegASK, joins the Bakery &amp; Snacks Podcast to discuss how US state-level additive bans are affecting food manufacturers and how AI-driven regulatory intelligence helps navigate multi-state compliance efficiently.\" \/>\n<meta name=\"robots\" content=\"index, follow, max-snippet:-1, max-image-preview:large, max-video-preview:-1\" \/>\n<link rel=\"canonical\" href=\"https:\/\/regask.com\/de\/us-zusatzstoffverbote-einhaltung-in-mehreren-bundesstaaten\/\" \/>\n<meta property=\"og:locale\" content=\"de_DE\" \/>\n<meta property=\"og:type\" content=\"article\" \/>\n<meta property=\"og:title\" content=\"US Food Addictive Bans Multi State Compliance\" \/>\n<meta property=\"og:description\" content=\"Caroline Schleifer, CEO of RegASK, joins the Bakery &amp; Snacks Podcast to discuss how US state-level additive bans are affecting food manufacturers and how AI-driven regulatory intelligence helps navigate multi-state compliance efficiently.\" \/>\n<meta property=\"og:url\" content=\"https:\/\/regask.com\/de\/us-zusatzstoffverbote-einhaltung-in-mehreren-bundesstaaten\/\" \/>\n<meta property=\"og:site_name\" content=\"RegASK\" \/>\n<meta property=\"article:publisher\" content=\"https:\/\/www.facebook.com\/RegASKRegulatoryAffairs\/\" \/>\n<meta property=\"og:image\" content=\"https:\/\/regask.com\/wp-content\/uploads\/2024\/07\/RegASK-Logo-White-Square-1.png\" \/>\n\t<meta property=\"og:image:width\" content=\"1212\" \/>\n\t<meta property=\"og:image:height\" content=\"1212\" \/>\n\t<meta property=\"og:image:type\" content=\"image\/png\" \/>\n<meta name=\"twitter:card\" content=\"summary_large_image\" \/>\n<meta name=\"twitter:site\" content=\"@ASKRegASK\" \/>\n<meta name=\"twitter:label1\" content=\"Est. reading time\" \/>\n\t<meta name=\"twitter:data1\" content=\"3\u00a0Minuten\" \/>\n<script type=\"application\/ld+json\" class=\"yoast-schema-graph\">{\"@context\":\"https:\\\/\\\/schema.org\",\"@graph\":[{\"@type\":\"WebPage\",\"@id\":\"https:\\\/\\\/regask.com\\\/us-additive-bans-multi-state-compliance\\\/\",\"url\":\"https:\\\/\\\/regask.com\\\/us-additive-bans-multi-state-compliance\\\/\",\"name\":\"RegASK | US Food Addictive Bans Multi State Compliance\",\"isPartOf\":{\"@id\":\"https:\\\/\\\/regask.com\\\/#website\"},\"primaryImageOfPage\":{\"@id\":\"https:\\\/\\\/regask.com\\\/us-additive-bans-multi-state-compliance\\\/#primaryimage\"},\"image\":{\"@id\":\"https:\\\/\\\/regask.com\\\/us-additive-bans-multi-state-compliance\\\/#primaryimage\"},\"thumbnailUrl\":\"https:\\\/\\\/regask.com\\\/wp-content\\\/uploads\\\/2026\\\/01\\\/RegASK-Bakery-Snacks-Podcast.png\",\"datePublished\":\"2026-01-09T07:18:08+00:00\",\"description\":\"Caroline Schleifer, CEO of RegASK, joins the Bakery & Snacks Podcast to discuss how US state-level additive bans are affecting food manufacturers and how AI-driven regulatory intelligence helps navigate multi-state compliance efficiently.\",\"inLanguage\":\"de\",\"potentialAction\":[{\"@type\":\"ReadAction\",\"target\":[\"https:\\\/\\\/regask.com\\\/us-additive-bans-multi-state-compliance\\\/\"]}]},{\"@type\":\"ImageObject\",\"inLanguage\":\"de\",\"@id\":\"https:\\\/\\\/regask.com\\\/us-additive-bans-multi-state-compliance\\\/#primaryimage\",\"url\":\"https:\\\/\\\/regask.com\\\/wp-content\\\/uploads\\\/2026\\\/01\\\/RegASK-Bakery-Snacks-Podcast.png\",\"contentUrl\":\"https:\\\/\\\/regask.com\\\/wp-content\\\/uploads\\\/2026\\\/01\\\/RegASK-Bakery-Snacks-Podcast.png\",\"width\":499,\"height\":499,\"caption\":\"Regask Bakery Snacks Podcast\"},{\"@type\":\"WebSite\",\"@id\":\"https:\\\/\\\/regask.com\\\/#website\",\"url\":\"https:\\\/\\\/regask.com\\\/\",\"name\":\"RegASK\",\"description\":\"Empowering Smarter Regulatory Decisions\",\"publisher\":{\"@id\":\"https:\\\/\\\/regask.com\\\/#organization\"},\"potentialAction\":[{\"@type\":\"SearchAction\",\"target\":{\"@type\":\"EntryPoint\",\"urlTemplate\":\"https:\\\/\\\/regask.com\\\/?s={search_term_string}\"},\"query-input\":{\"@type\":\"PropertyValueSpecification\",\"valueRequired\":true,\"valueName\":\"search_term_string\"}}],\"inLanguage\":\"de\"},{\"@type\":\"Organization\",\"@id\":\"https:\\\/\\\/regask.com\\\/#organization\",\"name\":\"RegASK\",\"url\":\"https:\\\/\\\/regask.com\\\/\",\"logo\":{\"@type\":\"ImageObject\",\"inLanguage\":\"de\",\"@id\":\"https:\\\/\\\/regask.com\\\/#\\\/schema\\\/logo\\\/image\\\/\",\"url\":\"https:\\\/\\\/regask.com\\\/wp-content\\\/uploads\\\/2024\\\/10\\\/RegASK-Logo-Dark-Round.png\",\"contentUrl\":\"https:\\\/\\\/regask.com\\\/wp-content\\\/uploads\\\/2024\\\/10\\\/RegASK-Logo-Dark-Round.png\",\"width\":401,\"height\":401,\"caption\":\"RegASK\"},\"image\":{\"@id\":\"https:\\\/\\\/regask.com\\\/#\\\/schema\\\/logo\\\/image\\\/\"},\"sameAs\":[\"https:\\\/\\\/www.facebook.com\\\/RegASKRegulatoryAffairs\\\/\",\"https:\\\/\\\/x.com\\\/ASKRegASK\",\"https:\\\/\\\/www.linkedin.com\\\/company\\\/RegASK\\\/\",\"https:\\\/\\\/www.youtube.com\\\/@RegASK\"]}]}<\/script>\n<!-- \/ Yoast SEO Premium plugin. -->","yoast_head_json":{"title":"RegASK | Einhaltung der US-amerikanischen Verbote von Lebensmittelzusatzstoffen in mehreren Bundesstaaten","description":"Caroline Schleifer, CEO von RegASK, spricht im Bakery &amp; Snacks Podcast dar\u00fcber, wie sich die auf Ebene der US-Bundesstaaten geltenden Verbote von Zusatzstoffen auf Lebensmittelhersteller auswirken und wie KI-gest\u00fctzte regulatorische Analysen dabei helfen, die Einhaltung der Vorschriften in mehreren Bundesstaaten effizient zu bew\u00e4ltigen.","robots":{"index":"index","follow":"follow","max-snippet":"max-snippet:-1","max-image-preview":"max-image-preview:large","max-video-preview":"max-video-preview:-1"},"canonical":"https:\/\/regask.com\/de\/us-zusatzstoffverbote-einhaltung-in-mehreren-bundesstaaten\/","og_locale":"de_DE","og_type":"article","og_title":"US Food Addictive Bans Multi State Compliance","og_description":"Caroline Schleifer, CEO of RegASK, joins the Bakery & Snacks Podcast to discuss how US state-level additive bans are affecting food manufacturers and how AI-driven regulatory intelligence helps navigate multi-state compliance efficiently.","og_url":"https:\/\/regask.com\/de\/us-zusatzstoffverbote-einhaltung-in-mehreren-bundesstaaten\/","og_site_name":"RegASK","article_publisher":"https:\/\/www.facebook.com\/RegASKRegulatoryAffairs\/","og_image":[{"width":1212,"height":1212,"url":"https:\/\/regask.com\/wp-content\/uploads\/2024\/07\/RegASK-Logo-White-Square-1.png","type":"image\/png"}],"twitter_card":"summary_large_image","twitter_site":"@ASKRegASK","twitter_misc":{"Est. reading time":"3\u00a0Minuten"},"schema":{"@context":"https:\/\/schema.org","@graph":[{"@type":"WebPage","@id":"https:\/\/regask.com\/us-additive-bans-multi-state-compliance\/","url":"https:\/\/regask.com\/us-additive-bans-multi-state-compliance\/","name":"RegASK | Einhaltung der US-amerikanischen Verbote von Lebensmittelzusatzstoffen in mehreren Bundesstaaten","isPartOf":{"@id":"https:\/\/regask.com\/#website"},"primaryImageOfPage":{"@id":"https:\/\/regask.com\/us-additive-bans-multi-state-compliance\/#primaryimage"},"image":{"@id":"https:\/\/regask.com\/us-additive-bans-multi-state-compliance\/#primaryimage"},"thumbnailUrl":"https:\/\/regask.com\/wp-content\/uploads\/2026\/01\/RegASK-Bakery-Snacks-Podcast.png","datePublished":"2026-01-09T07:18:08+00:00","description":"Caroline Schleifer, CEO von RegASK, spricht im Bakery &amp; Snacks Podcast dar\u00fcber, wie sich die auf Ebene der US-Bundesstaaten geltenden Verbote von Zusatzstoffen auf Lebensmittelhersteller auswirken und wie KI-gest\u00fctzte regulatorische Analysen dabei helfen, die Einhaltung der Vorschriften in mehreren Bundesstaaten effizient zu bew\u00e4ltigen.","inLanguage":"de","potentialAction":[{"@type":"ReadAction","target":["https:\/\/regask.com\/us-additive-bans-multi-state-compliance\/"]}]},{"@type":"ImageObject","inLanguage":"de","@id":"https:\/\/regask.com\/us-additive-bans-multi-state-compliance\/#primaryimage","url":"https:\/\/regask.com\/wp-content\/uploads\/2026\/01\/RegASK-Bakery-Snacks-Podcast.png","contentUrl":"https:\/\/regask.com\/wp-content\/uploads\/2026\/01\/RegASK-Bakery-Snacks-Podcast.png","width":499,"height":499,"caption":"Regask Bakery Snacks Podcast"},{"@type":"WebSite","@id":"https:\/\/regask.com\/#website","url":"https:\/\/regask.com\/","name":"RegASK","description":"Intelligentere Regulierungsentscheidungen erm\u00f6glichen","publisher":{"@id":"https:\/\/regask.com\/#organization"},"potentialAction":[{"@type":"SearchAction","target":{"@type":"EntryPoint","urlTemplate":"https:\/\/regask.com\/?s={search_term_string}"},"query-input":{"@type":"PropertyValueSpecification","valueRequired":true,"valueName":"search_term_string"}}],"inLanguage":"de"},{"@type":"Organization","@id":"https:\/\/regask.com\/#organization","name":"RegASK","url":"https:\/\/regask.com\/","logo":{"@type":"ImageObject","inLanguage":"de","@id":"https:\/\/regask.com\/#\/schema\/logo\/image\/","url":"https:\/\/regask.com\/wp-content\/uploads\/2024\/10\/RegASK-Logo-Dark-Round.png","contentUrl":"https:\/\/regask.com\/wp-content\/uploads\/2024\/10\/RegASK-Logo-Dark-Round.png","width":401,"height":401,"caption":"RegASK"},"image":{"@id":"https:\/\/regask.com\/#\/schema\/logo\/image\/"},"sameAs":["https:\/\/www.facebook.com\/RegASKRegulatoryAffairs\/","https:\/\/x.com\/ASKRegASK","https:\/\/www.linkedin.com\/company\/RegASK\/","https:\/\/www.youtube.com\/@RegASK"]}]}},"_links":{"self":[{"href":"https:\/\/regask.com\/de\/wp-json\/wp\/v2\/pages\/9373","targetHints":{"allow":["GET"]}}],"collection":[{"href":"https:\/\/regask.com\/de\/wp-json\/wp\/v2\/pages"}],"about":[{"href":"https:\/\/regask.com\/de\/wp-json\/wp\/v2\/types\/page"}],"author":[{"embeddable":true,"href":"https:\/\/regask.com\/de\/wp-json\/wp\/v2\/users\/32"}],"replies":[{"embeddable":true,"href":"https:\/\/regask.com\/de\/wp-json\/wp\/v2\/comments?post=9373"}],"version-history":[{"count":0,"href":"https:\/\/regask.com\/de\/wp-json\/wp\/v2\/pages\/9373\/revisions"}],"wp:featuredmedia":[{"embeddable":true,"href":"https:\/\/regask.com\/de\/wp-json\/wp\/v2\/media\/9360"}],"wp:attachment":[{"href":"https:\/\/regask.com\/de\/wp-json\/wp\/v2\/media?parent=9373"}],"curies":[{"name":"wp","href":"https:\/\/api.w.org\/{rel}","templated":true}]}}