{"id":9468,"date":"2026-02-25T15:34:58","date_gmt":"2026-02-25T07:34:58","guid":{"rendered":"https:\/\/regask.com\/?page_id=9468"},"modified":"2026-02-25T16:17:43","modified_gmt":"2026-02-25T08:17:43","slug":"abonnement-des-regask-newsletters","status":"publish","type":"page","link":"https:\/\/regask.com\/de\/regask-newsletter-subscription\/","title":{"rendered":"RegASK Newsletter-Abonnement"},"content":{"rendered":"<section class=\"section\" id=\"section_1811519023\">\n\t\t<div class=\"section-bg fill\" >\n\t\t\t<img loading=\"lazy\" decoding=\"async\" width=\"1332\" height=\"1395\" src=\"https:\/\/regask.com\/wp-content\/uploads\/2026\/02\/NL-BG.png\" class=\"bg attachment- size-\" alt=\"Nl Bg\" \/>\t\t\t\t\t\t\n\t\t\t\n\n\t\t<\/div>\n\n\t\t\n\n\t\t<div class=\"section-content relative\">\n\t\t\t\n<span class=\"scroll-to\" data-label=\"Scroll to: #newsletter-form\" data-bullet=\"false\" data-link=\"#newsletter-form\" data-title=\"newsletter-form\"><a name=\"newsletter-form\"><\/a><\/span>\n<div class=\"row row-collapse align-middle\" style=\"max-width:1500px\" id=\"row-1697101644\">\n\n\t<div id=\"col-999723444\" class=\"col medium-6 small-12 large-6\"  >\n\t\t\t\t<div class=\"col-inner\"  >\n\t\t\t\n\t\t\t\n<div class=\"row row-full-width align-equal align-center\"  id=\"row-725154875\">\n\n\t<div id=\"col-692716044\" class=\"col medium-10 small-12 large-10\"  >\n\t\t\t\t<div class=\"col-inner\"  >\n\t\t\t\n\t\t\t\n\t<div id=\"text-1189283566\" class=\"text\">\n\t\t\n<p class=\"h4\">Regulierungsinformationen, w\u00f6chentlich geliefert<\/p>\n\t\t\n<style>\n#text-1189283566 {\n  color: #c5caed;\n}\n#text-1189283566 > * {\n  color: #c5caed;\n}\n<\/style>\n\t<\/div>\n\t\n\t<div id=\"gap-928865674\" class=\"gap-element clearfix\" style=\"display:block; height:auto;\">\n\t\t\n<style>\n#gap-928865674 {\n  padding-top: 10px;\n}\n<\/style>\n\t<\/div>\n\t\n\t<div id=\"text-1353647618\" class=\"text\">\n\t\t\n<h1>5 Kuratiert<br \/>Aktualisierungen zu regulatorischen Bestimmungen.<br \/>Direkt in Ihren Posteingang.<\/h1>\n\t\t\n<style>\n#text-1353647618 {\n  color: #ffffff;\n}\n#text-1353647618 > * {\n  color: #ffffff;\n}\n<\/style>\n\t<\/div>\n\t\n\t<div id=\"gap-930850888\" class=\"gap-element clearfix\" style=\"display:block; height:auto;\">\n\t\t\n<style>\n#gap-930850888 {\n  padding-top: 30px;\n}\n<\/style>\n\t<\/div>\n\t\n<div class=\"row\"  id=\"row-1479976649\">\n\n\t<div id=\"col-1139692292\" class=\"col medium-6 small-12 large-6\"  >\n\t\t\t\t<div class=\"col-inner dark\"  >\n\t\t\t\n\t\t\t\n\t<div id=\"gap-1996463522\" class=\"gap-element clearfix\" style=\"display:block; height:auto;\">\n\t\t\n<style>\n#gap-1996463522 {\n  padding-top: 30px;\n}\n<\/style>\n\t<\/div>\n\t\n<p>W\u00f6chentlich analysieren wir Hunderte von globalen regulatorischen Aktualisierungen. <strong>Biowissenschaften und Konsumg\u00fcter,<\/strong> und die f\u00fcnf mit dem deutlichsten operativen Einfluss ausw\u00e4hlen.<\/p>\n<p><strong>In 3 Minuten gelesen.<\/strong><\/p>\n\t\t<\/div>\n\t\t\t\t\t<\/div>\n\n\t\n\n\t<div id=\"col-662184058\" class=\"col medium-6 small-12 large-6\"  >\n\t\t\t\t<div class=\"col-inner\"  >\n\t\t\t\n\t\t\t\n\t<div class=\"img has-hover x md-x lg-x y md-y lg-y\" id=\"image_289052826\">\n\t\t\t\t\t\t\t\t<div class=\"img-inner dark\" >\n\t\t\t<img loading=\"lazy\" decoding=\"async\" width=\"332\" height=\"690\" src=\"https:\/\/regask.com\/wp-content\/uploads\/2026\/02\/Frame-62151.png\" class=\"attachment-large size-large\" alt=\"Rahmen 62151\" srcset=\"https:\/\/regask.com\/wp-content\/uploads\/2026\/02\/Frame-62151.png 332w, https:\/\/regask.com\/wp-content\/uploads\/2026\/02\/Frame-62151-330x686.png 330w, https:\/\/regask.com\/wp-content\/uploads\/2026\/02\/Frame-62151-6x12.png 6w\" sizes=\"auto, (max-width: 332px) 100vw, 332px\" \/>\t\t\t\t\t\t\n\t\t\t\t\t<\/div>\n\t\t\t\t\t\t\t\t\n<style>\n#image_289052826 {\n  width: 81%;\n}\n<\/style>\n\t<\/div>\n\t\n\t\t<\/div>\n\t\t\t\t\n<style>\n#col-662184058 > .col-inner {\n  padding: 0px 0px 0px 0px;\n  margin: 0px 0px 0px 30px;\n}\n@media (min-width:550px) {\n  #col-662184058 > .col-inner {\n    margin: 0px 0px 0px 0px;\n  }\n}\n<\/style>\n\t<\/div>\n\n\t\n<\/div>\n\t\t<\/div>\n\t\t\t\t\n<style>\n#col-692716044 > .col-inner {\n  padding: 0px 0px 0px 0px;\n  margin: 0px 0px 0px 10px;\n}\n@media (min-width:550px) {\n  #col-692716044 > .col-inner {\n    margin: 0px 0px 0px 50px;\n  }\n}\n<\/style>\n\t<\/div>\n\n\t\n<\/div>\n\t\t<\/div>\n\t\t\t\t\n<style>\n#col-999723444 > .col-inner {\n  padding: 0px 0px 0px 0px;\n  margin: 0px 0px 0px 0px;\n}\n@media (min-width:550px) {\n  #col-999723444 > .col-inner {\n    margin: 0px 0px 0px 0px;\n  }\n}\n<\/style>\n\t<\/div>\n\n\t\n\n\t<div id=\"col-1774204529\" class=\"col medium-5 small-12 large-5\"  >\n\t\t\t\t<div class=\"col-inner\"  >\n\t\t\t\n\t\t\t\n<div class=\"row align-middle align-center\"  id=\"row-1543862993\">\n\n\t<div id=\"col-958968273\" class=\"col small-12 large-12\"  data-animate=\"fadeInRight\">\n\t\t\t\t<div class=\"col-inner text-center box-shadow-2\" style=\"background-color:rgb(255, 255, 255);\" >\n\t\t\t\n\t\t\t\n<p class=\"h3\">Bleiben Sie regulatorischen \u00c4nderungen immer einen Schritt voraus.<\/p>\n<p>Erhalten Sie den w\u00f6chentlichen Regulierungsnachrichten-\u00dcberblick.<\/p>\n<div class=\"row row-full-width align-middle align-center\"  id=\"row-1790069658\">\n\n\t<div id=\"col-1618655868\" class=\"col medium-11 small-12 large-11\"  >\n\t\t\t\t<div class=\"col-inner text-center\"  >\n\t\t\t\n\t\t\t\n\n<p><script charset=\"utf-8\" type=\"text\/javascript\" src=\"\/\/js-na2.hsforms.net\/forms\/embed\/v2.js\"><\/script><br \/>\n<script>\n  hbspt.forms.create({\n    portalId: \"20908020\",\n    formId: \"2eb7a8f0-49a5-4bdc-bad5-8e716e603391\",\n    region: \"na2\"\n  });\n<\/script><br \/>\n\n\t\t<\/div>\n\t\t\t\t\n<style>\n#col-1618655868 > .col-inner {\n  margin: 0px 0px -50px 0px;\n}\n<\/style>\n\t<\/div>\n\n\t\n\n<style>\n#row-1790069658 > .col > .col-inner {\n  padding: 0px 0px 0px 0px;\n}\n<\/style>\n<\/div>\n\t\t<\/div>\n\t\t\t\t\n<style>\n#col-958968273 > .col-inner {\n  padding: 30px 30px 30px 30px;\n  border-radius: 16px;\n}\n<\/style>\n\t<\/div>\n\n\t\n<\/div>\n\t\t<\/div>\n\t\t\t\t\n<style>\n#col-1774204529 > .col-inner {\n  margin: 0px 0px 0px 0px;\n}\n@media (min-width:550px) {\n  #col-1774204529 > .col-inner {\n    margin: 0px 0px 0px -60px;\n  }\n}\n<\/style>\n\t<\/div>\n\n\t\n\n<style>\n#row-1697101644 > .col > .col-inner {\n  padding: 120px 0px 0px 0px;\n}\n@media (min-width:550px) {\n  #row-1697101644 > .col > .col-inner {\n    padding: 120px 0px 0px 100px;\n  }\n}\n<\/style>\n<\/div>\n<div class=\"row\" style=\"max-width:1100px\" id=\"row-1681852220\">\n\n\t<div id=\"col-222863764\" class=\"col medium-5 small-12 large-5\"  >\n\t\t\t\t<div class=\"col-inner\"  >\n\t\t\t\n\t\t\t\n<h2>5 Gr\u00fcnde, sich anzumelden<\/h2>\n<a href=\"http:\/\/regask.com\/de\/abonnement-des-regask-newsletters\/#newsletter-form\" class=\"button secondary\" style=\"border-radius:99px;\">\n\t\t<span>Melden Sie sich an, um Ihre w\u00f6chentliche Kurzzusammenfassung zu erhalten.<\/span>\n\t<\/a>\n\n\t\t<\/div>\n\t\t\t\t\t<\/div>\n\n\t\n\n\t<div id=\"col-1965068601\" class=\"col medium-7 small-12 large-7\"  >\n\t\t\t\t<div class=\"col-inner\"  >\n\t\t\t\n\t\t\t\n\n\t\t<div class=\"icon-box featured-box icon-box-left text-left\"  >\n\t\t\t\t\t<div class=\"icon-box-img\" style=\"width: 33px\">\n\t\t\t\t<div class=\"icon\">\n\t\t\t\t\t<div class=\"icon-inner\" >\n\t\t\t\t\t\t<img loading=\"lazy\" decoding=\"async\" width=\"30\" height=\"27\" src=\"https:\/\/regask.com\/wp-content\/uploads\/2026\/02\/Tick.png\" class=\"attachment-medium size-medium\" alt=\"Tick\" srcset=\"https:\/\/regask.com\/wp-content\/uploads\/2026\/02\/Tick.png 30w, https:\/\/regask.com\/wp-content\/uploads\/2026\/02\/Tick-13x12.png 13w\" sizes=\"auto, (max-width: 30px) 100vw, 30px\" \/>\t\t\t\t\t<\/div>\n\t\t\t\t<\/div>\n\t\t\t<\/div>\n\t\t\t\t<div class=\"icon-box-text last-reset\">\n\t\t\t\t\t\t\t\t\t\n<h3>Aus \u00fcber 100 globalen Regulierungsbeh\u00f6rden zusammengestellt<\/h3>\n<p>Wir \u00fcberwachen die Lautst\u00e4rke, damit Sie es nicht tun m\u00fcssen.<\/p>\n\t\t<\/div>\n\t<\/div>\n\t\n\t\n\t<div id=\"gap-1802415146\" class=\"gap-element clearfix\" style=\"display:block; height:auto;\">\n\t\t\n<style>\n#gap-1802415146 {\n  padding-top: 20px;\n}\n<\/style>\n\t<\/div>\n\t\n\n\t\t<div class=\"icon-box featured-box icon-box-left text-left\"  >\n\t\t\t\t\t<div class=\"icon-box-img\" style=\"width: 33px\">\n\t\t\t\t<div class=\"icon\">\n\t\t\t\t\t<div class=\"icon-inner\" >\n\t\t\t\t\t\t<img loading=\"lazy\" decoding=\"async\" width=\"30\" height=\"27\" src=\"https:\/\/regask.com\/wp-content\/uploads\/2026\/02\/Tick.png\" class=\"attachment-medium size-medium\" alt=\"Tick\" srcset=\"https:\/\/regask.com\/wp-content\/uploads\/2026\/02\/Tick.png 30w, https:\/\/regask.com\/wp-content\/uploads\/2026\/02\/Tick-13x12.png 13w\" sizes=\"auto, (max-width: 30px) 100vw, 30px\" \/>\t\t\t\t\t<\/div>\n\t\t\t\t<\/div>\n\t\t\t<\/div>\n\t\t\t\t<div class=\"icon-box-text last-reset\">\n\t\t\t\t\t\t\t\t\t\n<h3>Markt\u00fcbergreifende Sichtbarkeit<\/h3>\n<p>Bleiben Sie \u00fcber die Entwicklungen in den USA, der EU und dem asiatisch-pazifischen Raum auf dem Laufenden.<\/p>\n\t\t<\/div>\n\t<\/div>\n\t\n\t\n\t<div id=\"gap-576433121\" class=\"gap-element clearfix\" style=\"display:block; height:auto;\">\n\t\t\n<style>\n#gap-576433121 {\n  padding-top: 20px;\n}\n<\/style>\n\t<\/div>\n\t\n\n\t\t<div class=\"icon-box featured-box icon-box-left text-left\"  >\n\t\t\t\t\t<div class=\"icon-box-img\" style=\"width: 33px\">\n\t\t\t\t<div class=\"icon\">\n\t\t\t\t\t<div class=\"icon-inner\" >\n\t\t\t\t\t\t<img loading=\"lazy\" decoding=\"async\" width=\"30\" height=\"27\" src=\"https:\/\/regask.com\/wp-content\/uploads\/2026\/02\/Tick.png\" class=\"attachment-medium size-medium\" alt=\"Tick\" srcset=\"https:\/\/regask.com\/wp-content\/uploads\/2026\/02\/Tick.png 30w, https:\/\/regask.com\/wp-content\/uploads\/2026\/02\/Tick-13x12.png 13w\" sizes=\"auto, (max-width: 30px) 100vw, 30px\" \/>\t\t\t\t\t<\/div>\n\t\t\t\t<\/div>\n\t\t\t<\/div>\n\t\t\t\t<div class=\"icon-box-text last-reset\">\n\t\t\t\t\t\t\t\t\t\n<h3>Wirkungsorientiert, nicht ank\u00fcndigungsbasiert<\/h3>\n<p>Wir beleuchten die Faktoren, die sich auf die Einhaltung von Vorschriften, die Kennzeichnung, die Einreichung von Unterlagen und den Marktzugang auswirken.<\/p>\n\t\t<\/div>\n\t<\/div>\n\t\n\t\n\t<div id=\"gap-410809924\" class=\"gap-element clearfix\" style=\"display:block; height:auto;\">\n\t\t\n<style>\n#gap-410809924 {\n  padding-top: 20px;\n}\n<\/style>\n\t<\/div>\n\t\n\n\t\t<div class=\"icon-box featured-box icon-box-left text-left\"  >\n\t\t\t\t\t<div class=\"icon-box-img\" style=\"width: 33px\">\n\t\t\t\t<div class=\"icon\">\n\t\t\t\t\t<div class=\"icon-inner\" >\n\t\t\t\t\t\t<img loading=\"lazy\" decoding=\"async\" width=\"30\" height=\"27\" src=\"https:\/\/regask.com\/wp-content\/uploads\/2026\/02\/Tick.png\" class=\"attachment-medium size-medium\" alt=\"Tick\" srcset=\"https:\/\/regask.com\/wp-content\/uploads\/2026\/02\/Tick.png 30w, https:\/\/regask.com\/wp-content\/uploads\/2026\/02\/Tick-13x12.png 13w\" sizes=\"auto, (max-width: 30px) 100vw, 30px\" \/>\t\t\t\t\t<\/div>\n\t\t\t\t<\/div>\n\t\t\t<\/div>\n\t\t\t\t<div class=\"icon-box-text last-reset\">\n\t\t\t\t\t\t\t\t\t\n<h3>Erfahren Sie, wie f\u00fchrende Teams ihren Vorsprung behaupten.<\/h3>\n<p>Unser Briefing spiegelt die Intelligenzebene hinter der RegASK-Plattform wider.<\/p>\n\t<div id=\"gap-942625105\" class=\"gap-element clearfix\" style=\"display:block; height:auto;\">\n\t\t\n<style>\n#gap-942625105 {\n  padding-top: 20px;\n}\n<\/style>\n\t<\/div>\n\t\n\t\t<\/div>\n\t<\/div>\n\t\n\t\n\n\t\t<div class=\"icon-box featured-box icon-box-left text-left\"  >\n\t\t\t\t\t<div class=\"icon-box-img\" style=\"width: 33px\">\n\t\t\t\t<div class=\"icon\">\n\t\t\t\t\t<div class=\"icon-inner\" >\n\t\t\t\t\t\t<img loading=\"lazy\" decoding=\"async\" width=\"30\" height=\"27\" src=\"https:\/\/regask.com\/wp-content\/uploads\/2026\/02\/Tick.png\" class=\"attachment-medium size-medium\" alt=\"Tick\" srcset=\"https:\/\/regask.com\/wp-content\/uploads\/2026\/02\/Tick.png 30w, https:\/\/regask.com\/wp-content\/uploads\/2026\/02\/Tick-13x12.png 13w\" sizes=\"auto, (max-width: 30px) 100vw, 30px\" \/>\t\t\t\t\t<\/div>\n\t\t\t\t<\/div>\n\t\t\t<\/div>\n\t\t\t\t<div class=\"icon-box-text last-reset\">\n\t\t\t\t\t\t\t\t\t\n<h3>Entwickelt f\u00fcr vielbesch\u00e4ftigte Regulierungsfachleute<\/h3>\n<p>Kurz und b\u00fcndig. Strukturiert. In wenigen Minuten erfassbar.<\/p>\n\t\t<\/div>\n\t<\/div>\n\t\n\t\n\t\t<\/div>\n\t\t\t\t\t<\/div>\n\n\t\n\n<style>\n#row-1681852220 > .col > .col-inner {\n  padding: 40px 0px 0px 0px;\n}\n<\/style>\n<\/div>\n\t\t<\/div>\n\n\t\t\n<style>\n#section_1811519023 {\n  padding-top: 30px;\n  padding-bottom: 30px;\n}\n#section_1811519023 .section-bg img {\n  object-position: 60% 49%;\n}\n<\/style>\n\t<\/section>\n\t\n\n\t<section class=\"section\" id=\"section_2097332917\">\n\t\t<div class=\"section-bg fill\" >\n\t\t\t\t\t\t\t\t\t\n\t\t\t\n\n\t\t<\/div>\n\n\t\t\n\n\t\t<div class=\"section-content relative\">\n\t\t\t\n\t<div id=\"gap-1848541885\" class=\"gap-element clearfix\" style=\"display:block; height:auto;\">\n\t\t\n<style>\n#gap-1848541885 {\n  padding-top: 30px;\n}\n<\/style>\n\t<\/div>\n\t\n<div class=\"row align-center\"  id=\"row-491646760\">\n\n\t<div id=\"col-183980140\" class=\"col medium-10 small-12 large-10\"  >\n\t\t\t\t<div class=\"col-inner text-center\"  >\n\t\t\t\n\t\t\t\n\t<div id=\"text-1106170102\" class=\"text\">\n\t\t\n<h2>Beschleunigen Sie die Einhaltung der Vorschriften mit Zuversicht<\/h2>\n<p>Erfahren Sie, wie RegASK Unternehmen dabei hilft, regulatorische Informationen zu automatisieren, Risiken fr\u00fchzeitig zu erkennen und Compliance-Strategien effizient in verschiedenen M\u00e4rkten umzusetzen.<\/p>\n\t\t\n<style>\n#text-1106170102 {\n  text-align: center;\n}\n<\/style>\n\t<\/div>\n\t\n<a href=\"https:\/\/regask.com\/de\/demo-buchen\/\" target=\"_blank\" class=\"button secondary\" rel=\"noopener\" >\n\t\t<span>Vereinbaren Sie eine Demo mit RegASK<\/span>\n\t<\/a>\n\n\t\t<\/div>\n\t\t\t\t\t<\/div>\n\n\t\n<\/div>\n\t\t<\/div>\n\n\t\t\n<style>\n#section_2097332917 {\n  padding-top: 30px;\n  padding-bottom: 30px;\n  background-color: rgb(234, 232, 252);\n}\n<\/style>\n\t<\/section>","protected":false},"excerpt":{"rendered":"","protected":false},"author":32,"featured_media":0,"parent":0,"menu_order":0,"comment_status":"closed","ping_status":"closed","template":"page-transparent-header.php","meta":{"_acf_changed":false,"footnotes":""},"class_list":["post-9468","page","type-page","status-publish","hentry"],"acf":[],"yoast_head":"<!-- This site is optimized with the Yoast SEO Premium plugin v27.3 (Yoast SEO v27.4) - https:\/\/yoast.com\/product\/yoast-seo-premium-wordpress\/ -->\n<title>RegASK Newsletter Subscription for Regulatory Updates<\/title>\n<meta name=\"description\" content=\"Stay informed with the RegASK Newsletter Subscription for weekly updates on critical regulatory changes in Life Sciences and Consumer Products.\" \/>\n<meta name=\"robots\" content=\"index, follow, max-snippet:-1, max-image-preview:large, max-video-preview:-1\" \/>\n<link rel=\"canonical\" href=\"https:\/\/regask.com\/de\/abonnement-des-regask-newsletters\/\" \/>\n<meta property=\"og:locale\" content=\"de_DE\" \/>\n<meta property=\"og:type\" content=\"article\" \/>\n<meta property=\"og:title\" content=\"RegASK Newsletter Subscription\" \/>\n<meta property=\"og:description\" content=\"Stay informed with the RegASK Newsletter Subscription for weekly updates on critical regulatory changes in Life Sciences and Consumer Products.\" \/>\n<meta property=\"og:url\" content=\"https:\/\/regask.com\/de\/abonnement-des-regask-newsletters\/\" \/>\n<meta property=\"og:site_name\" content=\"RegASK\" \/>\n<meta property=\"article:publisher\" content=\"https:\/\/www.facebook.com\/RegASKRegulatoryAffairs\/\" \/>\n<meta property=\"article:modified_time\" content=\"2026-02-25T08:17:43+00:00\" \/>\n<meta property=\"og:image\" content=\"https:\/\/regask.com\/wp-content\/uploads\/2024\/07\/RegASK-Logo-White-Square-1.png\" \/>\n\t<meta property=\"og:image:width\" content=\"1212\" \/>\n\t<meta property=\"og:image:height\" content=\"1212\" \/>\n\t<meta property=\"og:image:type\" content=\"image\/png\" \/>\n<meta name=\"twitter:card\" content=\"summary_large_image\" \/>\n<meta name=\"twitter:site\" content=\"@ASKRegASK\" \/>\n<meta name=\"twitter:label1\" content=\"Est. reading time\" \/>\n\t<meta name=\"twitter:data1\" content=\"2\u00a0Minuten\" \/>\n<script type=\"application\/ld+json\" class=\"yoast-schema-graph\">{\"@context\":\"https:\\\/\\\/schema.org\",\"@graph\":[{\"@type\":\"WebPage\",\"@id\":\"https:\\\/\\\/regask.com\\\/regask-newsletter-subscription\\\/\",\"url\":\"https:\\\/\\\/regask.com\\\/regask-newsletter-subscription\\\/\",\"name\":\"RegASK Newsletter Subscription for Regulatory Updates\",\"isPartOf\":{\"@id\":\"https:\\\/\\\/regask.com\\\/#website\"},\"datePublished\":\"2026-02-25T07:34:58+00:00\",\"dateModified\":\"2026-02-25T08:17:43+00:00\",\"description\":\"Stay informed with the RegASK Newsletter Subscription for weekly updates on critical regulatory changes in Life Sciences and Consumer Products.\",\"inLanguage\":\"de\",\"potentialAction\":[{\"@type\":\"ReadAction\",\"target\":[\"https:\\\/\\\/regask.com\\\/regask-newsletter-subscription\\\/\"]}]},{\"@type\":\"WebSite\",\"@id\":\"https:\\\/\\\/regask.com\\\/#website\",\"url\":\"https:\\\/\\\/regask.com\\\/\",\"name\":\"RegASK\",\"description\":\"Empowering Smarter Regulatory Decisions\",\"publisher\":{\"@id\":\"https:\\\/\\\/regask.com\\\/#organization\"},\"potentialAction\":[{\"@type\":\"SearchAction\",\"target\":{\"@type\":\"EntryPoint\",\"urlTemplate\":\"https:\\\/\\\/regask.com\\\/?s={search_term_string}\"},\"query-input\":{\"@type\":\"PropertyValueSpecification\",\"valueRequired\":true,\"valueName\":\"search_term_string\"}}],\"inLanguage\":\"de\"},{\"@type\":\"Organization\",\"@id\":\"https:\\\/\\\/regask.com\\\/#organization\",\"name\":\"RegASK\",\"url\":\"https:\\\/\\\/regask.com\\\/\",\"logo\":{\"@type\":\"ImageObject\",\"inLanguage\":\"de\",\"@id\":\"https:\\\/\\\/regask.com\\\/#\\\/schema\\\/logo\\\/image\\\/\",\"url\":\"https:\\\/\\\/regask.com\\\/wp-content\\\/uploads\\\/2024\\\/10\\\/RegASK-Logo-Dark-Round.png\",\"contentUrl\":\"https:\\\/\\\/regask.com\\\/wp-content\\\/uploads\\\/2024\\\/10\\\/RegASK-Logo-Dark-Round.png\",\"width\":401,\"height\":401,\"caption\":\"RegASK\"},\"image\":{\"@id\":\"https:\\\/\\\/regask.com\\\/#\\\/schema\\\/logo\\\/image\\\/\"},\"sameAs\":[\"https:\\\/\\\/www.facebook.com\\\/RegASKRegulatoryAffairs\\\/\",\"https:\\\/\\\/x.com\\\/ASKRegASK\",\"https:\\\/\\\/www.linkedin.com\\\/company\\\/RegASK\\\/\",\"https:\\\/\\\/www.youtube.com\\\/playlist?list=PL6yPC6gFqelkHbOeyUVKjtHOZXZ2LQbJd\"]}]}<\/script>\n<!-- \/ Yoast SEO Premium plugin. -->","yoast_head_json":{"title":"RegASK Newsletter-Abonnement f\u00fcr regulatorische Aktualisierungen","description":"Bleiben Sie mit dem RegASK-Newsletter-Abonnement auf dem Laufenden und erhalten Sie w\u00f6chentliche Updates zu wichtigen regulatorischen \u00c4nderungen in den Bereichen Life Sciences und Konsumg\u00fcter.","robots":{"index":"index","follow":"follow","max-snippet":"max-snippet:-1","max-image-preview":"max-image-preview:large","max-video-preview":"max-video-preview:-1"},"canonical":"https:\/\/regask.com\/de\/abonnement-des-regask-newsletters\/","og_locale":"de_DE","og_type":"article","og_title":"RegASK Newsletter Subscription","og_description":"Stay informed with the RegASK Newsletter Subscription for weekly updates on critical regulatory changes in Life Sciences and Consumer Products.","og_url":"https:\/\/regask.com\/de\/abonnement-des-regask-newsletters\/","og_site_name":"RegASK","article_publisher":"https:\/\/www.facebook.com\/RegASKRegulatoryAffairs\/","article_modified_time":"2026-02-25T08:17:43+00:00","og_image":[{"width":1212,"height":1212,"url":"https:\/\/regask.com\/wp-content\/uploads\/2024\/07\/RegASK-Logo-White-Square-1.png","type":"image\/png"}],"twitter_card":"summary_large_image","twitter_site":"@ASKRegASK","twitter_misc":{"Est. reading time":"2\u00a0Minuten"},"schema":{"@context":"https:\/\/schema.org","@graph":[{"@type":"WebPage","@id":"https:\/\/regask.com\/regask-newsletter-subscription\/","url":"https:\/\/regask.com\/regask-newsletter-subscription\/","name":"RegASK Newsletter-Abonnement f\u00fcr regulatorische Aktualisierungen","isPartOf":{"@id":"https:\/\/regask.com\/#website"},"datePublished":"2026-02-25T07:34:58+00:00","dateModified":"2026-02-25T08:17:43+00:00","description":"Bleiben Sie mit dem RegASK-Newsletter-Abonnement auf dem Laufenden und erhalten Sie w\u00f6chentliche Updates zu wichtigen regulatorischen \u00c4nderungen in den Bereichen Life Sciences und Konsumg\u00fcter.","inLanguage":"de","potentialAction":[{"@type":"ReadAction","target":["https:\/\/regask.com\/regask-newsletter-subscription\/"]}]},{"@type":"WebSite","@id":"https:\/\/regask.com\/#website","url":"https:\/\/regask.com\/","name":"RegASK","description":"Intelligentere Regulierungsentscheidungen erm\u00f6glichen","publisher":{"@id":"https:\/\/regask.com\/#organization"},"potentialAction":[{"@type":"SearchAction","target":{"@type":"EntryPoint","urlTemplate":"https:\/\/regask.com\/?s={search_term_string}"},"query-input":{"@type":"PropertyValueSpecification","valueRequired":true,"valueName":"search_term_string"}}],"inLanguage":"de"},{"@type":"Organization","@id":"https:\/\/regask.com\/#organization","name":"RegASK","url":"https:\/\/regask.com\/","logo":{"@type":"ImageObject","inLanguage":"de","@id":"https:\/\/regask.com\/#\/schema\/logo\/image\/","url":"https:\/\/regask.com\/wp-content\/uploads\/2024\/10\/RegASK-Logo-Dark-Round.png","contentUrl":"https:\/\/regask.com\/wp-content\/uploads\/2024\/10\/RegASK-Logo-Dark-Round.png","width":401,"height":401,"caption":"RegASK"},"image":{"@id":"https:\/\/regask.com\/#\/schema\/logo\/image\/"},"sameAs":["https:\/\/www.facebook.com\/RegASKRegulatoryAffairs\/","https:\/\/x.com\/ASKRegASK","https:\/\/www.linkedin.com\/company\/RegASK\/","https:\/\/www.youtube.com\/playlist?list=PL6yPC6gFqelkHbOeyUVKjtHOZXZ2LQbJd"]}]}},"_links":{"self":[{"href":"https:\/\/regask.com\/de\/wp-json\/wp\/v2\/pages\/9468","targetHints":{"allow":["GET"]}}],"collection":[{"href":"https:\/\/regask.com\/de\/wp-json\/wp\/v2\/pages"}],"about":[{"href":"https:\/\/regask.com\/de\/wp-json\/wp\/v2\/types\/page"}],"author":[{"embeddable":true,"href":"https:\/\/regask.com\/de\/wp-json\/wp\/v2\/users\/32"}],"replies":[{"embeddable":true,"href":"https:\/\/regask.com\/de\/wp-json\/wp\/v2\/comments?post=9468"}],"version-history":[{"count":0,"href":"https:\/\/regask.com\/de\/wp-json\/wp\/v2\/pages\/9468\/revisions"}],"wp:attachment":[{"href":"https:\/\/regask.com\/de\/wp-json\/wp\/v2\/media?parent=9468"}],"curies":[{"name":"wp","href":"https:\/\/api.w.org\/{rel}","templated":true}]}}