{"id":1670,"date":"2020-11-04T15:43:58","date_gmt":"2020-11-04T07:43:58","guid":{"rendered":"https:\/\/regask.com\/?page_id=1670"},"modified":"2024-09-23T23:42:06","modified_gmt":"2024-09-23T15:42:06","slug":"recursos-estudios-de-caso-cuidado-personal-cosmeticos","status":"publish","type":"page","link":"https:\/\/regask.com\/es\/case-studies\/resources-case-studies-personal-care-cosmetics\/","title":{"rendered":"Cuidado Personal y Cosm\u00e9tica"},"content":{"rendered":"<div class=\"row\"  id=\"row-855874879\">\n\n\t<div id=\"col-1582904389\" class=\"col small-12 large-12\"  >\n\t\t\t\t<div class=\"col-inner text-center\"  >\n\t\t\t\n\t\t\t\n<h1 style=\"text-align: center;\">Case <strong>Studies<\/strong><\/h1>\n<p class=\"sub-title\" style=\"text-align: center;\">Curated Regulatory Intelligence Augmented by AI<\/p>\n<div>[menu name=&#8221;Case Studies&#8221;]<\/div>\n<div class=\"is-divider divider clearfix\" style=\"max-width:100%;height:1px;background-color:rgb(216, 216, 216);\"><\/div>\n\t\t<\/div>\n\t\t\t\t\n<style>\n#col-1582904389 > .col-inner {\n  padding: 50px 0px 0px 0px;\n}\n<\/style>\n\t<\/div>\n\n\t\n<\/div>\n<div class=\"row\"  id=\"row-1380566490\">\n\n\t<div id=\"col-2115251456\" class=\"col small-12 large-12\"  >\n\t\t\t\t<div class=\"col-inner\"  >\n\t\t\t\n\t\t\t\n\n  \n    <div class=\"row large-columns-1 medium-columns- small-columns-1 row-large\" >\n  <div class=\"col post-item\" >\n\t\t\t<div class=\"col-inner\">\n\t\t\t\t<div class=\"box box-vertical box-text-bottom box-blog-post has-hover\">\n            \t\t\t\t\t<div class=\"box-image\" style=\"width:43%;\">\n  \t\t\t\t\t\t<div class=\"image-cover\" style=\"padding-top:89%;\">\n\t\t\t\t\t\t\t<a href=\"https:\/\/regask.com\/es\/cosmetics-compliance-efficiency\/\" class=\"plain\" aria-label=\"Helping a Small Team Achieve Efficiency, Accuracy, and &hellip;\">\n\t\t\t\t\t\t\t\t<img loading=\"lazy\" decoding=\"async\" width=\"330\" height=\"299\" src=\"https:\/\/regask.com\/wp-content\/uploads\/2022\/11\/Helping-a-Small-Team-Achieve-Efficiency-Accuracy-and-Cost-Reduction-in-Monitoring-Cosmetics-Regulations.png\" class=\"attachment-medium size-medium wp-post-image\" alt=\"Helping A Small Team Achieve Efficiency, Accuracy, And Cost Reduction In Monitoring Cosmetics Regulations\" \/>\t\t\t\t\t\t\t<\/a>\n  \t\t\t\t\t\t\t  \t\t\t\t\t\t\t  \t\t\t\t\t\t<\/div>\n  \t\t\t\t\t\t  \t\t\t\t\t<\/div>\n          \t\t\t\t\t<div class=\"box-text text-left\" >\n\t\t\t\t\t<div class=\"box-text-inner blog-post-inner\">\n\n\t\t\t\t\t\n\t\t\t\t\t\t\t\t\t\t\n\n\t\t\t\t\t<div class=\"is-divider\"><\/div>\n\n\t\t\t\t\t<h5 class=\"post-title is-xxlarge \">\n\t\t\t\t\t\t<a href=\"https:\/\/regask.com\/es\/cosmetics-compliance-efficiency\/\" class=\"plain\">Helping a Small Team Achieve Efficiency, Accuracy, and &hellip;<\/a>\n\t\t\t\t\t<\/h5>\n\t\t\t\t\t\n\t\t\t\t\t<div class=\"min-height-excerpt\">\n\t\t\t\t\tRead the case study to know how a small team with limited resources could monitor cosmetics regulations in an efficient, accurate and cost-e&hellip; <br \/>\t\t\t\t\t<\/div>\n\n\t\t\t\t\t\n\n\t\t\t\t\t\t\t\t\t\t\t<a href=\"https:\/\/regask.com\/es\/cosmetics-compliance-efficiency\/\" class=\"button secondary is-link is-large mb-0\">\n\t\t\t\t\t\t\tRead more\t\t\t\t\t\t<\/a>\n\t\t\t\t\t\n\t\t\t\t\t\t\t\t\t\t\t<div class=\"eneko_tags_cat\"><h6 class=\"entry-category is-xsmall\"><a href=\"https:\/\/regask.com\/es\/category\/case-study\/\" class=\"category-case-study\">Case Studies<\/a> <a href=\"https:\/\/regask.com\/es\/category\/case-study\/personal-care-and-cometics\/\" class=\"category-personal-care-and-cometics\">Cosmetic and Personal Care<\/a><\/h6><\/div>\n\t\t\t\t\t\n\t\t\t\t\t\n\t\t\t\t\t<\/div>\n\t\t\t\t\t<\/div>\n\t\t\t\t\t\t\t\t\t<\/div>\n\t\t\t<\/div>\n\t\t<\/div><div class=\"col post-item\" >\n\t\t\t<div class=\"col-inner\">\n\t\t\t\t<div class=\"box box-vertical box-text-bottom box-blog-post has-hover\">\n            \t\t\t\t\t<div class=\"box-image\" style=\"width:43%;\">\n  \t\t\t\t\t\t<div class=\"image-cover\" style=\"padding-top:89%;\">\n\t\t\t\t\t\t\t<a href=\"https:\/\/regask.com\/es\/japan-cosmetic-ingredient-registration\/\" class=\"plain\" aria-label=\"Successful Registration of New Cosmetic Ingredients in &hellip;\">\n\t\t\t\t\t\t\t\t<img loading=\"lazy\" decoding=\"async\" width=\"330\" height=\"300\" src=\"https:\/\/regask.com\/wp-content\/uploads\/2022\/11\/Successful-Registration-of-New-Cosmetic-Ingredients-in-Japan-R2.png\" class=\"attachment-medium size-medium wp-post-image\" alt=\"Successful Registration Of New Cosmetic Ingredients In Japan R2\" \/>\t\t\t\t\t\t\t<\/a>\n  \t\t\t\t\t\t\t  \t\t\t\t\t\t\t  \t\t\t\t\t\t<\/div>\n  \t\t\t\t\t\t  \t\t\t\t\t<\/div>\n          \t\t\t\t\t<div class=\"box-text text-left\" >\n\t\t\t\t\t<div class=\"box-text-inner blog-post-inner\">\n\n\t\t\t\t\t\n\t\t\t\t\t\t\t\t\t\t\n\n\t\t\t\t\t<div class=\"is-divider\"><\/div>\n\n\t\t\t\t\t<h5 class=\"post-title is-xxlarge \">\n\t\t\t\t\t\t<a href=\"https:\/\/regask.com\/es\/japan-cosmetic-ingredient-registration\/\" class=\"plain\">Successful Registration of New Cosmetic Ingredients in &hellip;<\/a>\n\t\t\t\t\t<\/h5>\n\t\t\t\t\t\n\t\t\t\t\t<div class=\"min-height-excerpt\">\n\t\t\t\t\tRead this case study to learn how RegASK&#8217;s local regulatory experts helped an international cosmetics company successfully register ne&hellip; <br \/>\t\t\t\t\t<\/div>\n\n\t\t\t\t\t\n\n\t\t\t\t\t\t\t\t\t\t\t<a href=\"https:\/\/regask.com\/es\/japan-cosmetic-ingredient-registration\/\" class=\"button secondary is-link is-large mb-0\">\n\t\t\t\t\t\t\tRead more\t\t\t\t\t\t<\/a>\n\t\t\t\t\t\n\t\t\t\t\t\t\t\t\t\t\t<div class=\"eneko_tags_cat\"><h6 class=\"entry-category is-xsmall\"><a href=\"https:\/\/regask.com\/es\/category\/case-study\/\" class=\"category-case-study\">Case Studies<\/a> <a href=\"https:\/\/regask.com\/es\/category\/case-study\/personal-care-and-cometics\/\" class=\"category-personal-care-and-cometics\">Cosmetic and Personal Care<\/a> <a href=\"https:\/\/regask.com\/es\/category\/region\/asia-pac\/japan-regulations\/\" class=\"category-japan-regulations\">Japan<\/a> <a href=\"https:\/\/regask.com\/es\/category\/region\/\" class=\"category-region\">Regions &amp; Countries<\/a><\/h6><\/div>\n\t\t\t\t\t\n\t\t\t\t\t\n\t\t\t\t\t<\/div>\n\t\t\t\t\t<\/div>\n\t\t\t\t\t\t\t\t\t<\/div>\n\t\t\t<\/div>\n\t\t<\/div><div class=\"col post-item\" >\n\t\t\t<div class=\"col-inner\">\n\t\t\t\t<div class=\"box box-vertical box-text-bottom box-blog-post has-hover\">\n            \t\t\t\t\t<div class=\"box-image\" style=\"width:43%;\">\n  \t\t\t\t\t\t<div class=\"image-cover\" style=\"padding-top:89%;\">\n\t\t\t\t\t\t\t<a href=\"https:\/\/regask.com\/es\/automated-regulatory-monitoring\/\" class=\"plain\" aria-label=\"Automated Regulatory Change Monitoring for a Beauty Ret&hellip;\">\n\t\t\t\t\t\t\t\t<img loading=\"lazy\" decoding=\"async\" width=\"330\" height=\"299\" src=\"https:\/\/regask.com\/wp-content\/uploads\/2022\/10\/Automated-Regulatory-Change-Monitoring-for-a-Beauty-Retailer.png\" class=\"attachment-medium size-medium wp-post-image\" alt=\"Automated Regulatory Change Monitoring For A Beauty Retailer\" \/>\t\t\t\t\t\t\t<\/a>\n  \t\t\t\t\t\t\t  \t\t\t\t\t\t\t  \t\t\t\t\t\t<\/div>\n  \t\t\t\t\t\t  \t\t\t\t\t<\/div>\n          \t\t\t\t\t<div class=\"box-text text-left\" >\n\t\t\t\t\t<div class=\"box-text-inner blog-post-inner\">\n\n\t\t\t\t\t\n\t\t\t\t\t\t\t\t\t\t\n\n\t\t\t\t\t<div class=\"is-divider\"><\/div>\n\n\t\t\t\t\t<h5 class=\"post-title is-xxlarge \">\n\t\t\t\t\t\t<a href=\"https:\/\/regask.com\/es\/automated-regulatory-monitoring\/\" class=\"plain\">Automated Regulatory Change Monitoring for a Beauty Ret&hellip;<\/a>\n\t\t\t\t\t<\/h5>\n\t\t\t\t\t\n\t\t\t\t\t<div class=\"min-height-excerpt\">\n\t\t\t\t\tRead the case study and learn how a cosmetics company leveraged RegASK solutions to proactively monitor regulatory changes and understand th&hellip; <br \/>\t\t\t\t\t<\/div>\n\n\t\t\t\t\t\n\n\t\t\t\t\t\t\t\t\t\t\t<a href=\"https:\/\/regask.com\/es\/automated-regulatory-monitoring\/\" class=\"button secondary is-link is-large mb-0\">\n\t\t\t\t\t\t\tRead more\t\t\t\t\t\t<\/a>\n\t\t\t\t\t\n\t\t\t\t\t\t\t\t\t\t\t<div class=\"eneko_tags_cat\"><h6 class=\"entry-category is-xsmall\"><a href=\"https:\/\/regask.com\/es\/category\/case-study\/\" class=\"category-case-study\">Case Studies<\/a> <a href=\"https:\/\/regask.com\/es\/category\/case-study\/personal-care-and-cometics\/\" class=\"category-personal-care-and-cometics\">Cosmetic and Personal Care<\/a><\/h6><\/div>\n\t\t\t\t\t\n\t\t\t\t\t\n\t\t\t\t\t<\/div>\n\t\t\t\t\t<\/div>\n\t\t\t\t\t\t\t\t\t<\/div>\n\t\t\t<\/div>\n\t\t<\/div><div class=\"col post-item\" >\n\t\t\t<div class=\"col-inner\">\n\t\t\t\t<div class=\"box box-vertical box-text-bottom box-blog-post has-hover\">\n            \t\t\t\t\t<div class=\"box-image\" style=\"width:43%;\">\n  \t\t\t\t\t\t<div class=\"image-cover\" style=\"padding-top:89%;\">\n\t\t\t\t\t\t\t<a href=\"https:\/\/regask.com\/es\/regulatory-go-to-market\/\" class=\"plain\" aria-label=\"How Advanced Regulatory Guidebooks Support Efficient Go&hellip;\">\n\t\t\t\t\t\t\t\t<img loading=\"lazy\" decoding=\"async\" width=\"330\" height=\"300\" src=\"https:\/\/regask.com\/wp-content\/uploads\/2021\/04\/POST-Strategy-For-Disinfectant-Products-In-The-Southeast-Asian-Market-1-330x300.png\" class=\"attachment-medium size-medium wp-post-image\" alt=\"Woman in a gear working with her laptop\" srcset=\"https:\/\/regask.com\/wp-content\/uploads\/2021\/04\/POST-Strategy-For-Disinfectant-Products-In-The-Southeast-Asian-Market-1-330x300.png 330w, https:\/\/regask.com\/wp-content\/uploads\/2021\/04\/POST-Strategy-For-Disinfectant-Products-In-The-Southeast-Asian-Market-1.png 689w\" sizes=\"auto, (max-width: 330px) 100vw, 330px\" \/>\t\t\t\t\t\t\t<\/a>\n  \t\t\t\t\t\t\t  \t\t\t\t\t\t\t  \t\t\t\t\t\t<\/div>\n  \t\t\t\t\t\t  \t\t\t\t\t<\/div>\n          \t\t\t\t\t<div class=\"box-text text-left\" >\n\t\t\t\t\t<div class=\"box-text-inner blog-post-inner\">\n\n\t\t\t\t\t\n\t\t\t\t\t\t\t\t\t\t\n\n\t\t\t\t\t<div class=\"is-divider\"><\/div>\n\n\t\t\t\t\t<h5 class=\"post-title is-xxlarge \">\n\t\t\t\t\t\t<a href=\"https:\/\/regask.com\/es\/regulatory-go-to-market\/\" class=\"plain\">How Advanced Regulatory Guidebooks Support Efficient Go&hellip;<\/a>\n\t\t\t\t\t<\/h5>\n\t\t\t\t\t\n\t\t\t\t\t<div class=\"min-height-excerpt\">\n\t\t\t\t\tRead our case study and know how an advanced review of the regulatory environment is fundamental to efficient go-to-market strategies for di&hellip; <br \/>\t\t\t\t\t<\/div>\n\n\t\t\t\t\t\n\n\t\t\t\t\t\t\t\t\t\t\t<a href=\"https:\/\/regask.com\/es\/regulatory-go-to-market\/\" class=\"button secondary is-link is-large mb-0\">\n\t\t\t\t\t\t\tRead more\t\t\t\t\t\t<\/a>\n\t\t\t\t\t\n\t\t\t\t\t\t\t\t\t\t\t<div class=\"eneko_tags_cat\"><h6 class=\"entry-category is-xsmall\"><a href=\"https:\/\/regask.com\/es\/category\/case-study\/\" class=\"category-case-study\">Case Studies<\/a> <a href=\"https:\/\/regask.com\/es\/category\/case-study\/personal-care-and-cometics\/\" class=\"category-personal-care-and-cometics\">Cosmetic and Personal Care<\/a> <a href=\"https:\/\/regask.com\/es\/category\/region\/asia-pac\/indonesia-regulations\/\" class=\"category-indonesia-regulations\">Indonesia<\/a> <a href=\"https:\/\/regask.com\/es\/category\/region\/asia-pac\/thailand-regulations\/\" class=\"category-thailand-regulations\">Thailand<\/a><\/h6><\/div>\n\t\t\t\t\t\n\t\t\t\t\t\n\t\t\t\t\t<\/div>\n\t\t\t\t\t<\/div>\n\t\t\t\t\t\t\t\t\t<\/div>\n\t\t\t<\/div>\n\t\t<\/div><div class=\"col post-item\" >\n\t\t\t<div class=\"col-inner\">\n\t\t\t\t<div class=\"box box-vertical box-text-bottom box-blog-post has-hover\">\n            \t\t\t\t\t<div class=\"box-image\" style=\"width:43%;\">\n  \t\t\t\t\t\t<div class=\"image-cover\" style=\"padding-top:89%;\">\n\t\t\t\t\t\t\t<a href=\"https:\/\/regask.com\/es\/launching-hand-sanitizer\/\" class=\"plain\" aria-label=\"Preparing for the Launch of a Hand Sanitizer during the&hellip;\">\n\t\t\t\t\t\t\t\t<img loading=\"lazy\" decoding=\"async\" width=\"330\" height=\"300\" src=\"https:\/\/regask.com\/wp-content\/uploads\/2020\/11\/POST-Preparing-for-the-Launch-of-a-Hand-Sanitizer-during-the-COVID-19-Pandemic-330x300.png\" class=\"attachment-medium size-medium wp-post-image\" alt=\"Post Preparing For The Launch Of A Hand Sanitizer During The Covid 19 Pandemic\" srcset=\"https:\/\/regask.com\/wp-content\/uploads\/2020\/11\/POST-Preparing-for-the-Launch-of-a-Hand-Sanitizer-during-the-COVID-19-Pandemic-330x300.png 330w, https:\/\/regask.com\/wp-content\/uploads\/2020\/11\/POST-Preparing-for-the-Launch-of-a-Hand-Sanitizer-during-the-COVID-19-Pandemic.png 689w\" sizes=\"auto, (max-width: 330px) 100vw, 330px\" \/>\t\t\t\t\t\t\t<\/a>\n  \t\t\t\t\t\t\t  \t\t\t\t\t\t\t  \t\t\t\t\t\t<\/div>\n  \t\t\t\t\t\t  \t\t\t\t\t<\/div>\n          \t\t\t\t\t<div class=\"box-text text-left\" >\n\t\t\t\t\t<div class=\"box-text-inner blog-post-inner\">\n\n\t\t\t\t\t\n\t\t\t\t\t\t\t\t\t\t\n\n\t\t\t\t\t<div class=\"is-divider\"><\/div>\n\n\t\t\t\t\t<h5 class=\"post-title is-xxlarge \">\n\t\t\t\t\t\t<a href=\"https:\/\/regask.com\/es\/launching-hand-sanitizer\/\" class=\"plain\">Preparing for the Launch of a Hand Sanitizer during the&hellip;<\/a>\n\t\t\t\t\t<\/h5>\n\t\t\t\t\t\n\t\t\t\t\t<div class=\"min-height-excerpt\">\n\t\t\t\t\tHow we helped a large MNC speed up the launch of a new hand sanitizers product. With increasing consumer demand for hand sanitizers as a dir&hellip; <br \/>\t\t\t\t\t<\/div>\n\n\t\t\t\t\t\n\n\t\t\t\t\t\t\t\t\t\t\t<a href=\"https:\/\/regask.com\/es\/launching-hand-sanitizer\/\" class=\"button secondary is-link is-large mb-0\">\n\t\t\t\t\t\t\tRead more\t\t\t\t\t\t<\/a>\n\t\t\t\t\t\n\t\t\t\t\t\t\t\t\t\t\t<div class=\"eneko_tags_cat\"><h6 class=\"entry-category is-xsmall\"><a href=\"https:\/\/regask.com\/es\/category\/case-study\/\" class=\"category-case-study\">Case Studies<\/a> <a href=\"https:\/\/regask.com\/es\/category\/case-study\/personal-care-and-cometics\/\" class=\"category-personal-care-and-cometics\">Cosmetic and Personal Care<\/a><\/h6><\/div>\n\t\t\t\t\t\n\t\t\t\t\t\n\t\t\t\t\t<\/div>\n\t\t\t\t\t<\/div>\n\t\t\t\t\t\t\t\t\t<\/div>\n\t\t\t<\/div>\n\t\t<\/div><div class=\"col post-item\" >\n\t\t\t<div class=\"col-inner\">\n\t\t\t\t<div class=\"box box-vertical box-text-bottom box-blog-post has-hover\">\n            \t\t\t\t\t<div class=\"box-image\" style=\"width:43%;\">\n  \t\t\t\t\t\t<div class=\"image-cover\" style=\"padding-top:89%;\">\n\t\t\t\t\t\t\t<a href=\"https:\/\/regask.com\/es\/cosmetics-new-market-entry\/\" class=\"plain\" aria-label=\"Forging Paths in New Markets for a Top Cosmetics Compan&hellip;\">\n\t\t\t\t\t\t\t\t<img loading=\"lazy\" decoding=\"async\" width=\"330\" height=\"300\" src=\"https:\/\/regask.com\/wp-content\/uploads\/2020\/11\/POST-Forging-Paths-in-New-Markets-for-a-Top-Cosmetics-Company-330x300.png\" class=\"attachment-medium size-medium wp-post-image\" alt=\"Post Forging Paths In New Markets For A Top Cosmetics Company\" srcset=\"https:\/\/regask.com\/wp-content\/uploads\/2020\/11\/POST-Forging-Paths-in-New-Markets-for-a-Top-Cosmetics-Company-330x300.png 330w, https:\/\/regask.com\/wp-content\/uploads\/2020\/11\/POST-Forging-Paths-in-New-Markets-for-a-Top-Cosmetics-Company.png 688w\" sizes=\"auto, (max-width: 330px) 100vw, 330px\" \/>\t\t\t\t\t\t\t<\/a>\n  \t\t\t\t\t\t\t  \t\t\t\t\t\t\t  \t\t\t\t\t\t<\/div>\n  \t\t\t\t\t\t  \t\t\t\t\t<\/div>\n          \t\t\t\t\t<div class=\"box-text text-left\" >\n\t\t\t\t\t<div class=\"box-text-inner blog-post-inner\">\n\n\t\t\t\t\t\n\t\t\t\t\t\t\t\t\t\t\n\n\t\t\t\t\t<div class=\"is-divider\"><\/div>\n\n\t\t\t\t\t<h5 class=\"post-title is-xxlarge \">\n\t\t\t\t\t\t<a href=\"https:\/\/regask.com\/es\/cosmetics-new-market-entry\/\" class=\"plain\">Forging Paths in New Markets for a Top Cosmetics Compan&hellip;<\/a>\n\t\t\t\t\t<\/h5>\n\t\t\t\t\t\n\t\t\t\t\t<div class=\"min-height-excerpt\">\n\t\t\t\t\tObjective A large cosmetic company wanted to expand its hair, skincare, and dietary supplement products into the top 10 skincare markets aro&hellip; <br \/>\t\t\t\t\t<\/div>\n\n\t\t\t\t\t\n\n\t\t\t\t\t\t\t\t\t\t\t<a href=\"https:\/\/regask.com\/es\/cosmetics-new-market-entry\/\" class=\"button secondary is-link is-large mb-0\">\n\t\t\t\t\t\t\tRead more\t\t\t\t\t\t<\/a>\n\t\t\t\t\t\n\t\t\t\t\t\t\t\t\t\t\t<div class=\"eneko_tags_cat\"><h6 class=\"entry-category is-xsmall\"><a href=\"https:\/\/regask.com\/es\/category\/case-study\/personal-care-and-cometics\/\" class=\"category-personal-care-and-cometics\">Cosmetic and Personal Care<\/a> <a href=\"https:\/\/regask.com\/es\/category\/case-study\/\" class=\"category-case-study\">Case Studies<\/a><\/h6><\/div>\n\t\t\t\t\t\n\t\t\t\t\t\n\t\t\t\t\t<\/div>\n\t\t\t\t\t<\/div>\n\t\t\t\t\t\t\t\t\t<\/div>\n\t\t\t<\/div>\n\t\t<\/div><\/div>\n\t\t<\/div>\n\t\t\t\t\t<\/div>\n\n\t\n<\/div>\n<p class=\"text-center\"><mark>Block <strong>\"1346\"<\/strong> not found<\/mark><\/p>\n","protected":false},"excerpt":{"rendered":"","protected":false},"author":39,"featured_media":0,"parent":548,"menu_order":0,"comment_status":"closed","ping_status":"closed","template":"page-blank.php","meta":{"_acf_changed":false,"footnotes":""},"class_list":["post-1670","page","type-page","status-publish","hentry"],"acf":[],"yoast_head":"<!-- This site is optimized with the Yoast SEO Premium plugin v27.3 (Yoast SEO v27.4) - https:\/\/yoast.com\/product\/yoast-seo-premium-wordpress\/ -->\n<title>Case Studies | Cosmetics &amp; Personal Care | RegASK<\/title>\n<meta name=\"description\" content=\"Read how RegASK provides personal care &amp; cosmetics product regulatory guidance, regulatory support for skin care market expansions &amp; beauty product launch.\" \/>\n<meta name=\"robots\" content=\"noindex, follow\" \/>\n<meta property=\"og:locale\" content=\"es_ES\" \/>\n<meta property=\"og:type\" content=\"article\" \/>\n<meta property=\"og:title\" content=\"Cosmetics &amp; Personal Care | Regulatory Case Studies | RegASK\" \/>\n<meta property=\"og:description\" content=\"Read how RegASK provides personal care &amp; cosmetics product regulatory guidance, regulatory support for skin care market expansions &amp; beauty product launch.\" \/>\n<meta property=\"og:url\" content=\"https:\/\/regask.com\/es\/estudios-de-caso\/recursos-estudios-de-caso-cuidado-personal-cosmeticos\/\" \/>\n<meta property=\"og:site_name\" content=\"RegASK\" \/>\n<meta property=\"article:publisher\" content=\"https:\/\/www.facebook.com\/RegASKRegulatoryAffairs\/\" \/>\n<meta property=\"article:modified_time\" content=\"2024-09-23T15:42:06+00:00\" \/>\n<meta property=\"og:image\" content=\"https:\/\/regask.com\/wp-content\/uploads\/2022\/11\/Helping-a-Small-Team-Achieve-Efficiency-Accuracy-and-Cost-Reduction-in-Monitoring-Cosmetics-Regulations.png\" \/>\n\t<meta property=\"og:image:width\" content=\"331\" \/>\n\t<meta property=\"og:image:height\" content=\"300\" \/>\n\t<meta property=\"og:image:type\" content=\"image\/png\" \/>\n<meta name=\"twitter:card\" content=\"summary_large_image\" \/>\n<meta name=\"twitter:title\" content=\"Cosmetics &amp; Personal Care | Regulatory Case Studies | RegASK\" \/>\n<meta name=\"twitter:description\" content=\"Read how RegASK provides personal care &amp; cosmetics product regulatory guidance, regulatory support for skin care market expansions &amp; beauty product launch.\" \/>\n<meta name=\"twitter:image\" content=\"https:\/\/regask.com\/wp-content\/uploads\/2022\/11\/Helping-a-Small-Team-Achieve-Efficiency-Accuracy-and-Cost-Reduction-in-Monitoring-Cosmetics-Regulations.png\" \/>\n<meta name=\"twitter:site\" content=\"@ASKRegASK\" \/>\n<script type=\"application\/ld+json\" class=\"yoast-schema-graph\">{\"@context\":\"https:\\\/\\\/schema.org\",\"@graph\":[{\"@type\":\"WebPage\",\"@id\":\"https:\\\/\\\/regask.com\\\/case-studies\\\/resources-case-studies-personal-care-cosmetics\\\/\",\"url\":\"https:\\\/\\\/regask.com\\\/case-studies\\\/resources-case-studies-personal-care-cosmetics\\\/\",\"name\":\"Case Studies | Cosmetics & Personal Care | RegASK\",\"isPartOf\":{\"@id\":\"https:\\\/\\\/regask.com\\\/#website\"},\"datePublished\":\"2020-11-04T07:43:58+00:00\",\"dateModified\":\"2024-09-23T15:42:06+00:00\",\"description\":\"Read how RegASK provides personal care & cosmetics product regulatory guidance, regulatory support for skin care market expansions & beauty product launch.\",\"breadcrumb\":{\"@id\":\"https:\\\/\\\/regask.com\\\/case-studies\\\/resources-case-studies-personal-care-cosmetics\\\/#breadcrumb\"},\"inLanguage\":\"es\",\"potentialAction\":[{\"@type\":\"ReadAction\",\"target\":[\"https:\\\/\\\/regask.com\\\/case-studies\\\/resources-case-studies-personal-care-cosmetics\\\/\"]}]},{\"@type\":\"BreadcrumbList\",\"@id\":\"https:\\\/\\\/regask.com\\\/case-studies\\\/resources-case-studies-personal-care-cosmetics\\\/#breadcrumb\",\"itemListElement\":[{\"@type\":\"ListItem\",\"position\":1,\"name\":\"Case Studies\",\"item\":\"https:\\\/\\\/regask.com\\\/case-studies\\\/\"},{\"@type\":\"ListItem\",\"position\":2,\"name\":\"Personal Care and Cosmetics\"}]},{\"@type\":\"WebSite\",\"@id\":\"https:\\\/\\\/regask.com\\\/#website\",\"url\":\"https:\\\/\\\/regask.com\\\/\",\"name\":\"RegASK\",\"description\":\"Empowering Smarter Regulatory Decisions\",\"publisher\":{\"@id\":\"https:\\\/\\\/regask.com\\\/#organization\"},\"potentialAction\":[{\"@type\":\"SearchAction\",\"target\":{\"@type\":\"EntryPoint\",\"urlTemplate\":\"https:\\\/\\\/regask.com\\\/?s={search_term_string}\"},\"query-input\":{\"@type\":\"PropertyValueSpecification\",\"valueRequired\":true,\"valueName\":\"search_term_string\"}}],\"inLanguage\":\"es\"},{\"@type\":\"Organization\",\"@id\":\"https:\\\/\\\/regask.com\\\/#organization\",\"name\":\"RegASK\",\"url\":\"https:\\\/\\\/regask.com\\\/\",\"logo\":{\"@type\":\"ImageObject\",\"inLanguage\":\"es\",\"@id\":\"https:\\\/\\\/regask.com\\\/#\\\/schema\\\/logo\\\/image\\\/\",\"url\":\"https:\\\/\\\/regask.com\\\/wp-content\\\/uploads\\\/2024\\\/10\\\/RegASK-Logo-Dark-Round.png\",\"contentUrl\":\"https:\\\/\\\/regask.com\\\/wp-content\\\/uploads\\\/2024\\\/10\\\/RegASK-Logo-Dark-Round.png\",\"width\":401,\"height\":401,\"caption\":\"RegASK\"},\"image\":{\"@id\":\"https:\\\/\\\/regask.com\\\/#\\\/schema\\\/logo\\\/image\\\/\"},\"sameAs\":[\"https:\\\/\\\/www.facebook.com\\\/RegASKRegulatoryAffairs\\\/\",\"https:\\\/\\\/x.com\\\/ASKRegASK\",\"https:\\\/\\\/www.linkedin.com\\\/company\\\/RegASK\\\/\",\"https:\\\/\\\/www.youtube.com\\\/playlist?list=PL6yPC6gFqelkHbOeyUVKjtHOZXZ2LQbJd\"]}]}<\/script>\n<!-- \/ Yoast SEO Premium plugin. -->","yoast_head_json":{"title":"Casos pr\u00e1cticos | Cosm\u00e9tica y cuidado personal | RegASK","description":"Lea c\u00f3mo RegASK brinda orientaci\u00f3n regulatoria sobre productos de cuidado personal y cosm\u00e9ticos, apoyo regulatorio para expansiones del mercado del cuidado de la piel y lanzamiento de productos de belleza.","robots":{"index":"noindex","follow":"follow"},"og_locale":"es_ES","og_type":"article","og_title":"Cosmetics & Personal Care | Regulatory Case Studies | RegASK","og_description":"Read how RegASK provides personal care & cosmetics product regulatory guidance, regulatory support for skin care market expansions & beauty product launch.","og_url":"https:\/\/regask.com\/es\/estudios-de-caso\/recursos-estudios-de-caso-cuidado-personal-cosmeticos\/","og_site_name":"RegASK","article_publisher":"https:\/\/www.facebook.com\/RegASKRegulatoryAffairs\/","article_modified_time":"2024-09-23T15:42:06+00:00","og_image":[{"width":331,"height":300,"url":"https:\/\/regask.com\/wp-content\/uploads\/2022\/11\/Helping-a-Small-Team-Achieve-Efficiency-Accuracy-and-Cost-Reduction-in-Monitoring-Cosmetics-Regulations.png","type":"image\/png"}],"twitter_card":"summary_large_image","twitter_title":"Cosmetics & Personal Care | Regulatory Case Studies | RegASK","twitter_description":"Read how RegASK provides personal care & cosmetics product regulatory guidance, regulatory support for skin care market expansions & beauty product launch.","twitter_image":"https:\/\/regask.com\/wp-content\/uploads\/2022\/11\/Helping-a-Small-Team-Achieve-Efficiency-Accuracy-and-Cost-Reduction-in-Monitoring-Cosmetics-Regulations.png","twitter_site":"@ASKRegASK","schema":{"@context":"https:\/\/schema.org","@graph":[{"@type":"WebPage","@id":"https:\/\/regask.com\/case-studies\/resources-case-studies-personal-care-cosmetics\/","url":"https:\/\/regask.com\/case-studies\/resources-case-studies-personal-care-cosmetics\/","name":"Casos pr\u00e1cticos | Cosm\u00e9tica y cuidado personal | RegASK","isPartOf":{"@id":"https:\/\/regask.com\/#website"},"datePublished":"2020-11-04T07:43:58+00:00","dateModified":"2024-09-23T15:42:06+00:00","description":"Lea c\u00f3mo RegASK brinda orientaci\u00f3n regulatoria sobre productos de cuidado personal y cosm\u00e9ticos, apoyo regulatorio para expansiones del mercado del cuidado de la piel y lanzamiento de productos de belleza.","breadcrumb":{"@id":"https:\/\/regask.com\/case-studies\/resources-case-studies-personal-care-cosmetics\/#breadcrumb"},"inLanguage":"es","potentialAction":[{"@type":"ReadAction","target":["https:\/\/regask.com\/case-studies\/resources-case-studies-personal-care-cosmetics\/"]}]},{"@type":"BreadcrumbList","@id":"https:\/\/regask.com\/case-studies\/resources-case-studies-personal-care-cosmetics\/#breadcrumb","itemListElement":[{"@type":"ListItem","position":1,"name":"Case Studies","item":"https:\/\/regask.com\/case-studies\/"},{"@type":"ListItem","position":2,"name":"Personal Care and Cosmetics"}]},{"@type":"WebSite","@id":"https:\/\/regask.com\/#website","url":"https:\/\/regask.com\/","name":"RegASK","description":"Habilitando decisiones regulatorias m\u00e1s inteligentes","publisher":{"@id":"https:\/\/regask.com\/#organization"},"potentialAction":[{"@type":"SearchAction","target":{"@type":"EntryPoint","urlTemplate":"https:\/\/regask.com\/?s={search_term_string}"},"query-input":{"@type":"PropertyValueSpecification","valueRequired":true,"valueName":"search_term_string"}}],"inLanguage":"es"},{"@type":"Organization","@id":"https:\/\/regask.com\/#organization","name":"RegASK","url":"https:\/\/regask.com\/","logo":{"@type":"ImageObject","inLanguage":"es","@id":"https:\/\/regask.com\/#\/schema\/logo\/image\/","url":"https:\/\/regask.com\/wp-content\/uploads\/2024\/10\/RegASK-Logo-Dark-Round.png","contentUrl":"https:\/\/regask.com\/wp-content\/uploads\/2024\/10\/RegASK-Logo-Dark-Round.png","width":401,"height":401,"caption":"RegASK"},"image":{"@id":"https:\/\/regask.com\/#\/schema\/logo\/image\/"},"sameAs":["https:\/\/www.facebook.com\/RegASKRegulatoryAffairs\/","https:\/\/x.com\/ASKRegASK","https:\/\/www.linkedin.com\/company\/RegASK\/","https:\/\/www.youtube.com\/playlist?list=PL6yPC6gFqelkHbOeyUVKjtHOZXZ2LQbJd"]}]}},"_links":{"self":[{"href":"https:\/\/regask.com\/es\/wp-json\/wp\/v2\/pages\/1670","targetHints":{"allow":["GET"]}}],"collection":[{"href":"https:\/\/regask.com\/es\/wp-json\/wp\/v2\/pages"}],"about":[{"href":"https:\/\/regask.com\/es\/wp-json\/wp\/v2\/types\/page"}],"author":[{"embeddable":true,"href":"https:\/\/regask.com\/es\/wp-json\/wp\/v2\/users\/39"}],"replies":[{"embeddable":true,"href":"https:\/\/regask.com\/es\/wp-json\/wp\/v2\/comments?post=1670"}],"version-history":[{"count":0,"href":"https:\/\/regask.com\/es\/wp-json\/wp\/v2\/pages\/1670\/revisions"}],"up":[{"embeddable":true,"href":"https:\/\/regask.com\/es\/wp-json\/wp\/v2\/pages\/548"}],"wp:attachment":[{"href":"https:\/\/regask.com\/es\/wp-json\/wp\/v2\/media?parent=1670"}],"curies":[{"name":"Gracias","href":"https:\/\/api.w.org\/{rel}","templated":true}]}}