{"id":5104,"date":"2024-04-11T12:50:32","date_gmt":"2024-04-11T04:50:32","guid":{"rendered":"https:\/\/regask.com\/?page_id=5104"},"modified":"2024-05-15T17:50:16","modified_gmt":"2024-05-15T09:50:16","slug":"regenio-tnc","status":"publish","type":"page","link":"https:\/\/regask.com\/es\/regenius-tnc\/","title":{"rendered":"T\u00e9rminos y condiciones de RegGenius"},"content":{"rendered":"<div id=\"gap-1509308047\" class=\"gap-element clearfix\" style=\"display:block; height:auto;\">\n\t\t\n<style>\n#gap-1509308047 {\n  padding-top: 30px;\n}\n<\/style>\n\t<\/div>\n\t\n<h1>Condiciones generales de contrataci\u00f3n \u2013 RegGenius<\/h1>\n<p>\u00daltima actualizaci\u00f3n el 15\/04\/2024<\/p>\n<p>Los siguientes t\u00e9rminos y condiciones generales (los \u201c<strong>Condiciones generales de contrataci\u00f3n<\/strong>\u201d) constituyen una parte integral del contrato celebrado entre usted (el \u201c<strong>Usuario<\/strong>\u201d, \u201d<strong>Usuarios<\/strong>\u201d) y RegASK Pte. Ltd. (\u201c<strong>RegGenius<\/strong>\u201d).<\/p>\n<p>\u00a0<\/p>\n<p class=\"lead\"><strong>1. Aviso legal<\/strong><\/p>\n<p>La informaci\u00f3n proporcionada por RegGenius es solo para fines informativos generales. Toda la informaci\u00f3n del Servicio se proporciona de buena fe; sin embargo, RegGenius no realiza declaraciones ni otorga garant\u00edas de ning\u00fan tipo, expresas o impl\u00edcitas, con respecto a la precisi\u00f3n, idoneidad, validez, confiabilidad, disponibilidad o integridad de cualquier informaci\u00f3n del Servicio.<\/p>\n<p>Bajo ninguna circunstancia RegGenius ser\u00e1 responsable ante el Usuario por cualquier p\u00e9rdida o da\u00f1o de cualquier tipo que se produzca como resultado del uso de RegGenius o de la confianza depositada en cualquier informaci\u00f3n proporcionada a trav\u00e9s de RegGenius. El uso del servicio de RegGenius por parte del Usuario y la confianza depositada en cualquier informaci\u00f3n proporcionada a trav\u00e9s de RegGenius se realizan exclusivamente por cuenta y riesgo del Usuario.<\/p>\n<p>El Servicio puede contener enlaces a otros sitios web o contenido perteneciente a terceros o procedente de ellos, o enlaces a sitios web y funciones en banners u otros anuncios publicitarios. Nosotros no investigamos, monitoreamos ni verificamos la exactitud, idoneidad, validez, confiabilidad, disponibilidad o integridad de dichos enlaces externos.<\/p>\n<p>\u00a0<\/p>\n<p class=\"lead\"><strong>2. Pautas de interacci\u00f3n del usuario<\/strong><\/p>\n<p><strong>2.1 Uso adecuado:<\/strong> El usuario acepta interactuar con RegGenius de una manera \u00e9tica, respetuosa y legal. RegGenius no debe utilizarse para ning\u00fan prop\u00f3sito ilegal, incluidos, entre otros, acoso, difamaci\u00f3n, invasi\u00f3n de la privacidad o cualquier otra conducta que se considere inapropiada.<\/p>\n<p><strong>2.2 Acciones Prohibidas:<\/strong> El usuario no debe utilizar RegGenius para:<br \/>\u2013 Enviar o transmitir contenido que contenga lenguaje expl\u00edcito u ofensivo.<br \/>\u2013 Suplantar la identidad de otros.<br \/>\u2013 Manipular o interferir con las operaciones o la prestaci\u00f3n de servicios de RegGenius.<br \/>\u2013 Introducir software malicioso o intentar vulnerar las medidas de seguridad de RegGenius o sistemas relacionados.<\/p>\n<p><strong>2.3 Seguimiento:<\/strong> RegGenius se reserva el derecho de supervisar las interacciones con RegGenius para garantizar el cumplimiento de estas pautas. Sin embargo, RegGenius no est\u00e1 obligado a supervisar o moderar todas las interacciones y conf\u00eda en que los usuarios mantengan un alto nivel de conducta.<\/p>\n<p><strong>2.4 Consecuencias del mal uso:<\/strong> El uso indebido de RegGenius puede resultar en la suspensi\u00f3n temporal o permanente del acceso a RegGenius. RegGenius se reserva el derecho de tomar medidas legales adicionales si es necesario.<\/p>\n<p>\u00a0<\/p>\n<p class=\"lead\"><strong>3. Descargo de responsabilidad sobre confidencialidad y sensibilidad<\/strong><\/p>\n<p>El Servicio puede ofrecer informaci\u00f3n que puede ser de naturaleza sensible y confidencial. Es responsabilidad del Usuario asegurarse de que el uso de dicha informaci\u00f3n cumpla con los requisitos legales, las pol\u00edticas de privacidad y los est\u00e1ndares \u00e9ticos aplicables a la organizaci\u00f3n del Usuario.<\/p>\n<p>Los usuarios deben tener precauci\u00f3n y considerar la sensibilidad de la informaci\u00f3n antes de solicitarla o utilizarla a trav\u00e9s de RegGenius.<\/p>\n<p>RegGenius se compromete a mantener la Informaci\u00f3n Confidencial en estricta confidencialidad y a tomar todas las precauciones razonables para proteger dicha Informaci\u00f3n Confidencial lo mejor que pueda, incluyendo, sin limitaci\u00f3n, no revelar dicha Informaci\u00f3n Confidencial a ning\u00fan tercero sin el consentimiento previo por escrito del Usuario.<\/p>\n<p>Las obligaciones de confidencialidad no se aplicar\u00e1n a ninguna informaci\u00f3n que: (a) sea o llegue a ser de conocimiento p\u00fablico sin incumplimiento de ninguna obligaci\u00f3n contra\u00edda con el Usuario; (b) fuera conocida por RegGenius antes de su divulgaci\u00f3n por el Usuario sin incumplimiento de ninguna obligaci\u00f3n contra\u00edda con el Usuario; (c) se reciba de un tercero sin incumplimiento de ninguna obligaci\u00f3n contra\u00edda con el Usuario; o (d) haya sido desarrollada independientemente por RegGenius sin referencia a la Informaci\u00f3n Confidencial.<\/p>\n<p>\u00a0<\/p>\n<p class=\"lead\"><strong>4. Descargo de responsabilidad por asesoramiento profesional<\/strong><\/p>\n<p>La informaci\u00f3n proporcionada por el Servicio no pretende ser ni debe tomarse como asesoramiento profesional. Si los Usuarios necesitan asesoramiento espec\u00edfico, consulten a un profesional autorizado o con conocimientos en esa \u00e1rea.<\/p>\n<p>\u00a0<\/p>\n<p class=\"lead\"><strong>5. Derechos de propiedad intelectual<\/strong><\/p>\n<p>Todos los derechos de propiedad intelectual relacionados con RegGenius, incluidos, entre otros, software, c\u00f3digo, interfaces, gr\u00e1ficos, dise\u00f1o, compilaci\u00f3n, informaci\u00f3n, datos, algoritmos y cualquier otro contenido, son propiedad de RegGenius o est\u00e1n autorizados por ella. Se otorga al Usuario una licencia no exclusiva, intransferible y revocable para utilizar RegGenius \u00fanicamente para sus operaciones comerciales internas. El Usuario reconoce que no tiene ning\u00fan derecho, t\u00edtulo o inter\u00e9s en el software, excepto seg\u00fan lo establecido expresamente en estos t\u00e9rminos. El Usuario acepta adem\u00e1s no modificar, adaptar, traducir, descompilar, realizar ingenier\u00eda inversa, desensamblar, intentar derivar el c\u00f3digo fuente o crear trabajos derivados de RegGenius, o permitir que otros lo hagan, excepto seg\u00fan lo permita la ley o con el consentimiento previo por escrito de RegGenius. Esta cl\u00e1usula sobrevivir\u00e1 a la terminaci\u00f3n o vencimiento del acuerdo comercial con el Usuario.<\/p>\n<p>\u00a0<\/p>\n<p class=\"lead\"><strong>6. Uso de datos y pol\u00edtica de privacidad<\/strong><\/p>\n<p><strong>6.1 Recopilaci\u00f3n de datos:<\/strong> RegGenius puede recopilar y procesar datos personales, incluidos, entre otros, nombre, direcci\u00f3n de correo electr\u00f3nico, ubicaci\u00f3n e historial de interacciones, para brindar servicios y mejorar la experiencia del usuario.<\/p>\n<p>El Usuario acepta que la lista mencionada anteriormente no pretende ser exhaustiva y es plenamente consciente de que RegGenius respeta la privacidad de todos los datos personales y asegura que todos los datos personales se mantendr\u00e1n de forma segura de acuerdo con la Ley de Protecci\u00f3n de Datos Personales de 2012 de Singapur (\u201cPDPA\u201d) y el Usuario est\u00e1 obligado a hacer lo mismo.<\/p>\n<p>El Usuario por la presente reconoce que es consciente de sus responsabilidades hacia la PDPA como Usuario de RegGenius y deber\u00e1 indemnizar a RegGenius por cualquier incumplimiento de la PDPA de su parte y acepta cumplir estrictamente con la PDPA.<\/p>\n<p><strong>6.2 Finalidad del uso de los datos:<\/strong> Los datos recogidos se utilizar\u00e1n para las siguientes finalidades:<br \/>\u2013 Personalizar la experiencia del usuario.<br \/>\u2013 Proporcionar la informaci\u00f3n y los servicios solicitados.<br \/>\u2013 Analizar las preferencias y el comportamiento de los usuarios para mejorar la funcionalidad del chatbot.<br \/>\u2013 Env\u00edo de materiales promocionales o actualizaciones con el consentimiento del usuario.<\/p>\n<p><strong>6.3 Protecci\u00f3n de datos:<\/strong> RegGenius se compromete a proteger los datos de los usuarios y garantizar su confidencialidad. Los datos no se divulgar\u00e1n a terceros sin el consentimiento del usuario, salvo que lo exija la ley.<\/p>\n<p><strong>6.4 Retenci\u00f3n de datos:<\/strong> Los datos del usuario se conservar\u00e1n \u00fanicamente durante el tiempo necesario para cumplir con los fines descritos en estos T\u00e9rminos y Condiciones Generales o seg\u00fan lo exija la ley.<\/p>\n<p><strong>6.5 Derechos del usuario:<\/strong> Los usuarios tienen derecho a acceder, rectificar o suprimir sus datos personales. Las solicitudes pueden realizarse a trav\u00e9s de los datos de contacto facilitados.<\/p>\n<p><strong>6.6 Medidas de seguridad:<\/strong> RegGenius implementar\u00e1 medidas t\u00e9cnicas y organizativas apropiadas para salvaguardar los datos del usuario contra acceso no autorizado, alteraci\u00f3n, divulgaci\u00f3n o destrucci\u00f3n.<\/p>\n<p><strong>6.7 Consentimiento:<\/strong> Al utilizar RegGenius, los usuarios consienten la recopilaci\u00f3n, procesamiento y uso de sus datos personales de acuerdo con estos T\u00e9rminos y Condiciones Generales.<\/p>\n<p><strong>6.8 Actualizaciones de la pol\u00edtica:<\/strong> Esta pol\u00edtica puede actualizarse peri\u00f3dicamente y los usuarios ser\u00e1n notificados de cualquier cambio material.<\/p>\n<p>\u00a0<\/p>\n<p class=\"lead\"><strong>7. Resoluci\u00f3n de disputas<\/strong><\/p>\n<p><strong>7.1 Negociaci\u00f3n:<\/strong> En caso de cualquier disputa o reclamaci\u00f3n que surja de o est\u00e9 relacionada con estos T\u00e9rminos y Condiciones Generales, las partes acuerdan intentar primero resolver la disputa de manera informal mediante negociaciones de buena fe.<\/p>\n<p><strong>7.2 Mediaci\u00f3n:<\/strong> Si las partes no pueden resolver la disputa dentro de los treinta (30) d\u00edas mediante negociaci\u00f3n, la Disputa debe ser presentada para mediaci\u00f3n en el Centro de Mediaci\u00f3n de Singapur (\u201cSMC\u201d) de acuerdo con el Procedimiento de Mediaci\u00f3n del SMC vigente en la fecha en que se inicia la mediaci\u00f3n. Los costos de la mediaci\u00f3n se repartir\u00e1n equitativamente entre las partes. Cada Parte de la mediaci\u00f3n debe estar representada por una persona con autoridad para negociar y resolver la Disputa. El SMC designar\u00e1 a un (1) mediador, la mediaci\u00f3n se llevar\u00e1 a cabo en Singapur en idioma ingl\u00e9s y cualquier acuerdo de soluci\u00f3n alcanzado ser\u00e1 vinculante para las Partes. Cualquiera de las Partes puede presentar una solicitud de mediaci\u00f3n al SMC, en cuyo caso la otra Parte o las Partes estar\u00e1n obligadas a participar en la mediaci\u00f3n dentro de los cuarenta y cinco (45) d\u00edas siguientes a la misma.<\/p>\n<p><strong>7.3 Arbitraje:<\/strong> Si las Partes no pueden resolver la Disputa mediante mediaci\u00f3n dentro de los treinta (30) d\u00edas a partir de la fecha en que sometan la Disputa a SMC, las Partes someter\u00e1n la Disputa a arbitraje administrado por el Centro de Arbitraje Internacional de Singapur (\u201cSIAC\u201d) de acuerdo con las Reglas de Arbitraje del SIAC vigentes en la fecha en que se inicia el arbitraje, reglas que se consideran incorporadas por referencia en esta cl\u00e1usula. La sede del arbitraje ser\u00e1 Singapur. El tribunal estar\u00e1 integrado por un (1) \u00e1rbitro. El idioma del arbitraje ser\u00e1 el ingl\u00e9s.<\/p>\n<p><strong>7.4 Ley aplicable:<\/strong> Este acuerdo se regir\u00e1 e interpretar\u00e1 de conformidad con las leyes de Singapur, sin tener en cuenta sus principios de conflicto de leyes.<\/p>\n<p><strong>7.5 Jurisdicci\u00f3n:<\/strong> Cualquier acci\u00f3n o procedimiento legal que surja de este acuerdo o est\u00e9 relacionado con \u00e9l se presentar\u00e1 exclusivamente en los tribunales de Singapur, y cada parte se somete irrevocablemente a la jurisdicci\u00f3n de dichos tribunales a los efectos de cualquier acci\u00f3n o procedimiento legal.<\/p>\n<p>Al utilizar el Servicio, los Usuarios aceptan las exenciones de responsabilidad y nos liberan de toda responsabilidad, p\u00e9rdida o da\u00f1o que pueda surgir.<\/p>","protected":false},"excerpt":{"rendered":"<p>General Terms and Conditions \u2013 RegGenius Last updated on 4\/15\/2024 The following general terms and conditions (the \u201cGeneral Terms and Conditions\u201d) constitute an integral part of the contract concluded between you (the \u201cUser\u201d, \u201dUsers\u201d) and RegASK Pte. Ltd. (\u201cRegGenius\u201d). \u00a0 1. Legal Disclaimer The information provided by RegGenius is for general informational purposes only. All&#8230;<\/p>","protected":false},"author":22,"featured_media":0,"parent":0,"menu_order":0,"comment_status":"closed","ping_status":"open","template":"","meta":{"_acf_changed":false,"footnotes":""},"class_list":["post-5104","page","type-page","status-publish","hentry"],"acf":[],"yoast_head":"<!-- This site is optimized with the Yoast SEO Premium plugin v27.3 (Yoast SEO v27.5) - https:\/\/yoast.com\/product\/yoast-seo-premium-wordpress\/ -->\n<title>RegGenius Terms and Conditions | RegASK | Curated Regulatory Intelligence<\/title>\n<meta name=\"description\" content=\"RegASK values the privacy and security of the information you share with us. Read more in our privacy policy page.\" \/>\n<meta name=\"robots\" content=\"index, follow, max-snippet:-1, max-image-preview:large, max-video-preview:-1\" \/>\n<link rel=\"canonical\" href=\"https:\/\/regask.com\/es\/regenio-tnc\/\" \/>\n<meta property=\"og:locale\" content=\"es_ES\" \/>\n<meta property=\"og:type\" content=\"article\" \/>\n<meta property=\"og:title\" content=\"RegGenius Terms and Conditions\" \/>\n<meta property=\"og:description\" content=\"RegASK values the privacy and security of the information you share with us. Read more in our privacy policy page.\" \/>\n<meta property=\"og:url\" content=\"https:\/\/regask.com\/es\/regenio-tnc\/\" \/>\n<meta property=\"og:site_name\" content=\"RegASK\" \/>\n<meta property=\"article:publisher\" content=\"https:\/\/www.facebook.com\/RegASKRegulatoryAffairs\/\" \/>\n<meta property=\"article:modified_time\" content=\"2024-05-15T09:50:16+00:00\" \/>\n<meta property=\"og:image\" content=\"https:\/\/regask.com\/wp-content\/uploads\/2024\/09\/Yoast-site-image-regask.jpg\" \/>\n\t<meta property=\"og:image:width\" content=\"1200\" \/>\n\t<meta property=\"og:image:height\" content=\"675\" \/>\n\t<meta property=\"og:image:type\" content=\"image\/jpeg\" \/>\n<meta name=\"twitter:card\" content=\"summary_large_image\" \/>\n<meta name=\"twitter:site\" content=\"@ASKRegASK\" \/>\n<meta name=\"twitter:label1\" content=\"Est. reading time\" \/>\n\t<meta name=\"twitter:data1\" content=\"7 minutos\" \/>\n<script type=\"application\/ld+json\" class=\"yoast-schema-graph\">{\"@context\":\"https:\\\/\\\/schema.org\",\"@graph\":[{\"@type\":\"WebPage\",\"@id\":\"https:\\\/\\\/regask.com\\\/regenius-tnc\\\/\",\"url\":\"https:\\\/\\\/regask.com\\\/regenius-tnc\\\/\",\"name\":\"RegGenius Terms and Conditions | RegASK | Curated Regulatory Intelligence\",\"isPartOf\":{\"@id\":\"https:\\\/\\\/regask.com\\\/#website\"},\"datePublished\":\"2024-04-11T04:50:32+00:00\",\"dateModified\":\"2024-05-15T09:50:16+00:00\",\"description\":\"RegASK values the privacy and security of the information you share with us. Read more in our privacy policy page.\",\"inLanguage\":\"es\",\"potentialAction\":[{\"@type\":\"ReadAction\",\"target\":[\"https:\\\/\\\/regask.com\\\/regenius-tnc\\\/\"]}]},{\"@type\":\"WebSite\",\"@id\":\"https:\\\/\\\/regask.com\\\/#website\",\"url\":\"https:\\\/\\\/regask.com\\\/\",\"name\":\"RegASK\",\"description\":\"Empowering Smarter Regulatory Decisions\",\"publisher\":{\"@id\":\"https:\\\/\\\/regask.com\\\/#organization\"},\"potentialAction\":[{\"@type\":\"SearchAction\",\"target\":{\"@type\":\"EntryPoint\",\"urlTemplate\":\"https:\\\/\\\/regask.com\\\/?s={search_term_string}\"},\"query-input\":{\"@type\":\"PropertyValueSpecification\",\"valueRequired\":true,\"valueName\":\"search_term_string\"}}],\"inLanguage\":\"es\"},{\"@type\":\"Organization\",\"@id\":\"https:\\\/\\\/regask.com\\\/#organization\",\"name\":\"RegASK\",\"url\":\"https:\\\/\\\/regask.com\\\/\",\"logo\":{\"@type\":\"ImageObject\",\"inLanguage\":\"es\",\"@id\":\"https:\\\/\\\/regask.com\\\/#\\\/schema\\\/logo\\\/image\\\/\",\"url\":\"https:\\\/\\\/regask.com\\\/wp-content\\\/uploads\\\/2024\\\/10\\\/RegASK-Logo-Dark-Round.png\",\"contentUrl\":\"https:\\\/\\\/regask.com\\\/wp-content\\\/uploads\\\/2024\\\/10\\\/RegASK-Logo-Dark-Round.png\",\"width\":401,\"height\":401,\"caption\":\"RegASK\"},\"image\":{\"@id\":\"https:\\\/\\\/regask.com\\\/#\\\/schema\\\/logo\\\/image\\\/\"},\"sameAs\":[\"https:\\\/\\\/www.facebook.com\\\/RegASKRegulatoryAffairs\\\/\",\"https:\\\/\\\/x.com\\\/ASKRegASK\",\"https:\\\/\\\/www.linkedin.com\\\/company\\\/RegASK\\\/\",\"https:\\\/\\\/www.youtube.com\\\/@RegASK\"]}]}<\/script>\n<!-- \/ Yoast SEO Premium plugin. -->","yoast_head_json":{"title":"T\u00e9rminos y condiciones de RegGenius | RegASK | Inteligencia regulatoria seleccionada","description":"RegASK valora la privacidad y seguridad de la informaci\u00f3n que comparte con nosotros. Lea m\u00e1s en nuestra p\u00e1gina de pol\u00edtica de privacidad.","robots":{"index":"index","follow":"follow","max-snippet":"max-snippet:-1","max-image-preview":"max-image-preview:large","max-video-preview":"max-video-preview:-1"},"canonical":"https:\/\/regask.com\/es\/regenio-tnc\/","og_locale":"es_ES","og_type":"article","og_title":"RegGenius Terms and Conditions","og_description":"RegASK values the privacy and security of the information you share with us. Read more in our privacy policy page.","og_url":"https:\/\/regask.com\/es\/regenio-tnc\/","og_site_name":"RegASK","article_publisher":"https:\/\/www.facebook.com\/RegASKRegulatoryAffairs\/","article_modified_time":"2024-05-15T09:50:16+00:00","og_image":[{"width":1200,"height":675,"url":"https:\/\/regask.com\/wp-content\/uploads\/2024\/09\/Yoast-site-image-regask.jpg","type":"image\/jpeg"}],"twitter_card":"summary_large_image","twitter_site":"@ASKRegASK","twitter_misc":{"Est. reading time":"7 minutos"},"schema":{"@context":"https:\/\/schema.org","@graph":[{"@type":"WebPage","@id":"https:\/\/regask.com\/regenius-tnc\/","url":"https:\/\/regask.com\/regenius-tnc\/","name":"T\u00e9rminos y condiciones de RegGenius | RegASK | Inteligencia regulatoria seleccionada","isPartOf":{"@id":"https:\/\/regask.com\/#website"},"datePublished":"2024-04-11T04:50:32+00:00","dateModified":"2024-05-15T09:50:16+00:00","description":"RegASK valora la privacidad y seguridad de la informaci\u00f3n que comparte con nosotros. Lea m\u00e1s en nuestra p\u00e1gina de pol\u00edtica de privacidad.","inLanguage":"es","potentialAction":[{"@type":"ReadAction","target":["https:\/\/regask.com\/regenius-tnc\/"]}]},{"@type":"WebSite","@id":"https:\/\/regask.com\/#website","url":"https:\/\/regask.com\/","name":"RegASK","description":"Habilitando decisiones regulatorias m\u00e1s inteligentes","publisher":{"@id":"https:\/\/regask.com\/#organization"},"potentialAction":[{"@type":"SearchAction","target":{"@type":"EntryPoint","urlTemplate":"https:\/\/regask.com\/?s={search_term_string}"},"query-input":{"@type":"PropertyValueSpecification","valueRequired":true,"valueName":"search_term_string"}}],"inLanguage":"es"},{"@type":"Organization","@id":"https:\/\/regask.com\/#organization","name":"RegASK","url":"https:\/\/regask.com\/","logo":{"@type":"ImageObject","inLanguage":"es","@id":"https:\/\/regask.com\/#\/schema\/logo\/image\/","url":"https:\/\/regask.com\/wp-content\/uploads\/2024\/10\/RegASK-Logo-Dark-Round.png","contentUrl":"https:\/\/regask.com\/wp-content\/uploads\/2024\/10\/RegASK-Logo-Dark-Round.png","width":401,"height":401,"caption":"RegASK"},"image":{"@id":"https:\/\/regask.com\/#\/schema\/logo\/image\/"},"sameAs":["https:\/\/www.facebook.com\/RegASKRegulatoryAffairs\/","https:\/\/x.com\/ASKRegASK","https:\/\/www.linkedin.com\/company\/RegASK\/","https:\/\/www.youtube.com\/@RegASK"]}]}},"_links":{"self":[{"href":"https:\/\/regask.com\/es\/wp-json\/wp\/v2\/pages\/5104","targetHints":{"allow":["GET"]}}],"collection":[{"href":"https:\/\/regask.com\/es\/wp-json\/wp\/v2\/pages"}],"about":[{"href":"https:\/\/regask.com\/es\/wp-json\/wp\/v2\/types\/page"}],"author":[{"embeddable":true,"href":"https:\/\/regask.com\/es\/wp-json\/wp\/v2\/users\/22"}],"replies":[{"embeddable":true,"href":"https:\/\/regask.com\/es\/wp-json\/wp\/v2\/comments?post=5104"}],"version-history":[{"count":0,"href":"https:\/\/regask.com\/es\/wp-json\/wp\/v2\/pages\/5104\/revisions"}],"wp:attachment":[{"href":"https:\/\/regask.com\/es\/wp-json\/wp\/v2\/media?parent=5104"}],"curies":[{"name":"Gracias","href":"https:\/\/api.w.org\/{rel}","templated":true}]}}