{"id":9468,"date":"2026-02-25T15:34:58","date_gmt":"2026-02-25T07:34:58","guid":{"rendered":"https:\/\/regask.com\/?page_id=9468"},"modified":"2026-02-25T16:17:43","modified_gmt":"2026-02-25T08:17:43","slug":"suscripcion-al-boletin-de-noticias-de-regask","status":"publish","type":"page","link":"https:\/\/regask.com\/es\/regask-newsletter-subscription\/","title":{"rendered":"Suscripci\u00f3n al bolet\u00edn informativo RegASK"},"content":{"rendered":"<section class=\"section\" id=\"section_708171678\">\n\t\t<div class=\"section-bg fill\" >\n\t\t\t<img loading=\"lazy\" decoding=\"async\" width=\"1332\" height=\"1395\" src=\"https:\/\/regask.com\/wp-content\/uploads\/2026\/02\/NL-BG.png\" class=\"bg attachment- size-\" alt=\"Pa\u00edses Bajos Bg\" \/>\t\t\t\t\t\t\n\t\t\t\n\n\t\t<\/div>\n\n\t\t\n\n\t\t<div class=\"section-content relative\">\n\t\t\t\n<span class=\"scroll-to\" data-label=\"Scroll to: #newsletter-form\" data-bullet=\"false\" data-link=\"#newsletter-form\" data-title=\"newsletter-form\"><a name=\"newsletter-form\"><\/a><\/span>\n<div class=\"row row-collapse align-middle\" style=\"max-width:1500px\" id=\"row-264005805\">\n\n\t<div id=\"col-323189392\" class=\"col medium-6 small-12 large-6\"  >\n\t\t\t\t<div class=\"col-inner\"  >\n\t\t\t\n\t\t\t\n<div class=\"row row-full-width align-equal align-center\"  id=\"row-253550087\">\n\n\t<div id=\"col-1111646085\" class=\"col medium-10 small-12 large-10\"  >\n\t\t\t\t<div class=\"col-inner\"  >\n\t\t\t\n\t\t\t\n\t<div id=\"text-2535105053\" class=\"text\">\n\t\t\n<p class=\"h4\">Inteligencia regulatoria, entregada semanalmente<\/p>\n\t\t\n<style>\n#text-2535105053 {\n  color: #c5caed;\n}\n#text-2535105053 > * {\n  color: #c5caed;\n}\n<\/style>\n\t<\/div>\n\t\n\t<div id=\"gap-365635669\" class=\"gap-element clearfix\" style=\"display:block; height:auto;\">\n\t\t\n<style>\n#gap-365635669 {\n  padding-top: 10px;\n}\n<\/style>\n\t<\/div>\n\t\n\t<div id=\"text-4268604965\" class=\"text\">\n\t\t\n<h1>5 Curados<br \/>Actualizaciones regulatorias.<br \/>Directamente a tu bandeja de entrada.<\/h1>\n\t\t\n<style>\n#text-4268604965 {\n  color: #ffffff;\n}\n#text-4268604965 > * {\n  color: #ffffff;\n}\n<\/style>\n\t<\/div>\n\t\n\t<div id=\"gap-1067270441\" class=\"gap-element clearfix\" style=\"display:block; height:auto;\">\n\t\t\n<style>\n#gap-1067270441 {\n  padding-top: 30px;\n}\n<\/style>\n\t<\/div>\n\t\n<div class=\"row\"  id=\"row-685965314\">\n\n\t<div id=\"col-1326269873\" class=\"col medium-6 small-12 large-6\"  >\n\t\t\t\t<div class=\"col-inner dark\"  >\n\t\t\t\n\t\t\t\n\t<div id=\"gap-184117746\" class=\"gap-element clearfix\" style=\"display:block; height:auto;\">\n\t\t\n<style>\n#gap-184117746 {\n  padding-top: 30px;\n}\n<\/style>\n\t<\/div>\n\t\n<p>Cada semana, analizamos cientos de actualizaciones regulatorias globales. <strong>Ciencias de la vida y productos de consumo,<\/strong> y seleccionar los cinco con el impacto operativo m\u00e1s claro.<\/p>\n<p><strong>Entregado en una lectura de 3 minutos.<\/strong><\/p>\n\t\t<\/div>\n\t\t\t\t\t<\/div>\n\n\t\n\n\t<div id=\"col-1776069401\" class=\"col medium-6 small-12 large-6\"  >\n\t\t\t\t<div class=\"col-inner\"  >\n\t\t\t\n\t\t\t\n\t<div class=\"img has-hover x md-x lg-x y md-y lg-y\" id=\"image_759096226\">\n\t\t\t\t\t\t\t\t<div class=\"img-inner dark\" >\n\t\t\t<img loading=\"lazy\" decoding=\"async\" width=\"332\" height=\"690\" src=\"https:\/\/regask.com\/wp-content\/uploads\/2026\/02\/Frame-62151.png\" class=\"attachment-large size-large\" alt=\"Marco 62151\" srcset=\"https:\/\/regask.com\/wp-content\/uploads\/2026\/02\/Frame-62151.png 332w, https:\/\/regask.com\/wp-content\/uploads\/2026\/02\/Frame-62151-330x686.png 330w, https:\/\/regask.com\/wp-content\/uploads\/2026\/02\/Frame-62151-6x12.png 6w\" sizes=\"auto, (max-width: 332px) 100vw, 332px\" \/>\t\t\t\t\t\t\n\t\t\t\t\t<\/div>\n\t\t\t\t\t\t\t\t\n<style>\n#image_759096226 {\n  width: 81%;\n}\n<\/style>\n\t<\/div>\n\t\n\t\t<\/div>\n\t\t\t\t\n<style>\n#col-1776069401 > .col-inner {\n  padding: 0px 0px 0px 0px;\n  margin: 0px 0px 0px 30px;\n}\n@media (min-width:550px) {\n  #col-1776069401 > .col-inner {\n    margin: 0px 0px 0px 0px;\n  }\n}\n<\/style>\n\t<\/div>\n\n\t\n<\/div>\n\t\t<\/div>\n\t\t\t\t\n<style>\n#col-1111646085 > .col-inner {\n  padding: 0px 0px 0px 0px;\n  margin: 0px 0px 0px 10px;\n}\n@media (min-width:550px) {\n  #col-1111646085 > .col-inner {\n    margin: 0px 0px 0px 50px;\n  }\n}\n<\/style>\n\t<\/div>\n\n\t\n<\/div>\n\t\t<\/div>\n\t\t\t\t\n<style>\n#col-323189392 > .col-inner {\n  padding: 0px 0px 0px 0px;\n  margin: 0px 0px 0px 0px;\n}\n@media (min-width:550px) {\n  #col-323189392 > .col-inner {\n    margin: 0px 0px 0px 0px;\n  }\n}\n<\/style>\n\t<\/div>\n\n\t\n\n\t<div id=\"col-1332773484\" class=\"col medium-5 small-12 large-5\"  >\n\t\t\t\t<div class=\"col-inner\"  >\n\t\t\t\n\t\t\t\n<div class=\"row align-middle align-center\"  id=\"row-101705715\">\n\n\t<div id=\"col-1140088598\" class=\"col small-12 large-12\"  data-animate=\"fadeInRight\">\n\t\t\t\t<div class=\"col-inner text-center box-shadow-2\" style=\"background-color:rgb(255, 255, 255);\" >\n\t\t\t\n\t\t\t\n<p class=\"h3\">Mant\u00e9ngase a la vanguardia de los cambios regulatorios.<\/p>\n<p>Obtenga el resumen semanal de inteligencia regulatoria.<\/p>\n<div class=\"row row-full-width align-middle align-center\"  id=\"row-58499854\">\n\n\t<div id=\"col-1092868210\" class=\"col medium-11 small-12 large-11\"  >\n\t\t\t\t<div class=\"col-inner text-center\"  >\n\t\t\t\n\t\t\t\n\n<p><script charset=\"utf-8\" type=\"text\/javascript\" src=\"\/\/js-na2.hsforms.net\/forms\/embed\/v2.js\"><\/script><br \/>\n<script>\n  hbspt.forms.create({\n    portalId: \"20908020\",\n    formId: \"2eb7a8f0-49a5-4bdc-bad5-8e716e603391\",\n    region: \"na2\"\n  });\n<\/script><br \/>\n\n\t\t<\/div>\n\t\t\t\t\n<style>\n#col-1092868210 > .col-inner {\n  margin: 0px 0px -50px 0px;\n}\n<\/style>\n\t<\/div>\n\n\t\n\n<style>\n#row-58499854 > .col > .col-inner {\n  padding: 0px 0px 0px 0px;\n}\n<\/style>\n<\/div>\n\t\t<\/div>\n\t\t\t\t\n<style>\n#col-1140088598 > .col-inner {\n  padding: 30px 30px 30px 30px;\n  border-radius: 16px;\n}\n<\/style>\n\t<\/div>\n\n\t\n<\/div>\n\t\t<\/div>\n\t\t\t\t\n<style>\n#col-1332773484 > .col-inner {\n  margin: 0px 0px 0px 0px;\n}\n@media (min-width:550px) {\n  #col-1332773484 > .col-inner {\n    margin: 0px 0px 0px -60px;\n  }\n}\n<\/style>\n\t<\/div>\n\n\t\n\n<style>\n#row-264005805 > .col > .col-inner {\n  padding: 120px 0px 0px 0px;\n}\n@media (min-width:550px) {\n  #row-264005805 > .col > .col-inner {\n    padding: 120px 0px 0px 100px;\n  }\n}\n<\/style>\n<\/div>\n<div class=\"row\" style=\"max-width:1100px\" id=\"row-565995198\">\n\n\t<div id=\"col-4106300\" class=\"col medium-5 small-12 large-5\"  >\n\t\t\t\t<div class=\"col-inner\"  >\n\t\t\t\n\t\t\t\n<h2>5 razones para registrarse<\/h2>\n<a href=\"http:\/\/regask.com\/es\/suscripcion-al-boletin-de-noticias-de-regask\/#newsletter-form\" class=\"button secondary\" style=\"border-radius:99px;\">\n\t\t<span>Reg\u00edstrate para recibir tu resumen semanal<\/span>\n\t<\/a>\n\n\t\t<\/div>\n\t\t\t\t\t<\/div>\n\n\t\n\n\t<div id=\"col-370652185\" class=\"col medium-7 small-12 large-7\"  >\n\t\t\t\t<div class=\"col-inner\"  >\n\t\t\t\n\t\t\t\n\n\t\t<div class=\"icon-box featured-box icon-box-left text-left\"  >\n\t\t\t\t\t<div class=\"icon-box-img\" style=\"width: 33px\">\n\t\t\t\t<div class=\"icon\">\n\t\t\t\t\t<div class=\"icon-inner\" >\n\t\t\t\t\t\t<img loading=\"lazy\" decoding=\"async\" width=\"30\" height=\"27\" src=\"https:\/\/regask.com\/wp-content\/uploads\/2026\/02\/Tick.png\" class=\"attachment-medium size-medium\" alt=\"Garrapata\" srcset=\"https:\/\/regask.com\/wp-content\/uploads\/2026\/02\/Tick.png 30w, https:\/\/regask.com\/wp-content\/uploads\/2026\/02\/Tick-13x12.png 13w\" sizes=\"auto, (max-width: 30px) 100vw, 30px\" \/>\t\t\t\t\t<\/div>\n\t\t\t\t<\/div>\n\t\t\t<\/div>\n\t\t\t\t<div class=\"icon-box-text last-reset\">\n\t\t\t\t\t\t\t\t\t\n<h3>Seleccionado de m\u00e1s de 100 reguladores globales<\/h3>\n<p>Nosotros controlamos el volumen para que usted no tenga que hacerlo.<\/p>\n\t\t<\/div>\n\t<\/div>\n\t\n\t\n\t<div id=\"gap-1278169185\" class=\"gap-element clearfix\" style=\"display:block; height:auto;\">\n\t\t\n<style>\n#gap-1278169185 {\n  padding-top: 20px;\n}\n<\/style>\n\t<\/div>\n\t\n\n\t\t<div class=\"icon-box featured-box icon-box-left text-left\"  >\n\t\t\t\t\t<div class=\"icon-box-img\" style=\"width: 33px\">\n\t\t\t\t<div class=\"icon\">\n\t\t\t\t\t<div class=\"icon-inner\" >\n\t\t\t\t\t\t<img loading=\"lazy\" decoding=\"async\" width=\"30\" height=\"27\" src=\"https:\/\/regask.com\/wp-content\/uploads\/2026\/02\/Tick.png\" class=\"attachment-medium size-medium\" alt=\"Garrapata\" srcset=\"https:\/\/regask.com\/wp-content\/uploads\/2026\/02\/Tick.png 30w, https:\/\/regask.com\/wp-content\/uploads\/2026\/02\/Tick-13x12.png 13w\" sizes=\"auto, (max-width: 30px) 100vw, 30px\" \/>\t\t\t\t\t<\/div>\n\t\t\t\t<\/div>\n\t\t\t<\/div>\n\t\t\t\t<div class=\"icon-box-text last-reset\">\n\t\t\t\t\t\t\t\t\t\n<h3>Visibilidad entre mercados<\/h3>\n<p>Mant\u00e9ngase alineado con los avances de EE. UU., la UE y APAC.<\/p>\n\t\t<\/div>\n\t<\/div>\n\t\n\t\n\t<div id=\"gap-1387027331\" class=\"gap-element clearfix\" style=\"display:block; height:auto;\">\n\t\t\n<style>\n#gap-1387027331 {\n  padding-top: 20px;\n}\n<\/style>\n\t<\/div>\n\t\n\n\t\t<div class=\"icon-box featured-box icon-box-left text-left\"  >\n\t\t\t\t\t<div class=\"icon-box-img\" style=\"width: 33px\">\n\t\t\t\t<div class=\"icon\">\n\t\t\t\t\t<div class=\"icon-inner\" >\n\t\t\t\t\t\t<img loading=\"lazy\" decoding=\"async\" width=\"30\" height=\"27\" src=\"https:\/\/regask.com\/wp-content\/uploads\/2026\/02\/Tick.png\" class=\"attachment-medium size-medium\" alt=\"Garrapata\" srcset=\"https:\/\/regask.com\/wp-content\/uploads\/2026\/02\/Tick.png 30w, https:\/\/regask.com\/wp-content\/uploads\/2026\/02\/Tick-13x12.png 13w\" sizes=\"auto, (max-width: 30px) 100vw, 30px\" \/>\t\t\t\t\t<\/div>\n\t\t\t\t<\/div>\n\t\t\t<\/div>\n\t\t\t\t<div class=\"icon-box-text last-reset\">\n\t\t\t\t\t\t\t\t\t\n<h3>Centrado en el impacto, no en los anuncios<\/h3>\n<p>Destacamos lo que afecta el cumplimiento, el etiquetado, las presentaciones y el acceso al mercado.<\/p>\n\t\t<\/div>\n\t<\/div>\n\t\n\t\n\t<div id=\"gap-2037747572\" class=\"gap-element clearfix\" style=\"display:block; height:auto;\">\n\t\t\n<style>\n#gap-2037747572 {\n  padding-top: 20px;\n}\n<\/style>\n\t<\/div>\n\t\n\n\t\t<div class=\"icon-box featured-box icon-box-left text-left\"  >\n\t\t\t\t\t<div class=\"icon-box-img\" style=\"width: 33px\">\n\t\t\t\t<div class=\"icon\">\n\t\t\t\t\t<div class=\"icon-inner\" >\n\t\t\t\t\t\t<img loading=\"lazy\" decoding=\"async\" width=\"30\" height=\"27\" src=\"https:\/\/regask.com\/wp-content\/uploads\/2026\/02\/Tick.png\" class=\"attachment-medium size-medium\" alt=\"Garrapata\" srcset=\"https:\/\/regask.com\/wp-content\/uploads\/2026\/02\/Tick.png 30w, https:\/\/regask.com\/wp-content\/uploads\/2026\/02\/Tick-13x12.png 13w\" sizes=\"auto, (max-width: 30px) 100vw, 30px\" \/>\t\t\t\t\t<\/div>\n\t\t\t\t<\/div>\n\t\t\t<\/div>\n\t\t\t\t<div class=\"icon-box-text last-reset\">\n\t\t\t\t\t\t\t\t\t\n<h3>Vea c\u00f3mo los equipos l\u00edderes se mantienen a la vanguardia<\/h3>\n<p>Nuestro resumen refleja la capa de inteligencia detr\u00e1s de la plataforma RegASK.<\/p>\n\t<div id=\"gap-1920749554\" class=\"gap-element clearfix\" style=\"display:block; height:auto;\">\n\t\t\n<style>\n#gap-1920749554 {\n  padding-top: 20px;\n}\n<\/style>\n\t<\/div>\n\t\n\t\t<\/div>\n\t<\/div>\n\t\n\t\n\n\t\t<div class=\"icon-box featured-box icon-box-left text-left\"  >\n\t\t\t\t\t<div class=\"icon-box-img\" style=\"width: 33px\">\n\t\t\t\t<div class=\"icon\">\n\t\t\t\t\t<div class=\"icon-inner\" >\n\t\t\t\t\t\t<img loading=\"lazy\" decoding=\"async\" width=\"30\" height=\"27\" src=\"https:\/\/regask.com\/wp-content\/uploads\/2026\/02\/Tick.png\" class=\"attachment-medium size-medium\" alt=\"Garrapata\" srcset=\"https:\/\/regask.com\/wp-content\/uploads\/2026\/02\/Tick.png 30w, https:\/\/regask.com\/wp-content\/uploads\/2026\/02\/Tick-13x12.png 13w\" sizes=\"auto, (max-width: 30px) 100vw, 30px\" \/>\t\t\t\t\t<\/div>\n\t\t\t\t<\/div>\n\t\t\t<\/div>\n\t\t\t\t<div class=\"icon-box-text last-reset\">\n\t\t\t\t\t\t\t\t\t\n<h3>Dise\u00f1ado para profesionales regulatorios ocupados<\/h3>\n<p>Conciso. Estructurado. Lectura r\u00e1pida.<\/p>\n\t\t<\/div>\n\t<\/div>\n\t\n\t\n\t\t<\/div>\n\t\t\t\t\t<\/div>\n\n\t\n\n<style>\n#row-565995198 > .col > .col-inner {\n  padding: 40px 0px 0px 0px;\n}\n<\/style>\n<\/div>\n\t\t<\/div>\n\n\t\t\n<style>\n#section_708171678 {\n  padding-top: 30px;\n  padding-bottom: 30px;\n}\n#section_708171678 .section-bg img {\n  object-position: 60% 49%;\n}\n<\/style>\n\t<\/section>\n\t\n\n\t<section class=\"section\" id=\"section_486080424\">\n\t\t<div class=\"section-bg fill\" >\n\t\t\t\t\t\t\t\t\t\n\t\t\t\n\n\t\t<\/div>\n\n\t\t\n\n\t\t<div class=\"section-content relative\">\n\t\t\t\n\t<div id=\"gap-1959231545\" class=\"gap-element clearfix\" style=\"display:block; height:auto;\">\n\t\t\n<style>\n#gap-1959231545 {\n  padding-top: 30px;\n}\n<\/style>\n\t<\/div>\n\t\n<div class=\"row align-center\"  id=\"row-1217474110\">\n\n\t<div id=\"col-33080\" class=\"col medium-10 small-12 large-10\"  >\n\t\t\t\t<div class=\"col-inner text-center\"  >\n\t\t\t\n\t\t\t\n\t<div id=\"text-2671894960\" class=\"text\">\n\t\t\n<h2>Acelere el cumplimiento con confianza<\/h2>\n<p>Descubra c\u00f3mo RegASK ayuda a las organizaciones a automatizar la inteligencia regulatoria, identificar riesgos de manera temprana y ejecutar estrategias de cumplimiento de manera eficiente en todos los mercados.<\/p>\n\t\t\n<style>\n#text-2671894960 {\n  text-align: center;\n}\n<\/style>\n\t<\/div>\n\t\n<a href=\"https:\/\/regask.com\/es\/reservar-una-demostracion\/\" target=\"_blank\" class=\"button secondary\" rel=\"noopener\" >\n\t\t<span>Reserva una demostraci\u00f3n con RegASK<\/span>\n\t<\/a>\n\n\t\t<\/div>\n\t\t\t\t\t<\/div>\n\n\t\n<\/div>\n\t\t<\/div>\n\n\t\t\n<style>\n#section_486080424 {\n  padding-top: 30px;\n  padding-bottom: 30px;\n  background-color: rgb(234, 232, 252);\n}\n<\/style>\n\t<\/section>","protected":false},"excerpt":{"rendered":"","protected":false},"author":32,"featured_media":0,"parent":0,"menu_order":0,"comment_status":"closed","ping_status":"closed","template":"page-transparent-header.php","meta":{"_acf_changed":false,"footnotes":""},"class_list":["post-9468","page","type-page","status-publish","hentry"],"acf":[],"yoast_head":"<!-- This site is optimized with the Yoast SEO Premium plugin v27.3 (Yoast SEO v27.4) - https:\/\/yoast.com\/product\/yoast-seo-premium-wordpress\/ -->\n<title>RegASK Newsletter Subscription for Regulatory Updates<\/title>\n<meta name=\"description\" content=\"Stay informed with the RegASK Newsletter Subscription for weekly updates on critical regulatory changes in Life Sciences and Consumer Products.\" \/>\n<meta name=\"robots\" content=\"index, follow, max-snippet:-1, max-image-preview:large, max-video-preview:-1\" \/>\n<link rel=\"canonical\" href=\"https:\/\/regask.com\/es\/suscripcion-al-boletin-de-noticias-de-regask\/\" \/>\n<meta property=\"og:locale\" content=\"es_ES\" \/>\n<meta property=\"og:type\" content=\"article\" \/>\n<meta property=\"og:title\" content=\"RegASK Newsletter Subscription\" \/>\n<meta property=\"og:description\" content=\"Stay informed with the RegASK Newsletter Subscription for weekly updates on critical regulatory changes in Life Sciences and Consumer Products.\" \/>\n<meta property=\"og:url\" content=\"https:\/\/regask.com\/es\/suscripcion-al-boletin-de-noticias-de-regask\/\" \/>\n<meta property=\"og:site_name\" content=\"RegASK\" \/>\n<meta property=\"article:publisher\" content=\"https:\/\/www.facebook.com\/RegASKRegulatoryAffairs\/\" \/>\n<meta property=\"article:modified_time\" content=\"2026-02-25T08:17:43+00:00\" \/>\n<meta property=\"og:image\" content=\"https:\/\/regask.com\/wp-content\/uploads\/2024\/07\/RegASK-Logo-White-Square-1.png\" \/>\n\t<meta property=\"og:image:width\" content=\"1212\" \/>\n\t<meta property=\"og:image:height\" content=\"1212\" \/>\n\t<meta property=\"og:image:type\" content=\"image\/png\" \/>\n<meta name=\"twitter:card\" content=\"summary_large_image\" \/>\n<meta name=\"twitter:site\" content=\"@ASKRegASK\" \/>\n<meta name=\"twitter:label1\" content=\"Est. reading time\" \/>\n\t<meta name=\"twitter:data1\" content=\"2 minutos\" \/>\n<script type=\"application\/ld+json\" class=\"yoast-schema-graph\">{\"@context\":\"https:\\\/\\\/schema.org\",\"@graph\":[{\"@type\":\"WebPage\",\"@id\":\"https:\\\/\\\/regask.com\\\/regask-newsletter-subscription\\\/\",\"url\":\"https:\\\/\\\/regask.com\\\/regask-newsletter-subscription\\\/\",\"name\":\"RegASK Newsletter Subscription for Regulatory Updates\",\"isPartOf\":{\"@id\":\"https:\\\/\\\/regask.com\\\/#website\"},\"datePublished\":\"2026-02-25T07:34:58+00:00\",\"dateModified\":\"2026-02-25T08:17:43+00:00\",\"description\":\"Stay informed with the RegASK Newsletter Subscription for weekly updates on critical regulatory changes in Life Sciences and Consumer Products.\",\"inLanguage\":\"es\",\"potentialAction\":[{\"@type\":\"ReadAction\",\"target\":[\"https:\\\/\\\/regask.com\\\/regask-newsletter-subscription\\\/\"]}]},{\"@type\":\"WebSite\",\"@id\":\"https:\\\/\\\/regask.com\\\/#website\",\"url\":\"https:\\\/\\\/regask.com\\\/\",\"name\":\"RegASK\",\"description\":\"Empowering Smarter Regulatory Decisions\",\"publisher\":{\"@id\":\"https:\\\/\\\/regask.com\\\/#organization\"},\"potentialAction\":[{\"@type\":\"SearchAction\",\"target\":{\"@type\":\"EntryPoint\",\"urlTemplate\":\"https:\\\/\\\/regask.com\\\/?s={search_term_string}\"},\"query-input\":{\"@type\":\"PropertyValueSpecification\",\"valueRequired\":true,\"valueName\":\"search_term_string\"}}],\"inLanguage\":\"es\"},{\"@type\":\"Organization\",\"@id\":\"https:\\\/\\\/regask.com\\\/#organization\",\"name\":\"RegASK\",\"url\":\"https:\\\/\\\/regask.com\\\/\",\"logo\":{\"@type\":\"ImageObject\",\"inLanguage\":\"es\",\"@id\":\"https:\\\/\\\/regask.com\\\/#\\\/schema\\\/logo\\\/image\\\/\",\"url\":\"https:\\\/\\\/regask.com\\\/wp-content\\\/uploads\\\/2024\\\/10\\\/RegASK-Logo-Dark-Round.png\",\"contentUrl\":\"https:\\\/\\\/regask.com\\\/wp-content\\\/uploads\\\/2024\\\/10\\\/RegASK-Logo-Dark-Round.png\",\"width\":401,\"height\":401,\"caption\":\"RegASK\"},\"image\":{\"@id\":\"https:\\\/\\\/regask.com\\\/#\\\/schema\\\/logo\\\/image\\\/\"},\"sameAs\":[\"https:\\\/\\\/www.facebook.com\\\/RegASKRegulatoryAffairs\\\/\",\"https:\\\/\\\/x.com\\\/ASKRegASK\",\"https:\\\/\\\/www.linkedin.com\\\/company\\\/RegASK\\\/\",\"https:\\\/\\\/www.youtube.com\\\/playlist?list=PL6yPC6gFqelkHbOeyUVKjtHOZXZ2LQbJd\"]}]}<\/script>\n<!-- \/ Yoast SEO Premium plugin. -->","yoast_head_json":{"title":"Suscripci\u00f3n al bolet\u00edn informativo RegASK para actualizaciones regulatorias","description":"Mant\u00e9ngase informado con la suscripci\u00f3n al bolet\u00edn RegASK para recibir actualizaciones semanales sobre cambios regulatorios cr\u00edticos en ciencias biol\u00f3gicas y productos de consumo.","robots":{"index":"index","follow":"follow","max-snippet":"max-snippet:-1","max-image-preview":"max-image-preview:large","max-video-preview":"max-video-preview:-1"},"canonical":"https:\/\/regask.com\/es\/suscripcion-al-boletin-de-noticias-de-regask\/","og_locale":"es_ES","og_type":"article","og_title":"RegASK Newsletter Subscription","og_description":"Stay informed with the RegASK Newsletter Subscription for weekly updates on critical regulatory changes in Life Sciences and Consumer Products.","og_url":"https:\/\/regask.com\/es\/suscripcion-al-boletin-de-noticias-de-regask\/","og_site_name":"RegASK","article_publisher":"https:\/\/www.facebook.com\/RegASKRegulatoryAffairs\/","article_modified_time":"2026-02-25T08:17:43+00:00","og_image":[{"width":1212,"height":1212,"url":"https:\/\/regask.com\/wp-content\/uploads\/2024\/07\/RegASK-Logo-White-Square-1.png","type":"image\/png"}],"twitter_card":"summary_large_image","twitter_site":"@ASKRegASK","twitter_misc":{"Est. reading time":"2 minutos"},"schema":{"@context":"https:\/\/schema.org","@graph":[{"@type":"WebPage","@id":"https:\/\/regask.com\/regask-newsletter-subscription\/","url":"https:\/\/regask.com\/regask-newsletter-subscription\/","name":"Suscripci\u00f3n al bolet\u00edn informativo RegASK para actualizaciones regulatorias","isPartOf":{"@id":"https:\/\/regask.com\/#website"},"datePublished":"2026-02-25T07:34:58+00:00","dateModified":"2026-02-25T08:17:43+00:00","description":"Mant\u00e9ngase informado con la suscripci\u00f3n al bolet\u00edn RegASK para recibir actualizaciones semanales sobre cambios regulatorios cr\u00edticos en ciencias biol\u00f3gicas y productos de consumo.","inLanguage":"es","potentialAction":[{"@type":"ReadAction","target":["https:\/\/regask.com\/regask-newsletter-subscription\/"]}]},{"@type":"WebSite","@id":"https:\/\/regask.com\/#website","url":"https:\/\/regask.com\/","name":"RegASK","description":"Habilitando decisiones regulatorias m\u00e1s inteligentes","publisher":{"@id":"https:\/\/regask.com\/#organization"},"potentialAction":[{"@type":"SearchAction","target":{"@type":"EntryPoint","urlTemplate":"https:\/\/regask.com\/?s={search_term_string}"},"query-input":{"@type":"PropertyValueSpecification","valueRequired":true,"valueName":"search_term_string"}}],"inLanguage":"es"},{"@type":"Organization","@id":"https:\/\/regask.com\/#organization","name":"RegASK","url":"https:\/\/regask.com\/","logo":{"@type":"ImageObject","inLanguage":"es","@id":"https:\/\/regask.com\/#\/schema\/logo\/image\/","url":"https:\/\/regask.com\/wp-content\/uploads\/2024\/10\/RegASK-Logo-Dark-Round.png","contentUrl":"https:\/\/regask.com\/wp-content\/uploads\/2024\/10\/RegASK-Logo-Dark-Round.png","width":401,"height":401,"caption":"RegASK"},"image":{"@id":"https:\/\/regask.com\/#\/schema\/logo\/image\/"},"sameAs":["https:\/\/www.facebook.com\/RegASKRegulatoryAffairs\/","https:\/\/x.com\/ASKRegASK","https:\/\/www.linkedin.com\/company\/RegASK\/","https:\/\/www.youtube.com\/playlist?list=PL6yPC6gFqelkHbOeyUVKjtHOZXZ2LQbJd"]}]}},"_links":{"self":[{"href":"https:\/\/regask.com\/es\/wp-json\/wp\/v2\/pages\/9468","targetHints":{"allow":["GET"]}}],"collection":[{"href":"https:\/\/regask.com\/es\/wp-json\/wp\/v2\/pages"}],"about":[{"href":"https:\/\/regask.com\/es\/wp-json\/wp\/v2\/types\/page"}],"author":[{"embeddable":true,"href":"https:\/\/regask.com\/es\/wp-json\/wp\/v2\/users\/32"}],"replies":[{"embeddable":true,"href":"https:\/\/regask.com\/es\/wp-json\/wp\/v2\/comments?post=9468"}],"version-history":[{"count":0,"href":"https:\/\/regask.com\/es\/wp-json\/wp\/v2\/pages\/9468\/revisions"}],"wp:attachment":[{"href":"https:\/\/regask.com\/es\/wp-json\/wp\/v2\/media?parent=9468"}],"curies":[{"name":"Gracias","href":"https:\/\/api.w.org\/{rel}","templated":true}]}}