{"id":3,"date":"2018-09-13T09:04:25","date_gmt":"2018-09-13T08:04:25","guid":{"rendered":"https:\/\/regask.com\/?page_id=3"},"modified":"2026-03-19T15:06:00","modified_gmt":"2026-03-19T07:06:00","slug":"politique-de-confidentialite","status":"publish","type":"page","link":"https:\/\/regask.com\/fr\/privacy-policy\/","title":{"rendered":"politique de confidentialit\u00e9"},"content":{"rendered":"<h1>Politique de confidentialit\u00e9<\/h1>\n<p>Derni\u00e8re mise \u00e0 jour\u00a0: 8 juillet 2025<\/p>\n<p>\u00a0<\/p>\n<h2>1. Introduction\u00a0<\/h2>\n<p>Chez RegASK, nous nous engageons \u00e0 prot\u00e9ger votre vie priv\u00e9e et \u00e0 garantir un traitement responsable de vos donn\u00e9es personnelles. Cette politique de confidentialit\u00e9 d\u00e9crit la mani\u00e8re dont nous collectons, utilisons, divulguons et prot\u00e9geons vos informations personnelles, conform\u00e9ment au R\u00e8glement g\u00e9n\u00e9ral sur la protection des donn\u00e9es (RGPD), \u00e0 la loi singapourienne sur la protection des donn\u00e9es personnelles (PDPA) et aux autres lois internationales applicables en mati\u00e8re de protection des donn\u00e9es.\u00a0<\/p>\n<p>\u00a0<\/p>\n<h2>2. Qui sommes-nous\u00a0<\/h2>\n<p>RegASK Pte Ltd\u00a0<br \/>79 Science Park Drive #06-01, #1 Cintech IV, Science Park, 118264\u00a0<br \/>Singapour\u00a0<\/p>\n<p>Si vous avez des questions sur cette politique ou sur vos donn\u00e9es personnelles, vous pouvez contacter notre d\u00e9l\u00e9gu\u00e9 \u00e0 la protection des donn\u00e9es (DPD) \u00e0 l&#039;adresse suivante : <a href=\"mailto:dpo@regask.com\">dpo@regask.com<\/a> (Les candidatures, ainsi que toute demande sans rapport avec le contenu de cette page de politique de confidentialit\u00e9, doivent \u00eatre envoy\u00e9es \u00e0 dpo@regask.com)<br \/>ne sera pas trait\u00e9).<\/p>\n<p>\u00a0<\/p>\n<h2>3. Quelles donn\u00e9es personnelles nous collectons\u00a0<\/h2>\n<p>En fonction de vos interactions avec nous, nous pouvons collecter les donn\u00e9es suivantes :\u00a0<\/p>\n<ul>\n<li>Donn\u00e9es d&#039;identit\u00e9 : nom, fonction, entreprise, lieu<\/li>\n<li>Coordonn\u00e9es : Adresse e-mail, num\u00e9ro de t\u00e9l\u00e9phone, adresse postale<\/li>\n<li>Donn\u00e9es techniques : adresse IP, type de navigateur, syst\u00e8me d&#039;exploitation, localisation<\/li>\n<li>Donn\u00e9es d&#039;utilisation : pages visit\u00e9es, interactions, pr\u00e9f\u00e9rences<\/li>\n<li>Donn\u00e9es marketing et communication : Vos pr\u00e9f\u00e9rences en mati\u00e8re de r\u00e9ception de communications de notre part<\/li>\n<li>Donn\u00e9es d&#039;enqu\u00eate et d&#039;\u00e9v\u00e9nement\u00a0: r\u00e9ponses aux enqu\u00eates, inscriptions aux webinaires\/\u00e9v\u00e9nements\u00a0<\/li>\n<\/ul>\n<p>Nous pouvons \u00e9galement collecter des donn\u00e9es \u00e0 partir de plateformes tierces (par exemple, LinkedIn) conform\u00e9ment \u00e0 leurs conditions.\u00a0<\/p>\n<p>\u00a0<\/p>\n<h2>4. Comment nous utilisons vos donn\u00e9es personnelles\u00a0<\/h2>\n<p>Nous traitons vos donn\u00e9es personnelles aux fins suivantes et sur la base des bases l\u00e9gales correspondantes :\u00a0<\/p>\n<p><strong>Finalit\u00e9 \/ Base juridique\u00a0<\/strong><\/p>\n<ul>\n<li>Pour vous donner acc\u00e8s \u00e0 nos services et \u00e0 notre plateforme \/ Ex\u00e9cution d&#039;un contrat\u00a0<\/li>\n<li>Pour r\u00e9pondre \u00e0 vos demandes de renseignements et d&#039;assistance \/ Int\u00e9r\u00eat l\u00e9gitime<\/li>\n<li>Pour vous envoyer des alertes r\u00e9glementaires, des newsletters et des informations \/ Consentement<\/li>\n<li>Pour personnaliser votre exp\u00e9rience sur notre site Web \/ Consentement<\/li>\n<li>Pour analyser l&#039;utilisation du site Web et am\u00e9liorer les fonctionnalit\u00e9s \/ Int\u00e9r\u00eat l\u00e9gitime<\/li>\n<li>Se conformer aux obligations l\u00e9gales \/ Obligation l\u00e9gale\u00a0<\/li>\n<\/ul>\n<p>Vous pouvez retirer votre consentement \u00e0 tout moment en nous contactant.<\/p>\n<p>\u00a0<\/p>\n<h2>5. Divulgation de vos informations\u00a0<\/h2>\n<p>Nous pouvons partager vos informations avec :\u00a0<\/p>\n<ul>\n<li>Fournisseurs de services (par exemple, h\u00e9bergement cloud, plateformes CRM comme Salesforce\/HubSpot)<\/li>\n<li>Partenaires d&#039;\u00e9v\u00e9nements et d&#039;enqu\u00eates<\/li>\n<li>Conseillers professionnels (par exemple, auditeurs, conseillers juridiques)<\/li>\n<li>Les autorit\u00e9s si la loi l&#039;exige\u00a0<\/li>\n<\/ul>\n<p>Lors du transfert de donn\u00e9es \u00e0 l&#039;international, notamment depuis l&#039;UE\/EEE, nous garantissons la conformit\u00e9 au moyen de clauses contractuelles types (CCT) ou de garanties \u00e9quivalentes.<\/p>\n<p>\u00a0<\/p>\n<h2>6. Cookies et technologies de suivi\u00a0<\/h2>\n<p>Notre site Web utilise des cookies et des technologies similaires pour am\u00e9liorer l&#039;exp\u00e9rience utilisateur et recueillir des analyses.\u00a0<br \/>Vous pouvez en savoir plus sur notre politique en mati\u00e8re de cookies ou g\u00e9rer vos pr\u00e9f\u00e9rences en mati\u00e8re de cookies via notre bouton Cookie Oui ou les param\u00e8tres de votre navigateur.\u00a0<\/p>\n<p>\u00a0<\/p>\n<h2>7. Vos droits\u00a0<\/h2>\n<h3>Conform\u00e9ment au RGPD (pour les r\u00e9sidents de l&#039;EEE\/du Royaume-Uni)\u00a0:\u00a0<\/h3>\n<ul>\n<li>Droit d&#039;acc\u00e8s \u00e0 vos donn\u00e9es<\/li>\n<li>Droit de rectification des donn\u00e9es inexactes<\/li>\n<li>Droit \u00e0 l&#039;effacement (\u00ab droit \u00e0 l&#039;oubli \u00bb)<\/li>\n<li>Droit de restreindre ou de s&#039;opposer au traitement<\/li>\n<li>Droit \u00e0 la portabilit\u00e9 des donn\u00e9es<\/li>\n<li>Droit de d\u00e9poser une plainte aupr\u00e8s d&#039;une autorit\u00e9 de contr\u00f4le\u00a0<\/li>\n<\/ul>\n<h3>En vertu de la PDPA (pour les r\u00e9sidents de Singapour)\u00a0:\u00a0<\/h3>\n<ul>\n<li>Droit d&#039;acc\u00e8s et de rectification des donn\u00e9es personnelles<\/li>\n<li>Droit de retirer son consentement\u00a0<\/li>\n<\/ul>\n<p>Pour exercer l&#039;un de ces droits, envoyez-nous un e-mail \u00e0 <a href=\"mailto:dpo@regask.com\">dpo@regask.com. <\/a>(Les candidatures d&#039;emploi, ainsi que toute demande sans rapport avec le contenu de cette page de politique de confidentialit\u00e9, envoy\u00e9es \u00e0 dpo@regask.com ne seront pas trait\u00e9es.)<\/p>\n<h2>8. S\u00e9curit\u00e9 des donn\u00e9es\u00a0<\/h2>\n<p>Nous mettons en \u0153uvre des mesures techniques et organisationnelles appropri\u00e9es, notamment le cryptage, des serveurs s\u00e9curis\u00e9s et un contr\u00f4le d&#039;acc\u00e8s bas\u00e9 sur les r\u00f4les, pour prot\u00e9ger vos donn\u00e9es personnelles.<\/p>\n<p>\u00a0<\/p>\n<h2>9. Conservation des donn\u00e9es\u00a0<\/h2>\n<p>Nous conservons vos donn\u00e9es uniquement le temps n\u00e9cessaire aux fins d\u00e9crites ci-dessus ou conform\u00e9ment \u00e0 la loi. Lorsqu&#039;elles ne sont plus n\u00e9cessaires, vos donn\u00e9es sont supprim\u00e9es de mani\u00e8re s\u00e9curis\u00e9e ou anonymis\u00e9es.<\/p>\n<p>\u00a0<\/p>\n<h2>10. Transferts internationaux de donn\u00e9es\u00a0<\/h2>\n<p>Si n\u00e9cessaire, nous garantissons des garanties appropri\u00e9es (telles que les SCC) pour les transferts internationaux de donn\u00e9es, en particulier lors du d\u00e9placement de donn\u00e9es entre l&#039;UE et Singapour.<\/p>\n<p>\u00a0<\/p>\n<h2>11. Vie priv\u00e9e des enfants\u00a0<\/h2>\n<p>RegASK ne collecte pas sciemment de donn\u00e9es personnelles aupr\u00e8s de personnes de moins de 16 ans. Si nous apprenons que nous avons collect\u00e9 de telles donn\u00e9es, nous prendrons les mesures appropri\u00e9es pour les supprimer.<\/p>\n<p>\u00a0<\/p>\n<h2>12. Mises \u00e0 jour de cette politique\u00a0<\/h2>\n<p>Nous sommes susceptibles de mettre \u00e0 jour cette Politique de confidentialit\u00e9 de temps \u00e0 autre afin de refl\u00e9ter l&#039;\u00e9volution de la l\u00e9gislation ou de nos pratiques. La derni\u00e8re version sera toujours disponible sur cette page. Nous vous encourageons \u00e0 la consulter r\u00e9guli\u00e8rement.\u00a0<\/p>\n<p>\u00a0<\/p>\n<p><strong>Si vous avez des pr\u00e9occupations ou des r\u00e9clamations, veuillez contacter notre DPD \u00e0 l&#039;adresse <a href=\"mailto:dpo@regask.com\">dpo@regask.com<\/a>. Nous vous r\u00e9pondrons rapidement et avec respect. Les candidatures, ainsi que toute demande sans lien avec le contenu de cette page relative \u00e0 la politique de confidentialit\u00e9, doivent \u00eatre envoy\u00e9es \u00e0 dpo@regask.com.<br \/>ne sera pas trait\u00e9.<\/strong><\/p>\n\t<div id=\"text-3323634797\" class=\"text hidden\">\n\t\t\n<h1>Politique de confidentialit\u00e9<\/h1>\n<p>Derni\u00e8re mise \u00e0 jour le 10\/04\/2019<\/p>\n<h4>RegASK accorde une grande importance \u00e0 la confidentialit\u00e9 et \u00e0 la s\u00e9curit\u00e9 des informations que vous partagez avec nous.<\/h4>\n<p>Il est important que vous compreniez comment nous collectons, utilisons et conservons vos informations. Cette politique de confidentialit\u00e9 traite des informations personnelles identifiables (appel\u00e9es \u00ab Donn\u00e9es \u00bb ci-dessous) que nous pouvons collecter sur notre site. Cette politique ne s&#039;applique pas aux autres entit\u00e9s que nous ne poss\u00e9dons pas ou ne contr\u00f4lons pas, ni aux personnes qui ne sont pas nos employ\u00e9s, nos agents ou qui ne sont pas sous notre contr\u00f4le.<\/p>\n<p>En utilisant le site Web RegASK ou en utilisant l&#039;un des services RegASK, vous acceptez les termes de cette politique de confidentialit\u00e9.<\/p>\n<p>Quels types de donn\u00e9es collectons-nous :<\/p>\n<h4>Informations personnelles<\/h4>\n<p>Lors de l&#039;utilisation de notre site Web, nous pouvons vous demander de nous fournir des informations personnelles identifiables. Il s&#039;agit notamment de votre nom, de vos coordonn\u00e9es, de votre adresse e-mail et de votre URL, de votre num\u00e9ro de t\u00e9l\u00e9phone, du nom d&#039;utilisateur de votre compte ainsi que d&#039;autres informations similaires.<\/p>\n<p>Nous pouvons utiliser vos informations personnelles pour r\u00e9pondre \u00e0 vos demandes, vous contacter avec des newsletters ou vous informer d&#039;\u00e9v\u00e9nements li\u00e9s au marketing. Vous pouvez choisir de ne recevoir aucune ou toutes ces communications.<\/p>\n<p>Ces informations ne sont collect\u00e9es aupr\u00e8s de vous que si vous nous les soumettez volontairement.<\/p>\n<h4>Informations non personnelles<\/h4>\n<p>Nous recueillons des informations statistiques et autres informations analytiques collect\u00e9es sur une base globale aupr\u00e8s de tous les visiteurs de notre site Web. Ces donn\u00e9es non personnelles comprennent des informations qui ne peuvent pas \u00eatre utilis\u00e9es pour vous identifier ou vous contacter, telles que des informations d\u00e9mographiques concernant, par exemple, les adresses IP des utilisateurs lorsqu&#039;elles ont \u00e9t\u00e9 coup\u00e9es ou anonymis\u00e9es, les types de navigateur et d&#039;autres donn\u00e9es statistiques anonymes impliquant l&#039;utilisation de notre site Web.<\/p>\n<h4>\u00c0 quelles fins vos donn\u00e9es sont-elles utilis\u00e9es\u00a0:<\/h4>\n<p>Gr\u00e2ce aux donn\u00e9es stock\u00e9es sur notre site, nous vous identifions en tant que client\/abonn\u00e9\/patron et vous livrons des produits\/avis et autres supports marketing. En tant que visiteur, vous n&#039;\u00eates pas autoris\u00e9 \u00e0 acheter un produit, \u00e0 vous abonner \u00e0 une newsletter ou \u00e0 faire un commentaire de mani\u00e8re anonyme. Ces donn\u00e9es sont donc le seul moyen de vous identifier et de vous permettre d&#039;effectuer ces actions sur notre site.<\/p>\n<h4>Fournisseurs de services<\/h4>\n<p>Nous pouvons faire appel \u00e0 des soci\u00e9t\u00e9s et \u00e0 des particuliers tiers pour faciliter nos services et ex\u00e9cuter des services li\u00e9s aux services ou pour nous aider \u00e0 analyser la mani\u00e8re dont notre service est utilis\u00e9.<\/p>\n<p>Ces tiers ont acc\u00e8s \u00e0 vos donn\u00e9es personnelles uniquement pour effectuer ces t\u00e2ches en notre nom et sont tenus de ne pas les divulguer ni de les utiliser \u00e0 d&#039;autres fins.<\/p>\n<h4>Google Analytics<\/h4>\n<p>Google Analytics est un service d&#039;analyse de site Internet propos\u00e9 par Google qui permet de suivre et de signaler le trafic sur un site Internet. Google peut utiliser les donn\u00e9es collect\u00e9es pour contextualiser et personnaliser les annonces de son propre r\u00e9seau publicitaire. Vous pouvez refuser que votre activit\u00e9 sur le Service soit mise \u00e0 la disposition de Google Analytics en installant le module compl\u00e9mentaire de navigateur pour la d\u00e9sactivation de Google Analytics.<\/p>\n<h4>HubSpot<\/h4>\n<p>Nous utilisons HubSpot pour envoyer des e-mails concernant des conseils marketing et des \u00e9v\u00e9nements \u00e0 venir. Chaque e-mail contient un lien de d\u00e9sabonnement pour que vous puissiez vous d\u00e9sinscrire \u00e0 tout moment.<\/p>\n<h4>Hotjar<\/h4>\n<p>Nous utilisons Hotjar pour collecter et analyser les donn\u00e9es sur le comportement des utilisateurs concernant l&#039;utilisation du site Web.<\/p>\n<h4>LIENS DE TIERS SUR NOTRE SITE<\/h4>\n<p>En ce qui concerne les liens de tiers vers des produits et services sur notre site Web, nous n&#039;assumons aucune responsabilit\u00e9 quant au contenu et aux activit\u00e9s de ces sites li\u00e9s. Les sites tiers ont leurs propres politiques de confidentialit\u00e9.<\/p>\n<h4>S\u00e9curit\u00e9 des donn\u00e9es :<\/h4>\n<p>Bien que nous nous efforcions d\u2019utiliser des moyens commercialement acceptables pour prot\u00e9ger vos donn\u00e9es personnelles, nous ne pouvons pas garantir qu\u2019elles sont absolument s\u00e9curis\u00e9es.<\/p>\n<p>Si, dans tous les cas, une violation de donn\u00e9es telle qu&#039;une perte, une alt\u00e9ration, une divulgation ou un acc\u00e8s non autoris\u00e9, une transmission de donn\u00e9es personnelles, un stockage ou un autre traitement se produit, nous vous en informerons imm\u00e9diatement apr\u00e8s en avoir pris connaissance.<\/p>\n<h4>Ce que font nos cookies sur votre navigateur :<\/h4>\n<p>RegASK utilise des cookies pour identifier et suivre les visiteurs, leurs actions sur le site et leurs pr\u00e9f\u00e9rences d&#039;acc\u00e8s au site Web. Les visiteurs du site RegASK qui ne souhaitent pas que des cookies soient plac\u00e9s sur leur navigateur doivent d\u00e9sactiver les cookies lorsqu&#039;ils utilisent RegASK.com.<\/p>\n<h4>Signaux \u00ab\u00a0Ne pas suivre\u00a0\u00bb<\/h4>\n<p>Do Not Track (\u00ab DNT \u00bb) est une pr\u00e9f\u00e9rence que vous pouvez d\u00e9finir dans votre navigateur Web pour informer les sites Web que vous ne souhaitez pas \u00eatre suivi. Vous pouvez activer ou d\u00e9sactiver Do Not Track en visitant la page Pr\u00e9f\u00e9rences ou Param\u00e8tres de votre navigateur Web.<\/p>\n<h4>Vos droits<\/h4>\n<p>Nous nous effor\u00e7ons de prendre des mesures raisonnables pour vous permettre de corriger, modifier, supprimer ou limiter l&#039;utilisation de vos donn\u00e9es personnelles. Dans la mesure du possible, vous pouvez mettre \u00e0 jour vos donn\u00e9es personnelles en nous contactant pour effectuer les modifications requises.<\/p>\n<p>Si vous souhaitez \u00eatre inform\u00e9 des donn\u00e9es personnelles que nous d\u00e9tenons \u00e0 votre sujet et si vous souhaitez qu&#039;elles soient supprim\u00e9es de nos syst\u00e8mes, veuillez nous contacter. Dans certaines circonstances, vous avez le droit :<\/p>\n<p>Pour acc\u00e9der et recevoir une copie des donn\u00e9es personnelles que nous d\u00e9tenons \u00e0 votre sujet<\/p>\n<p>Pour rectifier toute donn\u00e9e personnelle vous concernant qui est inexacte<\/p>\n<p>Pour demander la suppression des donn\u00e9es personnelles vous concernant<\/p>\n<p>Vous avez le droit \u00e0 la portabilit\u00e9 des donn\u00e9es pour les informations que vous nous fournissez. Vous pouvez demander \u00e0 obtenir une copie de vos donn\u00e9es personnelles dans un format \u00e9lectronique couramment utilis\u00e9 afin de pouvoir les g\u00e9rer et les d\u00e9placer.<\/p>\n<h4>Modifications apport\u00e9es \u00e0 la pr\u00e9sente politique de confidentialit\u00e9<\/h4>\n<p>Nous sommes susceptibles de mettre \u00e0 jour notre politique de confidentialit\u00e9 de temps \u00e0 autre. Il vous est conseill\u00e9 de consulter r\u00e9guli\u00e8rement cette politique de confidentialit\u00e9 pour prendre connaissance de tout changement. Les modifications apport\u00e9es \u00e0 cette politique de confidentialit\u00e9 entrent en vigueur d\u00e8s leur publication sur cette page.<\/p>\n\t\t\t<\/div>","protected":false},"excerpt":{"rendered":"<p>Privacy policy Last updated: 8 July 2025 \u00a0 1. Introduction\u00a0 At RegASK, we are committed to protecting your privacy and ensuring the responsible handling of your personal data. This Privacy Policy outlines how we collect, use, disclose, and safeguard your personal information in compliance with the General Data Protection Regulation (GDPR), the Singapore Personal Data&#8230;<\/p>","protected":false},"author":39,"featured_media":0,"parent":0,"menu_order":0,"comment_status":"closed","ping_status":"open","template":"","meta":{"_acf_changed":false,"footnotes":""},"class_list":["post-3","page","type-page","status-publish","hentry"],"acf":[],"yoast_head":"<!-- This site is optimized with the Yoast SEO Premium plugin v27.3 (Yoast SEO v27.5) - https:\/\/yoast.com\/product\/yoast-seo-premium-wordpress\/ -->\n<title>RegASK Privacy Policy<\/title>\n<meta name=\"description\" content=\"RegASK values the privacy and security of the information you share with us. Read more on our privacy policy page.\" \/>\n<meta name=\"robots\" content=\"index, follow, max-snippet:-1, max-image-preview:large, max-video-preview:-1\" \/>\n<link rel=\"canonical\" href=\"https:\/\/regask.com\/fr\/politique-de-confidentialite\/\" \/>\n<meta property=\"og:locale\" content=\"fr_FR\" \/>\n<meta property=\"og:type\" content=\"article\" \/>\n<meta property=\"og:title\" content=\"Privacy Policy\" \/>\n<meta property=\"og:description\" content=\"RegASK values the privacy and security of the information you share with us. Read more on our privacy policy page.\" \/>\n<meta property=\"og:url\" content=\"https:\/\/regask.com\/fr\/politique-de-confidentialite\/\" \/>\n<meta property=\"og:site_name\" content=\"RegASK\" \/>\n<meta property=\"article:publisher\" content=\"https:\/\/www.facebook.com\/RegASKRegulatoryAffairs\/\" \/>\n<meta property=\"article:modified_time\" content=\"2026-03-19T07:06:00+00:00\" \/>\n<meta property=\"og:image\" content=\"https:\/\/regask.com\/wp-content\/uploads\/2024\/09\/Yoast-site-image-regask.jpg\" \/>\n\t<meta property=\"og:image:width\" content=\"1200\" \/>\n\t<meta property=\"og:image:height\" content=\"675\" \/>\n\t<meta property=\"og:image:type\" content=\"image\/jpeg\" \/>\n<meta name=\"twitter:card\" content=\"summary_large_image\" \/>\n<meta name=\"twitter:site\" content=\"@ASKRegASK\" \/>\n<meta name=\"twitter:label1\" content=\"Est. reading time\" \/>\n\t<meta name=\"twitter:data1\" content=\"4 minutes\" \/>\n<script type=\"application\/ld+json\" class=\"yoast-schema-graph\">{\"@context\":\"https:\\\/\\\/schema.org\",\"@graph\":[{\"@type\":\"WebPage\",\"@id\":\"https:\\\/\\\/regask.com\\\/privacy-policy\\\/\",\"url\":\"https:\\\/\\\/regask.com\\\/privacy-policy\\\/\",\"name\":\"RegASK Privacy Policy\",\"isPartOf\":{\"@id\":\"https:\\\/\\\/regask.com\\\/#website\"},\"datePublished\":\"2018-09-13T08:04:25+00:00\",\"dateModified\":\"2026-03-19T07:06:00+00:00\",\"description\":\"RegASK values the privacy and security of the information you share with us. Read more on our privacy policy page.\",\"inLanguage\":\"fr-FR\",\"potentialAction\":[{\"@type\":\"ReadAction\",\"target\":[\"https:\\\/\\\/regask.com\\\/privacy-policy\\\/\"]}]},{\"@type\":\"WebSite\",\"@id\":\"https:\\\/\\\/regask.com\\\/#website\",\"url\":\"https:\\\/\\\/regask.com\\\/\",\"name\":\"RegASK\",\"description\":\"Empowering Smarter Regulatory Decisions\",\"publisher\":{\"@id\":\"https:\\\/\\\/regask.com\\\/#organization\"},\"potentialAction\":[{\"@type\":\"SearchAction\",\"target\":{\"@type\":\"EntryPoint\",\"urlTemplate\":\"https:\\\/\\\/regask.com\\\/?s={search_term_string}\"},\"query-input\":{\"@type\":\"PropertyValueSpecification\",\"valueRequired\":true,\"valueName\":\"search_term_string\"}}],\"inLanguage\":\"fr-FR\"},{\"@type\":\"Organization\",\"@id\":\"https:\\\/\\\/regask.com\\\/#organization\",\"name\":\"RegASK\",\"url\":\"https:\\\/\\\/regask.com\\\/\",\"logo\":{\"@type\":\"ImageObject\",\"inLanguage\":\"fr-FR\",\"@id\":\"https:\\\/\\\/regask.com\\\/#\\\/schema\\\/logo\\\/image\\\/\",\"url\":\"https:\\\/\\\/regask.com\\\/wp-content\\\/uploads\\\/2024\\\/10\\\/RegASK-Logo-Dark-Round.png\",\"contentUrl\":\"https:\\\/\\\/regask.com\\\/wp-content\\\/uploads\\\/2024\\\/10\\\/RegASK-Logo-Dark-Round.png\",\"width\":401,\"height\":401,\"caption\":\"RegASK\"},\"image\":{\"@id\":\"https:\\\/\\\/regask.com\\\/#\\\/schema\\\/logo\\\/image\\\/\"},\"sameAs\":[\"https:\\\/\\\/www.facebook.com\\\/RegASKRegulatoryAffairs\\\/\",\"https:\\\/\\\/x.com\\\/ASKRegASK\",\"https:\\\/\\\/www.linkedin.com\\\/company\\\/RegASK\\\/\",\"https:\\\/\\\/www.youtube.com\\\/@RegASK\"]}]}<\/script>\n<!-- \/ Yoast SEO Premium plugin. -->","yoast_head_json":{"title":"Politique de confidentialit\u00e9 de RegASK","description":"RegASK accorde une grande importance \u00e0 la confidentialit\u00e9 et \u00e0 la s\u00e9curit\u00e9 des informations que vous partagez avec nous. Pour en savoir plus, consultez notre page de politique de confidentialit\u00e9.","robots":{"index":"index","follow":"follow","max-snippet":"max-snippet:-1","max-image-preview":"max-image-preview:large","max-video-preview":"max-video-preview:-1"},"canonical":"https:\/\/regask.com\/fr\/politique-de-confidentialite\/","og_locale":"fr_FR","og_type":"article","og_title":"Privacy Policy","og_description":"RegASK values the privacy and security of the information you share with us. Read more on our privacy policy page.","og_url":"https:\/\/regask.com\/fr\/politique-de-confidentialite\/","og_site_name":"RegASK","article_publisher":"https:\/\/www.facebook.com\/RegASKRegulatoryAffairs\/","article_modified_time":"2026-03-19T07:06:00+00:00","og_image":[{"width":1200,"height":675,"url":"https:\/\/regask.com\/wp-content\/uploads\/2024\/09\/Yoast-site-image-regask.jpg","type":"image\/jpeg"}],"twitter_card":"summary_large_image","twitter_site":"@ASKRegASK","twitter_misc":{"Est. reading time":"4 minutes"},"schema":{"@context":"https:\/\/schema.org","@graph":[{"@type":"WebPage","@id":"https:\/\/regask.com\/privacy-policy\/","url":"https:\/\/regask.com\/privacy-policy\/","name":"Politique de confidentialit\u00e9 de RegASK","isPartOf":{"@id":"https:\/\/regask.com\/#website"},"datePublished":"2018-09-13T08:04:25+00:00","dateModified":"2026-03-19T07:06:00+00:00","description":"RegASK accorde une grande importance \u00e0 la confidentialit\u00e9 et \u00e0 la s\u00e9curit\u00e9 des informations que vous partagez avec nous. Pour en savoir plus, consultez notre page de politique de confidentialit\u00e9.","inLanguage":"fr-FR","potentialAction":[{"@type":"ReadAction","target":["https:\/\/regask.com\/privacy-policy\/"]}]},{"@type":"WebSite","@id":"https:\/\/regask.com\/#website","url":"https:\/\/regask.com\/","name":"RegASK","description":"Favoriser des d\u00e9cisions r\u00e9glementaires plus intelligentes","publisher":{"@id":"https:\/\/regask.com\/#organization"},"potentialAction":[{"@type":"SearchAction","target":{"@type":"EntryPoint","urlTemplate":"https:\/\/regask.com\/?s={search_term_string}"},"query-input":{"@type":"PropertyValueSpecification","valueRequired":true,"valueName":"search_term_string"}}],"inLanguage":"fr-FR"},{"@type":"Organization","@id":"https:\/\/regask.com\/#organization","name":"RegASK","url":"https:\/\/regask.com\/","logo":{"@type":"ImageObject","inLanguage":"fr-FR","@id":"https:\/\/regask.com\/#\/schema\/logo\/image\/","url":"https:\/\/regask.com\/wp-content\/uploads\/2024\/10\/RegASK-Logo-Dark-Round.png","contentUrl":"https:\/\/regask.com\/wp-content\/uploads\/2024\/10\/RegASK-Logo-Dark-Round.png","width":401,"height":401,"caption":"RegASK"},"image":{"@id":"https:\/\/regask.com\/#\/schema\/logo\/image\/"},"sameAs":["https:\/\/www.facebook.com\/RegASKRegulatoryAffairs\/","https:\/\/x.com\/ASKRegASK","https:\/\/www.linkedin.com\/company\/RegASK\/","https:\/\/www.youtube.com\/@RegASK"]}]}},"_links":{"self":[{"href":"https:\/\/regask.com\/fr\/wp-json\/wp\/v2\/pages\/3","targetHints":{"allow":["GET"]}}],"collection":[{"href":"https:\/\/regask.com\/fr\/wp-json\/wp\/v2\/pages"}],"about":[{"href":"https:\/\/regask.com\/fr\/wp-json\/wp\/v2\/types\/page"}],"author":[{"embeddable":true,"href":"https:\/\/regask.com\/fr\/wp-json\/wp\/v2\/users\/39"}],"replies":[{"embeddable":true,"href":"https:\/\/regask.com\/fr\/wp-json\/wp\/v2\/comments?post=3"}],"version-history":[{"count":0,"href":"https:\/\/regask.com\/fr\/wp-json\/wp\/v2\/pages\/3\/revisions"}],"wp:attachment":[{"href":"https:\/\/regask.com\/fr\/wp-json\/wp\/v2\/media?parent=3"}],"curies":[{"name":"wp","href":"https:\/\/api.w.org\/{rel}","templated":true}]}}