{"id":5104,"date":"2024-04-11T12:50:32","date_gmt":"2024-04-11T04:50:32","guid":{"rendered":"https:\/\/regask.com\/?page_id=5104"},"modified":"2024-05-15T17:50:16","modified_gmt":"2024-05-15T09:50:16","slug":"regenius-tnc","status":"publish","type":"page","link":"https:\/\/regask.com\/fr\/regenius-tnc\/","title":{"rendered":"Conditions g\u00e9n\u00e9rales de vente RegGenius"},"content":{"rendered":"<div id=\"gap-1756495590\" class=\"gap-element clearfix\" style=\"display:block; height:auto;\">\n\t\t\n<style>\n#gap-1756495590 {\n  padding-top: 30px;\n}\n<\/style>\n\t<\/div>\n\t\n<h1>Conditions g\u00e9n\u00e9rales de vente \u2013 RegGenius<\/h1>\n<p>Derni\u00e8re mise \u00e0 jour le 15\/04\/2024<\/p>\n<p>Les conditions g\u00e9n\u00e9rales suivantes (les \u00ab<strong>Conditions g\u00e9n\u00e9rales de vente<\/strong>\u00ab\u00a0\u00bb constituent une partie int\u00e9grante du contrat conclu entre vous (le \u00ab\u00a0<strong>Utilisateur<\/strong>\u201d, \u201d<strong>Utilisateurs<\/strong>\u00ab\u00a0\u00bb et RegASK Pte. Ltd. (\u00ab\u00a0\u00bb)<strong>RegGenius<\/strong>&quot;).<\/p>\n<p>\u00a0<\/p>\n<p class=\"lead\"><strong>1. Mentions l\u00e9gales<\/strong><\/p>\n<p>Les informations fournies par RegGenius sont fournies \u00e0 titre informatif uniquement. Toutes les informations sur le Service sont fournies de bonne foi. Cependant, RegGenius ne fait aucune d\u00e9claration ni ne donne aucune garantie, expresse ou implicite, concernant l&#039;exactitude, l&#039;ad\u00e9quation, la validit\u00e9, la fiabilit\u00e9, la disponibilit\u00e9 ou l&#039;exhaustivit\u00e9 de toute information sur le Service.<\/p>\n<p>En aucun cas, RegGenius ne pourra \u00eatre tenu responsable envers l&#039;utilisateur de toute perte ou dommage de quelque nature que ce soit r\u00e9sultant de l&#039;utilisation de RegGenius ou de la confiance accord\u00e9e \u00e0 toute information fournie via RegGenius. L&#039;utilisation de RegGenius par l&#039;utilisateur et la confiance accord\u00e9e \u00e0 toute information sur RegGenius sont enti\u00e8rement \u00e0 ses propres risques.<\/p>\n<p>Le Service peut contenir des liens vers d&#039;autres sites Web ou du contenu appartenant \u00e0 des tiers ou provenant de tiers ou des liens vers des sites Web et des fonctionnalit\u00e9s dans des banni\u00e8res ou d&#039;autres publicit\u00e9s. Ces liens externes ne sont pas \u00e9tudi\u00e9s, surveill\u00e9s ou v\u00e9rifi\u00e9s quant \u00e0 leur exactitude, leur ad\u00e9quation, leur validit\u00e9, leur fiabilit\u00e9, leur disponibilit\u00e9 ou leur exhaustivit\u00e9 par nos soins.<\/p>\n<p>\u00a0<\/p>\n<p class=\"lead\"><strong>2. Directives relatives \u00e0 l&#039;interaction avec l&#039;utilisateur<\/strong><\/p>\n<p><strong>2.1 Utilisation appropri\u00e9e :<\/strong> L&#039;utilisateur s&#039;engage \u00e0 interagir avec RegGenius de mani\u00e8re \u00e9thique, respectueuse et l\u00e9gale. RegGenius ne doit pas \u00eatre utilis\u00e9 \u00e0 des fins ill\u00e9gales, y compris, mais sans s&#039;y limiter, le harc\u00e8lement, la diffamation, l&#039;atteinte \u00e0 la vie priv\u00e9e ou toute autre conduite jug\u00e9e inappropri\u00e9e.<\/p>\n<p><strong>2.2 Actions interdites :<\/strong> L&#039;utilisateur ne doit pas utiliser RegGenius pour\u00a0:<br \/>\u2013 Envoyer ou transmettre du contenu contenant un langage explicite ou offensant.<br \/>\u2013 Se faire passer pour quelqu\u2019un d\u2019autre.<br \/>\u2013 Manipuler ou interf\u00e9rer avec les op\u00e9rations RegGenius ou la prestation de services.<br \/>\u2013 Introduire des logiciels malveillants ou tenter de violer les mesures de s\u00e9curit\u00e9 de RegGenius ou des syst\u00e8mes associ\u00e9s.<\/p>\n<p><strong>2.3 Suivi :<\/strong> RegGenius se r\u00e9serve le droit de surveiller les interactions avec RegGenius afin de garantir le respect de ces directives. Cependant, RegGenius n&#039;est pas oblig\u00e9 de superviser ou de mod\u00e9rer toutes les interactions et compte sur les utilisateurs pour maintenir un niveau de conduite \u00e9lev\u00e9.<\/p>\n<p><strong>2.4 Cons\u00e9quences d\u2019une mauvaise utilisation :<\/strong> L&#039;utilisation abusive de RegGenius peut entra\u00eener une suspension temporaire ou permanente de l&#039;acc\u00e8s \u00e0 RegGenius. RegGenius se r\u00e9serve le droit de prendre d&#039;autres mesures juridiques si n\u00e9cessaire.<\/p>\n<p>\u00a0<\/p>\n<p class=\"lead\"><strong>3. Avis de non-responsabilit\u00e9 relatif \u00e0 la confidentialit\u00e9 et \u00e0 la sensibilit\u00e9<\/strong><\/p>\n<p>Le Service peut proposer de fournir des informations pouvant \u00eatre de nature sensible et confidentielle. Il incombe \u00e0 l&#039;Utilisateur de s&#039;assurer que l&#039;utilisation de ces informations est conforme aux exigences l\u00e9gales, aux politiques de confidentialit\u00e9 et aux normes \u00e9thiques applicables \u00e0 l&#039;organisation de l&#039;Utilisateur.<\/p>\n<p>Les utilisateurs doivent faire preuve de prudence et consid\u00e9rer la sensibilit\u00e9 des informations avant de les demander ou de les utiliser via RegGenius.<\/p>\n<p>RegGenius s&#039;engage \u00e0 conserver les informations confidentielles dans la plus stricte confidentialit\u00e9 et \u00e0 prendre toutes les pr\u00e9cautions raisonnables pour prot\u00e9ger ces informations confidentielles dans la mesure du possible, y compris, sans limitation, en ne divulguant pas ces informations confidentielles \u00e0 des tiers sans le consentement \u00e9crit pr\u00e9alable de l&#039;utilisateur.<\/p>\n<p>Les obligations de confidentialit\u00e9 ne s&#039;appliquent pas aux informations qui : (a) sont ou deviennent g\u00e9n\u00e9ralement connues du public sans violation d&#039;aucune obligation due \u00e0 l&#039;Utilisateur ; (b) \u00e9taient connues de RegGenius avant sa divulgation par l&#039;Utilisateur sans violation d&#039;aucune obligation due \u00e0 l&#039;Utilisateur ; (c) sont re\u00e7ues d&#039;un tiers sans violation d&#039;aucune obligation due \u00e0 l&#039;Utilisateur ; ou (d) ont \u00e9t\u00e9 d\u00e9velopp\u00e9es ind\u00e9pendamment par RegGenius sans r\u00e9f\u00e9rence aux Informations Confidentielles.<\/p>\n<p>\u00a0<\/p>\n<p class=\"lead\"><strong>4. Avis de non-responsabilit\u00e9 concernant les conseils professionnels<\/strong><\/p>\n<p>Les informations fournies par le Service ne sont pas destin\u00e9es \u00e0 \u00eatre des conseils professionnels et ne doivent pas \u00eatre consid\u00e9r\u00e9es comme telles. Si les utilisateurs ont besoin de conseils sp\u00e9cifiques, veuillez faire appel \u00e0 un professionnel agr\u00e9\u00e9 ou comp\u00e9tent dans ce domaine.<\/p>\n<p>\u00a0<\/p>\n<p class=\"lead\"><strong>5. Droits de propri\u00e9t\u00e9 intellectuelle<\/strong><\/p>\n<p>Tous les droits de propri\u00e9t\u00e9 intellectuelle relatifs \u00e0 RegGenius, y compris, mais sans s&#039;y limiter, les logiciels, le code, les interfaces, les graphiques, la conception, la compilation, les informations, les donn\u00e9es, les algorithmes et tout autre contenu, sont d\u00e9tenus ou conc\u00e9d\u00e9s sous licence par RegGenius. L&#039;utilisateur b\u00e9n\u00e9ficie d&#039;une licence non exclusive, non transf\u00e9rable et r\u00e9vocable pour utiliser RegGenius uniquement pour ses op\u00e9rations commerciales internes. L&#039;utilisateur reconna\u00eet qu&#039;il n&#039;a aucun droit, titre ou int\u00e9r\u00eat sur le logiciel, sauf tel qu&#039;express\u00e9ment \u00e9nonc\u00e9 dans les pr\u00e9sentes conditions. L&#039;utilisateur s&#039;engage en outre \u00e0 ne pas modifier, adapter, traduire, d\u00e9compiler, proc\u00e9der \u00e0 une ing\u00e9nierie inverse, d\u00e9sassembler, tenter de d\u00e9river le code source ou cr\u00e9er des \u0153uvres d\u00e9riv\u00e9es de RegGenius, ou permettre \u00e0 d&#039;autres de le faire, sauf si la loi le permet ou avec le consentement \u00e9crit pr\u00e9alable de RegGenius. Cette clause survivra \u00e0 la r\u00e9siliation ou \u00e0 l&#039;expiration de l&#039;accord commercial avec l&#039;utilisateur.<\/p>\n<p>\u00a0<\/p>\n<p class=\"lead\"><strong>6. Utilisation des donn\u00e9es et politique de confidentialit\u00e9<\/strong><\/p>\n<p><strong>6.1 Collecte de donn\u00e9es :<\/strong> RegGenius peut collecter et traiter des donn\u00e9es personnelles, y compris, mais sans s&#039;y limiter, le nom, l&#039;adresse e-mail, l&#039;emplacement et l&#039;historique des interactions, pour fournir des services et am\u00e9liorer l&#039;exp\u00e9rience utilisateur.<\/p>\n<p>L&#039;Utilisateur accepte que la liste mentionn\u00e9e ci-dessus n&#039;a pas vocation \u00e0 \u00eatre exhaustive et est pleinement conscient que RegGenius respecte la confidentialit\u00e9 de toutes les donn\u00e9es personnelles et assure que toutes les donn\u00e9es personnelles seront conserv\u00e9es en toute s\u00e9curit\u00e9 conform\u00e9ment \u00e0 la loi sur la protection des donn\u00e9es personnelles de 2012 de Singapour (\u00ab PDPA \u00bb) et l&#039;Utilisateur est tenu de faire de m\u00eame.<\/p>\n<p>L&#039;Utilisateur reconna\u00eet par la pr\u00e9sente qu&#039;il est conscient de ses responsabilit\u00e9s envers le PDPA en tant qu&#039;Utilisateur de RegGenius et qu&#039;il indemnisera RegGenius pour toute violation du PDPA de sa part et s&#039;engage \u00e0 se conformer strictement au PDPA.<\/p>\n<p><strong>6.2 Finalit\u00e9 de l&#039;utilisation des donn\u00e9es :<\/strong> Les donn\u00e9es collect\u00e9es seront utilis\u00e9es aux fins suivantes :<br \/>\u2013 Personnalisation de l\u2019exp\u00e9rience utilisateur.<br \/>\u2013 Fournir les informations et les services demand\u00e9s.<br \/>\u2013 Analyser les pr\u00e9f\u00e9rences et le comportement des utilisateurs pour am\u00e9liorer les fonctionnalit\u00e9s du chatbot.<br \/>\u2013 Envoi de mat\u00e9riel promotionnel ou de mises \u00e0 jour avec le consentement de l\u2019utilisateur.<\/p>\n<p><strong>6.3 Protection des donn\u00e9es :<\/strong> RegGenius s&#039;engage \u00e0 prot\u00e9ger les donn\u00e9es des utilisateurs et \u00e0 assurer leur confidentialit\u00e9. Les donn\u00e9es ne seront pas divulgu\u00e9es \u00e0 des tiers sans le consentement de l&#039;utilisateur, sauf si la loi l&#039;exige.<\/p>\n<p><strong>6.4 Conservation des donn\u00e9es :<\/strong> Les donn\u00e9es des utilisateurs seront conserv\u00e9es uniquement aussi longtemps que n\u00e9cessaire pour atteindre les finalit\u00e9s d\u00e9crites dans les pr\u00e9sentes Conditions G\u00e9n\u00e9rales ou tel que requis par la loi.<\/p>\n<p><strong>6.5 Droits de l&#039;utilisateur :<\/strong> Les utilisateurs ont le droit d&#039;acc\u00e9der \u00e0 leurs donn\u00e9es personnelles, de les rectifier ou de les supprimer. Les demandes peuvent \u00eatre formul\u00e9es via les coordonn\u00e9es fournies.<\/p>\n<p><strong>6.6 Mesures de s\u00e9curit\u00e9 :<\/strong> RegGenius met en \u0153uvre des mesures techniques et organisationnelles appropri\u00e9es pour prot\u00e9ger les donn\u00e9es des utilisateurs contre tout acc\u00e8s, alt\u00e9ration, divulgation ou destruction non autoris\u00e9s.<\/p>\n<p><strong>6.7 Consentement :<\/strong> En utilisant RegGenius, les utilisateurs consentent \u00e0 la collecte, au traitement et \u00e0 l&#039;utilisation de leurs donn\u00e9es personnelles conform\u00e9ment aux pr\u00e9sentes conditions g\u00e9n\u00e9rales.<\/p>\n<p><strong>6.8 Mises \u00e0 jour de la politique :<\/strong> Cette politique peut \u00eatre mise \u00e0 jour p\u00e9riodiquement et les utilisateurs seront inform\u00e9s de tout changement important.<\/p>\n<p>\u00a0<\/p>\n<p class=\"lead\"><strong>7. R\u00e8glement des litiges<\/strong><\/p>\n<p><strong>7.1 N\u00e9gociation :<\/strong> En cas de litige ou de r\u00e9clamation d\u00e9coulant des pr\u00e9sentes Conditions G\u00e9n\u00e9rales ou en rapport avec celles-ci, les parties conviennent de tenter en premier lieu de r\u00e9soudre le litige de mani\u00e8re informelle par le biais de n\u00e9gociations de bonne foi.<\/p>\n<p><strong>7.2 M\u00e9diation :<\/strong> Si les parties ne parviennent pas \u00e0 r\u00e9soudre le litige dans un d\u00e9lai de trente (30) jours par voie de n\u00e9gociation, le litige doit \u00eatre soumis \u00e0 la m\u00e9diation du Singapore Mediation Centre (\u00ab SMC \u00bb) conform\u00e9ment \u00e0 la proc\u00e9dure de m\u00e9diation du SMC en vigueur \u00e0 la date du d\u00e9but de la m\u00e9diation. Les frais de m\u00e9diation seront partag\u00e9s \u00e0 parts \u00e9gales entre les parties. Chaque partie \u00e0 la m\u00e9diation doit \u00eatre repr\u00e9sent\u00e9e par une personne habilit\u00e9e \u00e0 n\u00e9gocier et \u00e0 r\u00e9gler le litige. Le SMC nommera un (1) m\u00e9diateur, la m\u00e9diation se d\u00e9roulera \u00e0 Singapour en anglais et tout accord de r\u00e8glement conclu liera les parties. Toute partie peut soumettre une demande de m\u00e9diation au SMC, \u00e0 la suite de laquelle l&#039;autre ou les autres parties seront tenues de participer \u00e0 la m\u00e9diation dans les quarante-cinq (45) jours qui suivent.<\/p>\n<p><strong>7.3 Arbitrage :<\/strong> Si les parties ne parviennent pas \u00e0 r\u00e9soudre le litige par m\u00e9diation dans un d\u00e9lai de trente (30) jours \u00e0 compter de la date \u00e0 laquelle elles ont soumis le litige \u00e0 SMC, les parties soumettront le litige \u00e0 l&#039;arbitrage administr\u00e9 par le Centre d&#039;arbitrage international de Singapour (\u00ab SIAC \u00bb) conform\u00e9ment aux r\u00e8gles d&#039;arbitrage du SIAC en vigueur \u00e0 la date du d\u00e9but de l&#039;arbitrage, lesquelles r\u00e8gles sont r\u00e9put\u00e9es \u00eatre incorpor\u00e9es par r\u00e9f\u00e9rence dans la pr\u00e9sente clause. Le si\u00e8ge de l&#039;arbitrage sera Singapour. Le tribunal sera compos\u00e9 d&#039;un (1) arbitre. La langue de l&#039;arbitrage sera l&#039;anglais.<\/p>\n<p><strong>7.4 Loi applicable :<\/strong> Le pr\u00e9sent accord sera r\u00e9gi et interpr\u00e9t\u00e9 conform\u00e9ment aux lois de Singapour, sans \u00e9gard \u00e0 ses principes de conflit de lois.<\/p>\n<p><strong>7.5 Juridiction :<\/strong> Toute action ou proc\u00e9dure judiciaire d\u00e9coulant du pr\u00e9sent accord ou s&#039;y rapportant sera port\u00e9e exclusivement devant les tribunaux de Singapour, et chaque partie se soumet irr\u00e9vocablement \u00e0 la juridiction de ces tribunaux aux fins d&#039;une telle action ou proc\u00e9dure judiciaire.<\/p>\n<p>En utilisant le Service, les utilisateurs acceptent les clauses de non-responsabilit\u00e9 et nous lib\u00e8rent de toute responsabilit\u00e9, perte ou dommage pouvant survenir.<\/p>","protected":false},"excerpt":{"rendered":"<p>General Terms and Conditions \u2013 RegGenius Last updated on 4\/15\/2024 The following general terms and conditions (the \u201cGeneral Terms and Conditions\u201d) constitute an integral part of the contract concluded between you (the \u201cUser\u201d, \u201dUsers\u201d) and RegASK Pte. Ltd. (\u201cRegGenius\u201d). \u00a0 1. Legal Disclaimer The information provided by RegGenius is for general informational purposes only. All&#8230;<\/p>","protected":false},"author":22,"featured_media":0,"parent":0,"menu_order":0,"comment_status":"closed","ping_status":"open","template":"","meta":{"_acf_changed":false,"footnotes":""},"class_list":["post-5104","page","type-page","status-publish","hentry"],"acf":[],"yoast_head":"<!-- This site is optimized with the Yoast SEO Premium plugin v27.3 (Yoast SEO v27.5) - https:\/\/yoast.com\/product\/yoast-seo-premium-wordpress\/ -->\n<title>RegGenius Terms and Conditions | RegASK | Curated Regulatory Intelligence<\/title>\n<meta name=\"description\" content=\"RegASK values the privacy and security of the information you share with us. Read more in our privacy policy page.\" \/>\n<meta name=\"robots\" content=\"index, follow, max-snippet:-1, max-image-preview:large, max-video-preview:-1\" \/>\n<link rel=\"canonical\" href=\"https:\/\/regask.com\/fr\/regenius-tnc\/\" \/>\n<meta property=\"og:locale\" content=\"fr_FR\" \/>\n<meta property=\"og:type\" content=\"article\" \/>\n<meta property=\"og:title\" content=\"RegGenius Terms and Conditions\" \/>\n<meta property=\"og:description\" content=\"RegASK values the privacy and security of the information you share with us. Read more in our privacy policy page.\" \/>\n<meta property=\"og:url\" content=\"https:\/\/regask.com\/fr\/regenius-tnc\/\" \/>\n<meta property=\"og:site_name\" content=\"RegASK\" \/>\n<meta property=\"article:publisher\" content=\"https:\/\/www.facebook.com\/RegASKRegulatoryAffairs\/\" \/>\n<meta property=\"article:modified_time\" content=\"2024-05-15T09:50:16+00:00\" \/>\n<meta property=\"og:image\" content=\"https:\/\/regask.com\/wp-content\/uploads\/2024\/09\/Yoast-site-image-regask.jpg\" \/>\n\t<meta property=\"og:image:width\" content=\"1200\" \/>\n\t<meta property=\"og:image:height\" content=\"675\" \/>\n\t<meta property=\"og:image:type\" content=\"image\/jpeg\" \/>\n<meta name=\"twitter:card\" content=\"summary_large_image\" \/>\n<meta name=\"twitter:site\" content=\"@ASKRegASK\" \/>\n<meta name=\"twitter:label1\" content=\"Est. reading time\" \/>\n\t<meta name=\"twitter:data1\" content=\"7 minutes\" \/>\n<script type=\"application\/ld+json\" class=\"yoast-schema-graph\">{\"@context\":\"https:\\\/\\\/schema.org\",\"@graph\":[{\"@type\":\"WebPage\",\"@id\":\"https:\\\/\\\/regask.com\\\/regenius-tnc\\\/\",\"url\":\"https:\\\/\\\/regask.com\\\/regenius-tnc\\\/\",\"name\":\"RegGenius Terms and Conditions | RegASK | Curated Regulatory Intelligence\",\"isPartOf\":{\"@id\":\"https:\\\/\\\/regask.com\\\/#website\"},\"datePublished\":\"2024-04-11T04:50:32+00:00\",\"dateModified\":\"2024-05-15T09:50:16+00:00\",\"description\":\"RegASK values the privacy and security of the information you share with us. Read more in our privacy policy page.\",\"inLanguage\":\"fr-FR\",\"potentialAction\":[{\"@type\":\"ReadAction\",\"target\":[\"https:\\\/\\\/regask.com\\\/regenius-tnc\\\/\"]}]},{\"@type\":\"WebSite\",\"@id\":\"https:\\\/\\\/regask.com\\\/#website\",\"url\":\"https:\\\/\\\/regask.com\\\/\",\"name\":\"RegASK\",\"description\":\"Empowering Smarter Regulatory Decisions\",\"publisher\":{\"@id\":\"https:\\\/\\\/regask.com\\\/#organization\"},\"potentialAction\":[{\"@type\":\"SearchAction\",\"target\":{\"@type\":\"EntryPoint\",\"urlTemplate\":\"https:\\\/\\\/regask.com\\\/?s={search_term_string}\"},\"query-input\":{\"@type\":\"PropertyValueSpecification\",\"valueRequired\":true,\"valueName\":\"search_term_string\"}}],\"inLanguage\":\"fr-FR\"},{\"@type\":\"Organization\",\"@id\":\"https:\\\/\\\/regask.com\\\/#organization\",\"name\":\"RegASK\",\"url\":\"https:\\\/\\\/regask.com\\\/\",\"logo\":{\"@type\":\"ImageObject\",\"inLanguage\":\"fr-FR\",\"@id\":\"https:\\\/\\\/regask.com\\\/#\\\/schema\\\/logo\\\/image\\\/\",\"url\":\"https:\\\/\\\/regask.com\\\/wp-content\\\/uploads\\\/2024\\\/10\\\/RegASK-Logo-Dark-Round.png\",\"contentUrl\":\"https:\\\/\\\/regask.com\\\/wp-content\\\/uploads\\\/2024\\\/10\\\/RegASK-Logo-Dark-Round.png\",\"width\":401,\"height\":401,\"caption\":\"RegASK\"},\"image\":{\"@id\":\"https:\\\/\\\/regask.com\\\/#\\\/schema\\\/logo\\\/image\\\/\"},\"sameAs\":[\"https:\\\/\\\/www.facebook.com\\\/RegASKRegulatoryAffairs\\\/\",\"https:\\\/\\\/x.com\\\/ASKRegASK\",\"https:\\\/\\\/www.linkedin.com\\\/company\\\/RegASK\\\/\",\"https:\\\/\\\/www.youtube.com\\\/@RegASK\"]}]}<\/script>\n<!-- \/ Yoast SEO Premium plugin. -->","yoast_head_json":{"title":"Conditions g\u00e9n\u00e9rales de RegGenius | RegASK | Renseignements r\u00e9glementaires organis\u00e9s","description":"RegASK accorde une grande importance \u00e0 la confidentialit\u00e9 et \u00e0 la s\u00e9curit\u00e9 des informations que vous partagez avec nous. Pour en savoir plus, consultez notre page de politique de confidentialit\u00e9.","robots":{"index":"index","follow":"follow","max-snippet":"max-snippet:-1","max-image-preview":"max-image-preview:large","max-video-preview":"max-video-preview:-1"},"canonical":"https:\/\/regask.com\/fr\/regenius-tnc\/","og_locale":"fr_FR","og_type":"article","og_title":"RegGenius Terms and Conditions","og_description":"RegASK values the privacy and security of the information you share with us. Read more in our privacy policy page.","og_url":"https:\/\/regask.com\/fr\/regenius-tnc\/","og_site_name":"RegASK","article_publisher":"https:\/\/www.facebook.com\/RegASKRegulatoryAffairs\/","article_modified_time":"2024-05-15T09:50:16+00:00","og_image":[{"width":1200,"height":675,"url":"https:\/\/regask.com\/wp-content\/uploads\/2024\/09\/Yoast-site-image-regask.jpg","type":"image\/jpeg"}],"twitter_card":"summary_large_image","twitter_site":"@ASKRegASK","twitter_misc":{"Est. reading time":"7 minutes"},"schema":{"@context":"https:\/\/schema.org","@graph":[{"@type":"WebPage","@id":"https:\/\/regask.com\/regenius-tnc\/","url":"https:\/\/regask.com\/regenius-tnc\/","name":"Conditions g\u00e9n\u00e9rales de RegGenius | RegASK | Renseignements r\u00e9glementaires organis\u00e9s","isPartOf":{"@id":"https:\/\/regask.com\/#website"},"datePublished":"2024-04-11T04:50:32+00:00","dateModified":"2024-05-15T09:50:16+00:00","description":"RegASK accorde une grande importance \u00e0 la confidentialit\u00e9 et \u00e0 la s\u00e9curit\u00e9 des informations que vous partagez avec nous. Pour en savoir plus, consultez notre page de politique de confidentialit\u00e9.","inLanguage":"fr-FR","potentialAction":[{"@type":"ReadAction","target":["https:\/\/regask.com\/regenius-tnc\/"]}]},{"@type":"WebSite","@id":"https:\/\/regask.com\/#website","url":"https:\/\/regask.com\/","name":"RegASK","description":"Favoriser des d\u00e9cisions r\u00e9glementaires plus intelligentes","publisher":{"@id":"https:\/\/regask.com\/#organization"},"potentialAction":[{"@type":"SearchAction","target":{"@type":"EntryPoint","urlTemplate":"https:\/\/regask.com\/?s={search_term_string}"},"query-input":{"@type":"PropertyValueSpecification","valueRequired":true,"valueName":"search_term_string"}}],"inLanguage":"fr-FR"},{"@type":"Organization","@id":"https:\/\/regask.com\/#organization","name":"RegASK","url":"https:\/\/regask.com\/","logo":{"@type":"ImageObject","inLanguage":"fr-FR","@id":"https:\/\/regask.com\/#\/schema\/logo\/image\/","url":"https:\/\/regask.com\/wp-content\/uploads\/2024\/10\/RegASK-Logo-Dark-Round.png","contentUrl":"https:\/\/regask.com\/wp-content\/uploads\/2024\/10\/RegASK-Logo-Dark-Round.png","width":401,"height":401,"caption":"RegASK"},"image":{"@id":"https:\/\/regask.com\/#\/schema\/logo\/image\/"},"sameAs":["https:\/\/www.facebook.com\/RegASKRegulatoryAffairs\/","https:\/\/x.com\/ASKRegASK","https:\/\/www.linkedin.com\/company\/RegASK\/","https:\/\/www.youtube.com\/@RegASK"]}]}},"_links":{"self":[{"href":"https:\/\/regask.com\/fr\/wp-json\/wp\/v2\/pages\/5104","targetHints":{"allow":["GET"]}}],"collection":[{"href":"https:\/\/regask.com\/fr\/wp-json\/wp\/v2\/pages"}],"about":[{"href":"https:\/\/regask.com\/fr\/wp-json\/wp\/v2\/types\/page"}],"author":[{"embeddable":true,"href":"https:\/\/regask.com\/fr\/wp-json\/wp\/v2\/users\/22"}],"replies":[{"embeddable":true,"href":"https:\/\/regask.com\/fr\/wp-json\/wp\/v2\/comments?post=5104"}],"version-history":[{"count":0,"href":"https:\/\/regask.com\/fr\/wp-json\/wp\/v2\/pages\/5104\/revisions"}],"wp:attachment":[{"href":"https:\/\/regask.com\/fr\/wp-json\/wp\/v2\/media?parent=5104"}],"curies":[{"name":"wp","href":"https:\/\/api.w.org\/{rel}","templated":true}]}}