{"id":7857,"date":"2024-11-22T18:29:23","date_gmt":"2024-11-22T10:29:23","guid":{"rendered":"https:\/\/regask.com\/?page_id=7857"},"modified":"2025-07-21T20:07:32","modified_gmt":"2025-07-21T12:07:32","slug":"reserver-une-demo-blog","status":"publish","type":"page","link":"https:\/\/regask.com\/fr\/book-a-demo-blog\/","title":{"rendered":"Book a Demo &#8211; Blog Sidebar"},"content":{"rendered":"<div class=\"row\"  id=\"row-723231496\">\n\n\t<div id=\"col-183353003\" class=\"col medium-5 small-12 large-5\"  >\n\t\t\t\t<div class=\"col-inner\"  >\n\t\t\t\n\t\t\t\n<h1>R\u00e9server un <span data-text-color=\"secondary\">d\u00e9mo<\/span><\/h1>\n<ul class=\"custom-bullet\">\n<li>D\u00e9tection pr\u00e9coce des changements r\u00e9glementaires et att\u00e9nuation des risques r\u00e9glementaires<\/li>\n<li>Assistance r\u00e9glementaire de bout en bout tout au long du cycle de vie de votre produit<\/li>\n<li>Conseil strat\u00e9gique r\u00e9glementaire pour construire la strat\u00e9gie commerciale optimale pour votre expansion sur le march\u00e9<\/li>\n<\/ul>\n\t\t<\/div>\n\t\t\t\t\n<style>\n#col-183353003 > .col-inner {\n  padding: 0px 0px 0px 0px;\n  margin: 120px 0px 0px 0px;\n}\n@media (min-width:550px) {\n  #col-183353003 > .col-inner {\n    padding: 0px 90px 0px 0px;\n    margin: 250px 0px 0px 0px;\n  }\n}\n<\/style>\n\t<\/div>\n\n\t\n\n\t<div id=\"col-1990727730\" class=\"col medium-7 small-12 large-7\"  >\n\t\t\t\t<div class=\"col-inner box-shadow-1\" style=\"background-color:rgb(255, 255, 255);\" >\n\t\t\t\n\t\t\t\n\n<div style=\"padding: 10px 30px;\"><script charset=\"utf-8\" type=\"text\/javascript\" src=\"\/\/js.hsforms.net\/forms\/embed\/v2.js\"><\/script><script>hbspt.forms.create({portalId: \"20908020\",formId: \"65b9de8f-f76e-40de-b2b9-5296a9234636\"});<\/script><\/div>\n\n\t\t<\/div>\n\t\t\t\t\n<style>\n#col-1990727730 > .col-inner {\n  padding: 30px 30px 30px 30px;\n  margin: 0px 0px 30px 0px;\n  border-radius: 16px;\n}\n@media (min-width:550px) {\n  #col-1990727730 > .col-inner {\n    margin: 150px 0px 50px 0px;\n  }\n}\n<\/style>\n\t<\/div>\n\n\t\n<\/div>\n\n\t<section class=\"section\" id=\"section_1813164596\">\n\t\t<div class=\"section-bg fill\" >\n\t\t\t\t\t\t\t\t\t\n\t\t\t\n\n\t\t<\/div>\n\n\t\t\n\n\t\t<div class=\"section-content relative\">\n\t\t\t\n<div class=\"row row-collapse align-center\"  id=\"row-1540474416\">\n\n\t<div id=\"col-1083965244\" class=\"col medium-4 small-10 large-4\"  >\n\t\t\t\t<div class=\"col-inner text-center\"  >\n\t\t\t\n\t\t\t\n\t<div id=\"text-573186624\" class=\"text\">\n\t\t\n<div style=\"display: flex; justify-content: center; column-gap: 20px;\">\n<div style=\"text-align: right;\"><strong>Suivez RegASK sur <\/strong><\/div>\n<div><a href=\"https:\/\/www.linkedin.com\/company\/RegASK\/\"><img loading=\"lazy\" decoding=\"async\" class=\"no-margin alignright size-full wp-image-5316\" src=\"https:\/\/regask.com\/wp-content\/uploads\/2024\/06\/linkedin-white.png\" alt=\"Linkedin 1\" width=\"36\" height=\"37\" \/><\/a><\/div>\n<\/div>\n\t\t\n<style>\n#text-573186624 {\n  font-size: 1.45rem;\n  color: rgb(255,255,255);\n}\n#text-573186624 > * {\n  color: rgb(255,255,255);\n}\n<\/style>\n\t<\/div>\n\t\n\t\t<\/div>\n\t\t\t\t\n<style>\n#col-1083965244 > .col-inner {\n  padding: 0px 0px 0px 0px;\n  margin: 15px 0px 15px 0px;\n}\n@media (min-width:550px) {\n  #col-1083965244 > .col-inner {\n    margin: 15px 20px 15px 0px;\n  }\n}\n<\/style>\n\t<\/div>\n\n\t\n<\/div>\n\t\t<\/div>\n\n\t\t\n<style>\n#section_1813164596 {\n  padding-top: 0px;\n  padding-bottom: 0px;\n  background-color: rgb(130, 136, 174);\n}\n<\/style>\n\t<\/section>","protected":false},"excerpt":{"rendered":"","protected":false},"author":4,"featured_media":0,"parent":0,"menu_order":0,"comment_status":"closed","ping_status":"closed","template":"page-transparent-header-light.php","meta":{"_acf_changed":false,"footnotes":""},"class_list":["post-7857","page","type-page","status-publish","hentry"],"acf":[],"yoast_head":"<!-- This site is optimized with the Yoast SEO Premium plugin v27.6 (Yoast SEO v27.6) - https:\/\/yoast.com\/product\/yoast-seo-premium-wordpress\/ -->\n<title>Book-a-Demo with RegAsk | Unlock Regulatory Efficiency<\/title>\n<meta name=\"description\" content=\"Request a free demo today and experience the power of our regulatory intelligence platform. See RegASK in action!\" \/>\n<meta name=\"robots\" content=\"index, follow, max-snippet:-1, max-image-preview:large, max-video-preview:-1\" \/>\n<link rel=\"canonical\" href=\"https:\/\/regask.com\/fr\/reserver-une-demo-blog\/\" \/>\n<meta property=\"og:locale\" content=\"fr_FR\" \/>\n<meta property=\"og:type\" content=\"article\" \/>\n<meta property=\"og:title\" content=\"Book a Demo - Blog Sidebar\" \/>\n<meta property=\"og:description\" content=\"Request a free demo today and experience the power of our regulatory intelligence platform. See RegASK in action!\" \/>\n<meta property=\"og:url\" content=\"https:\/\/regask.com\/fr\/reserver-une-demo-blog\/\" \/>\n<meta property=\"og:site_name\" content=\"RegASK\" \/>\n<meta property=\"article:publisher\" content=\"https:\/\/www.facebook.com\/RegASKRegulatoryAffairs\/\" \/>\n<meta property=\"article:modified_time\" content=\"2025-07-21T12:07:32+00:00\" \/>\n<meta property=\"og:image\" content=\"https:\/\/regask.com\/wp-content\/uploads\/2024\/06\/linkedin-white.png\" \/>\n\t<meta property=\"og:image:width\" content=\"72\" \/>\n\t<meta property=\"og:image:height\" content=\"73\" \/>\n\t<meta property=\"og:image:type\" content=\"image\/png\" \/>\n<meta name=\"twitter:card\" content=\"summary_large_image\" \/>\n<meta name=\"twitter:site\" content=\"@ASKRegASK\" \/>\n<meta name=\"twitter:label1\" content=\"Est. reading time\" \/>\n\t<meta name=\"twitter:data1\" content=\"1 minute\" \/>\n<script type=\"application\/ld+json\" class=\"yoast-schema-graph\">{\"@context\":\"https:\\\/\\\/schema.org\",\"@graph\":[{\"@type\":\"WebPage\",\"@id\":\"https:\\\/\\\/regask.com\\\/book-a-demo-blog\\\/\",\"url\":\"https:\\\/\\\/regask.com\\\/book-a-demo-blog\\\/\",\"name\":\"Book-a-Demo with RegAsk | Unlock Regulatory Efficiency\",\"isPartOf\":{\"@id\":\"https:\\\/\\\/regask.com\\\/#website\"},\"primaryImageOfPage\":{\"@id\":\"https:\\\/\\\/regask.com\\\/book-a-demo-blog\\\/#primaryimage\"},\"image\":{\"@id\":\"https:\\\/\\\/regask.com\\\/book-a-demo-blog\\\/#primaryimage\"},\"thumbnailUrl\":\"https:\\\/\\\/regask.com\\\/wp-content\\\/uploads\\\/2024\\\/06\\\/linkedin-white.png\",\"datePublished\":\"2024-11-22T10:29:23+00:00\",\"dateModified\":\"2025-07-21T12:07:32+00:00\",\"description\":\"Request a free demo today and experience the power of our regulatory intelligence platform. See RegASK in action!\",\"inLanguage\":\"fr-FR\",\"potentialAction\":[{\"@type\":\"ReadAction\",\"target\":[\"https:\\\/\\\/regask.com\\\/book-a-demo-blog\\\/\"]}]},{\"@type\":\"ImageObject\",\"inLanguage\":\"fr-FR\",\"@id\":\"https:\\\/\\\/regask.com\\\/book-a-demo-blog\\\/#primaryimage\",\"url\":\"https:\\\/\\\/regask.com\\\/wp-content\\\/uploads\\\/2024\\\/06\\\/linkedin-white.png\",\"contentUrl\":\"https:\\\/\\\/regask.com\\\/wp-content\\\/uploads\\\/2024\\\/06\\\/linkedin-white.png\"},{\"@type\":\"WebSite\",\"@id\":\"https:\\\/\\\/regask.com\\\/#website\",\"url\":\"https:\\\/\\\/regask.com\\\/\",\"name\":\"RegASK\",\"description\":\"Empowering Smarter Regulatory Decisions\",\"publisher\":{\"@id\":\"https:\\\/\\\/regask.com\\\/#organization\"},\"potentialAction\":[{\"@type\":\"SearchAction\",\"target\":{\"@type\":\"EntryPoint\",\"urlTemplate\":\"https:\\\/\\\/regask.com\\\/?s={search_term_string}\"},\"query-input\":{\"@type\":\"PropertyValueSpecification\",\"valueRequired\":true,\"valueName\":\"search_term_string\"}}],\"inLanguage\":\"fr-FR\"},{\"@type\":\"Organization\",\"@id\":\"https:\\\/\\\/regask.com\\\/#organization\",\"name\":\"RegASK\",\"url\":\"https:\\\/\\\/regask.com\\\/\",\"logo\":{\"@type\":\"ImageObject\",\"inLanguage\":\"fr-FR\",\"@id\":\"https:\\\/\\\/regask.com\\\/#\\\/schema\\\/logo\\\/image\\\/\",\"url\":\"https:\\\/\\\/regask.com\\\/wp-content\\\/uploads\\\/2024\\\/10\\\/RegASK-Logo-Dark-Round.png\",\"contentUrl\":\"https:\\\/\\\/regask.com\\\/wp-content\\\/uploads\\\/2024\\\/10\\\/RegASK-Logo-Dark-Round.png\",\"width\":401,\"height\":401,\"caption\":\"RegASK\"},\"image\":{\"@id\":\"https:\\\/\\\/regask.com\\\/#\\\/schema\\\/logo\\\/image\\\/\"},\"sameAs\":[\"https:\\\/\\\/www.facebook.com\\\/RegASKRegulatoryAffairs\\\/\",\"https:\\\/\\\/x.com\\\/ASKRegASK\",\"https:\\\/\\\/www.linkedin.com\\\/company\\\/RegASK\\\/\",\"https:\\\/\\\/www.youtube.com\\\/@RegASK\"]}]}<\/script>\n<!-- \/ Yoast SEO Premium plugin. -->","yoast_head_json":{"title":"R\u00e9servez une d\u00e9monstration avec RegAsk | Optimisez votre efficacit\u00e9 r\u00e9glementaire","description":"Demandez une d\u00e9monstration gratuite d\u00e8s aujourd&#039;hui et d\u00e9couvrez la puissance de notre plateforme de veille r\u00e9glementaire. D\u00e9couvrez RegASK en action\u00a0!","robots":{"index":"index","follow":"follow","max-snippet":"max-snippet:-1","max-image-preview":"max-image-preview:large","max-video-preview":"max-video-preview:-1"},"canonical":"https:\/\/regask.com\/fr\/reserver-une-demo-blog\/","og_locale":"fr_FR","og_type":"article","og_title":"Book a Demo - Blog Sidebar","og_description":"Request a free demo today and experience the power of our regulatory intelligence platform. See RegASK in action!","og_url":"https:\/\/regask.com\/fr\/reserver-une-demo-blog\/","og_site_name":"RegASK","article_publisher":"https:\/\/www.facebook.com\/RegASKRegulatoryAffairs\/","article_modified_time":"2025-07-21T12:07:32+00:00","og_image":[{"width":72,"height":73,"url":"https:\/\/regask.com\/wp-content\/uploads\/2024\/06\/linkedin-white.png","type":"image\/png"}],"twitter_card":"summary_large_image","twitter_site":"@ASKRegASK","twitter_misc":{"Est. reading time":"1 minute"},"schema":{"@context":"https:\/\/schema.org","@graph":[{"@type":"WebPage","@id":"https:\/\/regask.com\/book-a-demo-blog\/","url":"https:\/\/regask.com\/book-a-demo-blog\/","name":"R\u00e9servez une d\u00e9monstration avec RegAsk | Optimisez votre efficacit\u00e9 r\u00e9glementaire","isPartOf":{"@id":"https:\/\/regask.com\/#website"},"primaryImageOfPage":{"@id":"https:\/\/regask.com\/book-a-demo-blog\/#primaryimage"},"image":{"@id":"https:\/\/regask.com\/book-a-demo-blog\/#primaryimage"},"thumbnailUrl":"https:\/\/regask.com\/wp-content\/uploads\/2024\/06\/linkedin-white.png","datePublished":"2024-11-22T10:29:23+00:00","dateModified":"2025-07-21T12:07:32+00:00","description":"Demandez une d\u00e9monstration gratuite d\u00e8s aujourd&#039;hui et d\u00e9couvrez la puissance de notre plateforme de veille r\u00e9glementaire. D\u00e9couvrez RegASK en action\u00a0!","inLanguage":"fr-FR","potentialAction":[{"@type":"ReadAction","target":["https:\/\/regask.com\/book-a-demo-blog\/"]}]},{"@type":"ImageObject","inLanguage":"fr-FR","@id":"https:\/\/regask.com\/book-a-demo-blog\/#primaryimage","url":"https:\/\/regask.com\/wp-content\/uploads\/2024\/06\/linkedin-white.png","contentUrl":"https:\/\/regask.com\/wp-content\/uploads\/2024\/06\/linkedin-white.png"},{"@type":"WebSite","@id":"https:\/\/regask.com\/#website","url":"https:\/\/regask.com\/","name":"RegASK","description":"Favoriser des d\u00e9cisions r\u00e9glementaires plus intelligentes","publisher":{"@id":"https:\/\/regask.com\/#organization"},"potentialAction":[{"@type":"SearchAction","target":{"@type":"EntryPoint","urlTemplate":"https:\/\/regask.com\/?s={search_term_string}"},"query-input":{"@type":"PropertyValueSpecification","valueRequired":true,"valueName":"search_term_string"}}],"inLanguage":"fr-FR"},{"@type":"Organization","@id":"https:\/\/regask.com\/#organization","name":"RegASK","url":"https:\/\/regask.com\/","logo":{"@type":"ImageObject","inLanguage":"fr-FR","@id":"https:\/\/regask.com\/#\/schema\/logo\/image\/","url":"https:\/\/regask.com\/wp-content\/uploads\/2024\/10\/RegASK-Logo-Dark-Round.png","contentUrl":"https:\/\/regask.com\/wp-content\/uploads\/2024\/10\/RegASK-Logo-Dark-Round.png","width":401,"height":401,"caption":"RegASK"},"image":{"@id":"https:\/\/regask.com\/#\/schema\/logo\/image\/"},"sameAs":["https:\/\/www.facebook.com\/RegASKRegulatoryAffairs\/","https:\/\/x.com\/ASKRegASK","https:\/\/www.linkedin.com\/company\/RegASK\/","https:\/\/www.youtube.com\/@RegASK"]}]}},"_links":{"self":[{"href":"https:\/\/regask.com\/fr\/wp-json\/wp\/v2\/pages\/7857","targetHints":{"allow":["GET"]}}],"collection":[{"href":"https:\/\/regask.com\/fr\/wp-json\/wp\/v2\/pages"}],"about":[{"href":"https:\/\/regask.com\/fr\/wp-json\/wp\/v2\/types\/page"}],"author":[{"embeddable":true,"href":"https:\/\/regask.com\/fr\/wp-json\/wp\/v2\/users\/4"}],"replies":[{"embeddable":true,"href":"https:\/\/regask.com\/fr\/wp-json\/wp\/v2\/comments?post=7857"}],"version-history":[{"count":0,"href":"https:\/\/regask.com\/fr\/wp-json\/wp\/v2\/pages\/7857\/revisions"}],"wp:attachment":[{"href":"https:\/\/regask.com\/fr\/wp-json\/wp\/v2\/media?parent=7857"}],"curies":[{"name":"wp","href":"https:\/\/api.w.org\/{rel}","templated":true}]}}