{"id":7983,"date":"2025-01-27T20:22:14","date_gmt":"2025-01-27T12:22:14","guid":{"rendered":"https:\/\/regask.com\/?page_id=7983"},"modified":"2025-01-27T20:22:14","modified_gmt":"2025-01-27T12:22:14","slug":"reserver-une-demo","status":"publish","type":"page","link":"https:\/\/regask.com\/fr\/home-cosmetics\/book-a-demo\/","title":{"rendered":"R\u00e9server une d\u00e9mo"},"content":{"rendered":"<div class=\"row\"  id=\"row-1287829210\">\n\n\t<div id=\"col-1250324311\" class=\"col medium-5 small-12 large-5\"  >\n\t\t\t\t<div class=\"col-inner\"  >\n\t\t\t\n\t\t\t\n<h1>R\u00e9server un <span data-text-color=\"secondary\">d\u00e9mo<\/span><\/h1>\n<ul class=\"custom-bullet\">\n<li>D\u00e9tection pr\u00e9coce des changements r\u00e9glementaires et att\u00e9nuation des risques r\u00e9glementaires<\/li>\n<li>Assistance r\u00e9glementaire de bout en bout tout au long du cycle de vie de votre produit<\/li>\n<li>Conseil strat\u00e9gique r\u00e9glementaire pour construire la strat\u00e9gie commerciale optimale pour votre expansion sur le march\u00e9<\/li>\n<\/ul>\n\t\t<\/div>\n\t\t\t\t\n<style>\n#col-1250324311 > .col-inner {\n  padding: 0px 0px 0px 0px;\n  margin: 120px 0px 0px 0px;\n}\n@media (min-width:550px) {\n  #col-1250324311 > .col-inner {\n    padding: 0px 90px 0px 0px;\n    margin: 250px 0px 0px 0px;\n  }\n}\n<\/style>\n\t<\/div>\n\n\t\n\n\t<div id=\"col-2098942477\" class=\"col medium-7 small-12 large-7\"  >\n\t\t\t\t<div class=\"col-inner box-shadow-1\" style=\"background-color:rgb(255, 255, 255);\" >\n\t\t\t\n\t\t\t\n\n<div style=\"padding: 10px 30px;\"><script charset=\"utf-8\" type=\"text\/javascript\" src=\"\/\/js.hsforms.net\/forms\/embed\/v2.js\"><\/script><script>hbspt.forms.create({region: \"na1\",portalId: \"20908020\",formId: \"0af2c091-f9d4-497e-812e-14d3abddf395\"});<\/script><\/div>\n\n\t\t<\/div>\n\t\t\t\t\n<style>\n#col-2098942477 > .col-inner {\n  padding: 30px 30px 30px 30px;\n  margin: 0px 0px 30px 0px;\n  border-radius: 16px;\n}\n@media (min-width:550px) {\n  #col-2098942477 > .col-inner {\n    margin: 150px 0px 50px 0px;\n  }\n}\n<\/style>\n\t<\/div>\n\n\t\n<\/div>\n\n\t<section class=\"section\" id=\"section_1619129281\">\n\t\t<div class=\"section-bg fill\" >\n\t\t\t\t\t\t\t\t\t\n\t\t\t\n\n\t\t<\/div>\n\n\t\t\n\n\t\t<div class=\"section-content relative\">\n\t\t\t\n<div class=\"row row-collapse align-center\"  id=\"row-600376827\">\n\n\t<div id=\"col-1067358816\" class=\"col medium-4 small-10 large-4\"  >\n\t\t\t\t<div class=\"col-inner text-center\"  >\n\t\t\t\n\t\t\t\n\t<div id=\"text-2252825175\" class=\"text\">\n\t\t\n<div style=\"display: flex; justify-content: center; column-gap: 20px;\">\n<div style=\"text-align: right;\"><strong>Suivez RegASK sur <\/strong><\/div>\n<div><a href=\"https:\/\/www.linkedin.com\/company\/RegASK\/\"><img loading=\"lazy\" decoding=\"async\" class=\"no-margin alignright size-full wp-image-5316\" src=\"https:\/\/regask.com\/wp-content\/uploads\/2024\/06\/linkedin-white.png\" alt=\"Linkedin 1\" width=\"36\" height=\"37\" \/><\/a><\/div>\n<\/div>\n\t\t\n<style>\n#text-2252825175 {\n  font-size: 1.45rem;\n  color: rgb(255,255,255);\n}\n#text-2252825175 > * {\n  color: rgb(255,255,255);\n}\n<\/style>\n\t<\/div>\n\t\n\t\t<\/div>\n\t\t\t\t\n<style>\n#col-1067358816 > .col-inner {\n  padding: 0px 0px 0px 0px;\n  margin: 15px 0px 15px 0px;\n}\n@media (min-width:550px) {\n  #col-1067358816 > .col-inner {\n    margin: 15px 20px 15px 0px;\n  }\n}\n<\/style>\n\t<\/div>\n\n\t\n<\/div>\n\t\t<\/div>\n\n\t\t\n<style>\n#section_1619129281 {\n  padding-top: 0px;\n  padding-bottom: 0px;\n  background-color: rgb(130, 136, 174);\n}\n<\/style>\n\t<\/section>","protected":false},"excerpt":{"rendered":"","protected":false},"author":4,"featured_media":6912,"parent":7933,"menu_order":0,"comment_status":"closed","ping_status":"closed","template":"page-transparent-header-light.php","meta":{"_acf_changed":false,"footnotes":""},"class_list":["post-7983","page","type-page","status-publish","has-post-thumbnail","hentry"],"acf":[],"yoast_head":"<!-- This site is optimized with the Yoast SEO Premium plugin v27.2 (Yoast SEO v27.3) - https:\/\/yoast.com\/product\/yoast-seo-premium-wordpress\/ -->\n<title>RegASK Book-a-Demo | Unlock Regulatory Efficiency<\/title>\n<meta name=\"description\" content=\"See RegASK in action! Request a free demo today and experience the power of our regulatory intelligence platform.\" \/>\n<meta name=\"robots\" content=\"index, follow, max-snippet:-1, max-image-preview:large, max-video-preview:-1\" \/>\n<link rel=\"canonical\" href=\"https:\/\/regask.com\/fr\/cosmetiques-pour-la-maison\/reserver-une-demo\/\" \/>\n<meta property=\"og:locale\" content=\"fr_FR\" \/>\n<meta property=\"og:type\" content=\"article\" \/>\n<meta property=\"og:title\" content=\"Book a Demo\" \/>\n<meta property=\"og:description\" content=\"See RegASK in action! Request a free demo today and experience the power of our regulatory intelligence platform.\" \/>\n<meta property=\"og:url\" content=\"https:\/\/regask.com\/fr\/cosmetiques-pour-la-maison\/reserver-une-demo\/\" \/>\n<meta property=\"og:site_name\" content=\"RegASK\" \/>\n<meta property=\"article:publisher\" content=\"https:\/\/www.facebook.com\/RegASKRegulatoryAffairs\/\" \/>\n<meta property=\"og:image\" content=\"https:\/\/regask.com\/wp-content\/uploads\/2024\/07\/RegInsights-graphic.png\" \/>\n\t<meta property=\"og:image:width\" content=\"1632\" \/>\n\t<meta property=\"og:image:height\" content=\"1221\" \/>\n\t<meta property=\"og:image:type\" content=\"image\/png\" \/>\n<meta name=\"twitter:card\" content=\"summary_large_image\" \/>\n<meta name=\"twitter:site\" content=\"@ASKRegASK\" \/>\n<meta name=\"twitter:label1\" content=\"Est. reading time\" \/>\n\t<meta name=\"twitter:data1\" content=\"1 minute\" \/>\n<script type=\"application\/ld+json\" class=\"yoast-schema-graph\">{\"@context\":\"https:\\\/\\\/schema.org\",\"@graph\":[{\"@type\":\"WebPage\",\"@id\":\"https:\\\/\\\/regask.com\\\/home-cosmetics\\\/book-a-demo\\\/\",\"url\":\"https:\\\/\\\/regask.com\\\/home-cosmetics\\\/book-a-demo\\\/\",\"name\":\"RegASK Book-a-Demo | Unlock Regulatory Efficiency\",\"isPartOf\":{\"@id\":\"https:\\\/\\\/regask.com\\\/#website\"},\"primaryImageOfPage\":{\"@id\":\"https:\\\/\\\/regask.com\\\/home-cosmetics\\\/book-a-demo\\\/#primaryimage\"},\"image\":{\"@id\":\"https:\\\/\\\/regask.com\\\/home-cosmetics\\\/book-a-demo\\\/#primaryimage\"},\"thumbnailUrl\":\"https:\\\/\\\/regask.com\\\/wp-content\\\/uploads\\\/2024\\\/07\\\/RegInsights-graphic.png\",\"datePublished\":\"2025-01-27T12:22:14+00:00\",\"description\":\"See RegASK in action! Request a free demo today and experience the power of our regulatory intelligence platform.\",\"breadcrumb\":{\"@id\":\"https:\\\/\\\/regask.com\\\/home-cosmetics\\\/book-a-demo\\\/#breadcrumb\"},\"inLanguage\":\"fr-FR\",\"potentialAction\":[{\"@type\":\"ReadAction\",\"target\":[\"https:\\\/\\\/regask.com\\\/home-cosmetics\\\/book-a-demo\\\/\"]}]},{\"@type\":\"ImageObject\",\"inLanguage\":\"fr-FR\",\"@id\":\"https:\\\/\\\/regask.com\\\/home-cosmetics\\\/book-a-demo\\\/#primaryimage\",\"url\":\"https:\\\/\\\/regask.com\\\/wp-content\\\/uploads\\\/2024\\\/07\\\/RegInsights-graphic.png\",\"contentUrl\":\"https:\\\/\\\/regask.com\\\/wp-content\\\/uploads\\\/2024\\\/07\\\/RegInsights-graphic.png\",\"width\":1632,\"height\":1221,\"caption\":\"Reginsights Graphic\"},{\"@type\":\"BreadcrumbList\",\"@id\":\"https:\\\/\\\/regask.com\\\/home-cosmetics\\\/book-a-demo\\\/#breadcrumb\",\"itemListElement\":[{\"@type\":\"ListItem\",\"position\":1,\"name\":\"Home &#8211; Cosmetics\",\"item\":\"https:\\\/\\\/regask.com\\\/home-cosmetics\\\/\"},{\"@type\":\"ListItem\",\"position\":2,\"name\":\"Book a Demo\"}]},{\"@type\":\"WebSite\",\"@id\":\"https:\\\/\\\/regask.com\\\/#website\",\"url\":\"https:\\\/\\\/regask.com\\\/\",\"name\":\"RegASK\",\"description\":\"Empowering Smarter Regulatory Decisions\",\"publisher\":{\"@id\":\"https:\\\/\\\/regask.com\\\/#organization\"},\"potentialAction\":[{\"@type\":\"SearchAction\",\"target\":{\"@type\":\"EntryPoint\",\"urlTemplate\":\"https:\\\/\\\/regask.com\\\/?s={search_term_string}\"},\"query-input\":{\"@type\":\"PropertyValueSpecification\",\"valueRequired\":true,\"valueName\":\"search_term_string\"}}],\"inLanguage\":\"fr-FR\"},{\"@type\":\"Organization\",\"@id\":\"https:\\\/\\\/regask.com\\\/#organization\",\"name\":\"RegASK\",\"url\":\"https:\\\/\\\/regask.com\\\/\",\"logo\":{\"@type\":\"ImageObject\",\"inLanguage\":\"fr-FR\",\"@id\":\"https:\\\/\\\/regask.com\\\/#\\\/schema\\\/logo\\\/image\\\/\",\"url\":\"https:\\\/\\\/regask.com\\\/wp-content\\\/uploads\\\/2024\\\/10\\\/RegASK-Logo-Dark-Round.png\",\"contentUrl\":\"https:\\\/\\\/regask.com\\\/wp-content\\\/uploads\\\/2024\\\/10\\\/RegASK-Logo-Dark-Round.png\",\"width\":401,\"height\":401,\"caption\":\"RegASK\"},\"image\":{\"@id\":\"https:\\\/\\\/regask.com\\\/#\\\/schema\\\/logo\\\/image\\\/\"},\"sameAs\":[\"https:\\\/\\\/www.facebook.com\\\/RegASKRegulatoryAffairs\\\/\",\"https:\\\/\\\/x.com\\\/ASKRegASK\",\"https:\\\/\\\/www.linkedin.com\\\/company\\\/RegASK\\\/\",\"https:\\\/\\\/www.youtube.com\\\/playlist?list=PL6yPC6gFqelkHbOeyUVKjtHOZXZ2LQbJd\"]}]}<\/script>\n<!-- \/ Yoast SEO Premium plugin. -->","yoast_head_json":{"title":"RegASK R\u00e9servez une d\u00e9mo | Optimisez l&#039;efficacit\u00e9 r\u00e9glementaire","description":"D\u00e9couvrez RegASK en action ! Demandez une d\u00e9monstration gratuite d\u00e8s aujourd&#039;hui et d\u00e9couvrez la puissance de notre plateforme de veille r\u00e9glementaire.","robots":{"index":"index","follow":"follow","max-snippet":"max-snippet:-1","max-image-preview":"max-image-preview:large","max-video-preview":"max-video-preview:-1"},"canonical":"https:\/\/regask.com\/fr\/cosmetiques-pour-la-maison\/reserver-une-demo\/","og_locale":"fr_FR","og_type":"article","og_title":"Book a Demo","og_description":"See RegASK in action! Request a free demo today and experience the power of our regulatory intelligence platform.","og_url":"https:\/\/regask.com\/fr\/cosmetiques-pour-la-maison\/reserver-une-demo\/","og_site_name":"RegASK","article_publisher":"https:\/\/www.facebook.com\/RegASKRegulatoryAffairs\/","og_image":[{"width":1632,"height":1221,"url":"https:\/\/regask.com\/wp-content\/uploads\/2024\/07\/RegInsights-graphic.png","type":"image\/png"}],"twitter_card":"summary_large_image","twitter_site":"@ASKRegASK","twitter_misc":{"Est. reading time":"1 minute"},"schema":{"@context":"https:\/\/schema.org","@graph":[{"@type":"WebPage","@id":"https:\/\/regask.com\/home-cosmetics\/book-a-demo\/","url":"https:\/\/regask.com\/home-cosmetics\/book-a-demo\/","name":"RegASK R\u00e9servez une d\u00e9mo | Optimisez l&#039;efficacit\u00e9 r\u00e9glementaire","isPartOf":{"@id":"https:\/\/regask.com\/#website"},"primaryImageOfPage":{"@id":"https:\/\/regask.com\/home-cosmetics\/book-a-demo\/#primaryimage"},"image":{"@id":"https:\/\/regask.com\/home-cosmetics\/book-a-demo\/#primaryimage"},"thumbnailUrl":"https:\/\/regask.com\/wp-content\/uploads\/2024\/07\/RegInsights-graphic.png","datePublished":"2025-01-27T12:22:14+00:00","description":"D\u00e9couvrez RegASK en action ! Demandez une d\u00e9monstration gratuite d\u00e8s aujourd&#039;hui et d\u00e9couvrez la puissance de notre plateforme de veille r\u00e9glementaire.","breadcrumb":{"@id":"https:\/\/regask.com\/home-cosmetics\/book-a-demo\/#breadcrumb"},"inLanguage":"fr-FR","potentialAction":[{"@type":"ReadAction","target":["https:\/\/regask.com\/home-cosmetics\/book-a-demo\/"]}]},{"@type":"ImageObject","inLanguage":"fr-FR","@id":"https:\/\/regask.com\/home-cosmetics\/book-a-demo\/#primaryimage","url":"https:\/\/regask.com\/wp-content\/uploads\/2024\/07\/RegInsights-graphic.png","contentUrl":"https:\/\/regask.com\/wp-content\/uploads\/2024\/07\/RegInsights-graphic.png","width":1632,"height":1221,"caption":"Reginsights Graphic"},{"@type":"BreadcrumbList","@id":"https:\/\/regask.com\/home-cosmetics\/book-a-demo\/#breadcrumb","itemListElement":[{"@type":"ListItem","position":1,"name":"Home &#8211; Cosmetics","item":"https:\/\/regask.com\/home-cosmetics\/"},{"@type":"ListItem","position":2,"name":"Book a Demo"}]},{"@type":"WebSite","@id":"https:\/\/regask.com\/#website","url":"https:\/\/regask.com\/","name":"RegASK","description":"Favoriser des d\u00e9cisions r\u00e9glementaires plus intelligentes","publisher":{"@id":"https:\/\/regask.com\/#organization"},"potentialAction":[{"@type":"SearchAction","target":{"@type":"EntryPoint","urlTemplate":"https:\/\/regask.com\/?s={search_term_string}"},"query-input":{"@type":"PropertyValueSpecification","valueRequired":true,"valueName":"search_term_string"}}],"inLanguage":"fr-FR"},{"@type":"Organization","@id":"https:\/\/regask.com\/#organization","name":"RegASK","url":"https:\/\/regask.com\/","logo":{"@type":"ImageObject","inLanguage":"fr-FR","@id":"https:\/\/regask.com\/#\/schema\/logo\/image\/","url":"https:\/\/regask.com\/wp-content\/uploads\/2024\/10\/RegASK-Logo-Dark-Round.png","contentUrl":"https:\/\/regask.com\/wp-content\/uploads\/2024\/10\/RegASK-Logo-Dark-Round.png","width":401,"height":401,"caption":"RegASK"},"image":{"@id":"https:\/\/regask.com\/#\/schema\/logo\/image\/"},"sameAs":["https:\/\/www.facebook.com\/RegASKRegulatoryAffairs\/","https:\/\/x.com\/ASKRegASK","https:\/\/www.linkedin.com\/company\/RegASK\/","https:\/\/www.youtube.com\/playlist?list=PL6yPC6gFqelkHbOeyUVKjtHOZXZ2LQbJd"]}]}},"_links":{"self":[{"href":"https:\/\/regask.com\/fr\/wp-json\/wp\/v2\/pages\/7983","targetHints":{"allow":["GET"]}}],"collection":[{"href":"https:\/\/regask.com\/fr\/wp-json\/wp\/v2\/pages"}],"about":[{"href":"https:\/\/regask.com\/fr\/wp-json\/wp\/v2\/types\/page"}],"author":[{"embeddable":true,"href":"https:\/\/regask.com\/fr\/wp-json\/wp\/v2\/users\/4"}],"replies":[{"embeddable":true,"href":"https:\/\/regask.com\/fr\/wp-json\/wp\/v2\/comments?post=7983"}],"version-history":[{"count":0,"href":"https:\/\/regask.com\/fr\/wp-json\/wp\/v2\/pages\/7983\/revisions"}],"up":[{"embeddable":true,"href":"https:\/\/regask.com\/fr\/wp-json\/wp\/v2\/pages\/7933"}],"wp:featuredmedia":[{"embeddable":true,"href":"https:\/\/regask.com\/fr\/wp-json\/wp\/v2\/media\/6912"}],"wp:attachment":[{"href":"https:\/\/regask.com\/fr\/wp-json\/wp\/v2\/media?parent=7983"}],"curies":[{"name":"wp","href":"https:\/\/api.w.org\/{rel}","templated":true}]}}