{"id":9381,"date":"2026-01-09T16:43:15","date_gmt":"2026-01-09T08:43:15","guid":{"rendered":"https:\/\/regask.com\/?page_id=9381"},"modified":"2026-02-11T17:21:41","modified_gmt":"2026-02-11T09:21:41","slug":"webinaire-alibaba-foodamental-sur-le-marche-alimentaire-americain","status":"publish","type":"page","link":"https:\/\/regask.com\/fr\/alibaba-foodamental-regask-webinar-us-food-market\/","title":{"rendered":"Webinaire Alibaba x Foodamental x RegASK\u00a0: Un guide pratique\u2026"},"content":{"rendered":"\n\t<section class=\"section\" id=\"section_1251011723\">\n\t\t<div class=\"section-bg fill\" >\n\t\t\t<img decoding=\"async\" src=\"https:\/\/regask.com\/wp-content\/uploads\/2024\/07\/bg-flip-card-1.svg\" class=\"bg attachment- size-\" alt=\"Bg Flip Card 1\" \/>\t\t\t\t\t\t\n\t\t\t\n\n\t\t<\/div>\n\n\t\t\n\n\t\t<div class=\"section-content relative\">\n\t\t\t\n<div class=\"row align-middle\"  id=\"row-616089754\">\n\n\t<div id=\"col-717829486\" class=\"col medium-5 small-12 large-6\"  >\n\t\t\t\t<div class=\"col-inner\"  >\n\t\t\t\n\t\t\t\n<p class=\"h5\"><span data-text-color=\"secondary\">REGASK SPEAKS ON<\/span><\/p>\n<h1 class=\"h3\">Alibaba x Foodamental x RegASK Webinar:<\/h1>\n<h1>A Practical Guide for Entering the U.S. Food Market<\/h1>\n<p><span data-text-color=\"primary\"><strong>FEBRUARY 9, 2026\u00a0 |\u00a0 2PM (Japan Time)<\/strong><\/span><\/p>\n<div class=\"row align-equal\"  id=\"row-1320075232\">\n\n\t<div id=\"col-841202111\" class=\"col medium-8 small-12 large-8\"  >\n\t\t\t\t<div class=\"col-inner\"  >\n\t\t\t\n\t\t\t\n<a href=\"https:\/\/regask.com\/alibaba-foodamental-regask-webinar-us-food-market\/#video\" class=\"button secondary lowercase\" style=\"border-radius:5px;padding:0px 20px 0px 20px;\">\n\t\t<span>Watch webinar replay<\/span>\n\t<\/a>\n\n\t\t<\/div>\n\t\t\t\t\n<style>\n#col-841202111 > .col-inner {\n  margin: 0px 0px -20px 0px;\n}\n<\/style>\n\t<\/div>\n\n\t\n\n<style>\n#row-1320075232 > .col > .col-inner {\n  padding: 0px 0px 0px 0px;\n}\n<\/style>\n<\/div>\n\t\t<\/div>\n\t\t\t\t\n<style>\n#col-717829486 > .col-inner {\n  padding: 70px 0px 0px 0px;\n  margin: 0px 0px 0px 0px;\n}\n@media (min-width:550px) {\n  #col-717829486 > .col-inner {\n    padding: 150px 0px 0px 0px;\n    margin: 0px 0px 0px -10px;\n  }\n}\n<\/style>\n\t<\/div>\n\n\t\n\n\t<div id=\"col-1645240865\" class=\"col medium-7 small-12 large-6\"  >\n\t\t\t\t<div class=\"col-inner text-center\"  >\n\t\t\t\n\t\t\t\n\t<div class=\"img has-hover x md-x lg-x y md-y lg-y\" id=\"image_464019713\">\n\t\t\t\t\t\t\t\t<div class=\"img-inner dark\" >\n\t\t\t<img loading=\"lazy\" decoding=\"async\" width=\"499\" height=\"499\" src=\"https:\/\/regask.com\/wp-content\/uploads\/2026\/01\/RegASK-Alibaba-x-Foodamental-Webinar.png\" class=\"attachment-large size-large\" alt=\"Regask Alibaba X Foodamental Webinar\" srcset=\"https:\/\/regask.com\/wp-content\/uploads\/2026\/01\/RegASK-Alibaba-x-Foodamental-Webinar.png 499w, https:\/\/regask.com\/wp-content\/uploads\/2026\/01\/RegASK-Alibaba-x-Foodamental-Webinar-330x330.png 330w, https:\/\/regask.com\/wp-content\/uploads\/2026\/01\/RegASK-Alibaba-x-Foodamental-Webinar-12x12.png 12w\" sizes=\"auto, (max-width: 499px) 100vw, 499px\" \/>\t\t\t\t\t\t\n\t\t\t\t\t<\/div>\n\t\t\t\t\t\t\t\t\n<style>\n#image_464019713 {\n  width: 74%;\n}\n<\/style>\n\t<\/div>\n\t\n\t\t<\/div>\n\t\t\t\t\n<style>\n#col-1645240865 > .col-inner {\n  padding: 30px 0px 0px 0px;\n  margin: 0px 0px 20px 0px;\n}\n@media (min-width:550px) {\n  #col-1645240865 > .col-inner {\n    padding: 0px 0px 0px 0px;\n    margin: 150px 0px 0px 0px;\n  }\n}\n<\/style>\n\t<\/div>\n\n\t\n<\/div>\n\t\t<\/div>\n\n\t\t\n<style>\n#section_1251011723 {\n  padding-top: 30px;\n  padding-bottom: 30px;\n}\n#section_1251011723 .section-bg img {\n  object-position: 77% 67%;\n}\n<\/style>\n\t<\/section>\n\t\n<span class=\"scroll-to\" data-label=\"Scroll to: #video\" data-bullet=\"false\" data-link=\"#video\" data-title=\"#video\"><a name=\"video\"><\/a><\/span>\n\n\t<section class=\"section dark\" id=\"section_1762750964\">\n\t\t<div class=\"section-bg fill\" >\n\t\t\t\t\t\t\t\t\t\n\t\t\t\n\n\t\t<\/div>\n\n\t\t\n\n\t\t<div class=\"section-content relative\">\n\t\t\t\n<div class=\"row align-equal align-center\"  id=\"row-879251173\">\n\n\t<div id=\"col-1431422952\" class=\"col small-12 large-12\"  >\n\t\t\t\t<div class=\"col-inner\" style=\"background-color:rgb(255, 255, 255);\" >\n\t\t\t\n\t\t\t\n<div id=\"hubspot-form-container\"><\/div>\r\n\r\n<div id=\"youtube-video-container\" style=\"display: none;\">\r\n  <iframe src=\"https:\/\/www.youtube.com\/embed\/2ya-huJHD6M?si=7QWNcBqDl6QA4UYq\"\r\n    title=\"YouTube video player\"\r\n    frameborder=\"0\"\r\n    allow=\"accelerometer; autoplay; clipboard-write; encrypted-media; gyroscope; picture-in-picture\"\r\n    allowfullscreen>\r\n  <\/iframe>\r\n<\/div>\r\n\r\n<style>\r\n  #youtube-video-container {\r\n    position: relative;\r\n    width: 100%;\r\n    padding-bottom: 56.25%;\r\n    height: 0;\r\n  }\r\n\r\n  #youtube-video-container iframe {\r\n    position: absolute;\r\n    top: 0;\r\n    left: 0;\r\n    width: 100%;\r\n    height: 100%;\r\n  }\r\n<\/style>\r\n\r\n<script>\r\n  function setCookie(name, value, days) {\r\n    var expires = \"\";\r\n    if (days) {\r\n      var date = new Date();\r\n      date.setTime(date.getTime() + (days * 24 * 60 * 60 * 1000));\r\n      expires = \"; expires=\" + date.toUTCString();\r\n    }\r\n    document.cookie = name + \"=\" + (value || \"\") + expires + \"; path=\/\";\r\n  }  function getCookie(name) {\r\n    var nameEQ = name + \"=\";\r\n    var ca = document.cookie.split(\";\");\r\n    for (var i = 0; i < ca.length; i++) {\r\n      var c = ca[i];\r\n      while (c.charAt(0) == \" \") c = c.substring(1, c.length);\r\n      if (c.indexOf(nameEQ) == 0) return c.substring(nameEQ.length, c.length);\r\n    }\r\n    return null;\r\n  }\r\n function showVideo() {\r\n    document.getElementById(\"hubspot-form-container\").style.display = \"none\";\r\n    document.getElementById(\"youtube-video-container\").style.display = \"block\";\r\n  }\r\n console.log(\"Form cookie value:\", getCookie(\"formSubmitted\"));\r\n if (getCookie(\"formSubmitted\") === \"true\") {\r\n    showVideo();\r\n  } else {\r\n    var script = document.createElement(\"script\");\r\n    script.src = \"\/\/js-na2.hsforms.net\/forms\/embed\/v2.js\";\r\n    script.type = \"text\/javascript\";\r\n    script.onload = function () {\r\n      console.log(\"HubSpot form script loaded.\");\r\n      if (window.hbspt && hbspt.forms) {\r\n        hbspt.forms.create({\r\n          region: \"na2\",\r\n          portalId: \"20908020\",\r\n          formId: \"1305634f-6e49-413b-b575-c5d6c3978328\",\r\n          target: \"#hubspot-form-container\",\r\n          onFormSubmit: function () {\r\n            setCookie(\"formSubmitted\", \"true\", 30);\r\n            showVideo();\r\n          },\r\n        });\r\n      } else {\r\n        console.error(\"HubSpot form library not found.\");\r\n      }\r\n    };\r\n    document.body.appendChild(script);\r\n  }\r\n<\/script>\n\t\t<\/div>\n\t\t\t\t\n<style>\n#col-1431422952 > .col-inner {\n  padding: 20px 40px 20px 40px;\n  border-radius: 15px;\n}\n<\/style>\n\t<\/div>\n\n\t\n<\/div>\n\t\t<\/div>\n\n\t\t\n<style>\n#section_1762750964 {\n  padding-top: 60px;\n  padding-bottom: 60px;\n  background-color: #0a2342;\n}\n<\/style>\n\t<\/section>\n\t\n\n\t<section class=\"section dark\" id=\"section_539938411\">\n\t\t<div class=\"section-bg fill\" >\n\t\t\t\t\t\t\t\t\t\n\t\t\t\n\n\t\t<\/div>\n\n\t\t\n\n\t\t<div class=\"section-content relative\">\n\t\t\t\n<div class=\"row align-equal align-center\"  id=\"row-1344959420\">\n\n\t<div id=\"col-817974969\" class=\"col small-12 large-12\"  >\n\t\t\t\t<div class=\"col-inner text-left\"  >\n\t\t\t\n\t\t\t\n\t<div id=\"text-3089837626\" class=\"text\">\n\t\t\n<h2 class=\"text-3xl font-bold mb-4\" style=\"text-align: left;\" data-lov-id=\"src\/pages\/Security.tsx:216:12\" data-lov-name=\"h2\" data-component-path=\"src\/pages\/Security.tsx\" data-component-line=\"216\" data-component-file=\"Security.tsx\" data-component-name=\"h2\" data-component-content=\"%7B%22text%22%3A%22Compliant%20with%20Industry%20Standards%22%2C%22className%22%3A%22text-3xl%20font-bold%20mb-4%22%7D\">About Webinar<\/h2>\n\t\t\n<style>\n#text-3089837626 {\n  text-align: left;\n}\n<\/style>\n\t<\/div>\n\t\n\t<div id=\"gap-1357748899\" class=\"gap-element clearfix\" style=\"display:block; height:auto;\">\n\t\t\n<style>\n#gap-1357748899 {\n  padding-top: 20px;\n}\n<\/style>\n\t<\/div>\n\t\n\t<div id=\"text-202273406\" class=\"text\">\n\t\t\n<p>A Practical Guide for Entering the U.S. Market\u00a0 (Japanese-language webinar)<\/p>\n<p>Entering the U.S. market takes more than ambition. It requires the right strategy, trusted partners, and a clear understanding of regulatory realities.<\/p>\n<p>Join Alibaba.com Japan, Foodamental, and RegASK for a practical, insight-driven session delivered in Japanese, designed specifically for Japanese companies looking to expand into the U.S. food market.<\/p>\n<p>\ud83c\udfa4 Speakers<br \/>&#8211; Ryuji Sawada, B2B Business Global B2B Unit Business Development, Alibaba.com Japan<br \/>&#8211; Junki Yoshida, Founder &amp; CEO, Foodamental<br \/>&#8211; Natsumi Yamada, Customer Success Manager, RegASK<\/p>\n\t\t\n<style>\n#text-202273406 {\n  text-align: left;\n}\n<\/style>\n\t<\/div>\n\t\n<div class=\"is-divider divider clearfix\" style=\"margin-top:1em;margin-bottom:1em;max-width:20%;height:1px;background-color:#a5acd9;\"><\/div>\n\t<div id=\"text-4221455442\" class=\"text\">\n\t\t\n<p>\ud83d\udd0d RegASK Keynote<br \/><strong>Understanding Global Food Regulations: US, EU, and ASEAN Trends with a Practical US Case Study<\/strong><br \/>A clear, actionable overview of global food regulations and how they impact U.S. market entry.<\/p>\n<p>\ud83d\udcc5 February 9, 2026<br \/>\u23f0 2:00 PM (Japan Time)<br \/>\ud83d\udde3\ufe0f Language: Japanese<\/p>\n<p>If you are planning U.S. expansion or navigating global food regulations, this session will give you the clarity to move forward with confidence.<\/p>\n\t\t\n<style>\n#text-4221455442 {\n  text-align: left;\n}\n<\/style>\n\t<\/div>\n\t\n<a href=\"https:\/\/regask.com\/alibaba-foodamental-regask-webinar-us-food-market\/#video\" class=\"button secondary lowercase\" style=\"border-radius:5px;padding:0px 30px 0px 30px;\">\n\t\t<span>Watch webinar replay<\/span>\n\t<\/a>\n\n\t\t<\/div>\n\t\t\t\t\n<style>\n#col-817974969 > .col-inner {\n  padding: 0px 0px 0px 0px;\n  margin: -50px 0px 0px 0px;\n}\n@media (min-width:550px) {\n  #col-817974969 > .col-inner {\n    padding: 0px 50px 0px 50px;\n  }\n}\n@media (min-width:850px) {\n  #col-817974969 > .col-inner {\n    padding: 0px 0px 0px 0px;\n  }\n}\n<\/style>\n\t<\/div>\n\n\t\n<\/div>\n\t\t<\/div>\n\n\t\t\n<style>\n#section_539938411 {\n  padding-top: 60px;\n  padding-bottom: 60px;\n  background-color: #0a2342;\n}\n<\/style>\n\t<\/section>\n\t\n\n\t<section class=\"section\" id=\"section_805454299\">\n\t\t<div class=\"section-bg fill\" >\n\t\t\t\t\t\t\t\t\t\n\t\t\t\n\n\t\t<\/div>\n\n\t\t\n\n\t\t<div class=\"section-content relative\">\n\t\t\t\n\t<div id=\"gap-591574353\" class=\"gap-element clearfix\" style=\"display:block; height:auto;\">\n\t\t\n<style>\n#gap-591574353 {\n  padding-top: 30px;\n}\n<\/style>\n\t<\/div>\n\t\n<div class=\"row align-center\"  id=\"row-895718378\">\n\n\t<div id=\"col-1445209966\" class=\"col medium-11 small-12 large-11\"  >\n\t\t\t\t<div class=\"col-inner text-center\"  >\n\t\t\t\n\t\t\t\n\t<div id=\"text-2742903646\" class=\"text\">\n\t\t\n<h2>Accelerate compliance with confidence<\/h2>\n<p>Discover how RegASK helps organizations automate regulatory intelligence, identify risks early, and execute compliance strategies efficiently across markets.<\/p>\n\t\t\n<style>\n#text-2742903646 {\n  text-align: center;\n}\n<\/style>\n\t<\/div>\n\t\n<a href=\"https:\/\/regask.com\/book-a-demo\/\" target=\"_blank\" class=\"button secondary\" rel=\"noopener\" >\n\t\t<span>Book a demo with RegASK<\/span>\n\t<\/a>\n\n\t\t<\/div>\n\t\t\t\t\t<\/div>\n\n\t\n<\/div>\n\t\t<\/div>\n\n\t\t\n<style>\n#section_805454299 {\n  padding-top: 30px;\n  padding-bottom: 30px;\n  background-color: #f4f5fe;\n}\n<\/style>\n\t<\/section>\n\t\n","protected":false},"excerpt":{"rendered":"","protected":false},"author":32,"featured_media":9407,"parent":0,"menu_order":0,"comment_status":"closed","ping_status":"closed","template":"page-transparent-header.php","meta":{"_acf_changed":false,"footnotes":""},"class_list":["post-9381","page","type-page","status-publish","has-post-thumbnail","hentry"],"acf":[],"yoast_head":"<!-- This site is optimized with the Yoast SEO Premium plugin v27.3 (Yoast SEO v27.3) - https:\/\/yoast.com\/product\/yoast-seo-premium-wordpress\/ -->\n<title>RegASK | A Practical Guide for Entering the U.S. Food Market Webinar<\/title>\n<meta name=\"description\" content=\"Discover insights on regulatory affairs through our podcast covering the current state and future outlook for U.S. market entry.\" \/>\n<meta name=\"robots\" content=\"index, follow, max-snippet:-1, max-image-preview:large, max-video-preview:-1\" \/>\n<link rel=\"canonical\" href=\"https:\/\/regask.com\/fr\/webinaire-alibaba-foodamental-sur-le-marche-alimentaire-americain\/\" \/>\n<meta property=\"og:locale\" content=\"fr_FR\" \/>\n<meta property=\"og:type\" content=\"article\" \/>\n<meta property=\"og:title\" content=\"Alibaba x Foodamental x RegASK Webinar: A Practical Guide for Entering the U.S. Food Market\" \/>\n<meta property=\"og:description\" content=\"Discover insights on regulatory affairs through our podcast covering the current state and future outlook for U.S. market entry.\" \/>\n<meta property=\"og:url\" content=\"https:\/\/regask.com\/fr\/webinaire-alibaba-foodamental-sur-le-marche-alimentaire-americain\/\" \/>\n<meta property=\"og:site_name\" content=\"RegASK\" \/>\n<meta property=\"article:publisher\" content=\"https:\/\/www.facebook.com\/RegASKRegulatoryAffairs\/\" \/>\n<meta property=\"article:modified_time\" content=\"2026-02-11T09:21:41+00:00\" \/>\n<meta property=\"og:image\" content=\"https:\/\/regask.com\/wp-content\/uploads\/2024\/07\/RegASK-Logo-White-Square-1.png\" \/>\n\t<meta property=\"og:image:width\" content=\"1212\" \/>\n\t<meta property=\"og:image:height\" content=\"1212\" \/>\n\t<meta property=\"og:image:type\" content=\"image\/png\" \/>\n<meta name=\"twitter:card\" content=\"summary_large_image\" \/>\n<meta name=\"twitter:site\" content=\"@ASKRegASK\" \/>\n<meta name=\"twitter:label1\" content=\"Est. reading time\" \/>\n\t<meta name=\"twitter:data1\" content=\"3 minutes\" \/>\n<script type=\"application\/ld+json\" class=\"yoast-schema-graph\">{\"@context\":\"https:\\\/\\\/schema.org\",\"@graph\":[{\"@type\":\"WebPage\",\"@id\":\"https:\\\/\\\/regask.com\\\/alibaba-foodamental-regask-webinar-us-food-market\\\/\",\"url\":\"https:\\\/\\\/regask.com\\\/alibaba-foodamental-regask-webinar-us-food-market\\\/\",\"name\":\"RegASK | A Practical Guide for Entering the U.S. Food Market Webinar\",\"isPartOf\":{\"@id\":\"https:\\\/\\\/regask.com\\\/#website\"},\"primaryImageOfPage\":{\"@id\":\"https:\\\/\\\/regask.com\\\/alibaba-foodamental-regask-webinar-us-food-market\\\/#primaryimage\"},\"image\":{\"@id\":\"https:\\\/\\\/regask.com\\\/alibaba-foodamental-regask-webinar-us-food-market\\\/#primaryimage\"},\"thumbnailUrl\":\"https:\\\/\\\/regask.com\\\/wp-content\\\/uploads\\\/2026\\\/01\\\/RegASK-Alibaba-x-Foodamental-Webinar.png\",\"datePublished\":\"2026-01-09T08:43:15+00:00\",\"dateModified\":\"2026-02-11T09:21:41+00:00\",\"description\":\"Discover insights on regulatory affairs through our podcast covering the current state and future outlook for U.S. market entry.\",\"inLanguage\":\"fr-FR\",\"potentialAction\":[{\"@type\":\"ReadAction\",\"target\":[\"https:\\\/\\\/regask.com\\\/alibaba-foodamental-regask-webinar-us-food-market\\\/\"]}]},{\"@type\":\"ImageObject\",\"inLanguage\":\"fr-FR\",\"@id\":\"https:\\\/\\\/regask.com\\\/alibaba-foodamental-regask-webinar-us-food-market\\\/#primaryimage\",\"url\":\"https:\\\/\\\/regask.com\\\/wp-content\\\/uploads\\\/2026\\\/01\\\/RegASK-Alibaba-x-Foodamental-Webinar.png\",\"contentUrl\":\"https:\\\/\\\/regask.com\\\/wp-content\\\/uploads\\\/2026\\\/01\\\/RegASK-Alibaba-x-Foodamental-Webinar.png\",\"width\":499,\"height\":499,\"caption\":\"Regask Alibaba X Foodamental Webinar\"},{\"@type\":\"WebSite\",\"@id\":\"https:\\\/\\\/regask.com\\\/#website\",\"url\":\"https:\\\/\\\/regask.com\\\/\",\"name\":\"RegASK\",\"description\":\"Empowering Smarter Regulatory Decisions\",\"publisher\":{\"@id\":\"https:\\\/\\\/regask.com\\\/#organization\"},\"potentialAction\":[{\"@type\":\"SearchAction\",\"target\":{\"@type\":\"EntryPoint\",\"urlTemplate\":\"https:\\\/\\\/regask.com\\\/?s={search_term_string}\"},\"query-input\":{\"@type\":\"PropertyValueSpecification\",\"valueRequired\":true,\"valueName\":\"search_term_string\"}}],\"inLanguage\":\"fr-FR\"},{\"@type\":\"Organization\",\"@id\":\"https:\\\/\\\/regask.com\\\/#organization\",\"name\":\"RegASK\",\"url\":\"https:\\\/\\\/regask.com\\\/\",\"logo\":{\"@type\":\"ImageObject\",\"inLanguage\":\"fr-FR\",\"@id\":\"https:\\\/\\\/regask.com\\\/#\\\/schema\\\/logo\\\/image\\\/\",\"url\":\"https:\\\/\\\/regask.com\\\/wp-content\\\/uploads\\\/2024\\\/10\\\/RegASK-Logo-Dark-Round.png\",\"contentUrl\":\"https:\\\/\\\/regask.com\\\/wp-content\\\/uploads\\\/2024\\\/10\\\/RegASK-Logo-Dark-Round.png\",\"width\":401,\"height\":401,\"caption\":\"RegASK\"},\"image\":{\"@id\":\"https:\\\/\\\/regask.com\\\/#\\\/schema\\\/logo\\\/image\\\/\"},\"sameAs\":[\"https:\\\/\\\/www.facebook.com\\\/RegASKRegulatoryAffairs\\\/\",\"https:\\\/\\\/x.com\\\/ASKRegASK\",\"https:\\\/\\\/www.linkedin.com\\\/company\\\/RegASK\\\/\",\"https:\\\/\\\/www.youtube.com\\\/playlist?list=PL6yPC6gFqelkHbOeyUVKjtHOZXZ2LQbJd\"]}]}<\/script>\n<!-- \/ Yoast SEO Premium plugin. -->","yoast_head_json":{"title":"RegASK | Webinaire\u00a0: Guide pratique pour entrer sur le march\u00e9 alimentaire am\u00e9ricain","description":"D\u00e9couvrez des informations sur les affaires r\u00e9glementaires gr\u00e2ce \u00e0 notre podcast qui couvre la situation actuelle et les perspectives d&#039;avenir pour l&#039;entr\u00e9e sur le march\u00e9 am\u00e9ricain.","robots":{"index":"index","follow":"follow","max-snippet":"max-snippet:-1","max-image-preview":"max-image-preview:large","max-video-preview":"max-video-preview:-1"},"canonical":"https:\/\/regask.com\/fr\/webinaire-alibaba-foodamental-sur-le-marche-alimentaire-americain\/","og_locale":"fr_FR","og_type":"article","og_title":"Alibaba x Foodamental x RegASK Webinar: A Practical Guide for Entering the U.S. Food Market","og_description":"Discover insights on regulatory affairs through our podcast covering the current state and future outlook for U.S. market entry.","og_url":"https:\/\/regask.com\/fr\/webinaire-alibaba-foodamental-sur-le-marche-alimentaire-americain\/","og_site_name":"RegASK","article_publisher":"https:\/\/www.facebook.com\/RegASKRegulatoryAffairs\/","article_modified_time":"2026-02-11T09:21:41+00:00","og_image":[{"width":1212,"height":1212,"url":"https:\/\/regask.com\/wp-content\/uploads\/2024\/07\/RegASK-Logo-White-Square-1.png","type":"image\/png"}],"twitter_card":"summary_large_image","twitter_site":"@ASKRegASK","twitter_misc":{"Est. reading time":"3 minutes"},"schema":{"@context":"https:\/\/schema.org","@graph":[{"@type":"WebPage","@id":"https:\/\/regask.com\/alibaba-foodamental-regask-webinar-us-food-market\/","url":"https:\/\/regask.com\/alibaba-foodamental-regask-webinar-us-food-market\/","name":"RegASK | Webinaire\u00a0: Guide pratique pour entrer sur le march\u00e9 alimentaire am\u00e9ricain","isPartOf":{"@id":"https:\/\/regask.com\/#website"},"primaryImageOfPage":{"@id":"https:\/\/regask.com\/alibaba-foodamental-regask-webinar-us-food-market\/#primaryimage"},"image":{"@id":"https:\/\/regask.com\/alibaba-foodamental-regask-webinar-us-food-market\/#primaryimage"},"thumbnailUrl":"https:\/\/regask.com\/wp-content\/uploads\/2026\/01\/RegASK-Alibaba-x-Foodamental-Webinar.png","datePublished":"2026-01-09T08:43:15+00:00","dateModified":"2026-02-11T09:21:41+00:00","description":"D\u00e9couvrez des informations sur les affaires r\u00e9glementaires gr\u00e2ce \u00e0 notre podcast qui couvre la situation actuelle et les perspectives d&#039;avenir pour l&#039;entr\u00e9e sur le march\u00e9 am\u00e9ricain.","inLanguage":"fr-FR","potentialAction":[{"@type":"ReadAction","target":["https:\/\/regask.com\/alibaba-foodamental-regask-webinar-us-food-market\/"]}]},{"@type":"ImageObject","inLanguage":"fr-FR","@id":"https:\/\/regask.com\/alibaba-foodamental-regask-webinar-us-food-market\/#primaryimage","url":"https:\/\/regask.com\/wp-content\/uploads\/2026\/01\/RegASK-Alibaba-x-Foodamental-Webinar.png","contentUrl":"https:\/\/regask.com\/wp-content\/uploads\/2026\/01\/RegASK-Alibaba-x-Foodamental-Webinar.png","width":499,"height":499,"caption":"Regask Alibaba X Foodamental Webinar"},{"@type":"WebSite","@id":"https:\/\/regask.com\/#website","url":"https:\/\/regask.com\/","name":"RegASK","description":"Favoriser des d\u00e9cisions r\u00e9glementaires plus intelligentes","publisher":{"@id":"https:\/\/regask.com\/#organization"},"potentialAction":[{"@type":"SearchAction","target":{"@type":"EntryPoint","urlTemplate":"https:\/\/regask.com\/?s={search_term_string}"},"query-input":{"@type":"PropertyValueSpecification","valueRequired":true,"valueName":"search_term_string"}}],"inLanguage":"fr-FR"},{"@type":"Organization","@id":"https:\/\/regask.com\/#organization","name":"RegASK","url":"https:\/\/regask.com\/","logo":{"@type":"ImageObject","inLanguage":"fr-FR","@id":"https:\/\/regask.com\/#\/schema\/logo\/image\/","url":"https:\/\/regask.com\/wp-content\/uploads\/2024\/10\/RegASK-Logo-Dark-Round.png","contentUrl":"https:\/\/regask.com\/wp-content\/uploads\/2024\/10\/RegASK-Logo-Dark-Round.png","width":401,"height":401,"caption":"RegASK"},"image":{"@id":"https:\/\/regask.com\/#\/schema\/logo\/image\/"},"sameAs":["https:\/\/www.facebook.com\/RegASKRegulatoryAffairs\/","https:\/\/x.com\/ASKRegASK","https:\/\/www.linkedin.com\/company\/RegASK\/","https:\/\/www.youtube.com\/playlist?list=PL6yPC6gFqelkHbOeyUVKjtHOZXZ2LQbJd"]}]}},"_links":{"self":[{"href":"https:\/\/regask.com\/fr\/wp-json\/wp\/v2\/pages\/9381","targetHints":{"allow":["GET"]}}],"collection":[{"href":"https:\/\/regask.com\/fr\/wp-json\/wp\/v2\/pages"}],"about":[{"href":"https:\/\/regask.com\/fr\/wp-json\/wp\/v2\/types\/page"}],"author":[{"embeddable":true,"href":"https:\/\/regask.com\/fr\/wp-json\/wp\/v2\/users\/32"}],"replies":[{"embeddable":true,"href":"https:\/\/regask.com\/fr\/wp-json\/wp\/v2\/comments?post=9381"}],"version-history":[{"count":0,"href":"https:\/\/regask.com\/fr\/wp-json\/wp\/v2\/pages\/9381\/revisions"}],"wp:featuredmedia":[{"embeddable":true,"href":"https:\/\/regask.com\/fr\/wp-json\/wp\/v2\/media\/9407"}],"wp:attachment":[{"href":"https:\/\/regask.com\/fr\/wp-json\/wp\/v2\/media?parent=9381"}],"curies":[{"name":"wp","href":"https:\/\/api.w.org\/{rel}","templated":true}]}}