{"id":9468,"date":"2026-02-25T15:34:58","date_gmt":"2026-02-25T07:34:58","guid":{"rendered":"https:\/\/regask.com\/?page_id=9468"},"modified":"2026-02-25T16:17:43","modified_gmt":"2026-02-25T08:17:43","slug":"abonnement-a-la-newsletter-regask","status":"publish","type":"page","link":"https:\/\/regask.com\/fr\/regask-newsletter-subscription\/","title":{"rendered":"Abonnement \u00e0 la newsletter RegASK"},"content":{"rendered":"<section class=\"section\" id=\"section_558376590\">\n\t\t<div class=\"section-bg fill\" >\n\t\t\t<img loading=\"lazy\" decoding=\"async\" width=\"1332\" height=\"1395\" src=\"https:\/\/regask.com\/wp-content\/uploads\/2026\/02\/NL-BG.png\" class=\"bg attachment- size-\" alt=\"Nl Bg\" \/>\t\t\t\t\t\t\n\t\t\t\n\n\t\t<\/div>\n\n\t\t\n\n\t\t<div class=\"section-content relative\">\n\t\t\t\n<span class=\"scroll-to\" data-label=\"Scroll to: #newsletter-form\" data-bullet=\"false\" data-link=\"#newsletter-form\" data-title=\"newsletter-form\"><a name=\"newsletter-form\"><\/a><\/span>\n<div class=\"row row-collapse align-middle\" style=\"max-width:1500px\" id=\"row-1121672250\">\n\n\t<div id=\"col-1946911500\" class=\"col medium-6 small-12 large-6\"  >\n\t\t\t\t<div class=\"col-inner\"  >\n\t\t\t\n\t\t\t\n<div class=\"row row-full-width align-equal align-center\"  id=\"row-1939825614\">\n\n\t<div id=\"col-1711357349\" class=\"col medium-10 small-12 large-10\"  >\n\t\t\t\t<div class=\"col-inner\"  >\n\t\t\t\n\t\t\t\n\t<div id=\"text-318737344\" class=\"text\">\n\t\t\n<p class=\"h4\">Veille r\u00e9glementaire, livr\u00e9e chaque semaine<\/p>\n\t\t\n<style>\n#text-318737344 {\n  color: #c5caed;\n}\n#text-318737344 > * {\n  color: #c5caed;\n}\n<\/style>\n\t<\/div>\n\t\n\t<div id=\"gap-1203623242\" class=\"gap-element clearfix\" style=\"display:block; height:auto;\">\n\t\t\n<style>\n#gap-1203623242 {\n  padding-top: 10px;\n}\n<\/style>\n\t<\/div>\n\t\n\t<div id=\"text-3264994831\" class=\"text\">\n\t\t\n<h1>5 S\u00e9lectionn\u00e9s<br \/>Mises \u00e0 jour r\u00e9glementaires.<br \/>Directement dans votre bo\u00eete de r\u00e9ception.<\/h1>\n\t\t\n<style>\n#text-3264994831 {\n  color: #ffffff;\n}\n#text-3264994831 > * {\n  color: #ffffff;\n}\n<\/style>\n\t<\/div>\n\t\n\t<div id=\"gap-609953787\" class=\"gap-element clearfix\" style=\"display:block; height:auto;\">\n\t\t\n<style>\n#gap-609953787 {\n  padding-top: 30px;\n}\n<\/style>\n\t<\/div>\n\t\n<div class=\"row\"  id=\"row-575964740\">\n\n\t<div id=\"col-1960401307\" class=\"col medium-6 small-12 large-6\"  >\n\t\t\t\t<div class=\"col-inner dark\"  >\n\t\t\t\n\t\t\t\n\t<div id=\"gap-1154290900\" class=\"gap-element clearfix\" style=\"display:block; height:auto;\">\n\t\t\n<style>\n#gap-1154290900 {\n  padding-top: 30px;\n}\n<\/style>\n\t<\/div>\n\t\n<p>Chaque semaine, nous analysons des centaines de mises \u00e0 jour r\u00e9glementaires mondiales \u00e0 travers le monde. <strong>Sciences de la vie et produits de consommation,<\/strong> et s\u00e9lectionner les cinq ayant l&#039;impact op\u00e9rationnel le plus clair.<\/p>\n<p><strong>Lecture en 3 minutes.<\/strong><\/p>\n\t\t<\/div>\n\t\t\t\t\t<\/div>\n\n\t\n\n\t<div id=\"col-292930043\" class=\"col medium-6 small-12 large-6\"  >\n\t\t\t\t<div class=\"col-inner\"  >\n\t\t\t\n\t\t\t\n\t<div class=\"img has-hover x md-x lg-x y md-y lg-y\" id=\"image_1325321742\">\n\t\t\t\t\t\t\t\t<div class=\"img-inner dark\" >\n\t\t\t<img loading=\"lazy\" decoding=\"async\" width=\"332\" height=\"690\" src=\"https:\/\/regask.com\/wp-content\/uploads\/2026\/02\/Frame-62151.png\" class=\"attachment-large size-large\" alt=\"Cadre 62151\" srcset=\"https:\/\/regask.com\/wp-content\/uploads\/2026\/02\/Frame-62151.png 332w, https:\/\/regask.com\/wp-content\/uploads\/2026\/02\/Frame-62151-330x686.png 330w, https:\/\/regask.com\/wp-content\/uploads\/2026\/02\/Frame-62151-6x12.png 6w\" sizes=\"auto, (max-width: 332px) 100vw, 332px\" \/>\t\t\t\t\t\t\n\t\t\t\t\t<\/div>\n\t\t\t\t\t\t\t\t\n<style>\n#image_1325321742 {\n  width: 81%;\n}\n<\/style>\n\t<\/div>\n\t\n\t\t<\/div>\n\t\t\t\t\n<style>\n#col-292930043 > .col-inner {\n  padding: 0px 0px 0px 0px;\n  margin: 0px 0px 0px 30px;\n}\n@media (min-width:550px) {\n  #col-292930043 > .col-inner {\n    margin: 0px 0px 0px 0px;\n  }\n}\n<\/style>\n\t<\/div>\n\n\t\n<\/div>\n\t\t<\/div>\n\t\t\t\t\n<style>\n#col-1711357349 > .col-inner {\n  padding: 0px 0px 0px 0px;\n  margin: 0px 0px 0px 10px;\n}\n@media (min-width:550px) {\n  #col-1711357349 > .col-inner {\n    margin: 0px 0px 0px 50px;\n  }\n}\n<\/style>\n\t<\/div>\n\n\t\n<\/div>\n\t\t<\/div>\n\t\t\t\t\n<style>\n#col-1946911500 > .col-inner {\n  padding: 0px 0px 0px 0px;\n  margin: 0px 0px 0px 0px;\n}\n@media (min-width:550px) {\n  #col-1946911500 > .col-inner {\n    margin: 0px 0px 0px 0px;\n  }\n}\n<\/style>\n\t<\/div>\n\n\t\n\n\t<div id=\"col-80990279\" class=\"col medium-5 small-12 large-5\"  >\n\t\t\t\t<div class=\"col-inner\"  >\n\t\t\t\n\t\t\t\n<div class=\"row align-middle align-center\"  id=\"row-1887221937\">\n\n\t<div id=\"col-1704096328\" class=\"col small-12 large-12\"  data-animate=\"fadeInRight\">\n\t\t\t\t<div class=\"col-inner text-center box-shadow-2\" style=\"background-color:rgb(255, 255, 255);\" >\n\t\t\t\n\t\t\t\n<p class=\"h3\">Anticipez les changements r\u00e9glementaires.<\/p>\n<p>Recevez le bulletin hebdomadaire d&#039;information r\u00e9glementaire.<\/p>\n<div class=\"row row-full-width align-middle align-center\"  id=\"row-1192642017\">\n\n\t<div id=\"col-1719857280\" class=\"col medium-11 small-12 large-11\"  >\n\t\t\t\t<div class=\"col-inner text-center\"  >\n\t\t\t\n\t\t\t\n\n<p><script charset=\"utf-8\" type=\"text\/javascript\" src=\"\/\/js-na2.hsforms.net\/forms\/embed\/v2.js\"><\/script><br \/>\n<script>\n  hbspt.forms.create({\n    portalId: \"20908020\",\n    formId: \"2eb7a8f0-49a5-4bdc-bad5-8e716e603391\",\n    region: \"na2\"\n  });\n<\/script><br \/>\n\n\t\t<\/div>\n\t\t\t\t\n<style>\n#col-1719857280 > .col-inner {\n  margin: 0px 0px -50px 0px;\n}\n<\/style>\n\t<\/div>\n\n\t\n\n<style>\n#row-1192642017 > .col > .col-inner {\n  padding: 0px 0px 0px 0px;\n}\n<\/style>\n<\/div>\n\t\t<\/div>\n\t\t\t\t\n<style>\n#col-1704096328 > .col-inner {\n  padding: 30px 30px 30px 30px;\n  border-radius: 16px;\n}\n<\/style>\n\t<\/div>\n\n\t\n<\/div>\n\t\t<\/div>\n\t\t\t\t\n<style>\n#col-80990279 > .col-inner {\n  margin: 0px 0px 0px 0px;\n}\n@media (min-width:550px) {\n  #col-80990279 > .col-inner {\n    margin: 0px 0px 0px -60px;\n  }\n}\n<\/style>\n\t<\/div>\n\n\t\n\n<style>\n#row-1121672250 > .col > .col-inner {\n  padding: 120px 0px 0px 0px;\n}\n@media (min-width:550px) {\n  #row-1121672250 > .col > .col-inner {\n    padding: 120px 0px 0px 100px;\n  }\n}\n<\/style>\n<\/div>\n<div class=\"row\" style=\"max-width:1100px\" id=\"row-878200998\">\n\n\t<div id=\"col-739144726\" class=\"col medium-5 small-12 large-5\"  >\n\t\t\t\t<div class=\"col-inner\"  >\n\t\t\t\n\t\t\t\n<h2>5 raisons de s&#039;inscrire<\/h2>\n<a href=\"http:\/\/regask.com\/fr\/abonnement-a-la-newsletter-regask\/#newsletter-form\" class=\"button secondary\" style=\"border-radius:99px;\">\n\t\t<span>Inscrivez-vous pour recevoir votre r\u00e9sum\u00e9 hebdomadaire.<\/span>\n\t<\/a>\n\n\t\t<\/div>\n\t\t\t\t\t<\/div>\n\n\t\n\n\t<div id=\"col-1479317244\" class=\"col medium-7 small-12 large-7\"  >\n\t\t\t\t<div class=\"col-inner\"  >\n\t\t\t\n\t\t\t\n\n\t\t<div class=\"icon-box featured-box icon-box-left text-left\"  >\n\t\t\t\t\t<div class=\"icon-box-img\" style=\"width: 33px\">\n\t\t\t\t<div class=\"icon\">\n\t\t\t\t\t<div class=\"icon-inner\" >\n\t\t\t\t\t\t<img loading=\"lazy\" decoding=\"async\" width=\"30\" height=\"27\" src=\"https:\/\/regask.com\/wp-content\/uploads\/2026\/02\/Tick.png\" class=\"attachment-medium size-medium\" alt=\"Cocher\" srcset=\"https:\/\/regask.com\/wp-content\/uploads\/2026\/02\/Tick.png 30w, https:\/\/regask.com\/wp-content\/uploads\/2026\/02\/Tick-13x12.png 13w\" sizes=\"auto, (max-width: 30px) 100vw, 30px\" \/>\t\t\t\t\t<\/div>\n\t\t\t\t<\/div>\n\t\t\t<\/div>\n\t\t\t\t<div class=\"icon-box-text last-reset\">\n\t\t\t\t\t\t\t\t\t\n<h3>S\u00e9lectionn\u00e9 par plus de 100 organismes de r\u00e9glementation internationaux<\/h3>\n<p>Nous surveillons le volume pour que vous n&#039;ayez pas \u00e0 le faire.<\/p>\n\t\t<\/div>\n\t<\/div>\n\t\n\t\n\t<div id=\"gap-239850443\" class=\"gap-element clearfix\" style=\"display:block; height:auto;\">\n\t\t\n<style>\n#gap-239850443 {\n  padding-top: 20px;\n}\n<\/style>\n\t<\/div>\n\t\n\n\t\t<div class=\"icon-box featured-box icon-box-left text-left\"  >\n\t\t\t\t\t<div class=\"icon-box-img\" style=\"width: 33px\">\n\t\t\t\t<div class=\"icon\">\n\t\t\t\t\t<div class=\"icon-inner\" >\n\t\t\t\t\t\t<img loading=\"lazy\" decoding=\"async\" width=\"30\" height=\"27\" src=\"https:\/\/regask.com\/wp-content\/uploads\/2026\/02\/Tick.png\" class=\"attachment-medium size-medium\" alt=\"Cocher\" srcset=\"https:\/\/regask.com\/wp-content\/uploads\/2026\/02\/Tick.png 30w, https:\/\/regask.com\/wp-content\/uploads\/2026\/02\/Tick-13x12.png 13w\" sizes=\"auto, (max-width: 30px) 100vw, 30px\" \/>\t\t\t\t\t<\/div>\n\t\t\t\t<\/div>\n\t\t\t<\/div>\n\t\t\t\t<div class=\"icon-box-text last-reset\">\n\t\t\t\t\t\t\t\t\t\n<h3>Visibilit\u00e9 intermarch\u00e9s<\/h3>\n<p>Restez inform\u00e9(e) des \u00e9volutions aux \u00c9tats-Unis, en Europe et en Asie-Pacifique.<\/p>\n\t\t<\/div>\n\t<\/div>\n\t\n\t\n\t<div id=\"gap-1117087079\" class=\"gap-element clearfix\" style=\"display:block; height:auto;\">\n\t\t\n<style>\n#gap-1117087079 {\n  padding-top: 20px;\n}\n<\/style>\n\t<\/div>\n\t\n\n\t\t<div class=\"icon-box featured-box icon-box-left text-left\"  >\n\t\t\t\t\t<div class=\"icon-box-img\" style=\"width: 33px\">\n\t\t\t\t<div class=\"icon\">\n\t\t\t\t\t<div class=\"icon-inner\" >\n\t\t\t\t\t\t<img loading=\"lazy\" decoding=\"async\" width=\"30\" height=\"27\" src=\"https:\/\/regask.com\/wp-content\/uploads\/2026\/02\/Tick.png\" class=\"attachment-medium size-medium\" alt=\"Cocher\" srcset=\"https:\/\/regask.com\/wp-content\/uploads\/2026\/02\/Tick.png 30w, https:\/\/regask.com\/wp-content\/uploads\/2026\/02\/Tick-13x12.png 13w\" sizes=\"auto, (max-width: 30px) 100vw, 30px\" \/>\t\t\t\t\t<\/div>\n\t\t\t\t<\/div>\n\t\t\t<\/div>\n\t\t\t\t<div class=\"icon-box-text last-reset\">\n\t\t\t\t\t\t\t\t\t\n<h3>Ax\u00e9 sur l&#039;impact, et non sur les annonces.<\/h3>\n<p>Nous mettons en lumi\u00e8re les \u00e9l\u00e9ments qui influent sur la conformit\u00e9, l&#039;\u00e9tiquetage, les soumissions et l&#039;acc\u00e8s au march\u00e9.<\/p>\n\t\t<\/div>\n\t<\/div>\n\t\n\t\n\t<div id=\"gap-1906661583\" class=\"gap-element clearfix\" style=\"display:block; height:auto;\">\n\t\t\n<style>\n#gap-1906661583 {\n  padding-top: 20px;\n}\n<\/style>\n\t<\/div>\n\t\n\n\t\t<div class=\"icon-box featured-box icon-box-left text-left\"  >\n\t\t\t\t\t<div class=\"icon-box-img\" style=\"width: 33px\">\n\t\t\t\t<div class=\"icon\">\n\t\t\t\t\t<div class=\"icon-inner\" >\n\t\t\t\t\t\t<img loading=\"lazy\" decoding=\"async\" width=\"30\" height=\"27\" src=\"https:\/\/regask.com\/wp-content\/uploads\/2026\/02\/Tick.png\" class=\"attachment-medium size-medium\" alt=\"Cocher\" srcset=\"https:\/\/regask.com\/wp-content\/uploads\/2026\/02\/Tick.png 30w, https:\/\/regask.com\/wp-content\/uploads\/2026\/02\/Tick-13x12.png 13w\" sizes=\"auto, (max-width: 30px) 100vw, 30px\" \/>\t\t\t\t\t<\/div>\n\t\t\t\t<\/div>\n\t\t\t<\/div>\n\t\t\t\t<div class=\"icon-box-text last-reset\">\n\t\t\t\t\t\t\t\t\t\n<h3>D\u00e9couvrez comment les \u00e9quipes de t\u00eate gardent l&#039;avantage.<\/h3>\n<p>Notre note de synth\u00e8se d\u00e9crit la couche de renseignement qui sous-tend la plateforme RegASK.<\/p>\n\t<div id=\"gap-1580869783\" class=\"gap-element clearfix\" style=\"display:block; height:auto;\">\n\t\t\n<style>\n#gap-1580869783 {\n  padding-top: 20px;\n}\n<\/style>\n\t<\/div>\n\t\n\t\t<\/div>\n\t<\/div>\n\t\n\t\n\n\t\t<div class=\"icon-box featured-box icon-box-left text-left\"  >\n\t\t\t\t\t<div class=\"icon-box-img\" style=\"width: 33px\">\n\t\t\t\t<div class=\"icon\">\n\t\t\t\t\t<div class=\"icon-inner\" >\n\t\t\t\t\t\t<img loading=\"lazy\" decoding=\"async\" width=\"30\" height=\"27\" src=\"https:\/\/regask.com\/wp-content\/uploads\/2026\/02\/Tick.png\" class=\"attachment-medium size-medium\" alt=\"Cocher\" srcset=\"https:\/\/regask.com\/wp-content\/uploads\/2026\/02\/Tick.png 30w, https:\/\/regask.com\/wp-content\/uploads\/2026\/02\/Tick-13x12.png 13w\" sizes=\"auto, (max-width: 30px) 100vw, 30px\" \/>\t\t\t\t\t<\/div>\n\t\t\t\t<\/div>\n\t\t\t<\/div>\n\t\t\t\t<div class=\"icon-box-text last-reset\">\n\t\t\t\t\t\t\t\t\t\n<h3>Con\u00e7u pour les professionnels de la r\u00e9glementation tr\u00e8s occup\u00e9s<\/h3>\n<p>Concis. Structur\u00e9. Se lit en quelques minutes.<\/p>\n\t\t<\/div>\n\t<\/div>\n\t\n\t\n\t\t<\/div>\n\t\t\t\t\t<\/div>\n\n\t\n\n<style>\n#row-878200998 > .col > .col-inner {\n  padding: 40px 0px 0px 0px;\n}\n<\/style>\n<\/div>\n\t\t<\/div>\n\n\t\t\n<style>\n#section_558376590 {\n  padding-top: 30px;\n  padding-bottom: 30px;\n}\n#section_558376590 .section-bg img {\n  object-position: 60% 49%;\n}\n<\/style>\n\t<\/section>\n\t\n\n\t<section class=\"section\" id=\"section_1641377888\">\n\t\t<div class=\"section-bg fill\" >\n\t\t\t\t\t\t\t\t\t\n\t\t\t\n\n\t\t<\/div>\n\n\t\t\n\n\t\t<div class=\"section-content relative\">\n\t\t\t\n\t<div id=\"gap-1325936024\" class=\"gap-element clearfix\" style=\"display:block; height:auto;\">\n\t\t\n<style>\n#gap-1325936024 {\n  padding-top: 30px;\n}\n<\/style>\n\t<\/div>\n\t\n<div class=\"row align-center\"  id=\"row-1775953476\">\n\n\t<div id=\"col-1611761657\" class=\"col medium-10 small-12 large-10\"  >\n\t\t\t\t<div class=\"col-inner text-center\"  >\n\t\t\t\n\t\t\t\n\t<div id=\"text-3508474708\" class=\"text\">\n\t\t\n<h2>Acc\u00e9l\u00e9rez la mise en conformit\u00e9 en toute confiance<\/h2>\n<p>D\u00e9couvrez comment RegASK aide les organisations \u00e0 automatiser la veille r\u00e9glementaire, \u00e0 identifier les risques en amont et \u00e0 mettre en \u0153uvre efficacement des strat\u00e9gies de conformit\u00e9 sur tous les march\u00e9s.<\/p>\n\t\t\n<style>\n#text-3508474708 {\n  text-align: center;\n}\n<\/style>\n\t<\/div>\n\t\n<a href=\"https:\/\/regask.com\/fr\/reserver-une-demo\/\" target=\"_blank\" class=\"button secondary\" rel=\"noopener\" >\n\t\t<span>R\u00e9servez une d\u00e9monstration avec RegASK<\/span>\n\t<\/a>\n\n\t\t<\/div>\n\t\t\t\t\t<\/div>\n\n\t\n<\/div>\n\t\t<\/div>\n\n\t\t\n<style>\n#section_1641377888 {\n  padding-top: 30px;\n  padding-bottom: 30px;\n  background-color: rgb(234, 232, 252);\n}\n<\/style>\n\t<\/section>","protected":false},"excerpt":{"rendered":"","protected":false},"author":32,"featured_media":0,"parent":0,"menu_order":0,"comment_status":"closed","ping_status":"closed","template":"page-transparent-header.php","meta":{"_acf_changed":false,"footnotes":""},"class_list":["post-9468","page","type-page","status-publish","hentry"],"acf":[],"yoast_head":"<!-- This site is optimized with the Yoast SEO Premium plugin v27.3 (Yoast SEO v27.4) - https:\/\/yoast.com\/product\/yoast-seo-premium-wordpress\/ -->\n<title>RegASK Newsletter Subscription for Regulatory Updates<\/title>\n<meta name=\"description\" content=\"Stay informed with the RegASK Newsletter Subscription for weekly updates on critical regulatory changes in Life Sciences and Consumer Products.\" \/>\n<meta name=\"robots\" content=\"index, follow, max-snippet:-1, max-image-preview:large, max-video-preview:-1\" \/>\n<link rel=\"canonical\" href=\"https:\/\/regask.com\/fr\/abonnement-a-la-newsletter-regask\/\" \/>\n<meta property=\"og:locale\" content=\"fr_FR\" \/>\n<meta property=\"og:type\" content=\"article\" \/>\n<meta property=\"og:title\" content=\"RegASK Newsletter Subscription\" \/>\n<meta property=\"og:description\" content=\"Stay informed with the RegASK Newsletter Subscription for weekly updates on critical regulatory changes in Life Sciences and Consumer Products.\" \/>\n<meta property=\"og:url\" content=\"https:\/\/regask.com\/fr\/abonnement-a-la-newsletter-regask\/\" \/>\n<meta property=\"og:site_name\" content=\"RegASK\" \/>\n<meta property=\"article:publisher\" content=\"https:\/\/www.facebook.com\/RegASKRegulatoryAffairs\/\" \/>\n<meta property=\"article:modified_time\" content=\"2026-02-25T08:17:43+00:00\" \/>\n<meta property=\"og:image\" content=\"https:\/\/regask.com\/wp-content\/uploads\/2024\/07\/RegASK-Logo-White-Square-1.png\" \/>\n\t<meta property=\"og:image:width\" content=\"1212\" \/>\n\t<meta property=\"og:image:height\" content=\"1212\" \/>\n\t<meta property=\"og:image:type\" content=\"image\/png\" \/>\n<meta name=\"twitter:card\" content=\"summary_large_image\" \/>\n<meta name=\"twitter:site\" content=\"@ASKRegASK\" \/>\n<meta name=\"twitter:label1\" content=\"Est. reading time\" \/>\n\t<meta name=\"twitter:data1\" content=\"2 minutes\" \/>\n<script type=\"application\/ld+json\" class=\"yoast-schema-graph\">{\"@context\":\"https:\\\/\\\/schema.org\",\"@graph\":[{\"@type\":\"WebPage\",\"@id\":\"https:\\\/\\\/regask.com\\\/regask-newsletter-subscription\\\/\",\"url\":\"https:\\\/\\\/regask.com\\\/regask-newsletter-subscription\\\/\",\"name\":\"RegASK Newsletter Subscription for Regulatory Updates\",\"isPartOf\":{\"@id\":\"https:\\\/\\\/regask.com\\\/#website\"},\"datePublished\":\"2026-02-25T07:34:58+00:00\",\"dateModified\":\"2026-02-25T08:17:43+00:00\",\"description\":\"Stay informed with the RegASK Newsletter Subscription for weekly updates on critical regulatory changes in Life Sciences and Consumer Products.\",\"inLanguage\":\"fr-FR\",\"potentialAction\":[{\"@type\":\"ReadAction\",\"target\":[\"https:\\\/\\\/regask.com\\\/regask-newsletter-subscription\\\/\"]}]},{\"@type\":\"WebSite\",\"@id\":\"https:\\\/\\\/regask.com\\\/#website\",\"url\":\"https:\\\/\\\/regask.com\\\/\",\"name\":\"RegASK\",\"description\":\"Empowering Smarter Regulatory Decisions\",\"publisher\":{\"@id\":\"https:\\\/\\\/regask.com\\\/#organization\"},\"potentialAction\":[{\"@type\":\"SearchAction\",\"target\":{\"@type\":\"EntryPoint\",\"urlTemplate\":\"https:\\\/\\\/regask.com\\\/?s={search_term_string}\"},\"query-input\":{\"@type\":\"PropertyValueSpecification\",\"valueRequired\":true,\"valueName\":\"search_term_string\"}}],\"inLanguage\":\"fr-FR\"},{\"@type\":\"Organization\",\"@id\":\"https:\\\/\\\/regask.com\\\/#organization\",\"name\":\"RegASK\",\"url\":\"https:\\\/\\\/regask.com\\\/\",\"logo\":{\"@type\":\"ImageObject\",\"inLanguage\":\"fr-FR\",\"@id\":\"https:\\\/\\\/regask.com\\\/#\\\/schema\\\/logo\\\/image\\\/\",\"url\":\"https:\\\/\\\/regask.com\\\/wp-content\\\/uploads\\\/2024\\\/10\\\/RegASK-Logo-Dark-Round.png\",\"contentUrl\":\"https:\\\/\\\/regask.com\\\/wp-content\\\/uploads\\\/2024\\\/10\\\/RegASK-Logo-Dark-Round.png\",\"width\":401,\"height\":401,\"caption\":\"RegASK\"},\"image\":{\"@id\":\"https:\\\/\\\/regask.com\\\/#\\\/schema\\\/logo\\\/image\\\/\"},\"sameAs\":[\"https:\\\/\\\/www.facebook.com\\\/RegASKRegulatoryAffairs\\\/\",\"https:\\\/\\\/x.com\\\/ASKRegASK\",\"https:\\\/\\\/www.linkedin.com\\\/company\\\/RegASK\\\/\",\"https:\\\/\\\/www.youtube.com\\\/playlist?list=PL6yPC6gFqelkHbOeyUVKjtHOZXZ2LQbJd\"]}]}<\/script>\n<!-- \/ Yoast SEO Premium plugin. -->","yoast_head_json":{"title":"Abonnement \u00e0 la newsletter RegASK pour les mises \u00e0 jour r\u00e9glementaires","description":"Restez inform\u00e9 gr\u00e2ce \u00e0 l&#039;abonnement \u00e0 la newsletter RegASK pour recevoir chaque semaine des mises \u00e0 jour sur les changements r\u00e9glementaires critiques dans les sciences de la vie et les produits de consommation.","robots":{"index":"index","follow":"follow","max-snippet":"max-snippet:-1","max-image-preview":"max-image-preview:large","max-video-preview":"max-video-preview:-1"},"canonical":"https:\/\/regask.com\/fr\/abonnement-a-la-newsletter-regask\/","og_locale":"fr_FR","og_type":"article","og_title":"RegASK Newsletter Subscription","og_description":"Stay informed with the RegASK Newsletter Subscription for weekly updates on critical regulatory changes in Life Sciences and Consumer Products.","og_url":"https:\/\/regask.com\/fr\/abonnement-a-la-newsletter-regask\/","og_site_name":"RegASK","article_publisher":"https:\/\/www.facebook.com\/RegASKRegulatoryAffairs\/","article_modified_time":"2026-02-25T08:17:43+00:00","og_image":[{"width":1212,"height":1212,"url":"https:\/\/regask.com\/wp-content\/uploads\/2024\/07\/RegASK-Logo-White-Square-1.png","type":"image\/png"}],"twitter_card":"summary_large_image","twitter_site":"@ASKRegASK","twitter_misc":{"Est. reading time":"2 minutes"},"schema":{"@context":"https:\/\/schema.org","@graph":[{"@type":"WebPage","@id":"https:\/\/regask.com\/regask-newsletter-subscription\/","url":"https:\/\/regask.com\/regask-newsletter-subscription\/","name":"Abonnement \u00e0 la newsletter RegASK pour les mises \u00e0 jour r\u00e9glementaires","isPartOf":{"@id":"https:\/\/regask.com\/#website"},"datePublished":"2026-02-25T07:34:58+00:00","dateModified":"2026-02-25T08:17:43+00:00","description":"Restez inform\u00e9 gr\u00e2ce \u00e0 l&#039;abonnement \u00e0 la newsletter RegASK pour recevoir chaque semaine des mises \u00e0 jour sur les changements r\u00e9glementaires critiques dans les sciences de la vie et les produits de consommation.","inLanguage":"fr-FR","potentialAction":[{"@type":"ReadAction","target":["https:\/\/regask.com\/regask-newsletter-subscription\/"]}]},{"@type":"WebSite","@id":"https:\/\/regask.com\/#website","url":"https:\/\/regask.com\/","name":"RegASK","description":"Favoriser des d\u00e9cisions r\u00e9glementaires plus intelligentes","publisher":{"@id":"https:\/\/regask.com\/#organization"},"potentialAction":[{"@type":"SearchAction","target":{"@type":"EntryPoint","urlTemplate":"https:\/\/regask.com\/?s={search_term_string}"},"query-input":{"@type":"PropertyValueSpecification","valueRequired":true,"valueName":"search_term_string"}}],"inLanguage":"fr-FR"},{"@type":"Organization","@id":"https:\/\/regask.com\/#organization","name":"RegASK","url":"https:\/\/regask.com\/","logo":{"@type":"ImageObject","inLanguage":"fr-FR","@id":"https:\/\/regask.com\/#\/schema\/logo\/image\/","url":"https:\/\/regask.com\/wp-content\/uploads\/2024\/10\/RegASK-Logo-Dark-Round.png","contentUrl":"https:\/\/regask.com\/wp-content\/uploads\/2024\/10\/RegASK-Logo-Dark-Round.png","width":401,"height":401,"caption":"RegASK"},"image":{"@id":"https:\/\/regask.com\/#\/schema\/logo\/image\/"},"sameAs":["https:\/\/www.facebook.com\/RegASKRegulatoryAffairs\/","https:\/\/x.com\/ASKRegASK","https:\/\/www.linkedin.com\/company\/RegASK\/","https:\/\/www.youtube.com\/playlist?list=PL6yPC6gFqelkHbOeyUVKjtHOZXZ2LQbJd"]}]}},"_links":{"self":[{"href":"https:\/\/regask.com\/fr\/wp-json\/wp\/v2\/pages\/9468","targetHints":{"allow":["GET"]}}],"collection":[{"href":"https:\/\/regask.com\/fr\/wp-json\/wp\/v2\/pages"}],"about":[{"href":"https:\/\/regask.com\/fr\/wp-json\/wp\/v2\/types\/page"}],"author":[{"embeddable":true,"href":"https:\/\/regask.com\/fr\/wp-json\/wp\/v2\/users\/32"}],"replies":[{"embeddable":true,"href":"https:\/\/regask.com\/fr\/wp-json\/wp\/v2\/comments?post=9468"}],"version-history":[{"count":0,"href":"https:\/\/regask.com\/fr\/wp-json\/wp\/v2\/pages\/9468\/revisions"}],"wp:attachment":[{"href":"https:\/\/regask.com\/fr\/wp-json\/wp\/v2\/media?parent=9468"}],"curies":[{"name":"wp","href":"https:\/\/api.w.org\/{rel}","templated":true}]}}