{"id":9566,"date":"2026-02-26T11:43:59","date_gmt":"2026-02-26T03:43:59","guid":{"rendered":"https:\/\/regask.com\/?page_id=9566"},"modified":"2026-02-26T12:02:46","modified_gmt":"2026-02-26T04:02:46","slug":"reservez-une-demo-des-maintenant","status":"publish","type":"page","link":"https:\/\/regask.com\/fr\/book-a-demo-now\/","title":{"rendered":"R\u00e9servez une d\u00e9mo \u2013 Acc\u00e8s rapide"},"content":{"rendered":"<section class=\"section\" id=\"section_35845800\">\n\t\t<div class=\"section-bg fill\" >\n\t\t\t<img loading=\"lazy\" decoding=\"async\" width=\"1440\" height=\"2497\" src=\"https:\/\/regask.com\/wp-content\/uploads\/2026\/01\/Contact-Page-Background.png\" class=\"bg attachment- size-\" alt=\"Arri\u00e8re-plan de la page de contact\" \/>\t\t\t\t\t\t\n\t\t\t\n\n\t\t<\/div>\n\n\t\t\n\n\t\t<div class=\"section-content relative\">\n\t\t\t\n<div class=\"row\"  id=\"row-1350900960\">\n\n\t<div id=\"col-870398646\" class=\"col medium-5 small-12 large-5\"  >\n\t\t\t\t<div class=\"col-inner\"  >\n\t\t\t\n\t\t\t\n<div class=\"row\"  id=\"row-1193555248\">\n\n\t<div id=\"col-2101389742\" class=\"col medium-9 small-12 large-9\"  >\n\t\t\t\t<div class=\"col-inner\"  >\n\t\t\t\n\t\t\t\n\t<div id=\"text-1932643848\" class=\"text\">\n\t\t\n<h1>Voir Reg<span data-text-color=\"secondary\">ASK<\/span> en action<br \/>\n\u2013<br \/>\nR\u00e9server une d\u00e9mo<\/h1>\n\t\t\n<style>\n#text-1932643848 {\n  line-height: 1.65;\n  text-align: left;\n}\n<\/style>\n\t<\/div>\n\t\n\t<div id=\"text-976025652\" class=\"text\">\n\t\t\n<p>Donnez \u00e0 vos \u00e9quipes les moyens de naviguer en toute confiance dans la conformit\u00e9 mondiale gr\u00e2ce au logiciel de veille r\u00e9glementaire de RegASK, con\u00e7u pour rationaliser les flux de travail, r\u00e9duire les risques et garantir la pr\u00e9paration.<br \/>\n\t\t\n<style>\n#text-976025652 {\n  font-size: 1.05rem;\n}\n<\/style>\n\t<\/div>\n\t\n\t\t<\/div>\n\t\t\t\t\n<style>\n#col-2101389742 > .col-inner {\n  margin: 0px 0px 0px 0px;\n}\n<\/style>\n\t<\/div>\n\n\t\n<\/div>\n\t<div id=\"text-1316695412\" class=\"text hidden\">\n\t\t\n<h4>Voici ce que les clients de RegASK ont r\u00e9alis\u00e9 :<\/h4>\n\t\t\t<\/div>\n\t\n\t<div id=\"gap-1419499802\" class=\"gap-element clearfix\" style=\"display:block; height:auto;\">\n\t\t\n<style>\n#gap-1419499802 {\n  padding-top: 20px;\n}\n<\/style>\n\t<\/div>\n\t\n\n\n\t\t<\/div>\n\t\t\t\t\n<style>\n#col-870398646 > .col-inner {\n  padding: 0px 0px 0px 0px;\n  margin: 120px 0px 0px 0px;\n}\n@media (min-width:550px) {\n  #col-870398646 > .col-inner {\n    padding: 0px 0px 30px 0px;\n    margin: 210px 0px 0px 0px;\n  }\n}\n<\/style>\n\t<\/div>\n\n\t\n\n\t<div id=\"col-1929594777\" class=\"col medium-7 small-12 large-7\"  >\n\t\t\t\t<div class=\"col-inner box-shadow-1\" style=\"background-color:rgb(255, 255, 255);\" >\n\t\t\t\n\t\t\t\n\n<div style=\"padding: 10px 30px;\"><script charset=\"utf-8\" type=\"text\/javascript\" src=\"\/\/js-na2.hsforms.net\/forms\/embed\/v2.js\"><\/script><br \/>\n<script>\n  hbspt.forms.create({\n    portalId: \"20908020\",\n    formId: \"33b8a1c3-323c-4f41-bc1c-b596c408972f\",\n    region: \"na2\"\n  });\n<\/script><\/div>\n\n\t\t<\/div>\n\t\t\t\t\n<style>\n#col-1929594777 > .col-inner {\n  padding: 30px 30px 30px 30px;\n  margin: 0px 0px 30px 0px;\n  border-radius: 16px;\n}\n@media (min-width:550px) {\n  #col-1929594777 > .col-inner {\n    margin: 150px 0px 50px 0px;\n  }\n}\n<\/style>\n\t<\/div>\n\n\t\n<\/div>\n\t\t<\/div>\n\n\t\t\n<style>\n#section_35845800 {\n  padding-top: 30px;\n  padding-bottom: 30px;\n}\n#section_35845800 .section-bg img {\n  object-position: 0% 0%;\n}\n<\/style>\n\t<\/section>\n\t\n\n\t<section class=\"section\" id=\"section_1362634792\">\n\t\t<div class=\"section-bg fill\" >\n\t\t\t\t\t\t\t\t\t\n\t\t\t\n\n\t\t<\/div>\n\n\t\t\n\n\t\t<div class=\"section-content relative\">\n\t\t\t\n<div class=\"row row-collapse align-center\"  id=\"row-937825760\">\n\n\t<div id=\"col-1466164557\" class=\"col medium-4 small-10 large-4\"  >\n\t\t\t\t<div class=\"col-inner text-center\"  >\n\t\t\t\n\t\t\t\n\t<div id=\"text-3108445021\" class=\"text\">\n\t\t\n<div style=\"display: flex; justify-content: center; column-gap: 20px;\">\n<div style=\"text-align: right;\"><strong>Suivez RegASK sur <\/strong><\/div>\n<div><a href=\"https:\/\/www.linkedin.com\/company\/RegASK\/\"><img loading=\"lazy\" decoding=\"async\" class=\"no-margin alignright size-full wp-image-5316\" src=\"https:\/\/regask.com\/wp-content\/uploads\/2024\/06\/linkedin-white.png\" alt=\"Linkedin 1\" width=\"36\" height=\"37\" \/><\/a><\/div>\n<\/div>\n\t\t\n<style>\n#text-3108445021 {\n  font-size: 1.45rem;\n  color: rgb(255,255,255);\n}\n#text-3108445021 > * {\n  color: rgb(255,255,255);\n}\n<\/style>\n\t<\/div>\n\t\n\t\t<\/div>\n\t\t\t\t\n<style>\n#col-1466164557 > .col-inner {\n  padding: 0px 0px 0px 0px;\n  margin: 15px 0px 15px 0px;\n}\n@media (min-width:550px) {\n  #col-1466164557 > .col-inner {\n    margin: 15px 20px 15px 0px;\n  }\n}\n<\/style>\n\t<\/div>\n\n\t\n<\/div>\n\t\t<\/div>\n\n\t\t\n<style>\n#section_1362634792 {\n  padding-top: 0px;\n  padding-bottom: 0px;\n  background-color: rgb(130, 136, 174);\n}\n<\/style>\n\t<\/section>","protected":false},"excerpt":{"rendered":"","protected":false},"author":39,"featured_media":6912,"parent":0,"menu_order":0,"comment_status":"closed","ping_status":"closed","template":"page-transparent-header.php","meta":{"_acf_changed":false,"footnotes":""},"class_list":["post-9566","page","type-page","status-publish","has-post-thumbnail","hentry"],"acf":[],"yoast_head":"<!-- This site is optimized with the Yoast SEO Premium plugin v27.3 (Yoast SEO v27.4) - https:\/\/yoast.com\/product\/yoast-seo-premium-wordpress\/ -->\n<title>RegASK Book-a-Demo | Unlock Regulatory Efficiency<\/title>\n<meta name=\"description\" content=\"See RegASK in action! Request a free demo today and experience the power of our regulatory intelligence platform.\" \/>\n<meta name=\"robots\" content=\"index, follow, max-snippet:-1, max-image-preview:large, max-video-preview:-1\" \/>\n<link rel=\"canonical\" href=\"https:\/\/regask.com\/fr\/reservez-une-demo-des-maintenant\/\" \/>\n<meta property=\"og:locale\" content=\"fr_FR\" \/>\n<meta property=\"og:type\" content=\"article\" \/>\n<meta property=\"og:title\" content=\"Book a Demo - Fast Track\" \/>\n<meta property=\"og:description\" content=\"See RegASK in action! Request a free demo today and experience the power of our regulatory intelligence platform.\" \/>\n<meta property=\"og:url\" content=\"https:\/\/regask.com\/fr\/reservez-une-demo-des-maintenant\/\" \/>\n<meta property=\"og:site_name\" content=\"RegASK\" \/>\n<meta property=\"article:publisher\" content=\"https:\/\/www.facebook.com\/RegASKRegulatoryAffairs\/\" \/>\n<meta property=\"article:modified_time\" content=\"2026-02-26T04:02:46+00:00\" \/>\n<meta property=\"og:image\" content=\"https:\/\/regask.com\/wp-content\/uploads\/2024\/07\/RegInsights-graphic.png\" \/>\n\t<meta property=\"og:image:width\" content=\"1632\" \/>\n\t<meta property=\"og:image:height\" content=\"1221\" \/>\n\t<meta property=\"og:image:type\" content=\"image\/png\" \/>\n<meta name=\"twitter:card\" content=\"summary_large_image\" \/>\n<meta name=\"twitter:site\" content=\"@ASKRegASK\" \/>\n<meta name=\"twitter:label1\" content=\"Est. reading time\" \/>\n\t<meta name=\"twitter:data1\" content=\"2 minutes\" \/>\n<script type=\"application\/ld+json\" class=\"yoast-schema-graph\">{\"@context\":\"https:\\\/\\\/schema.org\",\"@graph\":[{\"@type\":\"WebPage\",\"@id\":\"https:\\\/\\\/regask.com\\\/book-a-demo-now\\\/\",\"url\":\"https:\\\/\\\/regask.com\\\/book-a-demo-now\\\/\",\"name\":\"RegASK Book-a-Demo | Unlock Regulatory Efficiency\",\"isPartOf\":{\"@id\":\"https:\\\/\\\/regask.com\\\/#website\"},\"primaryImageOfPage\":{\"@id\":\"https:\\\/\\\/regask.com\\\/book-a-demo-now\\\/#primaryimage\"},\"image\":{\"@id\":\"https:\\\/\\\/regask.com\\\/book-a-demo-now\\\/#primaryimage\"},\"thumbnailUrl\":\"https:\\\/\\\/regask.com\\\/wp-content\\\/uploads\\\/2024\\\/07\\\/RegInsights-graphic.png\",\"datePublished\":\"2026-02-26T03:43:59+00:00\",\"dateModified\":\"2026-02-26T04:02:46+00:00\",\"description\":\"See RegASK in action! Request a free demo today and experience the power of our regulatory intelligence platform.\",\"inLanguage\":\"fr-FR\",\"potentialAction\":[{\"@type\":\"ReadAction\",\"target\":[\"https:\\\/\\\/regask.com\\\/book-a-demo-now\\\/\"]}]},{\"@type\":\"ImageObject\",\"inLanguage\":\"fr-FR\",\"@id\":\"https:\\\/\\\/regask.com\\\/book-a-demo-now\\\/#primaryimage\",\"url\":\"https:\\\/\\\/regask.com\\\/wp-content\\\/uploads\\\/2024\\\/07\\\/RegInsights-graphic.png\",\"contentUrl\":\"https:\\\/\\\/regask.com\\\/wp-content\\\/uploads\\\/2024\\\/07\\\/RegInsights-graphic.png\",\"width\":1632,\"height\":1221,\"caption\":\"Reginsights Graphic\"},{\"@type\":\"WebSite\",\"@id\":\"https:\\\/\\\/regask.com\\\/#website\",\"url\":\"https:\\\/\\\/regask.com\\\/\",\"name\":\"RegASK\",\"description\":\"Empowering Smarter Regulatory Decisions\",\"publisher\":{\"@id\":\"https:\\\/\\\/regask.com\\\/#organization\"},\"potentialAction\":[{\"@type\":\"SearchAction\",\"target\":{\"@type\":\"EntryPoint\",\"urlTemplate\":\"https:\\\/\\\/regask.com\\\/?s={search_term_string}\"},\"query-input\":{\"@type\":\"PropertyValueSpecification\",\"valueRequired\":true,\"valueName\":\"search_term_string\"}}],\"inLanguage\":\"fr-FR\"},{\"@type\":\"Organization\",\"@id\":\"https:\\\/\\\/regask.com\\\/#organization\",\"name\":\"RegASK\",\"url\":\"https:\\\/\\\/regask.com\\\/\",\"logo\":{\"@type\":\"ImageObject\",\"inLanguage\":\"fr-FR\",\"@id\":\"https:\\\/\\\/regask.com\\\/#\\\/schema\\\/logo\\\/image\\\/\",\"url\":\"https:\\\/\\\/regask.com\\\/wp-content\\\/uploads\\\/2024\\\/10\\\/RegASK-Logo-Dark-Round.png\",\"contentUrl\":\"https:\\\/\\\/regask.com\\\/wp-content\\\/uploads\\\/2024\\\/10\\\/RegASK-Logo-Dark-Round.png\",\"width\":401,\"height\":401,\"caption\":\"RegASK\"},\"image\":{\"@id\":\"https:\\\/\\\/regask.com\\\/#\\\/schema\\\/logo\\\/image\\\/\"},\"sameAs\":[\"https:\\\/\\\/www.facebook.com\\\/RegASKRegulatoryAffairs\\\/\",\"https:\\\/\\\/x.com\\\/ASKRegASK\",\"https:\\\/\\\/www.linkedin.com\\\/company\\\/RegASK\\\/\",\"https:\\\/\\\/www.youtube.com\\\/playlist?list=PL6yPC6gFqelkHbOeyUVKjtHOZXZ2LQbJd\"]}]}<\/script>\n<!-- \/ Yoast SEO Premium plugin. -->","yoast_head_json":{"title":"RegASK R\u00e9servez une d\u00e9mo | Optimisez l&#039;efficacit\u00e9 r\u00e9glementaire","description":"D\u00e9couvrez RegASK en action ! Demandez une d\u00e9monstration gratuite d\u00e8s aujourd&#039;hui et d\u00e9couvrez la puissance de notre plateforme de veille r\u00e9glementaire.","robots":{"index":"index","follow":"follow","max-snippet":"max-snippet:-1","max-image-preview":"max-image-preview:large","max-video-preview":"max-video-preview:-1"},"canonical":"https:\/\/regask.com\/fr\/reservez-une-demo-des-maintenant\/","og_locale":"fr_FR","og_type":"article","og_title":"Book a Demo - Fast Track","og_description":"See RegASK in action! Request a free demo today and experience the power of our regulatory intelligence platform.","og_url":"https:\/\/regask.com\/fr\/reservez-une-demo-des-maintenant\/","og_site_name":"RegASK","article_publisher":"https:\/\/www.facebook.com\/RegASKRegulatoryAffairs\/","article_modified_time":"2026-02-26T04:02:46+00:00","og_image":[{"width":1632,"height":1221,"url":"https:\/\/regask.com\/wp-content\/uploads\/2024\/07\/RegInsights-graphic.png","type":"image\/png"}],"twitter_card":"summary_large_image","twitter_site":"@ASKRegASK","twitter_misc":{"Est. reading time":"2 minutes"},"schema":{"@context":"https:\/\/schema.org","@graph":[{"@type":"WebPage","@id":"https:\/\/regask.com\/book-a-demo-now\/","url":"https:\/\/regask.com\/book-a-demo-now\/","name":"RegASK R\u00e9servez une d\u00e9mo | Optimisez l&#039;efficacit\u00e9 r\u00e9glementaire","isPartOf":{"@id":"https:\/\/regask.com\/#website"},"primaryImageOfPage":{"@id":"https:\/\/regask.com\/book-a-demo-now\/#primaryimage"},"image":{"@id":"https:\/\/regask.com\/book-a-demo-now\/#primaryimage"},"thumbnailUrl":"https:\/\/regask.com\/wp-content\/uploads\/2024\/07\/RegInsights-graphic.png","datePublished":"2026-02-26T03:43:59+00:00","dateModified":"2026-02-26T04:02:46+00:00","description":"D\u00e9couvrez RegASK en action ! Demandez une d\u00e9monstration gratuite d\u00e8s aujourd&#039;hui et d\u00e9couvrez la puissance de notre plateforme de veille r\u00e9glementaire.","inLanguage":"fr-FR","potentialAction":[{"@type":"ReadAction","target":["https:\/\/regask.com\/book-a-demo-now\/"]}]},{"@type":"ImageObject","inLanguage":"fr-FR","@id":"https:\/\/regask.com\/book-a-demo-now\/#primaryimage","url":"https:\/\/regask.com\/wp-content\/uploads\/2024\/07\/RegInsights-graphic.png","contentUrl":"https:\/\/regask.com\/wp-content\/uploads\/2024\/07\/RegInsights-graphic.png","width":1632,"height":1221,"caption":"Reginsights Graphic"},{"@type":"WebSite","@id":"https:\/\/regask.com\/#website","url":"https:\/\/regask.com\/","name":"RegASK","description":"Favoriser des d\u00e9cisions r\u00e9glementaires plus intelligentes","publisher":{"@id":"https:\/\/regask.com\/#organization"},"potentialAction":[{"@type":"SearchAction","target":{"@type":"EntryPoint","urlTemplate":"https:\/\/regask.com\/?s={search_term_string}"},"query-input":{"@type":"PropertyValueSpecification","valueRequired":true,"valueName":"search_term_string"}}],"inLanguage":"fr-FR"},{"@type":"Organization","@id":"https:\/\/regask.com\/#organization","name":"RegASK","url":"https:\/\/regask.com\/","logo":{"@type":"ImageObject","inLanguage":"fr-FR","@id":"https:\/\/regask.com\/#\/schema\/logo\/image\/","url":"https:\/\/regask.com\/wp-content\/uploads\/2024\/10\/RegASK-Logo-Dark-Round.png","contentUrl":"https:\/\/regask.com\/wp-content\/uploads\/2024\/10\/RegASK-Logo-Dark-Round.png","width":401,"height":401,"caption":"RegASK"},"image":{"@id":"https:\/\/regask.com\/#\/schema\/logo\/image\/"},"sameAs":["https:\/\/www.facebook.com\/RegASKRegulatoryAffairs\/","https:\/\/x.com\/ASKRegASK","https:\/\/www.linkedin.com\/company\/RegASK\/","https:\/\/www.youtube.com\/playlist?list=PL6yPC6gFqelkHbOeyUVKjtHOZXZ2LQbJd"]}]}},"_links":{"self":[{"href":"https:\/\/regask.com\/fr\/wp-json\/wp\/v2\/pages\/9566","targetHints":{"allow":["GET"]}}],"collection":[{"href":"https:\/\/regask.com\/fr\/wp-json\/wp\/v2\/pages"}],"about":[{"href":"https:\/\/regask.com\/fr\/wp-json\/wp\/v2\/types\/page"}],"author":[{"embeddable":true,"href":"https:\/\/regask.com\/fr\/wp-json\/wp\/v2\/users\/39"}],"replies":[{"embeddable":true,"href":"https:\/\/regask.com\/fr\/wp-json\/wp\/v2\/comments?post=9566"}],"version-history":[{"count":0,"href":"https:\/\/regask.com\/fr\/wp-json\/wp\/v2\/pages\/9566\/revisions"}],"wp:featuredmedia":[{"embeddable":true,"href":"https:\/\/regask.com\/fr\/wp-json\/wp\/v2\/media\/6912"}],"wp:attachment":[{"href":"https:\/\/regask.com\/fr\/wp-json\/wp\/v2\/media?parent=9566"}],"curies":[{"name":"wp","href":"https:\/\/api.w.org\/{rel}","templated":true}]}}